{"id":22099,"date":"2025-10-08T11:22:30","date_gmt":"2025-10-08T04:22:30","guid":{"rendered":"https:\/\/thebottleshop.vn\/product\/rhum-belami-boxset\/"},"modified":"2025-10-08T19:01:59","modified_gmt":"2025-10-08T12:01:59","slug":"rhum-belami-boxset","status":"publish","type":"product","link":"https:\/\/thebottleshop.vn\/vi\/san-pham\/rhum-belami-boxset\/","title":{"rendered":"Rhum Belami Boxset"},"content":{"rendered":"<p>B\u1ed9 h\u1ed9p r\u01b0\u1ee3u Rhum Belami. B\u1ed9 s\u01b0u t\u1eadp Reserve. B\u1ed9 4 chai Rhum Belami phi\u00ean b\u1ea3n gi\u1edbi h\u1ea1n 200ml \u0111\u01b0\u1ee3c h\u1ed9i t\u1ee5 trong m\u1ed9t h\u1ed9p qu\u00e0, s\u1eb5n s\u00e0ng \u0111\u1ec3 mang theo v\u00e0 d\u1ec5 d\u00e0ng chia s\u1ebb \u1edf b\u1ea5t c\u1ee9 \u0111\u00e2u v\u00e0 v\u1edbi b\u1ea5t k\u1ef3 ai b\u1ea1n mu\u1ed1n! Bao g\u1ed3m 1 chai Belami Premium, 1 chai Belami Legacy, 1 chai Belami Euphoria v\u00e0 1 chai Belami ROC-16.   <\/p>\n<p>\u2014\u2013<br \/>\nXem th\u01b0 vi\u1ec7n h\u00ecnh \u1ea3nh \u0111\u1ec3 bi\u1ebft th\u00eam th\u00f4ng tin chi ti\u1ebft v\u1ec1 ngu\u1ed3n g\u1ed1c, th\u00e0nh ph\u1ea7n v\u00e0 h\u01b0\u1edbng d\u1eabn s\u1eed d\u1ee5ng c\u1ee7a s\u1ea3n ph\u1ea9m.<\/p>\n","protected":false},"excerpt":{"rendered":"<p><strong>4x200ml<\/strong><\/p>\n","protected":false},"featured_media":22189,"comment_status":"open","ping_status":"closed","template":"","meta":{"_acf_changed":false},"product_brand":[],"product_cat":[385,340,338,412,376,489,339,341,352,364,496,371,712],"product_tag":[],"class_list":{"0":"post-22099","1":"product","2":"type-product","3":"status-publish","4":"has-post-thumbnail","6":"product_cat-top-deals","7":"product_cat-vietnam-hcmc","8":"product_cat-ruou-va-ruou-vang","9":"product_cat-do-luu-niem","10":"product_cat-1m","11":"product_cat-rhum","12":"product_cat-xuat-xu","13":"product_cat-dong-goi","14":"product_cat-gia","15":"product_cat-dong-ruou","16":"product_cat-rhum-belami","17":"product_cat-nha-san-xuat-ruou","18":"product_cat-chai-4x200ml","20":"first","21":"instock","22":"shipping-taxable","23":"purchasable","24":"product-type-simple","25":"add-to-wishlist-before_image"},"acf":[],"yoast_head":"<!-- This site is optimized with the Yoast SEO plugin v27.2 - https:\/\/yoast.com\/product\/yoast-seo-wordpress\/ -->\n<title>Rhum Belami Boxset - The Bottle Shop<\/title>\n<meta name=\"description\" content=\"B\u1ed9 h\u1ed9p r\u01b0\u1ee3u Rhum Belami. B\u1ed9 s\u01b0u t\u1eadp Reserve. B\u1ed9 4 chai Rhum Belami phi\u00ean b\u1ea3n gi\u1edbi h\u1ea1n 200ml \u0111\u01b0\u1ee3c h\u1ed9i t\u1ee5 trong m\u1ed9t h\u1ed9p qu\u00e0.\" \/>\n<meta name=\"robots\" content=\"index, follow, max-snippet:-1, max-image-preview:large, max-video-preview:-1\" \/>\n<link rel=\"canonical\" href=\"http:\/\/52.77.24.187\/vi\/san-pham\/rhum-belami-boxset\/\" \/>\n<meta property=\"og:locale\" content=\"vi_VN\" \/>\n<meta property=\"og:type\" content=\"article\" \/>\n<meta property=\"og:title\" content=\"Rhum Belami Boxset - The Bottle Shop\" \/>\n<meta property=\"og:description\" content=\"B\u1ed9 h\u1ed9p r\u01b0\u1ee3u Rhum Belami. B\u1ed9 s\u01b0u t\u1eadp Reserve. B\u1ed9 4 chai Rhum Belami phi\u00ean b\u1ea3n gi\u1edbi h\u1ea1n 200ml \u0111\u01b0\u1ee3c h\u1ed9i t\u1ee5 trong m\u1ed9t h\u1ed9p qu\u00e0.\" \/>\n<meta property=\"og:url\" content=\"http:\/\/52.77.24.187\/vi\/san-pham\/rhum-belami-boxset\/\" \/>\n<meta property=\"og:site_name\" content=\"The Bottle Shop\" \/>\n<meta property=\"article:publisher\" content=\"https:\/\/www.facebook.com\/thebottleshopvietnam\" \/>\n<meta property=\"article:modified_time\" content=\"2025-10-08T12:01:59+00:00\" \/>\n<meta name=\"twitter:card\" content=\"summary_large_image\" \/>\n<meta name=\"twitter:label1\" content=\"Est. reading time\" \/>\n\t<meta name=\"twitter:data1\" content=\"1 minute\" \/>\n<script type=\"application\/ld+json\" class=\"yoast-schema-graph\">{\"@context\":\"https:\/\/schema.org\",\"@graph\":[{\"@type\":\"WebPage\",\"@id\":\"http:\/\/52.77.24.187\/vi\/san-pham\/rhum-belami-boxset\/\",\"url\":\"http:\/\/52.77.24.187\/vi\/san-pham\/rhum-belami-boxset\/\",\"name\":\"Rhum Belami Boxset - The Bottle Shop\",\"isPartOf\":{\"@id\":\"http:\/\/52.77.24.187\/#website\"},\"primaryImageOfPage\":{\"@id\":\"http:\/\/52.77.24.187\/vi\/san-pham\/rhum-belami-boxset\/#primaryimage\"},\"image\":{\"@id\":\"http:\/\/52.77.24.187\/vi\/san-pham\/rhum-belami-boxset\/#primaryimage\"},\"thumbnailUrl\":\"https:\/\/mlsrfcxkkbzg.i.optimole.com\/cb:JbP2.215d7\/w:auto\/h:auto\/q:mauto\/ig:avif\/https:\/\/thebottleshop.vn\/wp-content\/uploads\/2025\/10\/Rhum-Belami-Boxset.png\",\"datePublished\":\"2025-10-08T04:22:30+00:00\",\"dateModified\":\"2025-10-08T12:01:59+00:00\",\"description\":\"B\u1ed9 h\u1ed9p r\u01b0\u1ee3u Rhum Belami. B\u1ed9 s\u01b0u t\u1eadp Reserve. B\u1ed9 4 chai Rhum Belami phi\u00ean b\u1ea3n gi\u1edbi h\u1ea1n 200ml \u0111\u01b0\u1ee3c h\u1ed9i t\u1ee5 trong m\u1ed9t h\u1ed9p qu\u00e0.\",\"breadcrumb\":{\"@id\":\"http:\/\/52.77.24.187\/vi\/san-pham\/rhum-belami-boxset\/#breadcrumb\"},\"inLanguage\":\"vi-VN\",\"potentialAction\":[{\"@type\":\"ReadAction\",\"target\":[\"http:\/\/52.77.24.187\/vi\/san-pham\/rhum-belami-boxset\/\"]}]},{\"@type\":\"ImageObject\",\"inLanguage\":\"vi-VN\",\"@id\":\"http:\/\/52.77.24.187\/vi\/san-pham\/rhum-belami-boxset\/#primaryimage\",\"url\":\"https:\/\/mlsrfcxkkbzg.i.optimole.com\/cb:JbP2.215d7\/w:auto\/h:auto\/q:mauto\/ig:avif\/https:\/\/thebottleshop.vn\/wp-content\/uploads\/2025\/10\/Rhum-Belami-Boxset.png\",\"contentUrl\":\"https:\/\/mlsrfcxkkbzg.i.optimole.com\/cb:JbP2.215d7\/w:auto\/h:auto\/q:mauto\/ig:avif\/https:\/\/thebottleshop.vn\/wp-content\/uploads\/2025\/10\/Rhum-Belami-Boxset.png\",\"width\":1080,\"height\":1080,\"caption\":\"Rhum Belami Boxset\"},{\"@type\":\"BreadcrumbList\",\"@id\":\"http:\/\/52.77.24.187\/vi\/san-pham\/rhum-belami-boxset\/#breadcrumb\",\"itemListElement\":[{\"@type\":\"ListItem\",\"position\":1,\"name\":\"Home\",\"item\":\"http:\/\/52.77.24.187\/vi\/test-popup-vi\/\"},{\"@type\":\"ListItem\",\"position\":2,\"name\":\"C\u1eeda h\u00e0ng\",\"item\":\"http:\/\/52.77.24.187\/vi\/cua-hang\/\"},{\"@type\":\"ListItem\",\"position\":3,\"name\":\"Rhum Belami Boxset\"}]},{\"@type\":\"WebSite\",\"@id\":\"http:\/\/52.77.24.187\/#website\",\"url\":\"http:\/\/52.77.24.187\/\",\"name\":\"The Bottle Shop\",\"description\":\"All beers are not created equal\",\"publisher\":{\"@id\":\"http:\/\/52.77.24.187\/#organization\"},\"potentialAction\":[{\"@type\":\"SearchAction\",\"target\":{\"@type\":\"EntryPoint\",\"urlTemplate\":\"http:\/\/52.77.24.187\/?s={search_term_string}\"},\"query-input\":{\"@type\":\"PropertyValueSpecification\",\"valueRequired\":true,\"valueName\":\"search_term_string\"}}],\"inLanguage\":\"vi-VN\"},{\"@type\":\"Organization\",\"@id\":\"http:\/\/52.77.24.187\/#organization\",\"name\":\"The Bottle Shop\",\"url\":\"http:\/\/52.77.24.187\/\",\"logo\":{\"@type\":\"ImageObject\",\"inLanguage\":\"vi-VN\",\"@id\":\"http:\/\/52.77.24.187\/#\/schema\/logo\/image\/\",\"url\":\"https:\/\/mlsrfcxkkbzg.i.optimole.com\/cb:JbP2.215d7\/w:auto\/h:auto\/q:mauto\/ig:avif\/https:\/\/thebottleshop.vn\/wp-content\/uploads\/2022\/10\/The-Bottle-Shop-Online-Logo.png\",\"contentUrl\":\"https:\/\/mlsrfcxkkbzg.i.optimole.com\/cb:JbP2.215d7\/w:auto\/h:auto\/q:mauto\/ig:avif\/https:\/\/thebottleshop.vn\/wp-content\/uploads\/2022\/10\/The-Bottle-Shop-Online-Logo.png\",\"width\":145,\"height\":147,\"caption\":\"The Bottle Shop\"},\"image\":{\"@id\":\"http:\/\/52.77.24.187\/#\/schema\/logo\/image\/\"},\"sameAs\":[\"https:\/\/www.facebook.com\/thebottleshopvietnam\",\"https:\/\/www.instagram.com\/thebottleshop_vietnam\/\"]}]}<\/script>\n<!-- \/ Yoast SEO plugin. -->","yoast_head_json":{"title":"Rhum Belami Boxset - The Bottle Shop","description":"B\u1ed9 h\u1ed9p r\u01b0\u1ee3u Rhum Belami. B\u1ed9 s\u01b0u t\u1eadp Reserve. B\u1ed9 4 chai Rhum Belami phi\u00ean b\u1ea3n gi\u1edbi h\u1ea1n 200ml \u0111\u01b0\u1ee3c h\u1ed9i t\u1ee5 trong m\u1ed9t h\u1ed9p qu\u00e0.","robots":{"index":"index","follow":"follow","max-snippet":"max-snippet:-1","max-image-preview":"max-image-preview:large","max-video-preview":"max-video-preview:-1"},"canonical":"http:\/\/52.77.24.187\/vi\/san-pham\/rhum-belami-boxset\/","og_locale":"vi_VN","og_type":"article","og_title":"Rhum Belami Boxset - The Bottle Shop","og_description":"B\u1ed9 h\u1ed9p r\u01b0\u1ee3u Rhum Belami. B\u1ed9 s\u01b0u t\u1eadp Reserve. B\u1ed9 4 chai Rhum Belami phi\u00ean b\u1ea3n gi\u1edbi h\u1ea1n 200ml \u0111\u01b0\u1ee3c h\u1ed9i t\u1ee5 trong m\u1ed9t h\u1ed9p qu\u00e0.","og_url":"http:\/\/52.77.24.187\/vi\/san-pham\/rhum-belami-boxset\/","og_site_name":"The Bottle Shop","article_publisher":"https:\/\/www.facebook.com\/thebottleshopvietnam","article_modified_time":"2025-10-08T12:01:59+00:00","twitter_card":"summary_large_image","twitter_misc":{"Est. reading time":"1 minute"},"schema":{"@context":"https:\/\/schema.org","@graph":[{"@type":"WebPage","@id":"http:\/\/52.77.24.187\/vi\/san-pham\/rhum-belami-boxset\/","url":"http:\/\/52.77.24.187\/vi\/san-pham\/rhum-belami-boxset\/","name":"Rhum Belami Boxset - The Bottle Shop","isPartOf":{"@id":"http:\/\/52.77.24.187\/#website"},"primaryImageOfPage":{"@id":"http:\/\/52.77.24.187\/vi\/san-pham\/rhum-belami-boxset\/#primaryimage"},"image":{"@id":"http:\/\/52.77.24.187\/vi\/san-pham\/rhum-belami-boxset\/#primaryimage"},"thumbnailUrl":"https:\/\/mlsrfcxkkbzg.i.optimole.com\/cb:JbP2.215d7\/w:auto\/h:auto\/q:mauto\/ig:avif\/https:\/\/thebottleshop.vn\/wp-content\/uploads\/2025\/10\/Rhum-Belami-Boxset.png","datePublished":"2025-10-08T04:22:30+00:00","dateModified":"2025-10-08T12:01:59+00:00","description":"B\u1ed9 h\u1ed9p r\u01b0\u1ee3u Rhum Belami. B\u1ed9 s\u01b0u t\u1eadp Reserve. B\u1ed9 4 chai Rhum Belami phi\u00ean b\u1ea3n gi\u1edbi h\u1ea1n 200ml \u0111\u01b0\u1ee3c h\u1ed9i t\u1ee5 trong m\u1ed9t h\u1ed9p qu\u00e0.","breadcrumb":{"@id":"http:\/\/52.77.24.187\/vi\/san-pham\/rhum-belami-boxset\/#breadcrumb"},"inLanguage":"vi-VN","potentialAction":[{"@type":"ReadAction","target":["http:\/\/52.77.24.187\/vi\/san-pham\/rhum-belami-boxset\/"]}]},{"@type":"ImageObject","inLanguage":"vi-VN","@id":"http:\/\/52.77.24.187\/vi\/san-pham\/rhum-belami-boxset\/#primaryimage","url":"https:\/\/mlsrfcxkkbzg.i.optimole.com\/cb:JbP2.215d7\/w:auto\/h:auto\/q:mauto\/ig:avif\/https:\/\/thebottleshop.vn\/wp-content\/uploads\/2025\/10\/Rhum-Belami-Boxset.png","contentUrl":"https:\/\/mlsrfcxkkbzg.i.optimole.com\/cb:JbP2.215d7\/w:auto\/h:auto\/q:mauto\/ig:avif\/https:\/\/thebottleshop.vn\/wp-content\/uploads\/2025\/10\/Rhum-Belami-Boxset.png","width":1080,"height":1080,"caption":"Rhum Belami Boxset"},{"@type":"BreadcrumbList","@id":"http:\/\/52.77.24.187\/vi\/san-pham\/rhum-belami-boxset\/#breadcrumb","itemListElement":[{"@type":"ListItem","position":1,"name":"Home","item":"http:\/\/52.77.24.187\/vi\/test-popup-vi\/"},{"@type":"ListItem","position":2,"name":"C\u1eeda h\u00e0ng","item":"http:\/\/52.77.24.187\/vi\/cua-hang\/"},{"@type":"ListItem","position":3,"name":"Rhum Belami Boxset"}]},{"@type":"WebSite","@id":"http:\/\/52.77.24.187\/#website","url":"http:\/\/52.77.24.187\/","name":"The Bottle Shop","description":"All beers are not created equal","publisher":{"@id":"http:\/\/52.77.24.187\/#organization"},"potentialAction":[{"@type":"SearchAction","target":{"@type":"EntryPoint","urlTemplate":"http:\/\/52.77.24.187\/?s={search_term_string}"},"query-input":{"@type":"PropertyValueSpecification","valueRequired":true,"valueName":"search_term_string"}}],"inLanguage":"vi-VN"},{"@type":"Organization","@id":"http:\/\/52.77.24.187\/#organization","name":"The Bottle Shop","url":"http:\/\/52.77.24.187\/","logo":{"@type":"ImageObject","inLanguage":"vi-VN","@id":"http:\/\/52.77.24.187\/#\/schema\/logo\/image\/","url":"https:\/\/mlsrfcxkkbzg.i.optimole.com\/cb:JbP2.215d7\/w:auto\/h:auto\/q:mauto\/ig:avif\/https:\/\/thebottleshop.vn\/wp-content\/uploads\/2022\/10\/The-Bottle-Shop-Online-Logo.png","contentUrl":"https:\/\/mlsrfcxkkbzg.i.optimole.com\/cb:JbP2.215d7\/w:auto\/h:auto\/q:mauto\/ig:avif\/https:\/\/thebottleshop.vn\/wp-content\/uploads\/2022\/10\/The-Bottle-Shop-Online-Logo.png","width":145,"height":147,"caption":"The Bottle Shop"},"image":{"@id":"http:\/\/52.77.24.187\/#\/schema\/logo\/image\/"},"sameAs":["https:\/\/www.facebook.com\/thebottleshopvietnam","https:\/\/www.instagram.com\/thebottleshop_vietnam\/"]}]}},"_links":{"self":[{"href":"https:\/\/thebottleshop.vn\/vi\/wp-json\/wp\/v2\/product\/22099","targetHints":{"allow":["GET"]}}],"collection":[{"href":"https:\/\/thebottleshop.vn\/vi\/wp-json\/wp\/v2\/product"}],"about":[{"href":"https:\/\/thebottleshop.vn\/vi\/wp-json\/wp\/v2\/types\/product"}],"replies":[{"embeddable":true,"href":"https:\/\/thebottleshop.vn\/vi\/wp-json\/wp\/v2\/comments?post=22099"}],"wp:featuredmedia":[{"embeddable":true,"href":"https:\/\/thebottleshop.vn\/vi\/wp-json\/wp\/v2\/media\/22189"}],"wp:attachment":[{"href":"https:\/\/thebottleshop.vn\/vi\/wp-json\/wp\/v2\/media?parent=22099"}],"wp:term":[{"taxonomy":"product_brand","embeddable":true,"href":"https:\/\/thebottleshop.vn\/vi\/wp-json\/wp\/v2\/product_brand?post=22099"},{"taxonomy":"product_cat","embeddable":true,"href":"https:\/\/thebottleshop.vn\/vi\/wp-json\/wp\/v2\/product_cat?post=22099"},{"taxonomy":"product_tag","embeddable":true,"href":"https:\/\/thebottleshop.vn\/vi\/wp-json\/wp\/v2\/product_tag?post=22099"}],"curies":[{"name":"wp","href":"https:\/\/api.w.org\/{rel}","templated":true}]}}