{"id":22118,"date":"2025-10-12T22:49:02","date_gmt":"2025-10-12T15:49:02","guid":{"rendered":"https:\/\/thebottleshop.vn\/product\/east-west-s-d-n-hazy-hazy\/"},"modified":"2025-10-13T09:27:54","modified_gmt":"2025-10-13T02:27:54","slug":"east-west-s-d-n-hazy-hazy","status":"publish","type":"product","link":"https:\/\/thebottleshop.vn\/vi\/san-pham\/east-west-s-d-n-hazy-hazy\/","title":{"rendered":"East West S.D.N. Hazy Hazy"},"content":{"rendered":"<p>East West S.D.N. Hazy Hazy l\u00e0 s\u1ea3n ph\u1ea9m h\u1ee3p t\u00e1c gi\u1eefa East West Brewery v\u00e0 Zero State Brewery (Oregon, M\u1ef9), \u0111\u01b0\u1ee3c s\u00e1ng l\u1eadp b\u1edfi Darren Provenzano \u2014 ng\u01b0\u1eddi t\u1eebng \u0111\u1ec3 l\u1ea1i d\u1ea5u \u1ea5n trong c\u1ed9ng bia th\u1ee7 c\u00f4ng Vi\u1ec7t Nam v\u00e0 n\u00e0y tr\u1edf l\u1ea1i \u0111\u1ec3 k\u1ebft h\u1ee3p v\u1edbi East West t\u1ea1o n\u00ean s\u1ef1 m\u1edbi m\u1ebb. <\/p>\n<p>S.D.N. l\u00e0 m\u1ed9t d\u00f2ng Hazy IPA t\u01b0\u01a1i s\u00e1ng, th\u1ec3 hi\u1ec7n \u0111\u1eadm n\u00e9t h\u01b0\u01a1ng v\u1ecb hoa bia New World v\u00e0 n\u1ec1n v\u1ecb m\u1ea1ch nha \u00eam d\u1ecbu. S\u1eed d\u1ee5ng hoa bia Citra v\u00e0 Nelson Sauvin \u1edf c\u1ea3 giai \u0111o\u1ea1n l\u1eafng xo\u00e1y (whirlpool) v\u00e0 th\u00eam hoa bia \u1edf giai \u0111o\u1ea1n l\u1ea1nh (dry hop), mang \u0111\u1ebfn h\u01b0\u01a1ng th\u01a1m tr\u00e1i c\u00e2y nhi\u1ec7t \u0111\u1edbi ch\u00edn m\u1ecdng, nho tr\u1eafng v\u00e0 v\u1ecf cam chanh. V\u1ecb bia m\u1ec1m m\u01b0\u1ee3t, h\u1eadu v\u1ecb \u0111\u1eafng nh\u1eb9 v\u1eeba \u0111\u1ee7, gi\u00fap c\u00e2n b\u1eb1ng v\u00e0 c\u1ef1c k\u1ef3 d\u1ec5 u\u1ed1ng. Kh\u00f4ng l\u1ecdc v\u00e0 m\u1ecdng n\u01b0\u1edbc, \u0111\u00e2y l\u00e0 c\u00e1ch t\u00f4n vinh phong cacgs haze hi\u1ec7n \u0111\u1ea1i v\u1edbi h\u01b0\u01a1ng hoa bia s\u1ed1ng \u0111\u1ed9ng v\u00e0 h\u1eadu v\u1ecb s\u1ea1ch s\u1ebd.<\/p>\n<p>\u2014\u2013<br \/>\nXem th\u01b0 vi\u1ec7n h\u00ecnh \u1ea3nh \u0111\u1ec3 bi\u1ebft th\u00eam th\u00f4ng tin chi ti\u1ebft v\u1ec1 ngu\u1ed3n g\u1ed1c, th\u00e0nh ph\u1ea7n v\u00e0 h\u01b0\u1edbng d\u1eabn s\u1eed d\u1ee5ng c\u1ee7a s\u1ea3n ph\u1ea9m.<\/p>\n","protected":false},"excerpt":{"rendered":"<p><strong>C\u0103ng m\u1ecdng, S\u00e1ng t\u01b0\u01a1i, Nhi\u1ec7t \u0111\u1edbi 6.5%<\/strong><\/p>\n","protected":false},"featured_media":22159,"comment_status":"open","ping_status":"closed","template":"","meta":{"_acf_changed":false},"product_brand":[],"product_cat":[337,340,348,380,355,351,366,345,377,339,341,352,359,368,710],"product_tag":[],"class_list":{"0":"post-22118","1":"product","2":"type-product","3":"status-publish","4":"has-post-thumbnail","6":"product_cat-bia-va-cider","7":"product_cat-vietnam-hcmc","8":"product_cat-6-7-9","9":"product_cat-40-59","10":"product_cat-150k-199k","11":"product_cat-dong-bia","12":"product_cat-nha-san-xuat","13":"product_cat-abv-vi","14":"product_cat-ibu","15":"product_cat-xuat-xu","16":"product_cat-dong-goi","17":"product_cat-gia","18":"product_cat-ipa","19":"product_cat-east-west","20":"product_cat-lon-500ml","22":"first","23":"outofstock","24":"shipping-taxable","25":"purchasable","26":"product-type-simple","27":"add-to-wishlist-before_image"},"acf":[],"yoast_head":"<!-- This site is optimized with the Yoast SEO plugin v27.2 - https:\/\/yoast.com\/product\/yoast-seo-wordpress\/ -->\n<title>East West S.D.N. Hazy Hazy - The Bottle Shop<\/title>\n<meta name=\"description\" content=\"East West S.D.N. Hazy Hazy l\u00e0 s\u1ea3n ph\u1ea9m h\u1ee3p t\u00e1c gi\u1eefa East West Brewery v\u00e0 Zero State Brewery (Oregon, M\u1ef9), \u0111\u01b0\u1ee3c s\u00e1ng l\u1eadp b\u1edfi Darren Provenzano.\" \/>\n<meta name=\"robots\" content=\"index, follow, max-snippet:-1, max-image-preview:large, max-video-preview:-1\" \/>\n<link rel=\"canonical\" href=\"http:\/\/52.77.24.187\/vi\/san-pham\/east-west-s-d-n-hazy-hazy\/\" \/>\n<meta property=\"og:locale\" content=\"vi_VN\" \/>\n<meta property=\"og:type\" content=\"article\" \/>\n<meta property=\"og:title\" content=\"East West S.D.N. Hazy Hazy - The Bottle Shop\" \/>\n<meta property=\"og:description\" content=\"East West S.D.N. Hazy Hazy l\u00e0 s\u1ea3n ph\u1ea9m h\u1ee3p t\u00e1c gi\u1eefa East West Brewery v\u00e0 Zero State Brewery (Oregon, M\u1ef9), \u0111\u01b0\u1ee3c s\u00e1ng l\u1eadp b\u1edfi Darren Provenzano.\" \/>\n<meta property=\"og:url\" content=\"http:\/\/52.77.24.187\/vi\/san-pham\/east-west-s-d-n-hazy-hazy\/\" \/>\n<meta property=\"og:site_name\" content=\"The Bottle Shop\" \/>\n<meta property=\"article:publisher\" content=\"https:\/\/www.facebook.com\/thebottleshopvietnam\" \/>\n<meta property=\"article:modified_time\" content=\"2025-10-13T02:27:54+00:00\" \/>\n<meta name=\"twitter:card\" content=\"summary_large_image\" \/>\n<meta name=\"twitter:label1\" content=\"Est. reading time\" \/>\n\t<meta name=\"twitter:data1\" content=\"1 minute\" \/>\n<script type=\"application\/ld+json\" class=\"yoast-schema-graph\">{\"@context\":\"https:\/\/schema.org\",\"@graph\":[{\"@type\":\"WebPage\",\"@id\":\"http:\/\/52.77.24.187\/vi\/san-pham\/east-west-s-d-n-hazy-hazy\/\",\"url\":\"http:\/\/52.77.24.187\/vi\/san-pham\/east-west-s-d-n-hazy-hazy\/\",\"name\":\"East West S.D.N. Hazy Hazy - The Bottle Shop\",\"isPartOf\":{\"@id\":\"http:\/\/52.77.24.187\/#website\"},\"primaryImageOfPage\":{\"@id\":\"http:\/\/52.77.24.187\/vi\/san-pham\/east-west-s-d-n-hazy-hazy\/#primaryimage\"},\"image\":{\"@id\":\"http:\/\/52.77.24.187\/vi\/san-pham\/east-west-s-d-n-hazy-hazy\/#primaryimage\"},\"thumbnailUrl\":\"https:\/\/mlsrfcxkkbzg.i.optimole.com\/cb:JbP2.215d7\/w:auto\/h:auto\/q:mauto\/ig:avif\/https:\/\/thebottleshop.vn\/wp-content\/uploads\/2025\/10\/East-West-S.D.N.png\",\"datePublished\":\"2025-10-12T15:49:02+00:00\",\"dateModified\":\"2025-10-13T02:27:54+00:00\",\"description\":\"East West S.D.N. Hazy Hazy l\u00e0 s\u1ea3n ph\u1ea9m h\u1ee3p t\u00e1c gi\u1eefa East West Brewery v\u00e0 Zero State Brewery (Oregon, M\u1ef9), \u0111\u01b0\u1ee3c s\u00e1ng l\u1eadp b\u1edfi Darren Provenzano.\",\"breadcrumb\":{\"@id\":\"http:\/\/52.77.24.187\/vi\/san-pham\/east-west-s-d-n-hazy-hazy\/#breadcrumb\"},\"inLanguage\":\"vi-VN\",\"potentialAction\":[{\"@type\":\"ReadAction\",\"target\":[\"http:\/\/52.77.24.187\/vi\/san-pham\/east-west-s-d-n-hazy-hazy\/\"]}]},{\"@type\":\"ImageObject\",\"inLanguage\":\"vi-VN\",\"@id\":\"http:\/\/52.77.24.187\/vi\/san-pham\/east-west-s-d-n-hazy-hazy\/#primaryimage\",\"url\":\"https:\/\/mlsrfcxkkbzg.i.optimole.com\/cb:JbP2.215d7\/w:auto\/h:auto\/q:mauto\/ig:avif\/https:\/\/thebottleshop.vn\/wp-content\/uploads\/2025\/10\/East-West-S.D.N.png\",\"contentUrl\":\"https:\/\/mlsrfcxkkbzg.i.optimole.com\/cb:JbP2.215d7\/w:auto\/h:auto\/q:mauto\/ig:avif\/https:\/\/thebottleshop.vn\/wp-content\/uploads\/2025\/10\/East-West-S.D.N.png\",\"width\":1080,\"height\":1080,\"caption\":\"East West S.D.N. Hazy Hazy\"},{\"@type\":\"BreadcrumbList\",\"@id\":\"http:\/\/52.77.24.187\/vi\/san-pham\/east-west-s-d-n-hazy-hazy\/#breadcrumb\",\"itemListElement\":[{\"@type\":\"ListItem\",\"position\":1,\"name\":\"Home\",\"item\":\"http:\/\/52.77.24.187\/vi\/test-popup-vi\/\"},{\"@type\":\"ListItem\",\"position\":2,\"name\":\"C\u1eeda h\u00e0ng\",\"item\":\"http:\/\/52.77.24.187\/vi\/cua-hang\/\"},{\"@type\":\"ListItem\",\"position\":3,\"name\":\"East West S.D.N. Hazy Hazy\"}]},{\"@type\":\"WebSite\",\"@id\":\"http:\/\/52.77.24.187\/#website\",\"url\":\"http:\/\/52.77.24.187\/\",\"name\":\"The Bottle Shop\",\"description\":\"All beers are not created equal\",\"publisher\":{\"@id\":\"http:\/\/52.77.24.187\/#organization\"},\"potentialAction\":[{\"@type\":\"SearchAction\",\"target\":{\"@type\":\"EntryPoint\",\"urlTemplate\":\"http:\/\/52.77.24.187\/?s={search_term_string}\"},\"query-input\":{\"@type\":\"PropertyValueSpecification\",\"valueRequired\":true,\"valueName\":\"search_term_string\"}}],\"inLanguage\":\"vi-VN\"},{\"@type\":\"Organization\",\"@id\":\"http:\/\/52.77.24.187\/#organization\",\"name\":\"The Bottle Shop\",\"url\":\"http:\/\/52.77.24.187\/\",\"logo\":{\"@type\":\"ImageObject\",\"inLanguage\":\"vi-VN\",\"@id\":\"http:\/\/52.77.24.187\/#\/schema\/logo\/image\/\",\"url\":\"https:\/\/mlsrfcxkkbzg.i.optimole.com\/cb:JbP2.215d7\/w:auto\/h:auto\/q:mauto\/ig:avif\/https:\/\/thebottleshop.vn\/wp-content\/uploads\/2022\/10\/The-Bottle-Shop-Online-Logo.png\",\"contentUrl\":\"https:\/\/mlsrfcxkkbzg.i.optimole.com\/cb:JbP2.215d7\/w:auto\/h:auto\/q:mauto\/ig:avif\/https:\/\/thebottleshop.vn\/wp-content\/uploads\/2022\/10\/The-Bottle-Shop-Online-Logo.png\",\"width\":145,\"height\":147,\"caption\":\"The Bottle Shop\"},\"image\":{\"@id\":\"http:\/\/52.77.24.187\/#\/schema\/logo\/image\/\"},\"sameAs\":[\"https:\/\/www.facebook.com\/thebottleshopvietnam\",\"https:\/\/www.instagram.com\/thebottleshop_vietnam\/\"]}]}<\/script>\n<!-- \/ Yoast SEO plugin. -->","yoast_head_json":{"title":"East West S.D.N. Hazy Hazy - The Bottle Shop","description":"East West S.D.N. Hazy Hazy l\u00e0 s\u1ea3n ph\u1ea9m h\u1ee3p t\u00e1c gi\u1eefa East West Brewery v\u00e0 Zero State Brewery (Oregon, M\u1ef9), \u0111\u01b0\u1ee3c s\u00e1ng l\u1eadp b\u1edfi Darren Provenzano.","robots":{"index":"index","follow":"follow","max-snippet":"max-snippet:-1","max-image-preview":"max-image-preview:large","max-video-preview":"max-video-preview:-1"},"canonical":"http:\/\/52.77.24.187\/vi\/san-pham\/east-west-s-d-n-hazy-hazy\/","og_locale":"vi_VN","og_type":"article","og_title":"East West S.D.N. Hazy Hazy - The Bottle Shop","og_description":"East West S.D.N. Hazy Hazy l\u00e0 s\u1ea3n ph\u1ea9m h\u1ee3p t\u00e1c gi\u1eefa East West Brewery v\u00e0 Zero State Brewery (Oregon, M\u1ef9), \u0111\u01b0\u1ee3c s\u00e1ng l\u1eadp b\u1edfi Darren Provenzano.","og_url":"http:\/\/52.77.24.187\/vi\/san-pham\/east-west-s-d-n-hazy-hazy\/","og_site_name":"The Bottle Shop","article_publisher":"https:\/\/www.facebook.com\/thebottleshopvietnam","article_modified_time":"2025-10-13T02:27:54+00:00","twitter_card":"summary_large_image","twitter_misc":{"Est. reading time":"1 minute"},"schema":{"@context":"https:\/\/schema.org","@graph":[{"@type":"WebPage","@id":"http:\/\/52.77.24.187\/vi\/san-pham\/east-west-s-d-n-hazy-hazy\/","url":"http:\/\/52.77.24.187\/vi\/san-pham\/east-west-s-d-n-hazy-hazy\/","name":"East West S.D.N. Hazy Hazy - The Bottle Shop","isPartOf":{"@id":"http:\/\/52.77.24.187\/#website"},"primaryImageOfPage":{"@id":"http:\/\/52.77.24.187\/vi\/san-pham\/east-west-s-d-n-hazy-hazy\/#primaryimage"},"image":{"@id":"http:\/\/52.77.24.187\/vi\/san-pham\/east-west-s-d-n-hazy-hazy\/#primaryimage"},"thumbnailUrl":"https:\/\/mlsrfcxkkbzg.i.optimole.com\/cb:JbP2.215d7\/w:auto\/h:auto\/q:mauto\/ig:avif\/https:\/\/thebottleshop.vn\/wp-content\/uploads\/2025\/10\/East-West-S.D.N.png","datePublished":"2025-10-12T15:49:02+00:00","dateModified":"2025-10-13T02:27:54+00:00","description":"East West S.D.N. Hazy Hazy l\u00e0 s\u1ea3n ph\u1ea9m h\u1ee3p t\u00e1c gi\u1eefa East West Brewery v\u00e0 Zero State Brewery (Oregon, M\u1ef9), \u0111\u01b0\u1ee3c s\u00e1ng l\u1eadp b\u1edfi Darren Provenzano.","breadcrumb":{"@id":"http:\/\/52.77.24.187\/vi\/san-pham\/east-west-s-d-n-hazy-hazy\/#breadcrumb"},"inLanguage":"vi-VN","potentialAction":[{"@type":"ReadAction","target":["http:\/\/52.77.24.187\/vi\/san-pham\/east-west-s-d-n-hazy-hazy\/"]}]},{"@type":"ImageObject","inLanguage":"vi-VN","@id":"http:\/\/52.77.24.187\/vi\/san-pham\/east-west-s-d-n-hazy-hazy\/#primaryimage","url":"https:\/\/mlsrfcxkkbzg.i.optimole.com\/cb:JbP2.215d7\/w:auto\/h:auto\/q:mauto\/ig:avif\/https:\/\/thebottleshop.vn\/wp-content\/uploads\/2025\/10\/East-West-S.D.N.png","contentUrl":"https:\/\/mlsrfcxkkbzg.i.optimole.com\/cb:JbP2.215d7\/w:auto\/h:auto\/q:mauto\/ig:avif\/https:\/\/thebottleshop.vn\/wp-content\/uploads\/2025\/10\/East-West-S.D.N.png","width":1080,"height":1080,"caption":"East West S.D.N. Hazy Hazy"},{"@type":"BreadcrumbList","@id":"http:\/\/52.77.24.187\/vi\/san-pham\/east-west-s-d-n-hazy-hazy\/#breadcrumb","itemListElement":[{"@type":"ListItem","position":1,"name":"Home","item":"http:\/\/52.77.24.187\/vi\/test-popup-vi\/"},{"@type":"ListItem","position":2,"name":"C\u1eeda h\u00e0ng","item":"http:\/\/52.77.24.187\/vi\/cua-hang\/"},{"@type":"ListItem","position":3,"name":"East West S.D.N. Hazy Hazy"}]},{"@type":"WebSite","@id":"http:\/\/52.77.24.187\/#website","url":"http:\/\/52.77.24.187\/","name":"The Bottle Shop","description":"All beers are not created equal","publisher":{"@id":"http:\/\/52.77.24.187\/#organization"},"potentialAction":[{"@type":"SearchAction","target":{"@type":"EntryPoint","urlTemplate":"http:\/\/52.77.24.187\/?s={search_term_string}"},"query-input":{"@type":"PropertyValueSpecification","valueRequired":true,"valueName":"search_term_string"}}],"inLanguage":"vi-VN"},{"@type":"Organization","@id":"http:\/\/52.77.24.187\/#organization","name":"The Bottle Shop","url":"http:\/\/52.77.24.187\/","logo":{"@type":"ImageObject","inLanguage":"vi-VN","@id":"http:\/\/52.77.24.187\/#\/schema\/logo\/image\/","url":"https:\/\/mlsrfcxkkbzg.i.optimole.com\/cb:JbP2.215d7\/w:auto\/h:auto\/q:mauto\/ig:avif\/https:\/\/thebottleshop.vn\/wp-content\/uploads\/2022\/10\/The-Bottle-Shop-Online-Logo.png","contentUrl":"https:\/\/mlsrfcxkkbzg.i.optimole.com\/cb:JbP2.215d7\/w:auto\/h:auto\/q:mauto\/ig:avif\/https:\/\/thebottleshop.vn\/wp-content\/uploads\/2022\/10\/The-Bottle-Shop-Online-Logo.png","width":145,"height":147,"caption":"The Bottle Shop"},"image":{"@id":"http:\/\/52.77.24.187\/#\/schema\/logo\/image\/"},"sameAs":["https:\/\/www.facebook.com\/thebottleshopvietnam","https:\/\/www.instagram.com\/thebottleshop_vietnam\/"]}]}},"_links":{"self":[{"href":"https:\/\/thebottleshop.vn\/vi\/wp-json\/wp\/v2\/product\/22118","targetHints":{"allow":["GET"]}}],"collection":[{"href":"https:\/\/thebottleshop.vn\/vi\/wp-json\/wp\/v2\/product"}],"about":[{"href":"https:\/\/thebottleshop.vn\/vi\/wp-json\/wp\/v2\/types\/product"}],"replies":[{"embeddable":true,"href":"https:\/\/thebottleshop.vn\/vi\/wp-json\/wp\/v2\/comments?post=22118"}],"wp:featuredmedia":[{"embeddable":true,"href":"https:\/\/thebottleshop.vn\/vi\/wp-json\/wp\/v2\/media\/22159"}],"wp:attachment":[{"href":"https:\/\/thebottleshop.vn\/vi\/wp-json\/wp\/v2\/media?parent=22118"}],"wp:term":[{"taxonomy":"product_brand","embeddable":true,"href":"https:\/\/thebottleshop.vn\/vi\/wp-json\/wp\/v2\/product_brand?post=22118"},{"taxonomy":"product_cat","embeddable":true,"href":"https:\/\/thebottleshop.vn\/vi\/wp-json\/wp\/v2\/product_cat?post=22118"},{"taxonomy":"product_tag","embeddable":true,"href":"https:\/\/thebottleshop.vn\/vi\/wp-json\/wp\/v2\/product_tag?post=22118"}],"curies":[{"name":"wp","href":"https:\/\/api.w.org\/{rel}","templated":true}]}}