{"id":22271,"date":"2025-10-22T23:51:59","date_gmt":"2025-10-22T16:51:59","guid":{"rendered":"https:\/\/thebottleshop.vn\/product\/annam-chocoluxe-chocolate-liqueur\/"},"modified":"2025-10-22T23:54:22","modified_gmt":"2025-10-22T16:54:22","slug":"annam-chocoluxe-chocolate-liqueur","status":"publish","type":"product","link":"https:\/\/thebottleshop.vn\/vi\/san-pham\/annam-chocoluxe-chocolate-liqueur\/","title":{"rendered":"Annam Chocoluxe Chocolate Liqueur"},"content":{"rendered":"<p>Annam Chocoluxe Chocolate Liqueur l\u00e0 m\u1ed9t lo\u1ea1i r\u01b0\u1ee3u m\u00f9i sang tr\u1ecdng, tinh t\u1ebf, \u0111\u01b0\u1ee3c l\u00e0m th\u1ee7 c\u00f4ng t\u1eeb s\u00f4 c\u00f4 la h\u1ea3o h\u1ea1ng v\u00e0 pha tr\u1ed9n v\u1edbi r\u01b0\u1ee3u vodka h\u1ea3o h\u1ea1ng \u0111\u1ec3 t\u1ea1o n\u00ean h\u01b0\u01a1ng v\u1ecb s\u00f4 c\u00f4 la nguy\u00ean ch\u1ea5t, \u0111\u1eadm \u0111\u00e0, tuy\u1ec7t h\u1ea3o, \u00eam d\u1ecbu v\u00e0 th\u01a1m ngon.<\/p>\n<p>Ngon nh\u1ea5t khi d\u00f9ng k\u00e8m v\u1edbi martini s\u00f4 c\u00f4 la, \u01b0\u1edbp l\u1ea1nh, r\u01b0\u1edbi l\u00ean kem, ho\u1eb7c d\u00f9ng l\u00e0m m\u00f3n tr\u00e1ng mi\u1ec7ng khi b\u1ea1n c\u1ea7n m\u1ed9t ch\u00fat g\u00ec \u0111\u00f3 \u0111\u1eb7c bi\u1ec7t. M\u1ed9t lo\u1ea1i \u0111\u1ed3 u\u1ed1ng ho\u00e0n h\u1ea3o, \u0111\u1eadm \u0111\u00e0, kh\u00f4ng s\u1eefa, s\u1ebd l\u00e0m h\u00e0i l\u00f2ng v\u1ecb gi\u00e1c. D\u00e0nh cho nh\u1eefng ng\u01b0\u1eddi y\u00eau s\u00f4 c\u00f4 la tr\u00ean to\u00e0n th\u1ebf gi\u1edbi. T\u1ed9i l\u1ed7i duy nh\u1ea5t l\u00e0 kh\u00f4ng tr\u1ea3i nghi\u1ec7m n\u00f3.   <\/p>\n<p>\u2014\u2013<br \/>\nXem th\u01b0 vi\u1ec7n h\u00ecnh \u1ea3nh \u0111\u1ec3 bi\u1ebft th\u00eam th\u00f4ng tin chi ti\u1ebft v\u1ec1 ngu\u1ed3n g\u1ed1c, th\u00e0nh ph\u1ea7n v\u00e0 h\u01b0\u1edbng d\u1eabn s\u1eed d\u1ee5ng c\u1ee7a s\u1ea3n ph\u1ea9m.<\/p>\n","protected":false},"excerpt":{"rendered":"<p><strong>500ml :: 24%<\/strong><\/p>\n","protected":false},"featured_media":22221,"comment_status":"open","ping_status":"closed","template":"","meta":{"_acf_changed":false},"product_brand":[],"product_cat":[715,340,338,349,373,508,345,343,339,352,364,371],"product_tag":[],"class_list":{"0":"post-22271","1":"product","2":"type-product","3":"status-publish","4":"has-post-thumbnail","6":"product_cat-annam","7":"product_cat-vietnam-hcmc","8":"product_cat-ruou-va-ruou-vang","9":"product_cat-1-0-2-5","10":"product_cat-200k-499k","11":"product_cat-liqueuer","12":"product_cat-abv-vi","13":"product_cat-chai-500-ml","14":"product_cat-xuat-xu","15":"product_cat-gia","16":"product_cat-dong-ruou","17":"product_cat-nha-san-xuat-ruou","19":"first","20":"instock","21":"shipping-taxable","22":"purchasable","23":"product-type-simple","24":"add-to-wishlist-before_image"},"acf":[],"yoast_head":"<!-- This site is optimized with the Yoast SEO plugin v27.2 - https:\/\/yoast.com\/product\/yoast-seo-wordpress\/ -->\n<title>Annam Chocoluxe Chocolate Liqueur - The Bottle Shop<\/title>\n<meta name=\"description\" content=\"Annam Chocoluxe Chocolate Liqueur l\u00e0 m\u1ed9t lo\u1ea1i r\u01b0\u1ee3u m\u00f9i sang tr\u1ecdng, tinh t\u1ebf, \u0111\u01b0\u1ee3c l\u00e0m th\u1ee7 c\u00f4ng t\u1eeb s\u00f4 c\u00f4 la h\u1ea3o h\u1ea1ng v\u00e0 pha tr\u1ed9n v\u1edbi r\u01b0\u1ee3u vodka h\u1ea3o h\u1ea1ng.\" \/>\n<meta name=\"robots\" content=\"index, follow, max-snippet:-1, max-image-preview:large, max-video-preview:-1\" \/>\n<link rel=\"canonical\" href=\"http:\/\/52.77.24.187\/vi\/san-pham\/annam-chocoluxe-chocolate-liqueur\/\" \/>\n<meta property=\"og:locale\" content=\"vi_VN\" \/>\n<meta property=\"og:type\" content=\"article\" \/>\n<meta property=\"og:title\" content=\"Annam Chocoluxe Chocolate Liqueur - The Bottle Shop\" \/>\n<meta property=\"og:description\" content=\"Annam Chocoluxe Chocolate Liqueur l\u00e0 m\u1ed9t lo\u1ea1i r\u01b0\u1ee3u m\u00f9i sang tr\u1ecdng, tinh t\u1ebf, \u0111\u01b0\u1ee3c l\u00e0m th\u1ee7 c\u00f4ng t\u1eeb s\u00f4 c\u00f4 la h\u1ea3o h\u1ea1ng v\u00e0 pha tr\u1ed9n v\u1edbi r\u01b0\u1ee3u vodka h\u1ea3o h\u1ea1ng.\" \/>\n<meta property=\"og:url\" content=\"http:\/\/52.77.24.187\/vi\/san-pham\/annam-chocoluxe-chocolate-liqueur\/\" \/>\n<meta property=\"og:site_name\" content=\"The Bottle Shop\" \/>\n<meta property=\"article:publisher\" content=\"https:\/\/www.facebook.com\/thebottleshopvietnam\" \/>\n<meta property=\"article:modified_time\" content=\"2025-10-22T16:54:22+00:00\" \/>\n<meta property=\"og:image\" content=\"https:\/\/mlsrfcxkkbzg.i.optimole.com\/cb:JbP2.215d7\/w:auto\/h:auto\/q:mauto\/ig:avif\/http:\/\/52.77.24.187\/wp-content\/uploads\/2025\/10\/Annam-Chocoluxe-Chocolate-Liqueur.png\" \/>\n\t<meta property=\"og:image:width\" content=\"1080\" \/>\n\t<meta property=\"og:image:height\" content=\"1080\" \/>\n\t<meta property=\"og:image:type\" content=\"image\/png\" \/>\n<meta name=\"twitter:card\" content=\"summary_large_image\" \/>\n<meta name=\"twitter:label1\" content=\"Est. reading time\" \/>\n\t<meta name=\"twitter:data1\" content=\"1 minute\" \/>\n<script type=\"application\/ld+json\" class=\"yoast-schema-graph\">{\"@context\":\"https:\/\/schema.org\",\"@graph\":[{\"@type\":\"WebPage\",\"@id\":\"http:\/\/52.77.24.187\/vi\/san-pham\/annam-chocoluxe-chocolate-liqueur\/\",\"url\":\"http:\/\/52.77.24.187\/vi\/san-pham\/annam-chocoluxe-chocolate-liqueur\/\",\"name\":\"Annam Chocoluxe Chocolate Liqueur - The Bottle Shop\",\"isPartOf\":{\"@id\":\"http:\/\/52.77.24.187\/#website\"},\"primaryImageOfPage\":{\"@id\":\"http:\/\/52.77.24.187\/vi\/san-pham\/annam-chocoluxe-chocolate-liqueur\/#primaryimage\"},\"image\":{\"@id\":\"http:\/\/52.77.24.187\/vi\/san-pham\/annam-chocoluxe-chocolate-liqueur\/#primaryimage\"},\"thumbnailUrl\":\"https:\/\/mlsrfcxkkbzg.i.optimole.com\/cb:JbP2.215d7\/w:auto\/h:auto\/q:mauto\/ig:avif\/https:\/\/thebottleshop.vn\/wp-content\/uploads\/2025\/10\/Annam-Chocoluxe-Chocolate-Liqueur.png\",\"datePublished\":\"2025-10-22T16:51:59+00:00\",\"dateModified\":\"2025-10-22T16:54:22+00:00\",\"description\":\"Annam Chocoluxe Chocolate Liqueur l\u00e0 m\u1ed9t lo\u1ea1i r\u01b0\u1ee3u m\u00f9i sang tr\u1ecdng, tinh t\u1ebf, \u0111\u01b0\u1ee3c l\u00e0m th\u1ee7 c\u00f4ng t\u1eeb s\u00f4 c\u00f4 la h\u1ea3o h\u1ea1ng v\u00e0 pha tr\u1ed9n v\u1edbi r\u01b0\u1ee3u vodka h\u1ea3o h\u1ea1ng.\",\"breadcrumb\":{\"@id\":\"http:\/\/52.77.24.187\/vi\/san-pham\/annam-chocoluxe-chocolate-liqueur\/#breadcrumb\"},\"inLanguage\":\"vi-VN\",\"potentialAction\":[{\"@type\":\"ReadAction\",\"target\":[\"http:\/\/52.77.24.187\/vi\/san-pham\/annam-chocoluxe-chocolate-liqueur\/\"]}]},{\"@type\":\"ImageObject\",\"inLanguage\":\"vi-VN\",\"@id\":\"http:\/\/52.77.24.187\/vi\/san-pham\/annam-chocoluxe-chocolate-liqueur\/#primaryimage\",\"url\":\"https:\/\/mlsrfcxkkbzg.i.optimole.com\/cb:JbP2.215d7\/w:auto\/h:auto\/q:mauto\/ig:avif\/https:\/\/thebottleshop.vn\/wp-content\/uploads\/2025\/10\/Annam-Chocoluxe-Chocolate-Liqueur.png\",\"contentUrl\":\"https:\/\/mlsrfcxkkbzg.i.optimole.com\/cb:JbP2.215d7\/w:auto\/h:auto\/q:mauto\/ig:avif\/https:\/\/thebottleshop.vn\/wp-content\/uploads\/2025\/10\/Annam-Chocoluxe-Chocolate-Liqueur.png\",\"width\":1080,\"height\":1080,\"caption\":\"Annam Chocoluxe Chocolate Liqueur\"},{\"@type\":\"BreadcrumbList\",\"@id\":\"http:\/\/52.77.24.187\/vi\/san-pham\/annam-chocoluxe-chocolate-liqueur\/#breadcrumb\",\"itemListElement\":[{\"@type\":\"ListItem\",\"position\":1,\"name\":\"Home\",\"item\":\"http:\/\/52.77.24.187\/vi\/test-popup-vi\/\"},{\"@type\":\"ListItem\",\"position\":2,\"name\":\"C\u1eeda h\u00e0ng\",\"item\":\"http:\/\/52.77.24.187\/vi\/cua-hang\/\"},{\"@type\":\"ListItem\",\"position\":3,\"name\":\"Annam Chocoluxe Chocolate Liqueur\"}]},{\"@type\":\"WebSite\",\"@id\":\"http:\/\/52.77.24.187\/#website\",\"url\":\"http:\/\/52.77.24.187\/\",\"name\":\"The Bottle Shop\",\"description\":\"All beers are not created equal\",\"publisher\":{\"@id\":\"http:\/\/52.77.24.187\/#organization\"},\"potentialAction\":[{\"@type\":\"SearchAction\",\"target\":{\"@type\":\"EntryPoint\",\"urlTemplate\":\"http:\/\/52.77.24.187\/?s={search_term_string}\"},\"query-input\":{\"@type\":\"PropertyValueSpecification\",\"valueRequired\":true,\"valueName\":\"search_term_string\"}}],\"inLanguage\":\"vi-VN\"},{\"@type\":\"Organization\",\"@id\":\"http:\/\/52.77.24.187\/#organization\",\"name\":\"The Bottle Shop\",\"url\":\"http:\/\/52.77.24.187\/\",\"logo\":{\"@type\":\"ImageObject\",\"inLanguage\":\"vi-VN\",\"@id\":\"http:\/\/52.77.24.187\/#\/schema\/logo\/image\/\",\"url\":\"https:\/\/mlsrfcxkkbzg.i.optimole.com\/cb:JbP2.215d7\/w:auto\/h:auto\/q:mauto\/ig:avif\/https:\/\/thebottleshop.vn\/wp-content\/uploads\/2022\/10\/The-Bottle-Shop-Online-Logo.png\",\"contentUrl\":\"https:\/\/mlsrfcxkkbzg.i.optimole.com\/cb:JbP2.215d7\/w:auto\/h:auto\/q:mauto\/ig:avif\/https:\/\/thebottleshop.vn\/wp-content\/uploads\/2022\/10\/The-Bottle-Shop-Online-Logo.png\",\"width\":145,\"height\":147,\"caption\":\"The Bottle Shop\"},\"image\":{\"@id\":\"http:\/\/52.77.24.187\/#\/schema\/logo\/image\/\"},\"sameAs\":[\"https:\/\/www.facebook.com\/thebottleshopvietnam\",\"https:\/\/www.instagram.com\/thebottleshop_vietnam\/\"]}]}<\/script>\n<!-- \/ Yoast SEO plugin. -->","yoast_head_json":{"title":"Annam Chocoluxe Chocolate Liqueur - The Bottle Shop","description":"Annam Chocoluxe Chocolate Liqueur l\u00e0 m\u1ed9t lo\u1ea1i r\u01b0\u1ee3u m\u00f9i sang tr\u1ecdng, tinh t\u1ebf, \u0111\u01b0\u1ee3c l\u00e0m th\u1ee7 c\u00f4ng t\u1eeb s\u00f4 c\u00f4 la h\u1ea3o h\u1ea1ng v\u00e0 pha tr\u1ed9n v\u1edbi r\u01b0\u1ee3u vodka h\u1ea3o h\u1ea1ng.","robots":{"index":"index","follow":"follow","max-snippet":"max-snippet:-1","max-image-preview":"max-image-preview:large","max-video-preview":"max-video-preview:-1"},"canonical":"http:\/\/52.77.24.187\/vi\/san-pham\/annam-chocoluxe-chocolate-liqueur\/","og_locale":"vi_VN","og_type":"article","og_title":"Annam Chocoluxe Chocolate Liqueur - The Bottle Shop","og_description":"Annam Chocoluxe Chocolate Liqueur l\u00e0 m\u1ed9t lo\u1ea1i r\u01b0\u1ee3u m\u00f9i sang tr\u1ecdng, tinh t\u1ebf, \u0111\u01b0\u1ee3c l\u00e0m th\u1ee7 c\u00f4ng t\u1eeb s\u00f4 c\u00f4 la h\u1ea3o h\u1ea1ng v\u00e0 pha tr\u1ed9n v\u1edbi r\u01b0\u1ee3u vodka h\u1ea3o h\u1ea1ng.","og_url":"http:\/\/52.77.24.187\/vi\/san-pham\/annam-chocoluxe-chocolate-liqueur\/","og_site_name":"The Bottle Shop","article_publisher":"https:\/\/www.facebook.com\/thebottleshopvietnam","article_modified_time":"2025-10-22T16:54:22+00:00","og_image":[{"width":1080,"height":1080,"url":"https:\/\/mlsrfcxkkbzg.i.optimole.com\/cb:JbP2.215d7\/w:auto\/h:auto\/q:mauto\/ig:avif\/http:\/\/52.77.24.187\/wp-content\/uploads\/2025\/10\/Annam-Chocoluxe-Chocolate-Liqueur.png","type":"image\/png"}],"twitter_card":"summary_large_image","twitter_misc":{"Est. reading time":"1 minute"},"schema":{"@context":"https:\/\/schema.org","@graph":[{"@type":"WebPage","@id":"http:\/\/52.77.24.187\/vi\/san-pham\/annam-chocoluxe-chocolate-liqueur\/","url":"http:\/\/52.77.24.187\/vi\/san-pham\/annam-chocoluxe-chocolate-liqueur\/","name":"Annam Chocoluxe Chocolate Liqueur - The Bottle Shop","isPartOf":{"@id":"http:\/\/52.77.24.187\/#website"},"primaryImageOfPage":{"@id":"http:\/\/52.77.24.187\/vi\/san-pham\/annam-chocoluxe-chocolate-liqueur\/#primaryimage"},"image":{"@id":"http:\/\/52.77.24.187\/vi\/san-pham\/annam-chocoluxe-chocolate-liqueur\/#primaryimage"},"thumbnailUrl":"https:\/\/mlsrfcxkkbzg.i.optimole.com\/cb:JbP2.215d7\/w:auto\/h:auto\/q:mauto\/ig:avif\/https:\/\/thebottleshop.vn\/wp-content\/uploads\/2025\/10\/Annam-Chocoluxe-Chocolate-Liqueur.png","datePublished":"2025-10-22T16:51:59+00:00","dateModified":"2025-10-22T16:54:22+00:00","description":"Annam Chocoluxe Chocolate Liqueur l\u00e0 m\u1ed9t lo\u1ea1i r\u01b0\u1ee3u m\u00f9i sang tr\u1ecdng, tinh t\u1ebf, \u0111\u01b0\u1ee3c l\u00e0m th\u1ee7 c\u00f4ng t\u1eeb s\u00f4 c\u00f4 la h\u1ea3o h\u1ea1ng v\u00e0 pha tr\u1ed9n v\u1edbi r\u01b0\u1ee3u vodka h\u1ea3o h\u1ea1ng.","breadcrumb":{"@id":"http:\/\/52.77.24.187\/vi\/san-pham\/annam-chocoluxe-chocolate-liqueur\/#breadcrumb"},"inLanguage":"vi-VN","potentialAction":[{"@type":"ReadAction","target":["http:\/\/52.77.24.187\/vi\/san-pham\/annam-chocoluxe-chocolate-liqueur\/"]}]},{"@type":"ImageObject","inLanguage":"vi-VN","@id":"http:\/\/52.77.24.187\/vi\/san-pham\/annam-chocoluxe-chocolate-liqueur\/#primaryimage","url":"https:\/\/mlsrfcxkkbzg.i.optimole.com\/cb:JbP2.215d7\/w:auto\/h:auto\/q:mauto\/ig:avif\/https:\/\/thebottleshop.vn\/wp-content\/uploads\/2025\/10\/Annam-Chocoluxe-Chocolate-Liqueur.png","contentUrl":"https:\/\/mlsrfcxkkbzg.i.optimole.com\/cb:JbP2.215d7\/w:auto\/h:auto\/q:mauto\/ig:avif\/https:\/\/thebottleshop.vn\/wp-content\/uploads\/2025\/10\/Annam-Chocoluxe-Chocolate-Liqueur.png","width":1080,"height":1080,"caption":"Annam Chocoluxe Chocolate Liqueur"},{"@type":"BreadcrumbList","@id":"http:\/\/52.77.24.187\/vi\/san-pham\/annam-chocoluxe-chocolate-liqueur\/#breadcrumb","itemListElement":[{"@type":"ListItem","position":1,"name":"Home","item":"http:\/\/52.77.24.187\/vi\/test-popup-vi\/"},{"@type":"ListItem","position":2,"name":"C\u1eeda h\u00e0ng","item":"http:\/\/52.77.24.187\/vi\/cua-hang\/"},{"@type":"ListItem","position":3,"name":"Annam Chocoluxe Chocolate Liqueur"}]},{"@type":"WebSite","@id":"http:\/\/52.77.24.187\/#website","url":"http:\/\/52.77.24.187\/","name":"The Bottle Shop","description":"All beers are not created equal","publisher":{"@id":"http:\/\/52.77.24.187\/#organization"},"potentialAction":[{"@type":"SearchAction","target":{"@type":"EntryPoint","urlTemplate":"http:\/\/52.77.24.187\/?s={search_term_string}"},"query-input":{"@type":"PropertyValueSpecification","valueRequired":true,"valueName":"search_term_string"}}],"inLanguage":"vi-VN"},{"@type":"Organization","@id":"http:\/\/52.77.24.187\/#organization","name":"The Bottle Shop","url":"http:\/\/52.77.24.187\/","logo":{"@type":"ImageObject","inLanguage":"vi-VN","@id":"http:\/\/52.77.24.187\/#\/schema\/logo\/image\/","url":"https:\/\/mlsrfcxkkbzg.i.optimole.com\/cb:JbP2.215d7\/w:auto\/h:auto\/q:mauto\/ig:avif\/https:\/\/thebottleshop.vn\/wp-content\/uploads\/2022\/10\/The-Bottle-Shop-Online-Logo.png","contentUrl":"https:\/\/mlsrfcxkkbzg.i.optimole.com\/cb:JbP2.215d7\/w:auto\/h:auto\/q:mauto\/ig:avif\/https:\/\/thebottleshop.vn\/wp-content\/uploads\/2022\/10\/The-Bottle-Shop-Online-Logo.png","width":145,"height":147,"caption":"The Bottle Shop"},"image":{"@id":"http:\/\/52.77.24.187\/#\/schema\/logo\/image\/"},"sameAs":["https:\/\/www.facebook.com\/thebottleshopvietnam","https:\/\/www.instagram.com\/thebottleshop_vietnam\/"]}]}},"_links":{"self":[{"href":"https:\/\/thebottleshop.vn\/vi\/wp-json\/wp\/v2\/product\/22271","targetHints":{"allow":["GET"]}}],"collection":[{"href":"https:\/\/thebottleshop.vn\/vi\/wp-json\/wp\/v2\/product"}],"about":[{"href":"https:\/\/thebottleshop.vn\/vi\/wp-json\/wp\/v2\/types\/product"}],"replies":[{"embeddable":true,"href":"https:\/\/thebottleshop.vn\/vi\/wp-json\/wp\/v2\/comments?post=22271"}],"wp:featuredmedia":[{"embeddable":true,"href":"https:\/\/thebottleshop.vn\/vi\/wp-json\/wp\/v2\/media\/22221"}],"wp:attachment":[{"href":"https:\/\/thebottleshop.vn\/vi\/wp-json\/wp\/v2\/media?parent=22271"}],"wp:term":[{"taxonomy":"product_brand","embeddable":true,"href":"https:\/\/thebottleshop.vn\/vi\/wp-json\/wp\/v2\/product_brand?post=22271"},{"taxonomy":"product_cat","embeddable":true,"href":"https:\/\/thebottleshop.vn\/vi\/wp-json\/wp\/v2\/product_cat?post=22271"},{"taxonomy":"product_tag","embeddable":true,"href":"https:\/\/thebottleshop.vn\/vi\/wp-json\/wp\/v2\/product_tag?post=22271"}],"curies":[{"name":"wp","href":"https:\/\/api.w.org\/{rel}","templated":true}]}}