{"id":22273,"date":"2025-10-23T00:02:04","date_gmt":"2025-10-22T17:02:04","guid":{"rendered":"https:\/\/thebottleshop.vn\/product\/annam-last-one-vodka\/"},"modified":"2025-10-23T00:04:42","modified_gmt":"2025-10-22T17:04:42","slug":"annam-last-one-vodka","status":"publish","type":"product","link":"https:\/\/thebottleshop.vn\/vi\/san-pham\/annam-last-one-vodka\/","title":{"rendered":"Annam Last One Vodka"},"content":{"rendered":"<p>Annam Last One Vodka l\u00e0 m\u1ed9t lo\u1ea1i vodka cao c\u1ea5p, c\u1ef1c k\u1ef3 m\u1ecbn, \u0111\u01b0\u1ee3c ch\u01b0ng c\u1ea5t ba l\u1ea7n v\u00e0 pha tr\u1ed9n v\u1edbi n\u01b0\u1edbc kho\u00e1ng nguy\u00ean ch\u1ea5t t\u1eeb \u200b\u200bm\u1ed9t ngu\u1ed3n ngh\u1ec7 thu\u1eadt nguy\u00ean s\u01a1 n\u1eb1m s\u00e2u d\u01b0\u1edbi l\u00f2ng \u0111\u1ea5t trong m\u1ed9t d\u00e3y n\u00fai xa x\u00f4i \u1edf t\u1ec9nh Kh\u00e1nh HOA. Sau khi pha tr\u1ed9n, n\u00f3 \u0111\u01b0\u1ee3c l\u1ecdc nhi\u1ec1u l\u1ea7n \u0111\u1ec3 t\u1ea1o ra h\u01b0\u01a1ng v\u1ecb c\u1ef1c m\u1ecbn \u0111\u1eb7c tr\u01b0ng c\u1ee7a n\u00f3, v\u1edbi m\u00f9i th\u01a1m nh\u1eb9, m\u1ec1m, m\u1ecbn, kh\u00f4ng ch\u00e1y. Trong th\u1eed nghi\u1ec7m m\u00f9 v\u1ecb, m\u1ed9t vodka cu\u1ed1i c\u00f9ng lu\u00f4n \u0111\u00e1nh b\u1ea1i c\u00e1c th\u01b0\u01a1ng hi\u1ec7u qu\u1ed1c t\u1ebf \u0111\u1eaft ti\u1ec1n nh\u1ea5t, ch\u1ee9ng minh r\u1eb1ng Vi\u1ec7t Nam hi\u1ec7n c\u00f3 m\u1ed9t lo\u1ea1i vodka c\u1ef1c k\u1ef3 cao c\u1ea5p th\u1ebf gi\u1edbi.  <\/p>\n<p>\u2014\u2013<br \/>\nXem th\u01b0 vi\u1ec7n h\u00ecnh \u1ea3nh \u0111\u1ec3 bi\u1ebft th\u00eam th\u00f4ng tin chi ti\u1ebft v\u1ec1 ngu\u1ed3n g\u1ed1c, th\u00e0nh ph\u1ea7n v\u00e0 h\u01b0\u1edbng d\u1eabn s\u1eed d\u1ee5ng c\u1ee7a s\u1ea3n ph\u1ea9m.<\/p>\n","protected":false},"excerpt":{"rendered":"<p><strong>300ml :: 40%<\/strong><\/p>\n","protected":false},"featured_media":22225,"comment_status":"open","ping_status":"closed","template":"","meta":{"_acf_changed":false},"product_brand":[],"product_cat":[715,340,338,373,388,345,343,339,416,341,352,364,371],"product_tag":[],"class_list":{"0":"post-22273","1":"product","2":"type-product","3":"status-publish","4":"has-post-thumbnail","6":"product_cat-annam","7":"product_cat-vietnam-hcmc","8":"product_cat-ruou-va-ruou-vang","9":"product_cat-200k-499k","10":"product_cat-25-vi","11":"product_cat-abv-vi","12":"product_cat-chai-500-ml","13":"product_cat-xuat-xu","14":"product_cat-vodka","15":"product_cat-dong-goi","16":"product_cat-gia","17":"product_cat-dong-ruou","18":"product_cat-nha-san-xuat-ruou","20":"first","21":"instock","22":"shipping-taxable","23":"purchasable","24":"product-type-simple","25":"add-to-wishlist-before_image"},"acf":[],"yoast_head":"<!-- This site is optimized with the Yoast SEO plugin v27.2 - https:\/\/yoast.com\/product\/yoast-seo-wordpress\/ -->\n<title>Annam Last One Vodka - The Bottle Shop<\/title>\n<meta name=\"description\" content=\"Annam Last One Vodka l\u00e0 m\u1ed9t lo\u1ea1i vodka cao c\u1ea5p, c\u1ef1c k\u1ef3 m\u1ecbn, \u0111\u01b0\u1ee3c ch\u01b0ng c\u1ea5t ba l\u1ea7n v\u00e0 pha tr\u1ed9n v\u1edbi n\u01b0\u1edbc kho\u00e1ng nguy\u00ean ch\u1ea5t t\u1eeb \u200b\u200bm\u1ed9t ngu\u1ed3n ngh\u1ec7 thu\u1eadt nguy\u00ean s\u01a1.\" \/>\n<meta name=\"robots\" content=\"index, follow, max-snippet:-1, max-image-preview:large, max-video-preview:-1\" \/>\n<link rel=\"canonical\" href=\"http:\/\/52.77.24.187\/vi\/san-pham\/annam-last-one-vodka\/\" \/>\n<meta property=\"og:locale\" content=\"vi_VN\" \/>\n<meta property=\"og:type\" content=\"article\" \/>\n<meta property=\"og:title\" content=\"Annam Last One Vodka - The Bottle Shop\" \/>\n<meta property=\"og:description\" content=\"Annam Last One Vodka l\u00e0 m\u1ed9t lo\u1ea1i vodka cao c\u1ea5p, c\u1ef1c k\u1ef3 m\u1ecbn, \u0111\u01b0\u1ee3c ch\u01b0ng c\u1ea5t ba l\u1ea7n v\u00e0 pha tr\u1ed9n v\u1edbi n\u01b0\u1edbc kho\u00e1ng nguy\u00ean ch\u1ea5t t\u1eeb \u200b\u200bm\u1ed9t ngu\u1ed3n ngh\u1ec7 thu\u1eadt nguy\u00ean s\u01a1.\" \/>\n<meta property=\"og:url\" content=\"http:\/\/52.77.24.187\/vi\/san-pham\/annam-last-one-vodka\/\" \/>\n<meta property=\"og:site_name\" content=\"The Bottle Shop\" \/>\n<meta property=\"article:publisher\" content=\"https:\/\/www.facebook.com\/thebottleshopvietnam\" \/>\n<meta property=\"article:modified_time\" content=\"2025-10-22T17:04:42+00:00\" \/>\n<meta property=\"og:image\" content=\"https:\/\/mlsrfcxkkbzg.i.optimole.com\/cb:JbP2.215d7\/w:auto\/h:auto\/q:mauto\/ig:avif\/http:\/\/52.77.24.187\/wp-content\/uploads\/2025\/10\/Annam-Last-One-Vodka.png\" \/>\n\t<meta property=\"og:image:width\" content=\"1080\" \/>\n\t<meta property=\"og:image:height\" content=\"1080\" \/>\n\t<meta property=\"og:image:type\" content=\"image\/png\" \/>\n<meta name=\"twitter:card\" content=\"summary_large_image\" \/>\n<meta name=\"twitter:label1\" content=\"Est. reading time\" \/>\n\t<meta name=\"twitter:data1\" content=\"1 minute\" \/>\n<script type=\"application\/ld+json\" class=\"yoast-schema-graph\">{\"@context\":\"https:\/\/schema.org\",\"@graph\":[{\"@type\":\"WebPage\",\"@id\":\"http:\/\/52.77.24.187\/vi\/san-pham\/annam-last-one-vodka\/\",\"url\":\"http:\/\/52.77.24.187\/vi\/san-pham\/annam-last-one-vodka\/\",\"name\":\"Annam Last One Vodka - The Bottle Shop\",\"isPartOf\":{\"@id\":\"http:\/\/52.77.24.187\/#website\"},\"primaryImageOfPage\":{\"@id\":\"http:\/\/52.77.24.187\/vi\/san-pham\/annam-last-one-vodka\/#primaryimage\"},\"image\":{\"@id\":\"http:\/\/52.77.24.187\/vi\/san-pham\/annam-last-one-vodka\/#primaryimage\"},\"thumbnailUrl\":\"https:\/\/mlsrfcxkkbzg.i.optimole.com\/cb:JbP2.215d7\/w:auto\/h:auto\/q:mauto\/ig:avif\/https:\/\/thebottleshop.vn\/wp-content\/uploads\/2025\/10\/Annam-Last-One-Vodka.png\",\"datePublished\":\"2025-10-22T17:02:04+00:00\",\"dateModified\":\"2025-10-22T17:04:42+00:00\",\"description\":\"Annam Last One Vodka l\u00e0 m\u1ed9t lo\u1ea1i vodka cao c\u1ea5p, c\u1ef1c k\u1ef3 m\u1ecbn, \u0111\u01b0\u1ee3c ch\u01b0ng c\u1ea5t ba l\u1ea7n v\u00e0 pha tr\u1ed9n v\u1edbi n\u01b0\u1edbc kho\u00e1ng nguy\u00ean ch\u1ea5t t\u1eeb \u200b\u200bm\u1ed9t ngu\u1ed3n ngh\u1ec7 thu\u1eadt nguy\u00ean s\u01a1.\",\"breadcrumb\":{\"@id\":\"http:\/\/52.77.24.187\/vi\/san-pham\/annam-last-one-vodka\/#breadcrumb\"},\"inLanguage\":\"vi-VN\",\"potentialAction\":[{\"@type\":\"ReadAction\",\"target\":[\"http:\/\/52.77.24.187\/vi\/san-pham\/annam-last-one-vodka\/\"]}]},{\"@type\":\"ImageObject\",\"inLanguage\":\"vi-VN\",\"@id\":\"http:\/\/52.77.24.187\/vi\/san-pham\/annam-last-one-vodka\/#primaryimage\",\"url\":\"https:\/\/mlsrfcxkkbzg.i.optimole.com\/cb:JbP2.215d7\/w:auto\/h:auto\/q:mauto\/ig:avif\/https:\/\/thebottleshop.vn\/wp-content\/uploads\/2025\/10\/Annam-Last-One-Vodka.png\",\"contentUrl\":\"https:\/\/mlsrfcxkkbzg.i.optimole.com\/cb:JbP2.215d7\/w:auto\/h:auto\/q:mauto\/ig:avif\/https:\/\/thebottleshop.vn\/wp-content\/uploads\/2025\/10\/Annam-Last-One-Vodka.png\",\"width\":1080,\"height\":1080,\"caption\":\"Annam Last One Vodka\"},{\"@type\":\"BreadcrumbList\",\"@id\":\"http:\/\/52.77.24.187\/vi\/san-pham\/annam-last-one-vodka\/#breadcrumb\",\"itemListElement\":[{\"@type\":\"ListItem\",\"position\":1,\"name\":\"Home\",\"item\":\"http:\/\/52.77.24.187\/vi\/test-popup-vi\/\"},{\"@type\":\"ListItem\",\"position\":2,\"name\":\"C\u1eeda h\u00e0ng\",\"item\":\"http:\/\/52.77.24.187\/vi\/cua-hang\/\"},{\"@type\":\"ListItem\",\"position\":3,\"name\":\"Annam Last One Vodka\"}]},{\"@type\":\"WebSite\",\"@id\":\"http:\/\/52.77.24.187\/#website\",\"url\":\"http:\/\/52.77.24.187\/\",\"name\":\"The Bottle Shop\",\"description\":\"All beers are not created equal\",\"publisher\":{\"@id\":\"http:\/\/52.77.24.187\/#organization\"},\"potentialAction\":[{\"@type\":\"SearchAction\",\"target\":{\"@type\":\"EntryPoint\",\"urlTemplate\":\"http:\/\/52.77.24.187\/?s={search_term_string}\"},\"query-input\":{\"@type\":\"PropertyValueSpecification\",\"valueRequired\":true,\"valueName\":\"search_term_string\"}}],\"inLanguage\":\"vi-VN\"},{\"@type\":\"Organization\",\"@id\":\"http:\/\/52.77.24.187\/#organization\",\"name\":\"The Bottle Shop\",\"url\":\"http:\/\/52.77.24.187\/\",\"logo\":{\"@type\":\"ImageObject\",\"inLanguage\":\"vi-VN\",\"@id\":\"http:\/\/52.77.24.187\/#\/schema\/logo\/image\/\",\"url\":\"https:\/\/mlsrfcxkkbzg.i.optimole.com\/cb:JbP2.215d7\/w:auto\/h:auto\/q:mauto\/ig:avif\/https:\/\/thebottleshop.vn\/wp-content\/uploads\/2022\/10\/The-Bottle-Shop-Online-Logo.png\",\"contentUrl\":\"https:\/\/mlsrfcxkkbzg.i.optimole.com\/cb:JbP2.215d7\/w:auto\/h:auto\/q:mauto\/ig:avif\/https:\/\/thebottleshop.vn\/wp-content\/uploads\/2022\/10\/The-Bottle-Shop-Online-Logo.png\",\"width\":145,\"height\":147,\"caption\":\"The Bottle Shop\"},\"image\":{\"@id\":\"http:\/\/52.77.24.187\/#\/schema\/logo\/image\/\"},\"sameAs\":[\"https:\/\/www.facebook.com\/thebottleshopvietnam\",\"https:\/\/www.instagram.com\/thebottleshop_vietnam\/\"]}]}<\/script>\n<!-- \/ Yoast SEO plugin. -->","yoast_head_json":{"title":"Annam Last One Vodka - The Bottle Shop","description":"Annam Last One Vodka l\u00e0 m\u1ed9t lo\u1ea1i vodka cao c\u1ea5p, c\u1ef1c k\u1ef3 m\u1ecbn, \u0111\u01b0\u1ee3c ch\u01b0ng c\u1ea5t ba l\u1ea7n v\u00e0 pha tr\u1ed9n v\u1edbi n\u01b0\u1edbc kho\u00e1ng nguy\u00ean ch\u1ea5t t\u1eeb \u200b\u200bm\u1ed9t ngu\u1ed3n ngh\u1ec7 thu\u1eadt nguy\u00ean s\u01a1.","robots":{"index":"index","follow":"follow","max-snippet":"max-snippet:-1","max-image-preview":"max-image-preview:large","max-video-preview":"max-video-preview:-1"},"canonical":"http:\/\/52.77.24.187\/vi\/san-pham\/annam-last-one-vodka\/","og_locale":"vi_VN","og_type":"article","og_title":"Annam Last One Vodka - The Bottle Shop","og_description":"Annam Last One Vodka l\u00e0 m\u1ed9t lo\u1ea1i vodka cao c\u1ea5p, c\u1ef1c k\u1ef3 m\u1ecbn, \u0111\u01b0\u1ee3c ch\u01b0ng c\u1ea5t ba l\u1ea7n v\u00e0 pha tr\u1ed9n v\u1edbi n\u01b0\u1edbc kho\u00e1ng nguy\u00ean ch\u1ea5t t\u1eeb \u200b\u200bm\u1ed9t ngu\u1ed3n ngh\u1ec7 thu\u1eadt nguy\u00ean s\u01a1.","og_url":"http:\/\/52.77.24.187\/vi\/san-pham\/annam-last-one-vodka\/","og_site_name":"The Bottle Shop","article_publisher":"https:\/\/www.facebook.com\/thebottleshopvietnam","article_modified_time":"2025-10-22T17:04:42+00:00","og_image":[{"width":1080,"height":1080,"url":"https:\/\/mlsrfcxkkbzg.i.optimole.com\/cb:JbP2.215d7\/w:auto\/h:auto\/q:mauto\/ig:avif\/http:\/\/52.77.24.187\/wp-content\/uploads\/2025\/10\/Annam-Last-One-Vodka.png","type":"image\/png"}],"twitter_card":"summary_large_image","twitter_misc":{"Est. reading time":"1 minute"},"schema":{"@context":"https:\/\/schema.org","@graph":[{"@type":"WebPage","@id":"http:\/\/52.77.24.187\/vi\/san-pham\/annam-last-one-vodka\/","url":"http:\/\/52.77.24.187\/vi\/san-pham\/annam-last-one-vodka\/","name":"Annam Last One Vodka - The Bottle Shop","isPartOf":{"@id":"http:\/\/52.77.24.187\/#website"},"primaryImageOfPage":{"@id":"http:\/\/52.77.24.187\/vi\/san-pham\/annam-last-one-vodka\/#primaryimage"},"image":{"@id":"http:\/\/52.77.24.187\/vi\/san-pham\/annam-last-one-vodka\/#primaryimage"},"thumbnailUrl":"https:\/\/mlsrfcxkkbzg.i.optimole.com\/cb:JbP2.215d7\/w:auto\/h:auto\/q:mauto\/ig:avif\/https:\/\/thebottleshop.vn\/wp-content\/uploads\/2025\/10\/Annam-Last-One-Vodka.png","datePublished":"2025-10-22T17:02:04+00:00","dateModified":"2025-10-22T17:04:42+00:00","description":"Annam Last One Vodka l\u00e0 m\u1ed9t lo\u1ea1i vodka cao c\u1ea5p, c\u1ef1c k\u1ef3 m\u1ecbn, \u0111\u01b0\u1ee3c ch\u01b0ng c\u1ea5t ba l\u1ea7n v\u00e0 pha tr\u1ed9n v\u1edbi n\u01b0\u1edbc kho\u00e1ng nguy\u00ean ch\u1ea5t t\u1eeb \u200b\u200bm\u1ed9t ngu\u1ed3n ngh\u1ec7 thu\u1eadt nguy\u00ean s\u01a1.","breadcrumb":{"@id":"http:\/\/52.77.24.187\/vi\/san-pham\/annam-last-one-vodka\/#breadcrumb"},"inLanguage":"vi-VN","potentialAction":[{"@type":"ReadAction","target":["http:\/\/52.77.24.187\/vi\/san-pham\/annam-last-one-vodka\/"]}]},{"@type":"ImageObject","inLanguage":"vi-VN","@id":"http:\/\/52.77.24.187\/vi\/san-pham\/annam-last-one-vodka\/#primaryimage","url":"https:\/\/mlsrfcxkkbzg.i.optimole.com\/cb:JbP2.215d7\/w:auto\/h:auto\/q:mauto\/ig:avif\/https:\/\/thebottleshop.vn\/wp-content\/uploads\/2025\/10\/Annam-Last-One-Vodka.png","contentUrl":"https:\/\/mlsrfcxkkbzg.i.optimole.com\/cb:JbP2.215d7\/w:auto\/h:auto\/q:mauto\/ig:avif\/https:\/\/thebottleshop.vn\/wp-content\/uploads\/2025\/10\/Annam-Last-One-Vodka.png","width":1080,"height":1080,"caption":"Annam Last One Vodka"},{"@type":"BreadcrumbList","@id":"http:\/\/52.77.24.187\/vi\/san-pham\/annam-last-one-vodka\/#breadcrumb","itemListElement":[{"@type":"ListItem","position":1,"name":"Home","item":"http:\/\/52.77.24.187\/vi\/test-popup-vi\/"},{"@type":"ListItem","position":2,"name":"C\u1eeda h\u00e0ng","item":"http:\/\/52.77.24.187\/vi\/cua-hang\/"},{"@type":"ListItem","position":3,"name":"Annam Last One Vodka"}]},{"@type":"WebSite","@id":"http:\/\/52.77.24.187\/#website","url":"http:\/\/52.77.24.187\/","name":"The Bottle Shop","description":"All beers are not created equal","publisher":{"@id":"http:\/\/52.77.24.187\/#organization"},"potentialAction":[{"@type":"SearchAction","target":{"@type":"EntryPoint","urlTemplate":"http:\/\/52.77.24.187\/?s={search_term_string}"},"query-input":{"@type":"PropertyValueSpecification","valueRequired":true,"valueName":"search_term_string"}}],"inLanguage":"vi-VN"},{"@type":"Organization","@id":"http:\/\/52.77.24.187\/#organization","name":"The Bottle Shop","url":"http:\/\/52.77.24.187\/","logo":{"@type":"ImageObject","inLanguage":"vi-VN","@id":"http:\/\/52.77.24.187\/#\/schema\/logo\/image\/","url":"https:\/\/mlsrfcxkkbzg.i.optimole.com\/cb:JbP2.215d7\/w:auto\/h:auto\/q:mauto\/ig:avif\/https:\/\/thebottleshop.vn\/wp-content\/uploads\/2022\/10\/The-Bottle-Shop-Online-Logo.png","contentUrl":"https:\/\/mlsrfcxkkbzg.i.optimole.com\/cb:JbP2.215d7\/w:auto\/h:auto\/q:mauto\/ig:avif\/https:\/\/thebottleshop.vn\/wp-content\/uploads\/2022\/10\/The-Bottle-Shop-Online-Logo.png","width":145,"height":147,"caption":"The Bottle Shop"},"image":{"@id":"http:\/\/52.77.24.187\/#\/schema\/logo\/image\/"},"sameAs":["https:\/\/www.facebook.com\/thebottleshopvietnam","https:\/\/www.instagram.com\/thebottleshop_vietnam\/"]}]}},"_links":{"self":[{"href":"https:\/\/thebottleshop.vn\/vi\/wp-json\/wp\/v2\/product\/22273","targetHints":{"allow":["GET"]}}],"collection":[{"href":"https:\/\/thebottleshop.vn\/vi\/wp-json\/wp\/v2\/product"}],"about":[{"href":"https:\/\/thebottleshop.vn\/vi\/wp-json\/wp\/v2\/types\/product"}],"replies":[{"embeddable":true,"href":"https:\/\/thebottleshop.vn\/vi\/wp-json\/wp\/v2\/comments?post=22273"}],"wp:featuredmedia":[{"embeddable":true,"href":"https:\/\/thebottleshop.vn\/vi\/wp-json\/wp\/v2\/media\/22225"}],"wp:attachment":[{"href":"https:\/\/thebottleshop.vn\/vi\/wp-json\/wp\/v2\/media?parent=22273"}],"wp:term":[{"taxonomy":"product_brand","embeddable":true,"href":"https:\/\/thebottleshop.vn\/vi\/wp-json\/wp\/v2\/product_brand?post=22273"},{"taxonomy":"product_cat","embeddable":true,"href":"https:\/\/thebottleshop.vn\/vi\/wp-json\/wp\/v2\/product_cat?post=22273"},{"taxonomy":"product_tag","embeddable":true,"href":"https:\/\/thebottleshop.vn\/vi\/wp-json\/wp\/v2\/product_tag?post=22273"}],"curies":[{"name":"wp","href":"https:\/\/api.w.org\/{rel}","templated":true}]}}