{"id":22274,"date":"2025-10-13T10:15:00","date_gmt":"2025-10-13T03:15:00","guid":{"rendered":"https:\/\/thebottleshop.vn\/product\/fuzzy-fridays-hop-baby-dipa\/"},"modified":"2025-10-24T08:39:15","modified_gmt":"2025-10-24T01:39:15","slug":"fuzzy-fridays-hop-baby-dipa","status":"publish","type":"product","link":"https:\/\/thebottleshop.vn\/vi\/san-pham\/fuzzy-fridays-hop-baby-dipa\/","title":{"rendered":"Fuzzy Fridays Hop Baby DIPA"},"content":{"rendered":"<p>TH\u1ee8 6 H\u00c0NG TU\u1ea6N, MUA 4 T\u1eb6NG 2 V\u1edaI FUZZY FRIDAYS!<\/p>\n<p>Fuzzy Logic Hop Baby DIPA&#8230; L\u1ef1a ch\u1ecdn c\u1ee7a ngh\u1ec7 nh\u00e2n bia!  Bia \u0111\u01b0\u1ee3c n\u1ea5u theo c\u00f4ng th\u1ee9c \u201c\u0111i\u00ean r\u1ed3 nh\u1ea5t\u201d m\u00e0 ngh\u1ec7 nh\u00e2n bia \u0111\u00e3 th\u1eed nghi\u1ec7m v\u00e0 ph\u00e1t tri\u1ec3n c\u00f4ng th\u1ee9c trong nhi\u1ec1u n\u0103m n\u1ea5u t\u1ea1i nh\u00e0. \u0110\u00e2y l\u00e0 lo\u1ea1i bia \u0111\u1eadm v\u1ecb hoa qu\u1ea3, v\u1ecb \u00eam d\u1ec5 u\u1ed1ng, lo\u1ea1i bia Double IPA \u0111\u01b0\u1ee3c \u1ee7 n\u1ea5u v\u1edbi v\u1edbi 7 lo\u1ea1i hoa bia kh\u00e1c nhau. Bia mang h\u01b0\u01a1ng v\u1ecb c\u1ee7a th\u00f4ng \u0111\u1ea5t, cam qu\u00fdt v\u00e0 h\u01b0\u01a1ng tr\u00e1i c\u00e2y c\u1ee7a hoa bia, t\u1ea1o n\u00ean v\u1ecb ng\u1ecdt v\u1eeba ph\u1ea3i h\u00f2a quy\u1ec7n v\u1edbi v\u1ecb \u0111\u1eafng. \u0110\u01b0\u1ee3c coi nh\u01b0 l\u00e0 ng\u01b0\u1eddi anh em v\u1edbi Bia Thunderslap IPA, v\u1edbi phong c\u00e1ch t\u01b0\u01a1ng \u0111\u1ed3ng nh\u01b0ng \u0111\u1eadm v\u1ecb m\u1ea1ch nha v\u00e0 hoa bia h\u01a1n.<br \/>\nAromas of earthy pine, citrus and fruity hops, the flavour is moderate sweet and bitter.<br \/>\nRegarded as the older brother of Thunderslap IPA, a similar profile but with oh so much more malt and hops!   <\/p>\n<p>\u2014\u2013<br \/>\nXem th\u01b0 vi\u1ec7n h\u00ecnh \u1ea3nh \u0111\u1ec3 bi\u1ebft th\u00eam th\u00f4ng tin chi ti\u1ebft v\u1ec1 ngu\u1ed3n g\u1ed1c, th\u00e0nh ph\u1ea7n v\u00e0 h\u01b0\u1edbng d\u1eabn s\u1eed d\u1ee5ng c\u1ee7a s\u1ea3n ph\u1ea9m.<\/p>\n","protected":false},"excerpt":{"rendered":"<p><strong>Hoa bia, M\u1ea1ch nha, H\u01b0\u01a1ng th\u00f4ng 7.5%<\/strong><\/p>\n","protected":false},"featured_media":22248,"comment_status":"open","ping_status":"closed","template":"","meta":{"_acf_changed":false},"product_brand":[],"product_cat":[385,337,340,348,425,373,351,366,345,377,339,341,352,359,439,574],"product_tag":[],"class_list":{"0":"post-22274","1":"product","2":"type-product","3":"status-publish","4":"has-post-thumbnail","6":"product_cat-top-deals","7":"product_cat-bia-va-cider","8":"product_cat-vietnam-hcmc","9":"product_cat-6-7-9","10":"product_cat-425","11":"product_cat-200k-499k","12":"product_cat-dong-bia","13":"product_cat-nha-san-xuat","14":"product_cat-abv-vi","15":"product_cat-ibu","16":"product_cat-xuat-xu","17":"product_cat-dong-goi","18":"product_cat-gia","19":"product_cat-ipa","20":"product_cat-fuzzy-logic-brewing-co","21":"product_cat-lon-6-pack","23":"first","24":"outofstock","25":"sale","26":"shipping-taxable","27":"purchasable","28":"product-type-simple","29":"add-to-wishlist-before_image"},"acf":[],"yoast_head":"<!-- This site is optimized with the Yoast SEO plugin v27.2 - https:\/\/yoast.com\/product\/yoast-seo-wordpress\/ -->\n<title>Fuzzy Fridays Hop Baby DIPA - The Bottle Shop<\/title>\n<meta name=\"description\" content=\"L\u1ef1a ch\u1ecdn c\u1ee7a ngh\u1ec7 nh\u00e2n bia! Bia \u0111\u01b0\u1ee3c n\u1ea5u theo c\u00f4ng th\u1ee9c \u201c\u0111i\u00ean r\u1ed3 nh\u1ea5t\u201d m\u00e0 ngh\u1ec7 nh\u00e2n bia \u0111\u00e3 th\u1eed nghi\u1ec7m v\u00e0 ph\u00e1t tri\u1ec3n c\u00f4ng th\u1ee9c trong nhi\u1ec1u n\u0103m n\u1ea5u t\u1ea1i nh\u00e0.\" \/>\n<meta name=\"robots\" content=\"index, follow, max-snippet:-1, max-image-preview:large, max-video-preview:-1\" \/>\n<link rel=\"canonical\" href=\"http:\/\/52.77.24.187\/vi\/san-pham\/fuzzy-fridays-hop-baby-dipa\/\" \/>\n<meta property=\"og:locale\" content=\"vi_VN\" \/>\n<meta property=\"og:type\" content=\"article\" \/>\n<meta property=\"og:title\" content=\"Fuzzy Fridays Hop Baby DIPA - The Bottle Shop\" \/>\n<meta property=\"og:description\" content=\"L\u1ef1a ch\u1ecdn c\u1ee7a ngh\u1ec7 nh\u00e2n bia! Bia \u0111\u01b0\u1ee3c n\u1ea5u theo c\u00f4ng th\u1ee9c \u201c\u0111i\u00ean r\u1ed3 nh\u1ea5t\u201d m\u00e0 ngh\u1ec7 nh\u00e2n bia \u0111\u00e3 th\u1eed nghi\u1ec7m v\u00e0 ph\u00e1t tri\u1ec3n c\u00f4ng th\u1ee9c trong nhi\u1ec1u n\u0103m n\u1ea5u t\u1ea1i nh\u00e0.\" \/>\n<meta property=\"og:url\" content=\"http:\/\/52.77.24.187\/vi\/san-pham\/fuzzy-fridays-hop-baby-dipa\/\" \/>\n<meta property=\"og:site_name\" content=\"The Bottle Shop\" \/>\n<meta property=\"article:publisher\" content=\"https:\/\/www.facebook.com\/thebottleshopvietnam\" \/>\n<meta property=\"article:modified_time\" content=\"2025-10-24T01:39:15+00:00\" \/>\n<meta property=\"og:image\" content=\"https:\/\/mlsrfcxkkbzg.i.optimole.com\/cb:JbP2.215d7\/w:auto\/h:auto\/q:mauto\/ig:avif\/http:\/\/52.77.24.187\/wp-content\/uploads\/2025\/10\/Fuzzy-Logic-Hop-Baby-6-pack.png\" \/>\n\t<meta property=\"og:image:width\" content=\"1080\" \/>\n\t<meta property=\"og:image:height\" content=\"1080\" \/>\n\t<meta property=\"og:image:type\" content=\"image\/png\" \/>\n<meta name=\"twitter:card\" content=\"summary_large_image\" \/>\n<meta name=\"twitter:label1\" content=\"Est. reading time\" \/>\n\t<meta name=\"twitter:data1\" content=\"1 minute\" \/>\n<script type=\"application\/ld+json\" class=\"yoast-schema-graph\">{\"@context\":\"https:\/\/schema.org\",\"@graph\":[{\"@type\":\"WebPage\",\"@id\":\"http:\/\/52.77.24.187\/vi\/san-pham\/fuzzy-fridays-hop-baby-dipa\/\",\"url\":\"http:\/\/52.77.24.187\/vi\/san-pham\/fuzzy-fridays-hop-baby-dipa\/\",\"name\":\"Fuzzy Fridays Hop Baby DIPA - The Bottle Shop\",\"isPartOf\":{\"@id\":\"http:\/\/52.77.24.187\/#website\"},\"primaryImageOfPage\":{\"@id\":\"http:\/\/52.77.24.187\/vi\/san-pham\/fuzzy-fridays-hop-baby-dipa\/#primaryimage\"},\"image\":{\"@id\":\"http:\/\/52.77.24.187\/vi\/san-pham\/fuzzy-fridays-hop-baby-dipa\/#primaryimage\"},\"thumbnailUrl\":\"https:\/\/mlsrfcxkkbzg.i.optimole.com\/cb:JbP2.215d7\/w:auto\/h:auto\/q:mauto\/ig:avif\/https:\/\/thebottleshop.vn\/wp-content\/uploads\/2025\/10\/Fuzzy-Logic-Hop-Baby-6-pack.png\",\"datePublished\":\"2025-10-13T03:15:00+00:00\",\"dateModified\":\"2025-10-24T01:39:15+00:00\",\"description\":\"L\u1ef1a ch\u1ecdn c\u1ee7a ngh\u1ec7 nh\u00e2n bia! Bia \u0111\u01b0\u1ee3c n\u1ea5u theo c\u00f4ng th\u1ee9c \u201c\u0111i\u00ean r\u1ed3 nh\u1ea5t\u201d m\u00e0 ngh\u1ec7 nh\u00e2n bia \u0111\u00e3 th\u1eed nghi\u1ec7m v\u00e0 ph\u00e1t tri\u1ec3n c\u00f4ng th\u1ee9c trong nhi\u1ec1u n\u0103m n\u1ea5u t\u1ea1i nh\u00e0.\",\"breadcrumb\":{\"@id\":\"http:\/\/52.77.24.187\/vi\/san-pham\/fuzzy-fridays-hop-baby-dipa\/#breadcrumb\"},\"inLanguage\":\"vi-VN\",\"potentialAction\":[{\"@type\":\"ReadAction\",\"target\":[\"http:\/\/52.77.24.187\/vi\/san-pham\/fuzzy-fridays-hop-baby-dipa\/\"]}]},{\"@type\":\"ImageObject\",\"inLanguage\":\"vi-VN\",\"@id\":\"http:\/\/52.77.24.187\/vi\/san-pham\/fuzzy-fridays-hop-baby-dipa\/#primaryimage\",\"url\":\"https:\/\/mlsrfcxkkbzg.i.optimole.com\/cb:JbP2.215d7\/w:auto\/h:auto\/q:mauto\/ig:avif\/https:\/\/thebottleshop.vn\/wp-content\/uploads\/2025\/10\/Fuzzy-Logic-Hop-Baby-6-pack.png\",\"contentUrl\":\"https:\/\/mlsrfcxkkbzg.i.optimole.com\/cb:JbP2.215d7\/w:auto\/h:auto\/q:mauto\/ig:avif\/https:\/\/thebottleshop.vn\/wp-content\/uploads\/2025\/10\/Fuzzy-Logic-Hop-Baby-6-pack.png\",\"width\":1080,\"height\":1080,\"caption\":\"Fuzzy Logic Hop Baby 6-pack\"},{\"@type\":\"BreadcrumbList\",\"@id\":\"http:\/\/52.77.24.187\/vi\/san-pham\/fuzzy-fridays-hop-baby-dipa\/#breadcrumb\",\"itemListElement\":[{\"@type\":\"ListItem\",\"position\":1,\"name\":\"Home\",\"item\":\"http:\/\/52.77.24.187\/vi\/test-popup-vi\/\"},{\"@type\":\"ListItem\",\"position\":2,\"name\":\"C\u1eeda h\u00e0ng\",\"item\":\"http:\/\/52.77.24.187\/vi\/cua-hang\/\"},{\"@type\":\"ListItem\",\"position\":3,\"name\":\"Fuzzy Fridays Hop Baby DIPA\"}]},{\"@type\":\"WebSite\",\"@id\":\"http:\/\/52.77.24.187\/#website\",\"url\":\"http:\/\/52.77.24.187\/\",\"name\":\"The Bottle Shop\",\"description\":\"All beers are not created equal\",\"publisher\":{\"@id\":\"http:\/\/52.77.24.187\/#organization\"},\"potentialAction\":[{\"@type\":\"SearchAction\",\"target\":{\"@type\":\"EntryPoint\",\"urlTemplate\":\"http:\/\/52.77.24.187\/?s={search_term_string}\"},\"query-input\":{\"@type\":\"PropertyValueSpecification\",\"valueRequired\":true,\"valueName\":\"search_term_string\"}}],\"inLanguage\":\"vi-VN\"},{\"@type\":\"Organization\",\"@id\":\"http:\/\/52.77.24.187\/#organization\",\"name\":\"The Bottle Shop\",\"url\":\"http:\/\/52.77.24.187\/\",\"logo\":{\"@type\":\"ImageObject\",\"inLanguage\":\"vi-VN\",\"@id\":\"http:\/\/52.77.24.187\/#\/schema\/logo\/image\/\",\"url\":\"https:\/\/mlsrfcxkkbzg.i.optimole.com\/cb:JbP2.215d7\/w:auto\/h:auto\/q:mauto\/ig:avif\/https:\/\/thebottleshop.vn\/wp-content\/uploads\/2022\/10\/The-Bottle-Shop-Online-Logo.png\",\"contentUrl\":\"https:\/\/mlsrfcxkkbzg.i.optimole.com\/cb:JbP2.215d7\/w:auto\/h:auto\/q:mauto\/ig:avif\/https:\/\/thebottleshop.vn\/wp-content\/uploads\/2022\/10\/The-Bottle-Shop-Online-Logo.png\",\"width\":145,\"height\":147,\"caption\":\"The Bottle Shop\"},\"image\":{\"@id\":\"http:\/\/52.77.24.187\/#\/schema\/logo\/image\/\"},\"sameAs\":[\"https:\/\/www.facebook.com\/thebottleshopvietnam\",\"https:\/\/www.instagram.com\/thebottleshop_vietnam\/\"]}]}<\/script>\n<!-- \/ Yoast SEO plugin. -->","yoast_head_json":{"title":"Fuzzy Fridays Hop Baby DIPA - The Bottle Shop","description":"L\u1ef1a ch\u1ecdn c\u1ee7a ngh\u1ec7 nh\u00e2n bia! Bia \u0111\u01b0\u1ee3c n\u1ea5u theo c\u00f4ng th\u1ee9c \u201c\u0111i\u00ean r\u1ed3 nh\u1ea5t\u201d m\u00e0 ngh\u1ec7 nh\u00e2n bia \u0111\u00e3 th\u1eed nghi\u1ec7m v\u00e0 ph\u00e1t tri\u1ec3n c\u00f4ng th\u1ee9c trong nhi\u1ec1u n\u0103m n\u1ea5u t\u1ea1i nh\u00e0.","robots":{"index":"index","follow":"follow","max-snippet":"max-snippet:-1","max-image-preview":"max-image-preview:large","max-video-preview":"max-video-preview:-1"},"canonical":"http:\/\/52.77.24.187\/vi\/san-pham\/fuzzy-fridays-hop-baby-dipa\/","og_locale":"vi_VN","og_type":"article","og_title":"Fuzzy Fridays Hop Baby DIPA - The Bottle Shop","og_description":"L\u1ef1a ch\u1ecdn c\u1ee7a ngh\u1ec7 nh\u00e2n bia! Bia \u0111\u01b0\u1ee3c n\u1ea5u theo c\u00f4ng th\u1ee9c \u201c\u0111i\u00ean r\u1ed3 nh\u1ea5t\u201d m\u00e0 ngh\u1ec7 nh\u00e2n bia \u0111\u00e3 th\u1eed nghi\u1ec7m v\u00e0 ph\u00e1t tri\u1ec3n c\u00f4ng th\u1ee9c trong nhi\u1ec1u n\u0103m n\u1ea5u t\u1ea1i nh\u00e0.","og_url":"http:\/\/52.77.24.187\/vi\/san-pham\/fuzzy-fridays-hop-baby-dipa\/","og_site_name":"The Bottle Shop","article_publisher":"https:\/\/www.facebook.com\/thebottleshopvietnam","article_modified_time":"2025-10-24T01:39:15+00:00","og_image":[{"width":1080,"height":1080,"url":"https:\/\/mlsrfcxkkbzg.i.optimole.com\/cb:JbP2.215d7\/w:auto\/h:auto\/q:mauto\/ig:avif\/http:\/\/52.77.24.187\/wp-content\/uploads\/2025\/10\/Fuzzy-Logic-Hop-Baby-6-pack.png","type":"image\/png"}],"twitter_card":"summary_large_image","twitter_misc":{"Est. reading time":"1 minute"},"schema":{"@context":"https:\/\/schema.org","@graph":[{"@type":"WebPage","@id":"http:\/\/52.77.24.187\/vi\/san-pham\/fuzzy-fridays-hop-baby-dipa\/","url":"http:\/\/52.77.24.187\/vi\/san-pham\/fuzzy-fridays-hop-baby-dipa\/","name":"Fuzzy Fridays Hop Baby DIPA - The Bottle Shop","isPartOf":{"@id":"http:\/\/52.77.24.187\/#website"},"primaryImageOfPage":{"@id":"http:\/\/52.77.24.187\/vi\/san-pham\/fuzzy-fridays-hop-baby-dipa\/#primaryimage"},"image":{"@id":"http:\/\/52.77.24.187\/vi\/san-pham\/fuzzy-fridays-hop-baby-dipa\/#primaryimage"},"thumbnailUrl":"https:\/\/mlsrfcxkkbzg.i.optimole.com\/cb:JbP2.215d7\/w:auto\/h:auto\/q:mauto\/ig:avif\/https:\/\/thebottleshop.vn\/wp-content\/uploads\/2025\/10\/Fuzzy-Logic-Hop-Baby-6-pack.png","datePublished":"2025-10-13T03:15:00+00:00","dateModified":"2025-10-24T01:39:15+00:00","description":"L\u1ef1a ch\u1ecdn c\u1ee7a ngh\u1ec7 nh\u00e2n bia! Bia \u0111\u01b0\u1ee3c n\u1ea5u theo c\u00f4ng th\u1ee9c \u201c\u0111i\u00ean r\u1ed3 nh\u1ea5t\u201d m\u00e0 ngh\u1ec7 nh\u00e2n bia \u0111\u00e3 th\u1eed nghi\u1ec7m v\u00e0 ph\u00e1t tri\u1ec3n c\u00f4ng th\u1ee9c trong nhi\u1ec1u n\u0103m n\u1ea5u t\u1ea1i nh\u00e0.","breadcrumb":{"@id":"http:\/\/52.77.24.187\/vi\/san-pham\/fuzzy-fridays-hop-baby-dipa\/#breadcrumb"},"inLanguage":"vi-VN","potentialAction":[{"@type":"ReadAction","target":["http:\/\/52.77.24.187\/vi\/san-pham\/fuzzy-fridays-hop-baby-dipa\/"]}]},{"@type":"ImageObject","inLanguage":"vi-VN","@id":"http:\/\/52.77.24.187\/vi\/san-pham\/fuzzy-fridays-hop-baby-dipa\/#primaryimage","url":"https:\/\/mlsrfcxkkbzg.i.optimole.com\/cb:JbP2.215d7\/w:auto\/h:auto\/q:mauto\/ig:avif\/https:\/\/thebottleshop.vn\/wp-content\/uploads\/2025\/10\/Fuzzy-Logic-Hop-Baby-6-pack.png","contentUrl":"https:\/\/mlsrfcxkkbzg.i.optimole.com\/cb:JbP2.215d7\/w:auto\/h:auto\/q:mauto\/ig:avif\/https:\/\/thebottleshop.vn\/wp-content\/uploads\/2025\/10\/Fuzzy-Logic-Hop-Baby-6-pack.png","width":1080,"height":1080,"caption":"Fuzzy Logic Hop Baby 6-pack"},{"@type":"BreadcrumbList","@id":"http:\/\/52.77.24.187\/vi\/san-pham\/fuzzy-fridays-hop-baby-dipa\/#breadcrumb","itemListElement":[{"@type":"ListItem","position":1,"name":"Home","item":"http:\/\/52.77.24.187\/vi\/test-popup-vi\/"},{"@type":"ListItem","position":2,"name":"C\u1eeda h\u00e0ng","item":"http:\/\/52.77.24.187\/vi\/cua-hang\/"},{"@type":"ListItem","position":3,"name":"Fuzzy Fridays Hop Baby DIPA"}]},{"@type":"WebSite","@id":"http:\/\/52.77.24.187\/#website","url":"http:\/\/52.77.24.187\/","name":"The Bottle Shop","description":"All beers are not created equal","publisher":{"@id":"http:\/\/52.77.24.187\/#organization"},"potentialAction":[{"@type":"SearchAction","target":{"@type":"EntryPoint","urlTemplate":"http:\/\/52.77.24.187\/?s={search_term_string}"},"query-input":{"@type":"PropertyValueSpecification","valueRequired":true,"valueName":"search_term_string"}}],"inLanguage":"vi-VN"},{"@type":"Organization","@id":"http:\/\/52.77.24.187\/#organization","name":"The Bottle Shop","url":"http:\/\/52.77.24.187\/","logo":{"@type":"ImageObject","inLanguage":"vi-VN","@id":"http:\/\/52.77.24.187\/#\/schema\/logo\/image\/","url":"https:\/\/mlsrfcxkkbzg.i.optimole.com\/cb:JbP2.215d7\/w:auto\/h:auto\/q:mauto\/ig:avif\/https:\/\/thebottleshop.vn\/wp-content\/uploads\/2022\/10\/The-Bottle-Shop-Online-Logo.png","contentUrl":"https:\/\/mlsrfcxkkbzg.i.optimole.com\/cb:JbP2.215d7\/w:auto\/h:auto\/q:mauto\/ig:avif\/https:\/\/thebottleshop.vn\/wp-content\/uploads\/2022\/10\/The-Bottle-Shop-Online-Logo.png","width":145,"height":147,"caption":"The Bottle Shop"},"image":{"@id":"http:\/\/52.77.24.187\/#\/schema\/logo\/image\/"},"sameAs":["https:\/\/www.facebook.com\/thebottleshopvietnam","https:\/\/www.instagram.com\/thebottleshop_vietnam\/"]}]}},"_links":{"self":[{"href":"https:\/\/thebottleshop.vn\/vi\/wp-json\/wp\/v2\/product\/22274","targetHints":{"allow":["GET"]}}],"collection":[{"href":"https:\/\/thebottleshop.vn\/vi\/wp-json\/wp\/v2\/product"}],"about":[{"href":"https:\/\/thebottleshop.vn\/vi\/wp-json\/wp\/v2\/types\/product"}],"replies":[{"embeddable":true,"href":"https:\/\/thebottleshop.vn\/vi\/wp-json\/wp\/v2\/comments?post=22274"}],"wp:featuredmedia":[{"embeddable":true,"href":"https:\/\/thebottleshop.vn\/vi\/wp-json\/wp\/v2\/media\/22248"}],"wp:attachment":[{"href":"https:\/\/thebottleshop.vn\/vi\/wp-json\/wp\/v2\/media?parent=22274"}],"wp:term":[{"taxonomy":"product_brand","embeddable":true,"href":"https:\/\/thebottleshop.vn\/vi\/wp-json\/wp\/v2\/product_brand?post=22274"},{"taxonomy":"product_cat","embeddable":true,"href":"https:\/\/thebottleshop.vn\/vi\/wp-json\/wp\/v2\/product_cat?post=22274"},{"taxonomy":"product_tag","embeddable":true,"href":"https:\/\/thebottleshop.vn\/vi\/wp-json\/wp\/v2\/product_tag?post=22274"}],"curies":[{"name":"wp","href":"https:\/\/api.w.org\/{rel}","templated":true}]}}