{"id":22276,"date":"2025-10-23T07:58:18","date_gmt":"2025-10-23T00:58:18","guid":{"rendered":"https:\/\/thebottleshop.vn\/product\/bear-hops-golden-passion-passionfruit-ale\/"},"modified":"2026-02-03T10:54:59","modified_gmt":"2026-02-03T03:54:59","slug":"bear-hops-golden-passion-passionfruit-ale","status":"publish","type":"product","link":"https:\/\/thebottleshop.vn\/vi\/san-pham\/bear-hops-golden-passion-passionfruit-ale\/","title":{"rendered":"Bear Hops Golden Passion Passionfruit Ale"},"content":{"rendered":"<p>Bear Hops Golden Passion Passionfruit Ale l\u00e0 bia tr\u00e1i c\u00e2y m\u00e0u v\u00e0ng s\u00e1ng s\u1eed d\u1ee5ng hoa bia th\u01a1m k\u1ebft h\u1ee3p chanh d\u00e2y t\u1eeb Bu\u00f4n Ma Thu\u1ed9t. Th\u01a1m m\u00f9i chanh d\u00e2y t\u1ef1 nhi\u00ean, r\u1ea5t d\u1ec5 u\u1ed1ng. Ph\u00f9 h\u1ee3p t\u1ea5t c\u1ea3 m\u1ecdi \u0111\u1ed1i t\u01b0\u1ee3ng.  <\/p>\n<p>\u2014\u2013<br \/>\nXem th\u01b0 vi\u1ec7n h\u00ecnh \u1ea3nh \u0111\u1ec3 bi\u1ebft th\u00eam th\u00f4ng tin chi ti\u1ebft v\u1ec1 ngu\u1ed3n g\u1ed1c, th\u00e0nh ph\u1ea7n v\u00e0 h\u01b0\u1edbng d\u1eabn s\u1eed d\u1ee5ng c\u1ee7a s\u1ea3n ph\u1ea9m.<\/p>\n","protected":false},"excerpt":{"rendered":"<p><strong>H\u01b0\u01a1ng th\u01a1m, S\u1ea3ng kho\u00e1i, Chanh d\u00e2y 4.8%<\/strong><\/p>\n","protected":false},"featured_media":22524,"comment_status":"open","ping_status":"closed","template":"","meta":{"_acf_changed":false},"product_brand":[],"product_cat":[378,337,340,347,354,404,718,400,351,366,345,377,339,341,352,344],"product_tag":[],"class_list":{"0":"post-22276","1":"product","2":"type-product","3":"status-publish","4":"has-post-thumbnail","6":"product_cat-00-19","7":"product_cat-bia-va-cider","8":"product_cat-vietnam-hcmc","9":"product_cat-4-5-9","10":"product_cat-75k-99k","11":"product_cat-bia-hoa-qua-vi","12":"product_cat-bear-hops-brewing","13":"product_cat-bia-vang","14":"product_cat-dong-bia","15":"product_cat-nha-san-xuat","16":"product_cat-abv-vi","17":"product_cat-ibu","18":"product_cat-xuat-xu","19":"product_cat-dong-goi","20":"product_cat-gia","21":"product_cat-lon-330-ml","23":"first","24":"outofstock","25":"shipping-taxable","26":"purchasable","27":"product-type-simple","28":"add-to-wishlist-before_image"},"acf":[],"yoast_head":"<!-- This site is optimized with the Yoast SEO plugin v27.2 - https:\/\/yoast.com\/product\/yoast-seo-wordpress\/ -->\n<title>Bear Hops Golden Passion Passionfruit Ale - The Bottle Shop<\/title>\n<meta name=\"description\" content=\"Bear Hops Golden Passion Passionfruit Ale l\u00e0 bia tr\u00e1i c\u00e2y m\u00e0u v\u00e0ng s\u00e1ng s\u1eed d\u1ee5ng hoa bia th\u01a1m k\u1ebft h\u1ee3p chanh d\u00e2y t\u1eeb Bu\u00f4n Ma Thu\u1ed9t.\" \/>\n<meta name=\"robots\" content=\"index, follow, max-snippet:-1, max-image-preview:large, max-video-preview:-1\" \/>\n<link rel=\"canonical\" href=\"https:\/\/thebottleshop.vn\/vi\/san-pham\/bear-hops-golden-passion-passionfruit-ale\/\" \/>\n<meta property=\"og:locale\" content=\"vi_VN\" \/>\n<meta property=\"og:type\" content=\"article\" \/>\n<meta property=\"og:title\" content=\"Bear Hops Golden Passion Passionfruit Ale - The Bottle Shop\" \/>\n<meta property=\"og:description\" content=\"Bear Hops Golden Passion Passionfruit Ale l\u00e0 bia tr\u00e1i c\u00e2y m\u00e0u v\u00e0ng s\u00e1ng s\u1eed d\u1ee5ng hoa bia th\u01a1m k\u1ebft h\u1ee3p chanh d\u00e2y t\u1eeb Bu\u00f4n Ma Thu\u1ed9t.\" \/>\n<meta property=\"og:url\" content=\"https:\/\/thebottleshop.vn\/vi\/san-pham\/bear-hops-golden-passion-passionfruit-ale\/\" \/>\n<meta property=\"og:site_name\" content=\"The Bottle Shop\" \/>\n<meta property=\"article:publisher\" content=\"https:\/\/www.facebook.com\/thebottleshopvietnam\" \/>\n<meta property=\"article:modified_time\" content=\"2026-02-03T03:54:59+00:00\" \/>\n<meta property=\"og:image\" content=\"https:\/\/mlsrfcxkkbzg.i.optimole.com\/cb:JbP2.215d7\/w:auto\/h:auto\/q:mauto\/ig:avif\/https:\/\/thebottleshop.vn\/wp-content\/uploads\/2026\/01\/Bear-Hops-Golden-Passion-Fruit-Ale-CAN.png\" \/>\n\t<meta property=\"og:image:width\" content=\"1080\" \/>\n\t<meta property=\"og:image:height\" content=\"1080\" \/>\n\t<meta property=\"og:image:type\" content=\"image\/png\" \/>\n<meta name=\"twitter:card\" content=\"summary_large_image\" \/>\n<meta name=\"twitter:label1\" content=\"Est. reading time\" \/>\n\t<meta name=\"twitter:data1\" content=\"1 minute\" \/>\n<script type=\"application\/ld+json\" class=\"yoast-schema-graph\">{\"@context\":\"https:\/\/schema.org\",\"@graph\":[{\"@type\":\"WebPage\",\"@id\":\"https:\/\/thebottleshop.vn\/vi\/san-pham\/bear-hops-golden-passion-passionfruit-ale\/\",\"url\":\"https:\/\/thebottleshop.vn\/vi\/san-pham\/bear-hops-golden-passion-passionfruit-ale\/\",\"name\":\"Bear Hops Golden Passion Passionfruit Ale - The Bottle Shop\",\"isPartOf\":{\"@id\":\"http:\/\/52.77.24.187\/#website\"},\"primaryImageOfPage\":{\"@id\":\"https:\/\/thebottleshop.vn\/vi\/san-pham\/bear-hops-golden-passion-passionfruit-ale\/#primaryimage\"},\"image\":{\"@id\":\"https:\/\/thebottleshop.vn\/vi\/san-pham\/bear-hops-golden-passion-passionfruit-ale\/#primaryimage\"},\"thumbnailUrl\":\"https:\/\/mlsrfcxkkbzg.i.optimole.com\/cb:JbP2.215d7\/w:auto\/h:auto\/q:mauto\/ig:avif\/https:\/\/thebottleshop.vn\/wp-content\/uploads\/2026\/01\/Bear-Hops-Golden-Passion-Fruit-Ale-CAN.png\",\"datePublished\":\"2025-10-23T00:58:18+00:00\",\"dateModified\":\"2026-02-03T03:54:59+00:00\",\"description\":\"Bear Hops Golden Passion Passionfruit Ale l\u00e0 bia tr\u00e1i c\u00e2y m\u00e0u v\u00e0ng s\u00e1ng s\u1eed d\u1ee5ng hoa bia th\u01a1m k\u1ebft h\u1ee3p chanh d\u00e2y t\u1eeb Bu\u00f4n Ma Thu\u1ed9t.\",\"breadcrumb\":{\"@id\":\"https:\/\/thebottleshop.vn\/vi\/san-pham\/bear-hops-golden-passion-passionfruit-ale\/#breadcrumb\"},\"inLanguage\":\"vi-VN\",\"potentialAction\":[{\"@type\":\"ReadAction\",\"target\":[\"https:\/\/thebottleshop.vn\/vi\/san-pham\/bear-hops-golden-passion-passionfruit-ale\/\"]}]},{\"@type\":\"ImageObject\",\"inLanguage\":\"vi-VN\",\"@id\":\"https:\/\/thebottleshop.vn\/vi\/san-pham\/bear-hops-golden-passion-passionfruit-ale\/#primaryimage\",\"url\":\"https:\/\/mlsrfcxkkbzg.i.optimole.com\/cb:JbP2.215d7\/w:auto\/h:auto\/q:mauto\/ig:avif\/https:\/\/thebottleshop.vn\/wp-content\/uploads\/2026\/01\/Bear-Hops-Golden-Passion-Fruit-Ale-CAN.png\",\"contentUrl\":\"https:\/\/mlsrfcxkkbzg.i.optimole.com\/cb:JbP2.215d7\/w:auto\/h:auto\/q:mauto\/ig:avif\/https:\/\/thebottleshop.vn\/wp-content\/uploads\/2026\/01\/Bear-Hops-Golden-Passion-Fruit-Ale-CAN.png\",\"width\":1080,\"height\":1080,\"caption\":\"Bear Hops Golden Passion Fruit Ale CAN\"},{\"@type\":\"BreadcrumbList\",\"@id\":\"https:\/\/thebottleshop.vn\/vi\/san-pham\/bear-hops-golden-passion-passionfruit-ale\/#breadcrumb\",\"itemListElement\":[{\"@type\":\"ListItem\",\"position\":1,\"name\":\"Home\",\"item\":\"http:\/\/52.77.24.187\/vi\/test-popup-vi\/\"},{\"@type\":\"ListItem\",\"position\":2,\"name\":\"C\u1eeda h\u00e0ng\",\"item\":\"http:\/\/52.77.24.187\/vi\/cua-hang\/\"},{\"@type\":\"ListItem\",\"position\":3,\"name\":\"Bear Hops Golden Passion Passionfruit Ale\"}]},{\"@type\":\"WebSite\",\"@id\":\"http:\/\/52.77.24.187\/#website\",\"url\":\"http:\/\/52.77.24.187\/\",\"name\":\"The Bottle Shop\",\"description\":\"All beers are not created equal\",\"publisher\":{\"@id\":\"http:\/\/52.77.24.187\/#organization\"},\"potentialAction\":[{\"@type\":\"SearchAction\",\"target\":{\"@type\":\"EntryPoint\",\"urlTemplate\":\"http:\/\/52.77.24.187\/?s={search_term_string}\"},\"query-input\":{\"@type\":\"PropertyValueSpecification\",\"valueRequired\":true,\"valueName\":\"search_term_string\"}}],\"inLanguage\":\"vi-VN\"},{\"@type\":\"Organization\",\"@id\":\"http:\/\/52.77.24.187\/#organization\",\"name\":\"The Bottle Shop\",\"url\":\"http:\/\/52.77.24.187\/\",\"logo\":{\"@type\":\"ImageObject\",\"inLanguage\":\"vi-VN\",\"@id\":\"http:\/\/52.77.24.187\/#\/schema\/logo\/image\/\",\"url\":\"https:\/\/mlsrfcxkkbzg.i.optimole.com\/cb:JbP2.215d7\/w:auto\/h:auto\/q:mauto\/ig:avif\/https:\/\/thebottleshop.vn\/wp-content\/uploads\/2022\/10\/The-Bottle-Shop-Online-Logo.png\",\"contentUrl\":\"https:\/\/mlsrfcxkkbzg.i.optimole.com\/cb:JbP2.215d7\/w:auto\/h:auto\/q:mauto\/ig:avif\/https:\/\/thebottleshop.vn\/wp-content\/uploads\/2022\/10\/The-Bottle-Shop-Online-Logo.png\",\"width\":145,\"height\":147,\"caption\":\"The Bottle Shop\"},\"image\":{\"@id\":\"http:\/\/52.77.24.187\/#\/schema\/logo\/image\/\"},\"sameAs\":[\"https:\/\/www.facebook.com\/thebottleshopvietnam\",\"https:\/\/www.instagram.com\/thebottleshop_vietnam\/\"]}]}<\/script>\n<!-- \/ Yoast SEO plugin. -->","yoast_head_json":{"title":"Bear Hops Golden Passion Passionfruit Ale - The Bottle Shop","description":"Bear Hops Golden Passion Passionfruit Ale l\u00e0 bia tr\u00e1i c\u00e2y m\u00e0u v\u00e0ng s\u00e1ng s\u1eed d\u1ee5ng hoa bia th\u01a1m k\u1ebft h\u1ee3p chanh d\u00e2y t\u1eeb Bu\u00f4n Ma Thu\u1ed9t.","robots":{"index":"index","follow":"follow","max-snippet":"max-snippet:-1","max-image-preview":"max-image-preview:large","max-video-preview":"max-video-preview:-1"},"canonical":"https:\/\/thebottleshop.vn\/vi\/san-pham\/bear-hops-golden-passion-passionfruit-ale\/","og_locale":"vi_VN","og_type":"article","og_title":"Bear Hops Golden Passion Passionfruit Ale - The Bottle Shop","og_description":"Bear Hops Golden Passion Passionfruit Ale l\u00e0 bia tr\u00e1i c\u00e2y m\u00e0u v\u00e0ng s\u00e1ng s\u1eed d\u1ee5ng hoa bia th\u01a1m k\u1ebft h\u1ee3p chanh d\u00e2y t\u1eeb Bu\u00f4n Ma Thu\u1ed9t.","og_url":"https:\/\/thebottleshop.vn\/vi\/san-pham\/bear-hops-golden-passion-passionfruit-ale\/","og_site_name":"The Bottle Shop","article_publisher":"https:\/\/www.facebook.com\/thebottleshopvietnam","article_modified_time":"2026-02-03T03:54:59+00:00","og_image":[{"width":1080,"height":1080,"url":"https:\/\/mlsrfcxkkbzg.i.optimole.com\/cb:JbP2.215d7\/w:auto\/h:auto\/q:mauto\/ig:avif\/https:\/\/thebottleshop.vn\/wp-content\/uploads\/2026\/01\/Bear-Hops-Golden-Passion-Fruit-Ale-CAN.png","type":"image\/png"}],"twitter_card":"summary_large_image","twitter_misc":{"Est. reading time":"1 minute"},"schema":{"@context":"https:\/\/schema.org","@graph":[{"@type":"WebPage","@id":"https:\/\/thebottleshop.vn\/vi\/san-pham\/bear-hops-golden-passion-passionfruit-ale\/","url":"https:\/\/thebottleshop.vn\/vi\/san-pham\/bear-hops-golden-passion-passionfruit-ale\/","name":"Bear Hops Golden Passion Passionfruit Ale - The Bottle Shop","isPartOf":{"@id":"http:\/\/52.77.24.187\/#website"},"primaryImageOfPage":{"@id":"https:\/\/thebottleshop.vn\/vi\/san-pham\/bear-hops-golden-passion-passionfruit-ale\/#primaryimage"},"image":{"@id":"https:\/\/thebottleshop.vn\/vi\/san-pham\/bear-hops-golden-passion-passionfruit-ale\/#primaryimage"},"thumbnailUrl":"https:\/\/mlsrfcxkkbzg.i.optimole.com\/cb:JbP2.215d7\/w:auto\/h:auto\/q:mauto\/ig:avif\/https:\/\/thebottleshop.vn\/wp-content\/uploads\/2026\/01\/Bear-Hops-Golden-Passion-Fruit-Ale-CAN.png","datePublished":"2025-10-23T00:58:18+00:00","dateModified":"2026-02-03T03:54:59+00:00","description":"Bear Hops Golden Passion Passionfruit Ale l\u00e0 bia tr\u00e1i c\u00e2y m\u00e0u v\u00e0ng s\u00e1ng s\u1eed d\u1ee5ng hoa bia th\u01a1m k\u1ebft h\u1ee3p chanh d\u00e2y t\u1eeb Bu\u00f4n Ma Thu\u1ed9t.","breadcrumb":{"@id":"https:\/\/thebottleshop.vn\/vi\/san-pham\/bear-hops-golden-passion-passionfruit-ale\/#breadcrumb"},"inLanguage":"vi-VN","potentialAction":[{"@type":"ReadAction","target":["https:\/\/thebottleshop.vn\/vi\/san-pham\/bear-hops-golden-passion-passionfruit-ale\/"]}]},{"@type":"ImageObject","inLanguage":"vi-VN","@id":"https:\/\/thebottleshop.vn\/vi\/san-pham\/bear-hops-golden-passion-passionfruit-ale\/#primaryimage","url":"https:\/\/mlsrfcxkkbzg.i.optimole.com\/cb:JbP2.215d7\/w:auto\/h:auto\/q:mauto\/ig:avif\/https:\/\/thebottleshop.vn\/wp-content\/uploads\/2026\/01\/Bear-Hops-Golden-Passion-Fruit-Ale-CAN.png","contentUrl":"https:\/\/mlsrfcxkkbzg.i.optimole.com\/cb:JbP2.215d7\/w:auto\/h:auto\/q:mauto\/ig:avif\/https:\/\/thebottleshop.vn\/wp-content\/uploads\/2026\/01\/Bear-Hops-Golden-Passion-Fruit-Ale-CAN.png","width":1080,"height":1080,"caption":"Bear Hops Golden Passion Fruit Ale CAN"},{"@type":"BreadcrumbList","@id":"https:\/\/thebottleshop.vn\/vi\/san-pham\/bear-hops-golden-passion-passionfruit-ale\/#breadcrumb","itemListElement":[{"@type":"ListItem","position":1,"name":"Home","item":"http:\/\/52.77.24.187\/vi\/test-popup-vi\/"},{"@type":"ListItem","position":2,"name":"C\u1eeda h\u00e0ng","item":"http:\/\/52.77.24.187\/vi\/cua-hang\/"},{"@type":"ListItem","position":3,"name":"Bear Hops Golden Passion Passionfruit Ale"}]},{"@type":"WebSite","@id":"http:\/\/52.77.24.187\/#website","url":"http:\/\/52.77.24.187\/","name":"The Bottle Shop","description":"All beers are not created equal","publisher":{"@id":"http:\/\/52.77.24.187\/#organization"},"potentialAction":[{"@type":"SearchAction","target":{"@type":"EntryPoint","urlTemplate":"http:\/\/52.77.24.187\/?s={search_term_string}"},"query-input":{"@type":"PropertyValueSpecification","valueRequired":true,"valueName":"search_term_string"}}],"inLanguage":"vi-VN"},{"@type":"Organization","@id":"http:\/\/52.77.24.187\/#organization","name":"The Bottle Shop","url":"http:\/\/52.77.24.187\/","logo":{"@type":"ImageObject","inLanguage":"vi-VN","@id":"http:\/\/52.77.24.187\/#\/schema\/logo\/image\/","url":"https:\/\/mlsrfcxkkbzg.i.optimole.com\/cb:JbP2.215d7\/w:auto\/h:auto\/q:mauto\/ig:avif\/https:\/\/thebottleshop.vn\/wp-content\/uploads\/2022\/10\/The-Bottle-Shop-Online-Logo.png","contentUrl":"https:\/\/mlsrfcxkkbzg.i.optimole.com\/cb:JbP2.215d7\/w:auto\/h:auto\/q:mauto\/ig:avif\/https:\/\/thebottleshop.vn\/wp-content\/uploads\/2022\/10\/The-Bottle-Shop-Online-Logo.png","width":145,"height":147,"caption":"The Bottle Shop"},"image":{"@id":"http:\/\/52.77.24.187\/#\/schema\/logo\/image\/"},"sameAs":["https:\/\/www.facebook.com\/thebottleshopvietnam","https:\/\/www.instagram.com\/thebottleshop_vietnam\/"]}]}},"_links":{"self":[{"href":"https:\/\/thebottleshop.vn\/vi\/wp-json\/wp\/v2\/product\/22276","targetHints":{"allow":["GET"]}}],"collection":[{"href":"https:\/\/thebottleshop.vn\/vi\/wp-json\/wp\/v2\/product"}],"about":[{"href":"https:\/\/thebottleshop.vn\/vi\/wp-json\/wp\/v2\/types\/product"}],"replies":[{"embeddable":true,"href":"https:\/\/thebottleshop.vn\/vi\/wp-json\/wp\/v2\/comments?post=22276"}],"wp:featuredmedia":[{"embeddable":true,"href":"https:\/\/thebottleshop.vn\/vi\/wp-json\/wp\/v2\/media\/22524"}],"wp:attachment":[{"href":"https:\/\/thebottleshop.vn\/vi\/wp-json\/wp\/v2\/media?parent=22276"}],"wp:term":[{"taxonomy":"product_brand","embeddable":true,"href":"https:\/\/thebottleshop.vn\/vi\/wp-json\/wp\/v2\/product_brand?post=22276"},{"taxonomy":"product_cat","embeddable":true,"href":"https:\/\/thebottleshop.vn\/vi\/wp-json\/wp\/v2\/product_cat?post=22276"},{"taxonomy":"product_tag","embeddable":true,"href":"https:\/\/thebottleshop.vn\/vi\/wp-json\/wp\/v2\/product_tag?post=22276"}],"curies":[{"name":"wp","href":"https:\/\/api.w.org\/{rel}","templated":true}]}}