{"id":22282,"date":"2025-10-24T08:31:37","date_gmt":"2025-10-24T01:31:37","guid":{"rendered":"https:\/\/thebottleshop.vn\/product\/heart-of-darkness-the-shore-citrus-sour\/"},"modified":"2025-10-24T08:36:52","modified_gmt":"2025-10-24T01:36:52","slug":"heart-of-darkness-the-shore-citrus-sour","status":"publish","type":"product","link":"https:\/\/thebottleshop.vn\/vi\/san-pham\/heart-of-darkness-the-shore-citrus-sour\/","title":{"rendered":"Heart of Darkness The Shore Citrus Sour"},"content":{"rendered":"<p>Heart of Darkness The Shore Citrus Sour. T\u01b0\u01a1i ngon, m\u00e1t l\u1ea1nh, d\u00f2ng kettle sour n\u00e0y g\u00e2y \u1ea5n t\u01b0\u1ee3ng m\u1ea1nh b\u1edfi v\u1ecb cam chanh, kim qu\u1ea5t, b\u01b0\u1edfi, t\u1eafc \u00e9p v\u00e0 cam t\u01b0\u01a1i, nh\u01b0 n\u1eafng v\u00e0ng \u0111\u1ed5 d\u00e0i theo b\u1edd bi\u1ec3n. Chu\u1ea3n vibe m\u00f9a h\u00e8!<\/p>\n<p>\u2014\u2013<br \/>\nXem th\u01b0 vi\u1ec7n h\u00ecnh \u1ea3nh \u0111\u1ec3 bi\u1ebft th\u00eam th\u00f4ng tin chi ti\u1ebft v\u1ec1 ngu\u1ed3n g\u1ed1c, th\u00e0nh ph\u1ea7n v\u00e0 h\u01b0\u1edbng d\u1eabn s\u1eed d\u1ee5ng c\u1ee7a s\u1ea3n ph\u1ea9m.<\/p>\n","protected":false},"excerpt":{"rendered":"<p><strong>Nh\u1eb9 nh\u00e0ng, Tr\u00e1i c\u00e2y, V\u1ecb chua 4.8%<\/strong><\/p>\n","protected":false},"featured_media":22165,"comment_status":"open","ping_status":"closed","template":"","meta":{"_acf_changed":false},"product_brand":[],"product_cat":[378,337,340,347,423,351,366,345,377,339,341,352,361,344,369],"product_tag":[],"class_list":{"0":"post-22282","1":"product","2":"type-product","3":"status-publish","4":"has-post-thumbnail","6":"product_cat-00-19","7":"product_cat-bia-va-cider","8":"product_cat-vietnam-hcmc","9":"product_cat-4-5-9","10":"product_cat-100k-149k","11":"product_cat-dong-bia","12":"product_cat-nha-san-xuat","13":"product_cat-abv-vi","14":"product_cat-ibu","15":"product_cat-xuat-xu","16":"product_cat-dong-goi","17":"product_cat-gia","18":"product_cat-sour","19":"product_cat-lon-330-ml","20":"product_cat-heart-of-darkness","22":"first","23":"outofstock","24":"shipping-taxable","25":"purchasable","26":"product-type-simple","27":"add-to-wishlist-before_image"},"acf":[],"yoast_head":"<!-- This site is optimized with the Yoast SEO plugin v27.5 - https:\/\/yoast.com\/product\/yoast-seo-wordpress\/ -->\n<title>Heart of Darkness The Shore Citrus Sour - The Bottle Shop<\/title>\n<meta name=\"description\" content=\"Heart of Darkness The Shore Citrus Sour. T\u01b0\u01a1i ngon, m\u00e1t l\u1ea1nh, d\u00f2ng kettle sour n\u00e0y g\u00e2y \u1ea5n t\u01b0\u1ee3ng m\u1ea1nh b\u1edfi v\u1ecb cam chanh, kim qu\u1ea5t, b\u01b0\u1edfi, t\u1eafc \u00e9p v\u00e0 cam t\u01b0\u01a1i.\" \/>\n<meta name=\"robots\" content=\"index, follow, max-snippet:-1, max-image-preview:large, max-video-preview:-1\" \/>\n<link rel=\"canonical\" href=\"http:\/\/52.77.24.187\/vi\/san-pham\/heart-of-darkness-the-shore-citrus-sour\/\" \/>\n<meta property=\"og:locale\" content=\"vi_VN\" \/>\n<meta property=\"og:type\" content=\"article\" \/>\n<meta property=\"og:title\" content=\"Heart of Darkness The Shore Citrus Sour - The Bottle Shop\" \/>\n<meta property=\"og:description\" content=\"Heart of Darkness The Shore Citrus Sour. T\u01b0\u01a1i ngon, m\u00e1t l\u1ea1nh, d\u00f2ng kettle sour n\u00e0y g\u00e2y \u1ea5n t\u01b0\u1ee3ng m\u1ea1nh b\u1edfi v\u1ecb cam chanh, kim qu\u1ea5t, b\u01b0\u1edfi, t\u1eafc \u00e9p v\u00e0 cam t\u01b0\u01a1i.\" \/>\n<meta property=\"og:url\" content=\"http:\/\/52.77.24.187\/vi\/san-pham\/heart-of-darkness-the-shore-citrus-sour\/\" \/>\n<meta property=\"og:site_name\" content=\"The Bottle Shop\" \/>\n<meta property=\"article:publisher\" content=\"https:\/\/www.facebook.com\/thebottleshopvietnam\" \/>\n<meta property=\"article:modified_time\" content=\"2025-10-24T01:36:52+00:00\" \/>\n<meta property=\"og:image\" content=\"https:\/\/mlsrfcxkkbzg.i.optimole.com\/cb:JbP2.215d7\/w:auto\/h:auto\/q:mauto\/ig:avif\/http:\/\/52.77.24.187\/wp-content\/uploads\/2025\/10\/Heart-of-Darkness-The-Shore-Citrus-Sour.png\" \/>\n\t<meta property=\"og:image:width\" content=\"1080\" \/>\n\t<meta property=\"og:image:height\" content=\"1080\" \/>\n\t<meta property=\"og:image:type\" content=\"image\/png\" \/>\n<meta name=\"twitter:card\" content=\"summary_large_image\" \/>\n<meta name=\"twitter:label1\" content=\"Est. reading time\" \/>\n\t<meta name=\"twitter:data1\" content=\"1 minute\" \/>\n<script type=\"application\/ld+json\" class=\"yoast-schema-graph\">{\"@context\":\"https:\\\/\\\/schema.org\",\"@graph\":[{\"@type\":\"WebPage\",\"@id\":\"http:\\\/\\\/52.77.24.187\\\/vi\\\/san-pham\\\/heart-of-darkness-the-shore-citrus-sour\\\/\",\"url\":\"http:\\\/\\\/52.77.24.187\\\/vi\\\/san-pham\\\/heart-of-darkness-the-shore-citrus-sour\\\/\",\"name\":\"Heart of Darkness The Shore Citrus Sour - The Bottle Shop\",\"isPartOf\":{\"@id\":\"http:\\\/\\\/52.77.24.187\\\/#website\"},\"primaryImageOfPage\":{\"@id\":\"http:\\\/\\\/52.77.24.187\\\/vi\\\/san-pham\\\/heart-of-darkness-the-shore-citrus-sour\\\/#primaryimage\"},\"image\":{\"@id\":\"http:\\\/\\\/52.77.24.187\\\/vi\\\/san-pham\\\/heart-of-darkness-the-shore-citrus-sour\\\/#primaryimage\"},\"thumbnailUrl\":\"https:\\/\\/thebottleshop.vn\\/wp-content\\/uploads\\/2025\\/10\\/Heart-of-Darkness-The-Shore-Citrus-Sour.png\",\"datePublished\":\"2025-10-24T01:31:37+00:00\",\"dateModified\":\"2025-10-24T01:36:52+00:00\",\"description\":\"Heart of Darkness The Shore Citrus Sour. T\u01b0\u01a1i ngon, m\u00e1t l\u1ea1nh, d\u00f2ng kettle sour n\u00e0y g\u00e2y \u1ea5n t\u01b0\u1ee3ng m\u1ea1nh b\u1edfi v\u1ecb cam chanh, kim qu\u1ea5t, b\u01b0\u1edfi, t\u1eafc \u00e9p v\u00e0 cam t\u01b0\u01a1i.\",\"breadcrumb\":{\"@id\":\"http:\\\/\\\/52.77.24.187\\\/vi\\\/san-pham\\\/heart-of-darkness-the-shore-citrus-sour\\\/#breadcrumb\"},\"inLanguage\":\"vi-VN\",\"potentialAction\":[{\"@type\":\"ReadAction\",\"target\":[\"http:\\\/\\\/52.77.24.187\\\/vi\\\/san-pham\\\/heart-of-darkness-the-shore-citrus-sour\\\/\"]}]},{\"@type\":\"ImageObject\",\"inLanguage\":\"vi-VN\",\"@id\":\"http:\\\/\\\/52.77.24.187\\\/vi\\\/san-pham\\\/heart-of-darkness-the-shore-citrus-sour\\\/#primaryimage\",\"url\":\"https:\\/\\/thebottleshop.vn\\/wp-content\\/uploads\\/2025\\/10\\/Heart-of-Darkness-The-Shore-Citrus-Sour.png\",\"contentUrl\":\"https:\\/\\/thebottleshop.vn\\/wp-content\\/uploads\\/2025\\/10\\/Heart-of-Darkness-The-Shore-Citrus-Sour.png\",\"width\":1080,\"height\":1080,\"caption\":\"Heart of Darkness The Shore Citrus Sour\"},{\"@type\":\"BreadcrumbList\",\"@id\":\"http:\\\/\\\/52.77.24.187\\\/vi\\\/san-pham\\\/heart-of-darkness-the-shore-citrus-sour\\\/#breadcrumb\",\"itemListElement\":[{\"@type\":\"ListItem\",\"position\":1,\"name\":\"Home\",\"item\":\"http:\\\/\\\/52.77.24.187\\\/vi\\\/test-popup-vi\\\/\"},{\"@type\":\"ListItem\",\"position\":2,\"name\":\"C\u1eeda h\u00e0ng\",\"item\":\"http:\\\/\\\/52.77.24.187\\\/vi\\\/cua-hang\\\/\"},{\"@type\":\"ListItem\",\"position\":3,\"name\":\"Heart of Darkness The Shore Citrus Sour\"}]},{\"@type\":\"WebSite\",\"@id\":\"http:\\\/\\\/52.77.24.187\\\/#website\",\"url\":\"http:\\\/\\\/52.77.24.187\\\/\",\"name\":\"The Bottle Shop\",\"description\":\"All beers are not created equal\",\"publisher\":{\"@id\":\"http:\\\/\\\/52.77.24.187\\\/#organization\"},\"potentialAction\":[{\"@type\":\"SearchAction\",\"target\":{\"@type\":\"EntryPoint\",\"urlTemplate\":\"http:\\\/\\\/52.77.24.187\\\/?s={search_term_string}\"},\"query-input\":{\"@type\":\"PropertyValueSpecification\",\"valueRequired\":true,\"valueName\":\"search_term_string\"}}],\"inLanguage\":\"vi-VN\"},{\"@type\":\"Organization\",\"@id\":\"http:\\\/\\\/52.77.24.187\\\/#organization\",\"name\":\"The Bottle Shop\",\"url\":\"http:\\\/\\\/52.77.24.187\\\/\",\"logo\":{\"@type\":\"ImageObject\",\"inLanguage\":\"vi-VN\",\"@id\":\"http:\\\/\\\/52.77.24.187\\\/#\\\/schema\\\/logo\\\/image\\\/\",\"url\":\"https:\\/\\/thebottleshop.vn\\/wp-content\\/uploads\\/2022\\/10\\/The-Bottle-Shop-Online-Logo.png\",\"contentUrl\":\"https:\\/\\/thebottleshop.vn\\/wp-content\\/uploads\\/2022\\/10\\/The-Bottle-Shop-Online-Logo.png\",\"width\":145,\"height\":147,\"caption\":\"The Bottle Shop\"},\"image\":{\"@id\":\"http:\\\/\\\/52.77.24.187\\\/#\\\/schema\\\/logo\\\/image\\\/\"},\"sameAs\":[\"https:\\\/\\\/www.facebook.com\\\/thebottleshopvietnam\",\"https:\\\/\\\/www.instagram.com\\\/thebottleshop_vietnam\\\/\"]}]}<\/script>\n<!-- \/ Yoast SEO plugin. -->","yoast_head_json":{"title":"Heart of Darkness The Shore Citrus Sour - The Bottle Shop","description":"Heart of Darkness The Shore Citrus Sour. T\u01b0\u01a1i ngon, m\u00e1t l\u1ea1nh, d\u00f2ng kettle sour n\u00e0y g\u00e2y \u1ea5n t\u01b0\u1ee3ng m\u1ea1nh b\u1edfi v\u1ecb cam chanh, kim qu\u1ea5t, b\u01b0\u1edfi, t\u1eafc \u00e9p v\u00e0 cam t\u01b0\u01a1i.","robots":{"index":"index","follow":"follow","max-snippet":"max-snippet:-1","max-image-preview":"max-image-preview:large","max-video-preview":"max-video-preview:-1"},"canonical":"http:\/\/52.77.24.187\/vi\/san-pham\/heart-of-darkness-the-shore-citrus-sour\/","og_locale":"vi_VN","og_type":"article","og_title":"Heart of Darkness The Shore Citrus Sour - The Bottle Shop","og_description":"Heart of Darkness The Shore Citrus Sour. T\u01b0\u01a1i ngon, m\u00e1t l\u1ea1nh, d\u00f2ng kettle sour n\u00e0y g\u00e2y \u1ea5n t\u01b0\u1ee3ng m\u1ea1nh b\u1edfi v\u1ecb cam chanh, kim qu\u1ea5t, b\u01b0\u1edfi, t\u1eafc \u00e9p v\u00e0 cam t\u01b0\u01a1i.","og_url":"http:\/\/52.77.24.187\/vi\/san-pham\/heart-of-darkness-the-shore-citrus-sour\/","og_site_name":"The Bottle Shop","article_publisher":"https:\/\/www.facebook.com\/thebottleshopvietnam","article_modified_time":"2025-10-24T01:36:52+00:00","og_image":[{"width":1080,"height":1080,"url":"https:\/\/mlsrfcxkkbzg.i.optimole.com\/cb:JbP2.215d7\/w:auto\/h:auto\/q:mauto\/ig:avif\/http:\/\/52.77.24.187\/wp-content\/uploads\/2025\/10\/Heart-of-Darkness-The-Shore-Citrus-Sour.png","type":"image\/png"}],"twitter_card":"summary_large_image","twitter_misc":{"Est. reading time":"1 minute"},"schema":{"@context":"https:\/\/schema.org","@graph":[{"@type":"WebPage","@id":"http:\/\/52.77.24.187\/vi\/san-pham\/heart-of-darkness-the-shore-citrus-sour\/","url":"http:\/\/52.77.24.187\/vi\/san-pham\/heart-of-darkness-the-shore-citrus-sour\/","name":"Heart of Darkness The Shore Citrus Sour - The Bottle Shop","isPartOf":{"@id":"http:\/\/52.77.24.187\/#website"},"primaryImageOfPage":{"@id":"http:\/\/52.77.24.187\/vi\/san-pham\/heart-of-darkness-the-shore-citrus-sour\/#primaryimage"},"image":{"@id":"http:\/\/52.77.24.187\/vi\/san-pham\/heart-of-darkness-the-shore-citrus-sour\/#primaryimage"},"thumbnailUrl":"https:\/\/mlsrfcxkkbzg.i.optimole.com\/cb:JbP2.215d7\/w:auto\/h:auto\/q:mauto\/ig:avif\/https:\/\/thebottleshop.vn\/wp-content\/uploads\/2025\/10\/Heart-of-Darkness-The-Shore-Citrus-Sour.png","datePublished":"2025-10-24T01:31:37+00:00","dateModified":"2025-10-24T01:36:52+00:00","description":"Heart of Darkness The Shore Citrus Sour. T\u01b0\u01a1i ngon, m\u00e1t l\u1ea1nh, d\u00f2ng kettle sour n\u00e0y g\u00e2y \u1ea5n t\u01b0\u1ee3ng m\u1ea1nh b\u1edfi v\u1ecb cam chanh, kim qu\u1ea5t, b\u01b0\u1edfi, t\u1eafc \u00e9p v\u00e0 cam t\u01b0\u01a1i.","breadcrumb":{"@id":"http:\/\/52.77.24.187\/vi\/san-pham\/heart-of-darkness-the-shore-citrus-sour\/#breadcrumb"},"inLanguage":"vi-VN","potentialAction":[{"@type":"ReadAction","target":["http:\/\/52.77.24.187\/vi\/san-pham\/heart-of-darkness-the-shore-citrus-sour\/"]}]},{"@type":"ImageObject","inLanguage":"vi-VN","@id":"http:\/\/52.77.24.187\/vi\/san-pham\/heart-of-darkness-the-shore-citrus-sour\/#primaryimage","url":"https:\/\/mlsrfcxkkbzg.i.optimole.com\/cb:JbP2.215d7\/w:auto\/h:auto\/q:mauto\/ig:avif\/https:\/\/thebottleshop.vn\/wp-content\/uploads\/2025\/10\/Heart-of-Darkness-The-Shore-Citrus-Sour.png","contentUrl":"https:\/\/mlsrfcxkkbzg.i.optimole.com\/cb:JbP2.215d7\/w:auto\/h:auto\/q:mauto\/ig:avif\/https:\/\/thebottleshop.vn\/wp-content\/uploads\/2025\/10\/Heart-of-Darkness-The-Shore-Citrus-Sour.png","width":1080,"height":1080,"caption":"Heart of Darkness The Shore Citrus Sour"},{"@type":"BreadcrumbList","@id":"http:\/\/52.77.24.187\/vi\/san-pham\/heart-of-darkness-the-shore-citrus-sour\/#breadcrumb","itemListElement":[{"@type":"ListItem","position":1,"name":"Home","item":"http:\/\/52.77.24.187\/vi\/test-popup-vi\/"},{"@type":"ListItem","position":2,"name":"C\u1eeda h\u00e0ng","item":"http:\/\/52.77.24.187\/vi\/cua-hang\/"},{"@type":"ListItem","position":3,"name":"Heart of Darkness The Shore Citrus Sour"}]},{"@type":"WebSite","@id":"http:\/\/52.77.24.187\/#website","url":"http:\/\/52.77.24.187\/","name":"The Bottle Shop","description":"All beers are not created equal","publisher":{"@id":"http:\/\/52.77.24.187\/#organization"},"potentialAction":[{"@type":"SearchAction","target":{"@type":"EntryPoint","urlTemplate":"http:\/\/52.77.24.187\/?s={search_term_string}"},"query-input":{"@type":"PropertyValueSpecification","valueRequired":true,"valueName":"search_term_string"}}],"inLanguage":"vi-VN"},{"@type":"Organization","@id":"http:\/\/52.77.24.187\/#organization","name":"The Bottle Shop","url":"http:\/\/52.77.24.187\/","logo":{"@type":"ImageObject","inLanguage":"vi-VN","@id":"http:\/\/52.77.24.187\/#\/schema\/logo\/image\/","url":"https:\/\/mlsrfcxkkbzg.i.optimole.com\/cb:JbP2.215d7\/w:auto\/h:auto\/q:mauto\/ig:avif\/https:\/\/thebottleshop.vn\/wp-content\/uploads\/2022\/10\/The-Bottle-Shop-Online-Logo.png","contentUrl":"https:\/\/mlsrfcxkkbzg.i.optimole.com\/cb:JbP2.215d7\/w:auto\/h:auto\/q:mauto\/ig:avif\/https:\/\/thebottleshop.vn\/wp-content\/uploads\/2022\/10\/The-Bottle-Shop-Online-Logo.png","width":145,"height":147,"caption":"The Bottle Shop"},"image":{"@id":"http:\/\/52.77.24.187\/#\/schema\/logo\/image\/"},"sameAs":["https:\/\/www.facebook.com\/thebottleshopvietnam","https:\/\/www.instagram.com\/thebottleshop_vietnam\/"]}]}},"_links":{"self":[{"href":"https:\/\/thebottleshop.vn\/vi\/wp-json\/wp\/v2\/product\/22282","targetHints":{"allow":["GET"]}}],"collection":[{"href":"https:\/\/thebottleshop.vn\/vi\/wp-json\/wp\/v2\/product"}],"about":[{"href":"https:\/\/thebottleshop.vn\/vi\/wp-json\/wp\/v2\/types\/product"}],"replies":[{"embeddable":true,"href":"https:\/\/thebottleshop.vn\/vi\/wp-json\/wp\/v2\/comments?post=22282"}],"wp:featuredmedia":[{"embeddable":true,"href":"https:\/\/thebottleshop.vn\/vi\/wp-json\/wp\/v2\/media\/22165"}],"wp:attachment":[{"href":"https:\/\/thebottleshop.vn\/vi\/wp-json\/wp\/v2\/media?parent=22282"}],"wp:term":[{"taxonomy":"product_brand","embeddable":true,"href":"https:\/\/thebottleshop.vn\/vi\/wp-json\/wp\/v2\/product_brand?post=22282"},{"taxonomy":"product_cat","embeddable":true,"href":"https:\/\/thebottleshop.vn\/vi\/wp-json\/wp\/v2\/product_cat?post=22282"},{"taxonomy":"product_tag","embeddable":true,"href":"https:\/\/thebottleshop.vn\/vi\/wp-json\/wp\/v2\/product_tag?post=22282"}],"curies":[{"name":"wp","href":"https:\/\/api.w.org\/{rel}","templated":true}]}}