{"id":22403,"date":"2025-12-01T12:58:25","date_gmt":"2025-12-01T05:58:25","guid":{"rendered":"https:\/\/thebottleshop.vn\/product\/sivilai-ohm-pale-ale\/"},"modified":"2025-12-01T13:01:10","modified_gmt":"2025-12-01T06:01:10","slug":"sivilai-ohm-pale-ale","status":"publish","type":"product","link":"https:\/\/thebottleshop.vn\/vi\/san-pham\/sivilai-ohm-pale-ale\/","title":{"rendered":"Sivilai Ohm Pale Ale"},"content":{"rendered":"<p>Sivilai Ohm Pale Ale \u0111\u01b0\u1ee3c \u1ee7 ho\u00e0n to\u00e0n t\u1ef1 nhi\u00ean, k\u1ebft h\u1ee3p gi\u1eefa l\u00faa m\u00ec \u0110\u1ee9c thu\u1ea7n khi\u1ebft v\u00e0 hoa bia M\u1ef9 th\u01a1m l\u1eebng. V\u1ecb bia c\u00e2n b\u1eb1ng, h\u1eadu v\u1ecb \u0111\u1eadm \u0111\u00e0, s\u1ea3ng kho\u00e1i trong t\u1eebng ng\u1ee5m. <\/p>\n<p>\u2014\u2013<br \/>\nXem th\u01b0 vi\u1ec7n h\u00ecnh \u1ea3nh \u0111\u1ec3 bi\u1ebft th\u00eam th\u00f4ng tin chi ti\u1ebft v\u1ec1 ngu\u1ed3n g\u1ed1c, th\u00e0nh ph\u1ea7n v\u00e0 h\u01b0\u1edbng d\u1eabn s\u1eed d\u1ee5ng c\u1ee7a s\u1ea3n ph\u1ea9m.<\/p>\n","protected":false},"excerpt":{"rendered":"<p><strong>Cam quy\u0301t, Tra\u0301i c\u00e2y, Nhi\u00ea\u0323t \u0111\u01a1\u0301i 6%<\/strong><\/p>\n","protected":false},"featured_media":22400,"comment_status":"open","ping_status":"closed","template":"","meta":{"_acf_changed":false},"product_brand":[],"product_cat":[337,340,379,348,354,342,351,366,345,377,339,341,352,358,722],"product_tag":[],"class_list":{"0":"post-22403","1":"product","2":"type-product","3":"status-publish","4":"has-post-thumbnail","6":"product_cat-bia-va-cider","7":"product_cat-vietnam-hcmc","8":"product_cat-20-39","9":"product_cat-6-7-9","10":"product_cat-75k-99k","11":"product_cat-chai-330-ml","12":"product_cat-dong-bia","13":"product_cat-nha-san-xuat","14":"product_cat-abv-vi","15":"product_cat-ibu","16":"product_cat-xuat-xu","17":"product_cat-dong-goi","18":"product_cat-gia","19":"product_cat-pale-ale","20":"product_cat-sivilai","22":"first","23":"instock","24":"shipping-taxable","25":"purchasable","26":"product-type-simple","27":"add-to-wishlist-before_image"},"acf":[],"yoast_head":"<!-- This site is optimized with the Yoast SEO plugin v27.2 - https:\/\/yoast.com\/product\/yoast-seo-wordpress\/ -->\n<title>Sivilai Ohm Pale Ale - The Bottle Shop<\/title>\n<meta name=\"description\" content=\"Sivilai Ohm Pale Ale \u0111\u01b0\u1ee3c \u1ee7 ho\u00e0n to\u00e0n t\u1ef1 nhi\u00ean, k\u1ebft h\u1ee3p gi\u1eefa l\u00faa m\u00ec \u0110\u1ee9c thu\u1ea7n khi\u1ebft v\u00e0 hoa bia M\u1ef9 th\u01a1m l\u1eebng. V\u1ecb bia c\u00e2n b\u1eb1ng, h\u1eadu v\u1ecb \u0111\u1eadm \u0111\u00e0, s\u1ea3ng kho\u00e1i trong t\u1eebng ng\u1ee5m.\" \/>\n<meta name=\"robots\" content=\"index, follow, max-snippet:-1, max-image-preview:large, max-video-preview:-1\" \/>\n<link rel=\"canonical\" href=\"https:\/\/thebottleshop.vn\/vi\/san-pham\/sivilai-ohm-pale-ale\/\" \/>\n<meta property=\"og:locale\" content=\"vi_VN\" \/>\n<meta property=\"og:type\" content=\"article\" \/>\n<meta property=\"og:title\" content=\"Sivilai Ohm Pale Ale - The Bottle Shop\" \/>\n<meta property=\"og:description\" content=\"Sivilai Ohm Pale Ale \u0111\u01b0\u1ee3c \u1ee7 ho\u00e0n to\u00e0n t\u1ef1 nhi\u00ean, k\u1ebft h\u1ee3p gi\u1eefa l\u00faa m\u00ec \u0110\u1ee9c thu\u1ea7n khi\u1ebft v\u00e0 hoa bia M\u1ef9 th\u01a1m l\u1eebng. V\u1ecb bia c\u00e2n b\u1eb1ng, h\u1eadu v\u1ecb \u0111\u1eadm \u0111\u00e0, s\u1ea3ng kho\u00e1i trong t\u1eebng ng\u1ee5m.\" \/>\n<meta property=\"og:url\" content=\"https:\/\/thebottleshop.vn\/vi\/san-pham\/sivilai-ohm-pale-ale\/\" \/>\n<meta property=\"og:site_name\" content=\"The Bottle Shop\" \/>\n<meta property=\"article:publisher\" content=\"https:\/\/www.facebook.com\/thebottleshopvietnam\" \/>\n<meta property=\"article:modified_time\" content=\"2025-12-01T06:01:10+00:00\" \/>\n<meta property=\"og:image\" content=\"https:\/\/mlsrfcxkkbzg.i.optimole.com\/cb:JbP2.215d7\/w:auto\/h:auto\/q:mauto\/ig:avif\/https:\/\/thebottleshop.vn\/wp-content\/uploads\/2025\/12\/Sivilai-Ohm-Pale-Ale.png\" \/>\n\t<meta property=\"og:image:width\" content=\"1080\" \/>\n\t<meta property=\"og:image:height\" content=\"1080\" \/>\n\t<meta property=\"og:image:type\" content=\"image\/png\" \/>\n<meta name=\"twitter:card\" content=\"summary_large_image\" \/>\n<script type=\"application\/ld+json\" class=\"yoast-schema-graph\">{\"@context\":\"https:\/\/schema.org\",\"@graph\":[{\"@type\":\"WebPage\",\"@id\":\"https:\/\/thebottleshop.vn\/vi\/san-pham\/sivilai-ohm-pale-ale\/\",\"url\":\"https:\/\/thebottleshop.vn\/vi\/san-pham\/sivilai-ohm-pale-ale\/\",\"name\":\"Sivilai Ohm Pale Ale - The Bottle Shop\",\"isPartOf\":{\"@id\":\"http:\/\/52.77.24.187\/#website\"},\"primaryImageOfPage\":{\"@id\":\"https:\/\/thebottleshop.vn\/vi\/san-pham\/sivilai-ohm-pale-ale\/#primaryimage\"},\"image\":{\"@id\":\"https:\/\/thebottleshop.vn\/vi\/san-pham\/sivilai-ohm-pale-ale\/#primaryimage\"},\"thumbnailUrl\":\"https:\/\/mlsrfcxkkbzg.i.optimole.com\/cb:JbP2.215d7\/w:auto\/h:auto\/q:mauto\/ig:avif\/https:\/\/thebottleshop.vn\/wp-content\/uploads\/2025\/12\/Sivilai-Ohm-Pale-Ale.png\",\"datePublished\":\"2025-12-01T05:58:25+00:00\",\"dateModified\":\"2025-12-01T06:01:10+00:00\",\"description\":\"Sivilai Ohm Pale Ale \u0111\u01b0\u1ee3c \u1ee7 ho\u00e0n to\u00e0n t\u1ef1 nhi\u00ean, k\u1ebft h\u1ee3p gi\u1eefa l\u00faa m\u00ec \u0110\u1ee9c thu\u1ea7n khi\u1ebft v\u00e0 hoa bia M\u1ef9 th\u01a1m l\u1eebng. V\u1ecb bia c\u00e2n b\u1eb1ng, h\u1eadu v\u1ecb \u0111\u1eadm \u0111\u00e0, s\u1ea3ng kho\u00e1i trong t\u1eebng ng\u1ee5m.\",\"breadcrumb\":{\"@id\":\"https:\/\/thebottleshop.vn\/vi\/san-pham\/sivilai-ohm-pale-ale\/#breadcrumb\"},\"inLanguage\":\"vi-VN\",\"potentialAction\":[{\"@type\":\"ReadAction\",\"target\":[\"https:\/\/thebottleshop.vn\/vi\/san-pham\/sivilai-ohm-pale-ale\/\"]}]},{\"@type\":\"ImageObject\",\"inLanguage\":\"vi-VN\",\"@id\":\"https:\/\/thebottleshop.vn\/vi\/san-pham\/sivilai-ohm-pale-ale\/#primaryimage\",\"url\":\"https:\/\/mlsrfcxkkbzg.i.optimole.com\/cb:JbP2.215d7\/w:auto\/h:auto\/q:mauto\/ig:avif\/https:\/\/thebottleshop.vn\/wp-content\/uploads\/2025\/12\/Sivilai-Ohm-Pale-Ale.png\",\"contentUrl\":\"https:\/\/mlsrfcxkkbzg.i.optimole.com\/cb:JbP2.215d7\/w:auto\/h:auto\/q:mauto\/ig:avif\/https:\/\/thebottleshop.vn\/wp-content\/uploads\/2025\/12\/Sivilai-Ohm-Pale-Ale.png\",\"width\":1080,\"height\":1080,\"caption\":\"Sivilai Ohm Pale Ale\"},{\"@type\":\"BreadcrumbList\",\"@id\":\"https:\/\/thebottleshop.vn\/vi\/san-pham\/sivilai-ohm-pale-ale\/#breadcrumb\",\"itemListElement\":[{\"@type\":\"ListItem\",\"position\":1,\"name\":\"Home\",\"item\":\"http:\/\/52.77.24.187\/vi\/test-popup-vi\/\"},{\"@type\":\"ListItem\",\"position\":2,\"name\":\"C\u1eeda h\u00e0ng\",\"item\":\"http:\/\/52.77.24.187\/vi\/cua-hang\/\"},{\"@type\":\"ListItem\",\"position\":3,\"name\":\"Sivilai Ohm Pale Ale\"}]},{\"@type\":\"WebSite\",\"@id\":\"http:\/\/52.77.24.187\/#website\",\"url\":\"http:\/\/52.77.24.187\/\",\"name\":\"The Bottle Shop\",\"description\":\"All beers are not created equal\",\"publisher\":{\"@id\":\"http:\/\/52.77.24.187\/#organization\"},\"potentialAction\":[{\"@type\":\"SearchAction\",\"target\":{\"@type\":\"EntryPoint\",\"urlTemplate\":\"http:\/\/52.77.24.187\/?s={search_term_string}\"},\"query-input\":{\"@type\":\"PropertyValueSpecification\",\"valueRequired\":true,\"valueName\":\"search_term_string\"}}],\"inLanguage\":\"vi-VN\"},{\"@type\":\"Organization\",\"@id\":\"http:\/\/52.77.24.187\/#organization\",\"name\":\"The Bottle Shop\",\"url\":\"http:\/\/52.77.24.187\/\",\"logo\":{\"@type\":\"ImageObject\",\"inLanguage\":\"vi-VN\",\"@id\":\"http:\/\/52.77.24.187\/#\/schema\/logo\/image\/\",\"url\":\"https:\/\/mlsrfcxkkbzg.i.optimole.com\/cb:JbP2.215d7\/w:auto\/h:auto\/q:mauto\/ig:avif\/https:\/\/thebottleshop.vn\/wp-content\/uploads\/2022\/10\/The-Bottle-Shop-Online-Logo.png\",\"contentUrl\":\"https:\/\/mlsrfcxkkbzg.i.optimole.com\/cb:JbP2.215d7\/w:auto\/h:auto\/q:mauto\/ig:avif\/https:\/\/thebottleshop.vn\/wp-content\/uploads\/2022\/10\/The-Bottle-Shop-Online-Logo.png\",\"width\":145,\"height\":147,\"caption\":\"The Bottle Shop\"},\"image\":{\"@id\":\"http:\/\/52.77.24.187\/#\/schema\/logo\/image\/\"},\"sameAs\":[\"https:\/\/www.facebook.com\/thebottleshopvietnam\",\"https:\/\/www.instagram.com\/thebottleshop_vietnam\/\"]}]}<\/script>\n<!-- \/ Yoast SEO plugin. -->","yoast_head_json":{"title":"Sivilai Ohm Pale Ale - The Bottle Shop","description":"Sivilai Ohm Pale Ale \u0111\u01b0\u1ee3c \u1ee7 ho\u00e0n to\u00e0n t\u1ef1 nhi\u00ean, k\u1ebft h\u1ee3p gi\u1eefa l\u00faa m\u00ec \u0110\u1ee9c thu\u1ea7n khi\u1ebft v\u00e0 hoa bia M\u1ef9 th\u01a1m l\u1eebng. V\u1ecb bia c\u00e2n b\u1eb1ng, h\u1eadu v\u1ecb \u0111\u1eadm \u0111\u00e0, s\u1ea3ng kho\u00e1i trong t\u1eebng ng\u1ee5m.","robots":{"index":"index","follow":"follow","max-snippet":"max-snippet:-1","max-image-preview":"max-image-preview:large","max-video-preview":"max-video-preview:-1"},"canonical":"https:\/\/thebottleshop.vn\/vi\/san-pham\/sivilai-ohm-pale-ale\/","og_locale":"vi_VN","og_type":"article","og_title":"Sivilai Ohm Pale Ale - The Bottle Shop","og_description":"Sivilai Ohm Pale Ale \u0111\u01b0\u1ee3c \u1ee7 ho\u00e0n to\u00e0n t\u1ef1 nhi\u00ean, k\u1ebft h\u1ee3p gi\u1eefa l\u00faa m\u00ec \u0110\u1ee9c thu\u1ea7n khi\u1ebft v\u00e0 hoa bia M\u1ef9 th\u01a1m l\u1eebng. V\u1ecb bia c\u00e2n b\u1eb1ng, h\u1eadu v\u1ecb \u0111\u1eadm \u0111\u00e0, s\u1ea3ng kho\u00e1i trong t\u1eebng ng\u1ee5m.","og_url":"https:\/\/thebottleshop.vn\/vi\/san-pham\/sivilai-ohm-pale-ale\/","og_site_name":"The Bottle Shop","article_publisher":"https:\/\/www.facebook.com\/thebottleshopvietnam","article_modified_time":"2025-12-01T06:01:10+00:00","og_image":[{"width":1080,"height":1080,"url":"https:\/\/mlsrfcxkkbzg.i.optimole.com\/cb:JbP2.215d7\/w:auto\/h:auto\/q:mauto\/ig:avif\/https:\/\/thebottleshop.vn\/wp-content\/uploads\/2025\/12\/Sivilai-Ohm-Pale-Ale.png","type":"image\/png"}],"twitter_card":"summary_large_image","schema":{"@context":"https:\/\/schema.org","@graph":[{"@type":"WebPage","@id":"https:\/\/thebottleshop.vn\/vi\/san-pham\/sivilai-ohm-pale-ale\/","url":"https:\/\/thebottleshop.vn\/vi\/san-pham\/sivilai-ohm-pale-ale\/","name":"Sivilai Ohm Pale Ale - The Bottle Shop","isPartOf":{"@id":"http:\/\/52.77.24.187\/#website"},"primaryImageOfPage":{"@id":"https:\/\/thebottleshop.vn\/vi\/san-pham\/sivilai-ohm-pale-ale\/#primaryimage"},"image":{"@id":"https:\/\/thebottleshop.vn\/vi\/san-pham\/sivilai-ohm-pale-ale\/#primaryimage"},"thumbnailUrl":"https:\/\/mlsrfcxkkbzg.i.optimole.com\/cb:JbP2.215d7\/w:auto\/h:auto\/q:mauto\/ig:avif\/https:\/\/thebottleshop.vn\/wp-content\/uploads\/2025\/12\/Sivilai-Ohm-Pale-Ale.png","datePublished":"2025-12-01T05:58:25+00:00","dateModified":"2025-12-01T06:01:10+00:00","description":"Sivilai Ohm Pale Ale \u0111\u01b0\u1ee3c \u1ee7 ho\u00e0n to\u00e0n t\u1ef1 nhi\u00ean, k\u1ebft h\u1ee3p gi\u1eefa l\u00faa m\u00ec \u0110\u1ee9c thu\u1ea7n khi\u1ebft v\u00e0 hoa bia M\u1ef9 th\u01a1m l\u1eebng. V\u1ecb bia c\u00e2n b\u1eb1ng, h\u1eadu v\u1ecb \u0111\u1eadm \u0111\u00e0, s\u1ea3ng kho\u00e1i trong t\u1eebng ng\u1ee5m.","breadcrumb":{"@id":"https:\/\/thebottleshop.vn\/vi\/san-pham\/sivilai-ohm-pale-ale\/#breadcrumb"},"inLanguage":"vi-VN","potentialAction":[{"@type":"ReadAction","target":["https:\/\/thebottleshop.vn\/vi\/san-pham\/sivilai-ohm-pale-ale\/"]}]},{"@type":"ImageObject","inLanguage":"vi-VN","@id":"https:\/\/thebottleshop.vn\/vi\/san-pham\/sivilai-ohm-pale-ale\/#primaryimage","url":"https:\/\/mlsrfcxkkbzg.i.optimole.com\/cb:JbP2.215d7\/w:auto\/h:auto\/q:mauto\/ig:avif\/https:\/\/thebottleshop.vn\/wp-content\/uploads\/2025\/12\/Sivilai-Ohm-Pale-Ale.png","contentUrl":"https:\/\/mlsrfcxkkbzg.i.optimole.com\/cb:JbP2.215d7\/w:auto\/h:auto\/q:mauto\/ig:avif\/https:\/\/thebottleshop.vn\/wp-content\/uploads\/2025\/12\/Sivilai-Ohm-Pale-Ale.png","width":1080,"height":1080,"caption":"Sivilai Ohm Pale Ale"},{"@type":"BreadcrumbList","@id":"https:\/\/thebottleshop.vn\/vi\/san-pham\/sivilai-ohm-pale-ale\/#breadcrumb","itemListElement":[{"@type":"ListItem","position":1,"name":"Home","item":"http:\/\/52.77.24.187\/vi\/test-popup-vi\/"},{"@type":"ListItem","position":2,"name":"C\u1eeda h\u00e0ng","item":"http:\/\/52.77.24.187\/vi\/cua-hang\/"},{"@type":"ListItem","position":3,"name":"Sivilai Ohm Pale Ale"}]},{"@type":"WebSite","@id":"http:\/\/52.77.24.187\/#website","url":"http:\/\/52.77.24.187\/","name":"The Bottle Shop","description":"All beers are not created equal","publisher":{"@id":"http:\/\/52.77.24.187\/#organization"},"potentialAction":[{"@type":"SearchAction","target":{"@type":"EntryPoint","urlTemplate":"http:\/\/52.77.24.187\/?s={search_term_string}"},"query-input":{"@type":"PropertyValueSpecification","valueRequired":true,"valueName":"search_term_string"}}],"inLanguage":"vi-VN"},{"@type":"Organization","@id":"http:\/\/52.77.24.187\/#organization","name":"The Bottle Shop","url":"http:\/\/52.77.24.187\/","logo":{"@type":"ImageObject","inLanguage":"vi-VN","@id":"http:\/\/52.77.24.187\/#\/schema\/logo\/image\/","url":"https:\/\/mlsrfcxkkbzg.i.optimole.com\/cb:JbP2.215d7\/w:auto\/h:auto\/q:mauto\/ig:avif\/https:\/\/thebottleshop.vn\/wp-content\/uploads\/2022\/10\/The-Bottle-Shop-Online-Logo.png","contentUrl":"https:\/\/mlsrfcxkkbzg.i.optimole.com\/cb:JbP2.215d7\/w:auto\/h:auto\/q:mauto\/ig:avif\/https:\/\/thebottleshop.vn\/wp-content\/uploads\/2022\/10\/The-Bottle-Shop-Online-Logo.png","width":145,"height":147,"caption":"The Bottle Shop"},"image":{"@id":"http:\/\/52.77.24.187\/#\/schema\/logo\/image\/"},"sameAs":["https:\/\/www.facebook.com\/thebottleshopvietnam","https:\/\/www.instagram.com\/thebottleshop_vietnam\/"]}]}},"_links":{"self":[{"href":"https:\/\/thebottleshop.vn\/vi\/wp-json\/wp\/v2\/product\/22403","targetHints":{"allow":["GET"]}}],"collection":[{"href":"https:\/\/thebottleshop.vn\/vi\/wp-json\/wp\/v2\/product"}],"about":[{"href":"https:\/\/thebottleshop.vn\/vi\/wp-json\/wp\/v2\/types\/product"}],"replies":[{"embeddable":true,"href":"https:\/\/thebottleshop.vn\/vi\/wp-json\/wp\/v2\/comments?post=22403"}],"wp:featuredmedia":[{"embeddable":true,"href":"https:\/\/thebottleshop.vn\/vi\/wp-json\/wp\/v2\/media\/22400"}],"wp:attachment":[{"href":"https:\/\/thebottleshop.vn\/vi\/wp-json\/wp\/v2\/media?parent=22403"}],"wp:term":[{"taxonomy":"product_brand","embeddable":true,"href":"https:\/\/thebottleshop.vn\/vi\/wp-json\/wp\/v2\/product_brand?post=22403"},{"taxonomy":"product_cat","embeddable":true,"href":"https:\/\/thebottleshop.vn\/vi\/wp-json\/wp\/v2\/product_cat?post=22403"},{"taxonomy":"product_tag","embeddable":true,"href":"https:\/\/thebottleshop.vn\/vi\/wp-json\/wp\/v2\/product_tag?post=22403"}],"curies":[{"name":"wp","href":"https:\/\/api.w.org\/{rel}","templated":true}]}}