{"id":22405,"date":"2025-12-01T13:06:25","date_gmt":"2025-12-01T06:06:25","guid":{"rendered":"https:\/\/thebottleshop.vn\/product\/sivilai-hooke-wheat-ale\/"},"modified":"2025-12-01T13:09:22","modified_gmt":"2025-12-01T06:09:22","slug":"sivilai-hooke-wheat-ale","status":"publish","type":"product","link":"https:\/\/thebottleshop.vn\/vi\/san-pham\/sivilai-hooke-wheat-ale\/","title":{"rendered":"Sivilai Hooke Wheat Ale"},"content":{"rendered":"<p>Sivilai Hooke Wheat Ale l\u00e0 bia d\u1ecbu nh\u1eb9 v\u1edbi h\u01b0\u01a1ng l\u00faa m\u00ec m\u01b0\u1ee3t m\u00e0 v\u00e0 ch\u00fat cam chanh tho\u1ea3ng qua. V\u1ecb bia m\u1ec1m m\u1ea1i, t\u01b0\u01a1i m\u00e1t, c\u1ef1c k\u1ef3 d\u1ec5 u\u1ed1ng cho nh\u1eefng ng\u00e0y \u0111\u1ea7y n\u1eafng. <\/p>\n<p>\u2014\u2013<br \/>\nXem th\u01b0 vi\u1ec7n h\u00ecnh \u1ea3nh \u0111\u1ec3 bi\u1ebft th\u00eam th\u00f4ng tin chi ti\u1ebft v\u1ec1 ngu\u1ed3n g\u1ed1c, th\u00e0nh ph\u1ea7n v\u00e0 h\u01b0\u1edbng d\u1eabn s\u1eed d\u1ee5ng c\u1ee7a s\u1ea3n ph\u1ea9m.<\/p>\n","protected":false},"excerpt":{"rendered":"<p><strong>L\u00faa m\u00ec, Cam t\u01b0\u01a1i, Ng\u00f2 r\u00ed 4.9%<\/strong><\/p>\n","protected":false},"featured_media":22396,"comment_status":"open","ping_status":"closed","template":"","meta":{"_acf_changed":false},"product_brand":[],"product_cat":[378,337,340,347,354,419,342,351,366,345,377,339,341,352,722],"product_tag":[],"class_list":{"0":"post-22405","1":"product","2":"type-product","3":"status-publish","4":"has-post-thumbnail","6":"product_cat-00-19","7":"product_cat-bia-va-cider","8":"product_cat-vietnam-hcmc","9":"product_cat-4-5-9","10":"product_cat-75k-99k","11":"product_cat-bia-lua-mi","12":"product_cat-chai-330-ml","13":"product_cat-dong-bia","14":"product_cat-nha-san-xuat","15":"product_cat-abv-vi","16":"product_cat-ibu","17":"product_cat-xuat-xu","18":"product_cat-dong-goi","19":"product_cat-gia","20":"product_cat-sivilai","22":"first","23":"instock","24":"shipping-taxable","25":"purchasable","26":"product-type-simple","27":"add-to-wishlist-before_image"},"acf":[],"yoast_head":"<!-- This site is optimized with the Yoast SEO plugin v27.2 - https:\/\/yoast.com\/product\/yoast-seo-wordpress\/ -->\n<title>Sivilai Hooke Wheat Ale - The Bottle Shop<\/title>\n<meta name=\"description\" content=\"Sivilai Hooke Wheat Ale l\u00e0 bia d\u1ecbu nh\u1eb9 v\u1edbi h\u01b0\u01a1ng l\u00faa m\u00ec m\u01b0\u1ee3t m\u00e0 v\u00e0 ch\u00fat cam chanh tho\u1ea3ng qua. V\u1ecb bia m\u1ec1m m\u1ea1i, t\u01b0\u01a1i m\u00e1t, c\u1ef1c k\u1ef3 d\u1ec5 u\u1ed1ng cho nh\u1eefng ng\u00e0y \u0111\u1ea7y n\u1eafng.\" \/>\n<meta name=\"robots\" content=\"index, follow, max-snippet:-1, max-image-preview:large, max-video-preview:-1\" \/>\n<link rel=\"canonical\" href=\"https:\/\/thebottleshop.vn\/vi\/san-pham\/sivilai-hooke-wheat-ale\/\" \/>\n<meta property=\"og:locale\" content=\"vi_VN\" \/>\n<meta property=\"og:type\" content=\"article\" \/>\n<meta property=\"og:title\" content=\"Sivilai Hooke Wheat Ale - The Bottle Shop\" \/>\n<meta property=\"og:description\" content=\"Sivilai Hooke Wheat Ale l\u00e0 bia d\u1ecbu nh\u1eb9 v\u1edbi h\u01b0\u01a1ng l\u00faa m\u00ec m\u01b0\u1ee3t m\u00e0 v\u00e0 ch\u00fat cam chanh tho\u1ea3ng qua. V\u1ecb bia m\u1ec1m m\u1ea1i, t\u01b0\u01a1i m\u00e1t, c\u1ef1c k\u1ef3 d\u1ec5 u\u1ed1ng cho nh\u1eefng ng\u00e0y \u0111\u1ea7y n\u1eafng.\" \/>\n<meta property=\"og:url\" content=\"https:\/\/thebottleshop.vn\/vi\/san-pham\/sivilai-hooke-wheat-ale\/\" \/>\n<meta property=\"og:site_name\" content=\"The Bottle Shop\" \/>\n<meta property=\"article:publisher\" content=\"https:\/\/www.facebook.com\/thebottleshopvietnam\" \/>\n<meta property=\"article:modified_time\" content=\"2025-12-01T06:09:22+00:00\" \/>\n<meta property=\"og:image\" content=\"https:\/\/mlsrfcxkkbzg.i.optimole.com\/cb:JbP2.215d7\/w:auto\/h:auto\/q:mauto\/ig:avif\/https:\/\/thebottleshop.vn\/wp-content\/uploads\/2025\/12\/Sivilai-Hooke-Wheat.png\" \/>\n\t<meta property=\"og:image:width\" content=\"1080\" \/>\n\t<meta property=\"og:image:height\" content=\"1080\" \/>\n\t<meta property=\"og:image:type\" content=\"image\/png\" \/>\n<meta name=\"twitter:card\" content=\"summary_large_image\" \/>\n<script type=\"application\/ld+json\" class=\"yoast-schema-graph\">{\"@context\":\"https:\/\/schema.org\",\"@graph\":[{\"@type\":\"WebPage\",\"@id\":\"https:\/\/thebottleshop.vn\/vi\/san-pham\/sivilai-hooke-wheat-ale\/\",\"url\":\"https:\/\/thebottleshop.vn\/vi\/san-pham\/sivilai-hooke-wheat-ale\/\",\"name\":\"Sivilai Hooke Wheat Ale - The Bottle Shop\",\"isPartOf\":{\"@id\":\"http:\/\/52.77.24.187\/#website\"},\"primaryImageOfPage\":{\"@id\":\"https:\/\/thebottleshop.vn\/vi\/san-pham\/sivilai-hooke-wheat-ale\/#primaryimage\"},\"image\":{\"@id\":\"https:\/\/thebottleshop.vn\/vi\/san-pham\/sivilai-hooke-wheat-ale\/#primaryimage\"},\"thumbnailUrl\":\"https:\/\/mlsrfcxkkbzg.i.optimole.com\/cb:JbP2.215d7\/w:auto\/h:auto\/q:mauto\/ig:avif\/https:\/\/thebottleshop.vn\/wp-content\/uploads\/2025\/12\/Sivilai-Hooke-Wheat.png\",\"datePublished\":\"2025-12-01T06:06:25+00:00\",\"dateModified\":\"2025-12-01T06:09:22+00:00\",\"description\":\"Sivilai Hooke Wheat Ale l\u00e0 bia d\u1ecbu nh\u1eb9 v\u1edbi h\u01b0\u01a1ng l\u00faa m\u00ec m\u01b0\u1ee3t m\u00e0 v\u00e0 ch\u00fat cam chanh tho\u1ea3ng qua. V\u1ecb bia m\u1ec1m m\u1ea1i, t\u01b0\u01a1i m\u00e1t, c\u1ef1c k\u1ef3 d\u1ec5 u\u1ed1ng cho nh\u1eefng ng\u00e0y \u0111\u1ea7y n\u1eafng.\",\"breadcrumb\":{\"@id\":\"https:\/\/thebottleshop.vn\/vi\/san-pham\/sivilai-hooke-wheat-ale\/#breadcrumb\"},\"inLanguage\":\"vi-VN\",\"potentialAction\":[{\"@type\":\"ReadAction\",\"target\":[\"https:\/\/thebottleshop.vn\/vi\/san-pham\/sivilai-hooke-wheat-ale\/\"]}]},{\"@type\":\"ImageObject\",\"inLanguage\":\"vi-VN\",\"@id\":\"https:\/\/thebottleshop.vn\/vi\/san-pham\/sivilai-hooke-wheat-ale\/#primaryimage\",\"url\":\"https:\/\/mlsrfcxkkbzg.i.optimole.com\/cb:JbP2.215d7\/w:auto\/h:auto\/q:mauto\/ig:avif\/https:\/\/thebottleshop.vn\/wp-content\/uploads\/2025\/12\/Sivilai-Hooke-Wheat.png\",\"contentUrl\":\"https:\/\/mlsrfcxkkbzg.i.optimole.com\/cb:JbP2.215d7\/w:auto\/h:auto\/q:mauto\/ig:avif\/https:\/\/thebottleshop.vn\/wp-content\/uploads\/2025\/12\/Sivilai-Hooke-Wheat.png\",\"width\":1080,\"height\":1080,\"caption\":\"Sivilai Hooke Wheat\"},{\"@type\":\"BreadcrumbList\",\"@id\":\"https:\/\/thebottleshop.vn\/vi\/san-pham\/sivilai-hooke-wheat-ale\/#breadcrumb\",\"itemListElement\":[{\"@type\":\"ListItem\",\"position\":1,\"name\":\"Home\",\"item\":\"http:\/\/52.77.24.187\/vi\/test-popup-vi\/\"},{\"@type\":\"ListItem\",\"position\":2,\"name\":\"C\u1eeda h\u00e0ng\",\"item\":\"http:\/\/52.77.24.187\/vi\/cua-hang\/\"},{\"@type\":\"ListItem\",\"position\":3,\"name\":\"Sivilai Hooke Wheat Ale\"}]},{\"@type\":\"WebSite\",\"@id\":\"http:\/\/52.77.24.187\/#website\",\"url\":\"http:\/\/52.77.24.187\/\",\"name\":\"The Bottle Shop\",\"description\":\"All beers are not created equal\",\"publisher\":{\"@id\":\"http:\/\/52.77.24.187\/#organization\"},\"potentialAction\":[{\"@type\":\"SearchAction\",\"target\":{\"@type\":\"EntryPoint\",\"urlTemplate\":\"http:\/\/52.77.24.187\/?s={search_term_string}\"},\"query-input\":{\"@type\":\"PropertyValueSpecification\",\"valueRequired\":true,\"valueName\":\"search_term_string\"}}],\"inLanguage\":\"vi-VN\"},{\"@type\":\"Organization\",\"@id\":\"http:\/\/52.77.24.187\/#organization\",\"name\":\"The Bottle Shop\",\"url\":\"http:\/\/52.77.24.187\/\",\"logo\":{\"@type\":\"ImageObject\",\"inLanguage\":\"vi-VN\",\"@id\":\"http:\/\/52.77.24.187\/#\/schema\/logo\/image\/\",\"url\":\"https:\/\/mlsrfcxkkbzg.i.optimole.com\/cb:JbP2.215d7\/w:auto\/h:auto\/q:mauto\/ig:avif\/https:\/\/thebottleshop.vn\/wp-content\/uploads\/2022\/10\/The-Bottle-Shop-Online-Logo.png\",\"contentUrl\":\"https:\/\/mlsrfcxkkbzg.i.optimole.com\/cb:JbP2.215d7\/w:auto\/h:auto\/q:mauto\/ig:avif\/https:\/\/thebottleshop.vn\/wp-content\/uploads\/2022\/10\/The-Bottle-Shop-Online-Logo.png\",\"width\":145,\"height\":147,\"caption\":\"The Bottle Shop\"},\"image\":{\"@id\":\"http:\/\/52.77.24.187\/#\/schema\/logo\/image\/\"},\"sameAs\":[\"https:\/\/www.facebook.com\/thebottleshopvietnam\",\"https:\/\/www.instagram.com\/thebottleshop_vietnam\/\"]}]}<\/script>\n<!-- \/ Yoast SEO plugin. -->","yoast_head_json":{"title":"Sivilai Hooke Wheat Ale - The Bottle Shop","description":"Sivilai Hooke Wheat Ale l\u00e0 bia d\u1ecbu nh\u1eb9 v\u1edbi h\u01b0\u01a1ng l\u00faa m\u00ec m\u01b0\u1ee3t m\u00e0 v\u00e0 ch\u00fat cam chanh tho\u1ea3ng qua. V\u1ecb bia m\u1ec1m m\u1ea1i, t\u01b0\u01a1i m\u00e1t, c\u1ef1c k\u1ef3 d\u1ec5 u\u1ed1ng cho nh\u1eefng ng\u00e0y \u0111\u1ea7y n\u1eafng.","robots":{"index":"index","follow":"follow","max-snippet":"max-snippet:-1","max-image-preview":"max-image-preview:large","max-video-preview":"max-video-preview:-1"},"canonical":"https:\/\/thebottleshop.vn\/vi\/san-pham\/sivilai-hooke-wheat-ale\/","og_locale":"vi_VN","og_type":"article","og_title":"Sivilai Hooke Wheat Ale - The Bottle Shop","og_description":"Sivilai Hooke Wheat Ale l\u00e0 bia d\u1ecbu nh\u1eb9 v\u1edbi h\u01b0\u01a1ng l\u00faa m\u00ec m\u01b0\u1ee3t m\u00e0 v\u00e0 ch\u00fat cam chanh tho\u1ea3ng qua. V\u1ecb bia m\u1ec1m m\u1ea1i, t\u01b0\u01a1i m\u00e1t, c\u1ef1c k\u1ef3 d\u1ec5 u\u1ed1ng cho nh\u1eefng ng\u00e0y \u0111\u1ea7y n\u1eafng.","og_url":"https:\/\/thebottleshop.vn\/vi\/san-pham\/sivilai-hooke-wheat-ale\/","og_site_name":"The Bottle Shop","article_publisher":"https:\/\/www.facebook.com\/thebottleshopvietnam","article_modified_time":"2025-12-01T06:09:22+00:00","og_image":[{"width":1080,"height":1080,"url":"https:\/\/mlsrfcxkkbzg.i.optimole.com\/cb:JbP2.215d7\/w:auto\/h:auto\/q:mauto\/ig:avif\/https:\/\/thebottleshop.vn\/wp-content\/uploads\/2025\/12\/Sivilai-Hooke-Wheat.png","type":"image\/png"}],"twitter_card":"summary_large_image","schema":{"@context":"https:\/\/schema.org","@graph":[{"@type":"WebPage","@id":"https:\/\/thebottleshop.vn\/vi\/san-pham\/sivilai-hooke-wheat-ale\/","url":"https:\/\/thebottleshop.vn\/vi\/san-pham\/sivilai-hooke-wheat-ale\/","name":"Sivilai Hooke Wheat Ale - The Bottle Shop","isPartOf":{"@id":"http:\/\/52.77.24.187\/#website"},"primaryImageOfPage":{"@id":"https:\/\/thebottleshop.vn\/vi\/san-pham\/sivilai-hooke-wheat-ale\/#primaryimage"},"image":{"@id":"https:\/\/thebottleshop.vn\/vi\/san-pham\/sivilai-hooke-wheat-ale\/#primaryimage"},"thumbnailUrl":"https:\/\/mlsrfcxkkbzg.i.optimole.com\/cb:JbP2.215d7\/w:auto\/h:auto\/q:mauto\/ig:avif\/https:\/\/thebottleshop.vn\/wp-content\/uploads\/2025\/12\/Sivilai-Hooke-Wheat.png","datePublished":"2025-12-01T06:06:25+00:00","dateModified":"2025-12-01T06:09:22+00:00","description":"Sivilai Hooke Wheat Ale l\u00e0 bia d\u1ecbu nh\u1eb9 v\u1edbi h\u01b0\u01a1ng l\u00faa m\u00ec m\u01b0\u1ee3t m\u00e0 v\u00e0 ch\u00fat cam chanh tho\u1ea3ng qua. V\u1ecb bia m\u1ec1m m\u1ea1i, t\u01b0\u01a1i m\u00e1t, c\u1ef1c k\u1ef3 d\u1ec5 u\u1ed1ng cho nh\u1eefng ng\u00e0y \u0111\u1ea7y n\u1eafng.","breadcrumb":{"@id":"https:\/\/thebottleshop.vn\/vi\/san-pham\/sivilai-hooke-wheat-ale\/#breadcrumb"},"inLanguage":"vi-VN","potentialAction":[{"@type":"ReadAction","target":["https:\/\/thebottleshop.vn\/vi\/san-pham\/sivilai-hooke-wheat-ale\/"]}]},{"@type":"ImageObject","inLanguage":"vi-VN","@id":"https:\/\/thebottleshop.vn\/vi\/san-pham\/sivilai-hooke-wheat-ale\/#primaryimage","url":"https:\/\/mlsrfcxkkbzg.i.optimole.com\/cb:JbP2.215d7\/w:auto\/h:auto\/q:mauto\/ig:avif\/https:\/\/thebottleshop.vn\/wp-content\/uploads\/2025\/12\/Sivilai-Hooke-Wheat.png","contentUrl":"https:\/\/mlsrfcxkkbzg.i.optimole.com\/cb:JbP2.215d7\/w:auto\/h:auto\/q:mauto\/ig:avif\/https:\/\/thebottleshop.vn\/wp-content\/uploads\/2025\/12\/Sivilai-Hooke-Wheat.png","width":1080,"height":1080,"caption":"Sivilai Hooke Wheat"},{"@type":"BreadcrumbList","@id":"https:\/\/thebottleshop.vn\/vi\/san-pham\/sivilai-hooke-wheat-ale\/#breadcrumb","itemListElement":[{"@type":"ListItem","position":1,"name":"Home","item":"http:\/\/52.77.24.187\/vi\/test-popup-vi\/"},{"@type":"ListItem","position":2,"name":"C\u1eeda h\u00e0ng","item":"http:\/\/52.77.24.187\/vi\/cua-hang\/"},{"@type":"ListItem","position":3,"name":"Sivilai Hooke Wheat Ale"}]},{"@type":"WebSite","@id":"http:\/\/52.77.24.187\/#website","url":"http:\/\/52.77.24.187\/","name":"The Bottle Shop","description":"All beers are not created equal","publisher":{"@id":"http:\/\/52.77.24.187\/#organization"},"potentialAction":[{"@type":"SearchAction","target":{"@type":"EntryPoint","urlTemplate":"http:\/\/52.77.24.187\/?s={search_term_string}"},"query-input":{"@type":"PropertyValueSpecification","valueRequired":true,"valueName":"search_term_string"}}],"inLanguage":"vi-VN"},{"@type":"Organization","@id":"http:\/\/52.77.24.187\/#organization","name":"The Bottle Shop","url":"http:\/\/52.77.24.187\/","logo":{"@type":"ImageObject","inLanguage":"vi-VN","@id":"http:\/\/52.77.24.187\/#\/schema\/logo\/image\/","url":"https:\/\/mlsrfcxkkbzg.i.optimole.com\/cb:JbP2.215d7\/w:auto\/h:auto\/q:mauto\/ig:avif\/https:\/\/thebottleshop.vn\/wp-content\/uploads\/2022\/10\/The-Bottle-Shop-Online-Logo.png","contentUrl":"https:\/\/mlsrfcxkkbzg.i.optimole.com\/cb:JbP2.215d7\/w:auto\/h:auto\/q:mauto\/ig:avif\/https:\/\/thebottleshop.vn\/wp-content\/uploads\/2022\/10\/The-Bottle-Shop-Online-Logo.png","width":145,"height":147,"caption":"The Bottle Shop"},"image":{"@id":"http:\/\/52.77.24.187\/#\/schema\/logo\/image\/"},"sameAs":["https:\/\/www.facebook.com\/thebottleshopvietnam","https:\/\/www.instagram.com\/thebottleshop_vietnam\/"]}]}},"_links":{"self":[{"href":"https:\/\/thebottleshop.vn\/vi\/wp-json\/wp\/v2\/product\/22405","targetHints":{"allow":["GET"]}}],"collection":[{"href":"https:\/\/thebottleshop.vn\/vi\/wp-json\/wp\/v2\/product"}],"about":[{"href":"https:\/\/thebottleshop.vn\/vi\/wp-json\/wp\/v2\/types\/product"}],"replies":[{"embeddable":true,"href":"https:\/\/thebottleshop.vn\/vi\/wp-json\/wp\/v2\/comments?post=22405"}],"wp:featuredmedia":[{"embeddable":true,"href":"https:\/\/thebottleshop.vn\/vi\/wp-json\/wp\/v2\/media\/22396"}],"wp:attachment":[{"href":"https:\/\/thebottleshop.vn\/vi\/wp-json\/wp\/v2\/media?parent=22405"}],"wp:term":[{"taxonomy":"product_brand","embeddable":true,"href":"https:\/\/thebottleshop.vn\/vi\/wp-json\/wp\/v2\/product_brand?post=22405"},{"taxonomy":"product_cat","embeddable":true,"href":"https:\/\/thebottleshop.vn\/vi\/wp-json\/wp\/v2\/product_cat?post=22405"},{"taxonomy":"product_tag","embeddable":true,"href":"https:\/\/thebottleshop.vn\/vi\/wp-json\/wp\/v2\/product_tag?post=22405"}],"curies":[{"name":"wp","href":"https:\/\/api.w.org\/{rel}","templated":true}]}}