{"id":22442,"date":"2025-12-03T07:33:38","date_gmt":"2025-12-03T00:33:38","guid":{"rendered":"https:\/\/thebottleshop.vn\/product\/5-elements-bohemian-pilsner\/"},"modified":"2025-12-03T07:37:08","modified_gmt":"2025-12-03T00:37:08","slug":"5-elements-bohemian-pilsner","status":"publish","type":"product","link":"https:\/\/thebottleshop.vn\/vi\/san-pham\/5-elements-bohemian-pilsner\/","title":{"rendered":"5 Elements Bohemian Pilsner"},"content":{"rendered":"<p>5 Elements Bohemian Pilsner l\u00e0 <span class=\"Y2IQFc\" lang=\"en\">d\u00f2ng bia Pilsner S\u00e9c gi\u00f2n tan, c\u00e2n b\u1eb1ng ho\u00e0n h\u1ea3o, n\u1ed5i b\u1eadt v\u1edbi h\u01b0\u01a1ng th\u01a1m th\u1ea3o m\u1ed9c c\u1ed5 \u0111i\u1ec3n t\u1eeb hoa bia Saaz tho\u1ea3ng v\u1ecb cay tr\u00ean n\u1ec1n m\u1ea1ch nha, k\u1ebft th\u00fac b\u1eb1ng n\u1ed1t h\u01b0\u01a1ng hoa cam t\u01b0\u01a1i s\u00e1ng. <\/span><\/p>\n<p>\u2014\u2013<br \/>\nXem th\u01b0 vi\u1ec7n h\u00ecnh \u1ea3nh \u0111\u1ec3 bi\u1ebft th\u00eam th\u00f4ng tin chi ti\u1ebft v\u1ec1 ngu\u1ed3n g\u1ed1c, th\u00e0nh ph\u1ea7n v\u00e0 h\u01b0\u1edbng d\u1eabn s\u1eed d\u1ee5ng c\u1ee7a s\u1ea3n ph\u1ea9m.<\/p>\n","protected":false},"excerpt":{"rendered":"<p><strong>Gi\u00f2n tan, Th\u1ea3o m\u1ed9c, M\u1ea1ch nha 4.8%<\/strong><\/p>\n","protected":false},"featured_media":22346,"comment_status":"open","ping_status":"closed","template":"","meta":{"_acf_changed":false},"product_brand":[],"product_cat":[723,337,379,347,391,354,342,351,366,345,377,339,341,352,357],"product_tag":[],"class_list":{"0":"post-22442","1":"product","2":"type-product","3":"status-publish","4":"has-post-thumbnail","6":"product_cat-5-elements","7":"product_cat-bia-va-cider","8":"product_cat-20-39","9":"product_cat-4-5-9","10":"product_cat-vietnam-danang","11":"product_cat-75k-99k","12":"product_cat-chai-330-ml","13":"product_cat-dong-bia","14":"product_cat-nha-san-xuat","15":"product_cat-abv-vi","16":"product_cat-ibu","17":"product_cat-xuat-xu","18":"product_cat-dong-goi","19":"product_cat-gia","20":"product_cat-pilsner","22":"first","23":"outofstock","24":"shipping-taxable","25":"purchasable","26":"product-type-simple","27":"add-to-wishlist-before_image"},"acf":[],"yoast_head":"<!-- This site is optimized with the Yoast SEO plugin v27.2 - https:\/\/yoast.com\/product\/yoast-seo-wordpress\/ -->\n<title>5 Elements Bohemian Pilsner - The Bottle Shop<\/title>\n<meta name=\"description\" content=\"5 Elements Bohemian Pilsner l\u00e0 d\u00f2ng bia Pilsner S\u00e9c gi\u00f2n tan, c\u00e2n b\u1eb1ng ho\u00e0n h\u1ea3o, n\u1ed5i b\u1eadt v\u1edbi h\u01b0\u01a1ng th\u01a1m th\u1ea3o m\u1ed9c c\u1ed5 \u0111i\u1ec3n t\u1eeb hoa bia Saaz.\" \/>\n<meta name=\"robots\" content=\"index, follow, max-snippet:-1, max-image-preview:large, max-video-preview:-1\" \/>\n<link rel=\"canonical\" href=\"https:\/\/thebottleshop.vn\/vi\/san-pham\/5-elements-bohemian-pilsner\/\" \/>\n<meta property=\"og:locale\" content=\"vi_VN\" \/>\n<meta property=\"og:type\" content=\"article\" \/>\n<meta property=\"og:title\" content=\"5 Elements Bohemian Pilsner - The Bottle Shop\" \/>\n<meta property=\"og:description\" content=\"5 Elements Bohemian Pilsner l\u00e0 d\u00f2ng bia Pilsner S\u00e9c gi\u00f2n tan, c\u00e2n b\u1eb1ng ho\u00e0n h\u1ea3o, n\u1ed5i b\u1eadt v\u1edbi h\u01b0\u01a1ng th\u01a1m th\u1ea3o m\u1ed9c c\u1ed5 \u0111i\u1ec3n t\u1eeb hoa bia Saaz.\" \/>\n<meta property=\"og:url\" content=\"https:\/\/thebottleshop.vn\/vi\/san-pham\/5-elements-bohemian-pilsner\/\" \/>\n<meta property=\"og:site_name\" content=\"The Bottle Shop\" \/>\n<meta property=\"article:publisher\" content=\"https:\/\/www.facebook.com\/thebottleshopvietnam\" \/>\n<meta property=\"article:modified_time\" content=\"2025-12-03T00:37:08+00:00\" \/>\n<meta property=\"og:image\" content=\"https:\/\/mlsrfcxkkbzg.i.optimole.com\/cb:JbP2.215d7\/w:auto\/h:auto\/q:mauto\/ig:avif\/https:\/\/thebottleshop.vn\/wp-content\/uploads\/2025\/12\/5-Elements-Hoppiness-Bohemian-Pilsner.png\" \/>\n\t<meta property=\"og:image:width\" content=\"1080\" \/>\n\t<meta property=\"og:image:height\" content=\"1080\" \/>\n\t<meta property=\"og:image:type\" content=\"image\/png\" \/>\n<meta name=\"twitter:card\" content=\"summary_large_image\" \/>\n<meta name=\"twitter:label1\" content=\"Est. reading time\" \/>\n\t<meta name=\"twitter:data1\" content=\"1 minute\" \/>\n<script type=\"application\/ld+json\" class=\"yoast-schema-graph\">{\"@context\":\"https:\/\/schema.org\",\"@graph\":[{\"@type\":\"WebPage\",\"@id\":\"https:\/\/thebottleshop.vn\/vi\/san-pham\/5-elements-bohemian-pilsner\/\",\"url\":\"https:\/\/thebottleshop.vn\/vi\/san-pham\/5-elements-bohemian-pilsner\/\",\"name\":\"5 Elements Bohemian Pilsner - The Bottle Shop\",\"isPartOf\":{\"@id\":\"http:\/\/52.77.24.187\/#website\"},\"primaryImageOfPage\":{\"@id\":\"https:\/\/thebottleshop.vn\/vi\/san-pham\/5-elements-bohemian-pilsner\/#primaryimage\"},\"image\":{\"@id\":\"https:\/\/thebottleshop.vn\/vi\/san-pham\/5-elements-bohemian-pilsner\/#primaryimage\"},\"thumbnailUrl\":\"https:\/\/mlsrfcxkkbzg.i.optimole.com\/cb:JbP2.215d7\/w:auto\/h:auto\/q:mauto\/ig:avif\/https:\/\/thebottleshop.vn\/wp-content\/uploads\/2025\/12\/5-Elements-Hoppiness-Bohemian-Pilsner.png\",\"datePublished\":\"2025-12-03T00:33:38+00:00\",\"dateModified\":\"2025-12-03T00:37:08+00:00\",\"description\":\"5 Elements Bohemian Pilsner l\u00e0 d\u00f2ng bia Pilsner S\u00e9c gi\u00f2n tan, c\u00e2n b\u1eb1ng ho\u00e0n h\u1ea3o, n\u1ed5i b\u1eadt v\u1edbi h\u01b0\u01a1ng th\u01a1m th\u1ea3o m\u1ed9c c\u1ed5 \u0111i\u1ec3n t\u1eeb hoa bia Saaz.\",\"breadcrumb\":{\"@id\":\"https:\/\/thebottleshop.vn\/vi\/san-pham\/5-elements-bohemian-pilsner\/#breadcrumb\"},\"inLanguage\":\"vi-VN\",\"potentialAction\":[{\"@type\":\"ReadAction\",\"target\":[\"https:\/\/thebottleshop.vn\/vi\/san-pham\/5-elements-bohemian-pilsner\/\"]}]},{\"@type\":\"ImageObject\",\"inLanguage\":\"vi-VN\",\"@id\":\"https:\/\/thebottleshop.vn\/vi\/san-pham\/5-elements-bohemian-pilsner\/#primaryimage\",\"url\":\"https:\/\/mlsrfcxkkbzg.i.optimole.com\/cb:JbP2.215d7\/w:auto\/h:auto\/q:mauto\/ig:avif\/https:\/\/thebottleshop.vn\/wp-content\/uploads\/2025\/12\/5-Elements-Hoppiness-Bohemian-Pilsner.png\",\"contentUrl\":\"https:\/\/mlsrfcxkkbzg.i.optimole.com\/cb:JbP2.215d7\/w:auto\/h:auto\/q:mauto\/ig:avif\/https:\/\/thebottleshop.vn\/wp-content\/uploads\/2025\/12\/5-Elements-Hoppiness-Bohemian-Pilsner.png\",\"width\":1080,\"height\":1080,\"caption\":\"5 Elements Hoppiness Bohemian Pilsner\"},{\"@type\":\"BreadcrumbList\",\"@id\":\"https:\/\/thebottleshop.vn\/vi\/san-pham\/5-elements-bohemian-pilsner\/#breadcrumb\",\"itemListElement\":[{\"@type\":\"ListItem\",\"position\":1,\"name\":\"Home\",\"item\":\"http:\/\/52.77.24.187\/vi\/test-popup-vi\/\"},{\"@type\":\"ListItem\",\"position\":2,\"name\":\"C\u1eeda h\u00e0ng\",\"item\":\"http:\/\/52.77.24.187\/vi\/cua-hang\/\"},{\"@type\":\"ListItem\",\"position\":3,\"name\":\"5 Elements Bohemian Pilsner\"}]},{\"@type\":\"WebSite\",\"@id\":\"http:\/\/52.77.24.187\/#website\",\"url\":\"http:\/\/52.77.24.187\/\",\"name\":\"The Bottle Shop\",\"description\":\"All beers are not created equal\",\"publisher\":{\"@id\":\"http:\/\/52.77.24.187\/#organization\"},\"potentialAction\":[{\"@type\":\"SearchAction\",\"target\":{\"@type\":\"EntryPoint\",\"urlTemplate\":\"http:\/\/52.77.24.187\/?s={search_term_string}\"},\"query-input\":{\"@type\":\"PropertyValueSpecification\",\"valueRequired\":true,\"valueName\":\"search_term_string\"}}],\"inLanguage\":\"vi-VN\"},{\"@type\":\"Organization\",\"@id\":\"http:\/\/52.77.24.187\/#organization\",\"name\":\"The Bottle Shop\",\"url\":\"http:\/\/52.77.24.187\/\",\"logo\":{\"@type\":\"ImageObject\",\"inLanguage\":\"vi-VN\",\"@id\":\"http:\/\/52.77.24.187\/#\/schema\/logo\/image\/\",\"url\":\"https:\/\/mlsrfcxkkbzg.i.optimole.com\/cb:JbP2.215d7\/w:auto\/h:auto\/q:mauto\/ig:avif\/https:\/\/thebottleshop.vn\/wp-content\/uploads\/2022\/10\/The-Bottle-Shop-Online-Logo.png\",\"contentUrl\":\"https:\/\/mlsrfcxkkbzg.i.optimole.com\/cb:JbP2.215d7\/w:auto\/h:auto\/q:mauto\/ig:avif\/https:\/\/thebottleshop.vn\/wp-content\/uploads\/2022\/10\/The-Bottle-Shop-Online-Logo.png\",\"width\":145,\"height\":147,\"caption\":\"The Bottle Shop\"},\"image\":{\"@id\":\"http:\/\/52.77.24.187\/#\/schema\/logo\/image\/\"},\"sameAs\":[\"https:\/\/www.facebook.com\/thebottleshopvietnam\",\"https:\/\/www.instagram.com\/thebottleshop_vietnam\/\"]}]}<\/script>\n<!-- \/ Yoast SEO plugin. -->","yoast_head_json":{"title":"5 Elements Bohemian Pilsner - The Bottle Shop","description":"5 Elements Bohemian Pilsner l\u00e0 d\u00f2ng bia Pilsner S\u00e9c gi\u00f2n tan, c\u00e2n b\u1eb1ng ho\u00e0n h\u1ea3o, n\u1ed5i b\u1eadt v\u1edbi h\u01b0\u01a1ng th\u01a1m th\u1ea3o m\u1ed9c c\u1ed5 \u0111i\u1ec3n t\u1eeb hoa bia Saaz.","robots":{"index":"index","follow":"follow","max-snippet":"max-snippet:-1","max-image-preview":"max-image-preview:large","max-video-preview":"max-video-preview:-1"},"canonical":"https:\/\/thebottleshop.vn\/vi\/san-pham\/5-elements-bohemian-pilsner\/","og_locale":"vi_VN","og_type":"article","og_title":"5 Elements Bohemian Pilsner - The Bottle Shop","og_description":"5 Elements Bohemian Pilsner l\u00e0 d\u00f2ng bia Pilsner S\u00e9c gi\u00f2n tan, c\u00e2n b\u1eb1ng ho\u00e0n h\u1ea3o, n\u1ed5i b\u1eadt v\u1edbi h\u01b0\u01a1ng th\u01a1m th\u1ea3o m\u1ed9c c\u1ed5 \u0111i\u1ec3n t\u1eeb hoa bia Saaz.","og_url":"https:\/\/thebottleshop.vn\/vi\/san-pham\/5-elements-bohemian-pilsner\/","og_site_name":"The Bottle Shop","article_publisher":"https:\/\/www.facebook.com\/thebottleshopvietnam","article_modified_time":"2025-12-03T00:37:08+00:00","og_image":[{"width":1080,"height":1080,"url":"https:\/\/mlsrfcxkkbzg.i.optimole.com\/cb:JbP2.215d7\/w:auto\/h:auto\/q:mauto\/ig:avif\/https:\/\/thebottleshop.vn\/wp-content\/uploads\/2025\/12\/5-Elements-Hoppiness-Bohemian-Pilsner.png","type":"image\/png"}],"twitter_card":"summary_large_image","twitter_misc":{"Est. reading time":"1 minute"},"schema":{"@context":"https:\/\/schema.org","@graph":[{"@type":"WebPage","@id":"https:\/\/thebottleshop.vn\/vi\/san-pham\/5-elements-bohemian-pilsner\/","url":"https:\/\/thebottleshop.vn\/vi\/san-pham\/5-elements-bohemian-pilsner\/","name":"5 Elements Bohemian Pilsner - The Bottle Shop","isPartOf":{"@id":"http:\/\/52.77.24.187\/#website"},"primaryImageOfPage":{"@id":"https:\/\/thebottleshop.vn\/vi\/san-pham\/5-elements-bohemian-pilsner\/#primaryimage"},"image":{"@id":"https:\/\/thebottleshop.vn\/vi\/san-pham\/5-elements-bohemian-pilsner\/#primaryimage"},"thumbnailUrl":"https:\/\/mlsrfcxkkbzg.i.optimole.com\/cb:JbP2.215d7\/w:auto\/h:auto\/q:mauto\/ig:avif\/https:\/\/thebottleshop.vn\/wp-content\/uploads\/2025\/12\/5-Elements-Hoppiness-Bohemian-Pilsner.png","datePublished":"2025-12-03T00:33:38+00:00","dateModified":"2025-12-03T00:37:08+00:00","description":"5 Elements Bohemian Pilsner l\u00e0 d\u00f2ng bia Pilsner S\u00e9c gi\u00f2n tan, c\u00e2n b\u1eb1ng ho\u00e0n h\u1ea3o, n\u1ed5i b\u1eadt v\u1edbi h\u01b0\u01a1ng th\u01a1m th\u1ea3o m\u1ed9c c\u1ed5 \u0111i\u1ec3n t\u1eeb hoa bia Saaz.","breadcrumb":{"@id":"https:\/\/thebottleshop.vn\/vi\/san-pham\/5-elements-bohemian-pilsner\/#breadcrumb"},"inLanguage":"vi-VN","potentialAction":[{"@type":"ReadAction","target":["https:\/\/thebottleshop.vn\/vi\/san-pham\/5-elements-bohemian-pilsner\/"]}]},{"@type":"ImageObject","inLanguage":"vi-VN","@id":"https:\/\/thebottleshop.vn\/vi\/san-pham\/5-elements-bohemian-pilsner\/#primaryimage","url":"https:\/\/mlsrfcxkkbzg.i.optimole.com\/cb:JbP2.215d7\/w:auto\/h:auto\/q:mauto\/ig:avif\/https:\/\/thebottleshop.vn\/wp-content\/uploads\/2025\/12\/5-Elements-Hoppiness-Bohemian-Pilsner.png","contentUrl":"https:\/\/mlsrfcxkkbzg.i.optimole.com\/cb:JbP2.215d7\/w:auto\/h:auto\/q:mauto\/ig:avif\/https:\/\/thebottleshop.vn\/wp-content\/uploads\/2025\/12\/5-Elements-Hoppiness-Bohemian-Pilsner.png","width":1080,"height":1080,"caption":"5 Elements Hoppiness Bohemian Pilsner"},{"@type":"BreadcrumbList","@id":"https:\/\/thebottleshop.vn\/vi\/san-pham\/5-elements-bohemian-pilsner\/#breadcrumb","itemListElement":[{"@type":"ListItem","position":1,"name":"Home","item":"http:\/\/52.77.24.187\/vi\/test-popup-vi\/"},{"@type":"ListItem","position":2,"name":"C\u1eeda h\u00e0ng","item":"http:\/\/52.77.24.187\/vi\/cua-hang\/"},{"@type":"ListItem","position":3,"name":"5 Elements Bohemian Pilsner"}]},{"@type":"WebSite","@id":"http:\/\/52.77.24.187\/#website","url":"http:\/\/52.77.24.187\/","name":"The Bottle Shop","description":"All beers are not created equal","publisher":{"@id":"http:\/\/52.77.24.187\/#organization"},"potentialAction":[{"@type":"SearchAction","target":{"@type":"EntryPoint","urlTemplate":"http:\/\/52.77.24.187\/?s={search_term_string}"},"query-input":{"@type":"PropertyValueSpecification","valueRequired":true,"valueName":"search_term_string"}}],"inLanguage":"vi-VN"},{"@type":"Organization","@id":"http:\/\/52.77.24.187\/#organization","name":"The Bottle Shop","url":"http:\/\/52.77.24.187\/","logo":{"@type":"ImageObject","inLanguage":"vi-VN","@id":"http:\/\/52.77.24.187\/#\/schema\/logo\/image\/","url":"https:\/\/mlsrfcxkkbzg.i.optimole.com\/cb:JbP2.215d7\/w:auto\/h:auto\/q:mauto\/ig:avif\/https:\/\/thebottleshop.vn\/wp-content\/uploads\/2022\/10\/The-Bottle-Shop-Online-Logo.png","contentUrl":"https:\/\/mlsrfcxkkbzg.i.optimole.com\/cb:JbP2.215d7\/w:auto\/h:auto\/q:mauto\/ig:avif\/https:\/\/thebottleshop.vn\/wp-content\/uploads\/2022\/10\/The-Bottle-Shop-Online-Logo.png","width":145,"height":147,"caption":"The Bottle Shop"},"image":{"@id":"http:\/\/52.77.24.187\/#\/schema\/logo\/image\/"},"sameAs":["https:\/\/www.facebook.com\/thebottleshopvietnam","https:\/\/www.instagram.com\/thebottleshop_vietnam\/"]}]}},"_links":{"self":[{"href":"https:\/\/thebottleshop.vn\/vi\/wp-json\/wp\/v2\/product\/22442","targetHints":{"allow":["GET"]}}],"collection":[{"href":"https:\/\/thebottleshop.vn\/vi\/wp-json\/wp\/v2\/product"}],"about":[{"href":"https:\/\/thebottleshop.vn\/vi\/wp-json\/wp\/v2\/types\/product"}],"replies":[{"embeddable":true,"href":"https:\/\/thebottleshop.vn\/vi\/wp-json\/wp\/v2\/comments?post=22442"}],"wp:featuredmedia":[{"embeddable":true,"href":"https:\/\/thebottleshop.vn\/vi\/wp-json\/wp\/v2\/media\/22346"}],"wp:attachment":[{"href":"https:\/\/thebottleshop.vn\/vi\/wp-json\/wp\/v2\/media?parent=22442"}],"wp:term":[{"taxonomy":"product_brand","embeddable":true,"href":"https:\/\/thebottleshop.vn\/vi\/wp-json\/wp\/v2\/product_brand?post=22442"},{"taxonomy":"product_cat","embeddable":true,"href":"https:\/\/thebottleshop.vn\/vi\/wp-json\/wp\/v2\/product_cat?post=22442"},{"taxonomy":"product_tag","embeddable":true,"href":"https:\/\/thebottleshop.vn\/vi\/wp-json\/wp\/v2\/product_tag?post=22442"}],"curies":[{"name":"wp","href":"https:\/\/api.w.org\/{rel}","templated":true}]}}