{"id":22458,"date":"2025-12-12T17:01:01","date_gmt":"2025-12-12T10:01:01","guid":{"rendered":"https:\/\/thebottleshop.vn\/product\/5-elements-kim-weizen\/"},"modified":"2025-12-12T17:03:23","modified_gmt":"2025-12-12T10:03:23","slug":"5-elements-kim-weizen","status":"publish","type":"product","link":"https:\/\/thebottleshop.vn\/vi\/san-pham\/5-elements-kim-weizen\/","title":{"rendered":"5 Elements Kim Weizen"},"content":{"rendered":"<p>5 Elements Kim Weizen thanh m\u00e1t, v\u1ecb m\u01b0\u1ee3t m\u00e0 nh\u01b0 m\u1ed9t n\u00e0ng ti\u1ec3u th\u01b0, c\u00f3 m\u00e0u v\u00e0ng \u00f3ng nh\u01b0 r\u01a1m, h\u1eadu m\u01b0\u1ee3t m\u00e0 v\u1ea5n v\u01b0\u01a1ng. D\u00f2ng bia l\u00faa m\u00ec truy\u1ec1n th\u1ed1ng \u0110\u1ee9c l\u00ean men tinh t\u1ebf v\u1edbi l\u00e1 m\u1eafc m\u1eadt t\u01b0\u01a1i c\u00e2n b\u1eb1ng v\u1ecb \u0111\u1eafng c\u1ee7a hoa bia galaxy. <\/p>\n<p>\u2014\u2013<br \/>\nXem th\u01b0 vi\u1ec7n h\u00ecnh \u1ea3nh \u0111\u1ec3 bi\u1ebft th\u00eam th\u00f4ng tin chi ti\u1ebft v\u1ec1 ngu\u1ed3n g\u1ed1c, th\u00e0nh ph\u1ea7n v\u00e0 h\u01b0\u1edbng d\u1eabn s\u1eed d\u1ee5ng c\u1ee7a s\u1ea3n ph\u1ea9m.<\/p>\n","protected":false},"excerpt":{"rendered":"<p><strong>Thanh m\u00e1t, C\u00e2n b\u1eb1ng 4.6%<\/strong><\/p>\n","protected":false},"featured_media":22362,"comment_status":"open","ping_status":"closed","template":"","meta":{"_acf_changed":false},"product_brand":[],"product_cat":[723,378,347,337,354,391,419,351,366,345,377,339,341,352,344],"product_tag":[],"class_list":{"0":"post-22458","1":"product","2":"type-product","3":"status-publish","4":"has-post-thumbnail","6":"product_cat-5-elements","7":"product_cat-00-19","8":"product_cat-4-5-9","9":"product_cat-bia-va-cider","10":"product_cat-75k-99k","11":"product_cat-vietnam-danang","12":"product_cat-bia-lua-mi","13":"product_cat-dong-bia","14":"product_cat-nha-san-xuat","15":"product_cat-abv-vi","16":"product_cat-ibu","17":"product_cat-xuat-xu","18":"product_cat-dong-goi","19":"product_cat-gia","20":"product_cat-lon-330-ml","22":"first","23":"instock","24":"shipping-taxable","25":"purchasable","26":"product-type-simple","27":"add-to-wishlist-before_image"},"acf":[],"yoast_head":"<!-- This site is optimized with the Yoast SEO plugin v27.2 - https:\/\/yoast.com\/product\/yoast-seo-wordpress\/ -->\n<title>5 Elements Kim Weizen - The Bottle Shop<\/title>\n<meta name=\"description\" content=\"5 Elements Kim Weizen thanh m\u00e1t, v\u1ecb m\u01b0\u1ee3t m\u00e0 nh\u01b0 m\u1ed9t n\u00e0ng ti\u1ec3u th\u01b0, c\u00f3 m\u00e0u v\u00e0ng \u00f3ng nh\u01b0 r\u01a1m, h\u1eadu m\u01b0\u1ee3t m\u00e0 v\u1ea5n v\u01b0\u01a1ng.\" \/>\n<meta name=\"robots\" content=\"index, follow, max-snippet:-1, max-image-preview:large, max-video-preview:-1\" \/>\n<link rel=\"canonical\" href=\"https:\/\/thebottleshop.vn\/vi\/san-pham\/5-elements-kim-weizen\/\" \/>\n<meta property=\"og:locale\" content=\"vi_VN\" \/>\n<meta property=\"og:type\" content=\"article\" \/>\n<meta property=\"og:title\" content=\"5 Elements Kim Weizen - The Bottle Shop\" \/>\n<meta property=\"og:description\" content=\"5 Elements Kim Weizen thanh m\u00e1t, v\u1ecb m\u01b0\u1ee3t m\u00e0 nh\u01b0 m\u1ed9t n\u00e0ng ti\u1ec3u th\u01b0, c\u00f3 m\u00e0u v\u00e0ng \u00f3ng nh\u01b0 r\u01a1m, h\u1eadu m\u01b0\u1ee3t m\u00e0 v\u1ea5n v\u01b0\u01a1ng.\" \/>\n<meta property=\"og:url\" content=\"https:\/\/thebottleshop.vn\/vi\/san-pham\/5-elements-kim-weizen\/\" \/>\n<meta property=\"og:site_name\" content=\"The Bottle Shop\" \/>\n<meta property=\"article:publisher\" content=\"https:\/\/www.facebook.com\/thebottleshopvietnam\" \/>\n<meta property=\"article:modified_time\" content=\"2025-12-12T10:03:23+00:00\" \/>\n<meta property=\"og:image\" content=\"https:\/\/mlsrfcxkkbzg.i.optimole.com\/cb:JbP2.215d7\/w:auto\/h:auto\/q:mauto\/ig:avif\/https:\/\/thebottleshop.vn\/wp-content\/uploads\/2025\/12\/5-Elements-Kim-Weizen.png\" \/>\n\t<meta property=\"og:image:width\" content=\"1080\" \/>\n\t<meta property=\"og:image:height\" content=\"1080\" \/>\n\t<meta property=\"og:image:type\" content=\"image\/png\" \/>\n<meta name=\"twitter:card\" content=\"summary_large_image\" \/>\n<meta name=\"twitter:label1\" content=\"Est. reading time\" \/>\n\t<meta name=\"twitter:data1\" content=\"1 minute\" \/>\n<script type=\"application\/ld+json\" class=\"yoast-schema-graph\">{\"@context\":\"https:\/\/schema.org\",\"@graph\":[{\"@type\":\"WebPage\",\"@id\":\"https:\/\/thebottleshop.vn\/vi\/san-pham\/5-elements-kim-weizen\/\",\"url\":\"https:\/\/thebottleshop.vn\/vi\/san-pham\/5-elements-kim-weizen\/\",\"name\":\"5 Elements Kim Weizen - The Bottle Shop\",\"isPartOf\":{\"@id\":\"http:\/\/52.77.24.187\/#website\"},\"primaryImageOfPage\":{\"@id\":\"https:\/\/thebottleshop.vn\/vi\/san-pham\/5-elements-kim-weizen\/#primaryimage\"},\"image\":{\"@id\":\"https:\/\/thebottleshop.vn\/vi\/san-pham\/5-elements-kim-weizen\/#primaryimage\"},\"thumbnailUrl\":\"https:\/\/mlsrfcxkkbzg.i.optimole.com\/cb:JbP2.215d7\/w:auto\/h:auto\/q:mauto\/ig:avif\/https:\/\/thebottleshop.vn\/wp-content\/uploads\/2025\/12\/5-Elements-Kim-Weizen.png\",\"datePublished\":\"2025-12-12T10:01:01+00:00\",\"dateModified\":\"2025-12-12T10:03:23+00:00\",\"description\":\"5 Elements Kim Weizen thanh m\u00e1t, v\u1ecb m\u01b0\u1ee3t m\u00e0 nh\u01b0 m\u1ed9t n\u00e0ng ti\u1ec3u th\u01b0, c\u00f3 m\u00e0u v\u00e0ng \u00f3ng nh\u01b0 r\u01a1m, h\u1eadu m\u01b0\u1ee3t m\u00e0 v\u1ea5n v\u01b0\u01a1ng.\",\"breadcrumb\":{\"@id\":\"https:\/\/thebottleshop.vn\/vi\/san-pham\/5-elements-kim-weizen\/#breadcrumb\"},\"inLanguage\":\"vi-VN\",\"potentialAction\":[{\"@type\":\"ReadAction\",\"target\":[\"https:\/\/thebottleshop.vn\/vi\/san-pham\/5-elements-kim-weizen\/\"]}]},{\"@type\":\"ImageObject\",\"inLanguage\":\"vi-VN\",\"@id\":\"https:\/\/thebottleshop.vn\/vi\/san-pham\/5-elements-kim-weizen\/#primaryimage\",\"url\":\"https:\/\/mlsrfcxkkbzg.i.optimole.com\/cb:JbP2.215d7\/w:auto\/h:auto\/q:mauto\/ig:avif\/https:\/\/thebottleshop.vn\/wp-content\/uploads\/2025\/12\/5-Elements-Kim-Weizen.png\",\"contentUrl\":\"https:\/\/mlsrfcxkkbzg.i.optimole.com\/cb:JbP2.215d7\/w:auto\/h:auto\/q:mauto\/ig:avif\/https:\/\/thebottleshop.vn\/wp-content\/uploads\/2025\/12\/5-Elements-Kim-Weizen.png\",\"width\":1080,\"height\":1080,\"caption\":\"5 Elements Kim Weizen\"},{\"@type\":\"BreadcrumbList\",\"@id\":\"https:\/\/thebottleshop.vn\/vi\/san-pham\/5-elements-kim-weizen\/#breadcrumb\",\"itemListElement\":[{\"@type\":\"ListItem\",\"position\":1,\"name\":\"Home\",\"item\":\"http:\/\/52.77.24.187\/vi\/test-popup-vi\/\"},{\"@type\":\"ListItem\",\"position\":2,\"name\":\"C\u1eeda h\u00e0ng\",\"item\":\"http:\/\/52.77.24.187\/vi\/cua-hang\/\"},{\"@type\":\"ListItem\",\"position\":3,\"name\":\"5 Elements Kim Weizen\"}]},{\"@type\":\"WebSite\",\"@id\":\"http:\/\/52.77.24.187\/#website\",\"url\":\"http:\/\/52.77.24.187\/\",\"name\":\"The Bottle Shop\",\"description\":\"All beers are not created equal\",\"publisher\":{\"@id\":\"http:\/\/52.77.24.187\/#organization\"},\"potentialAction\":[{\"@type\":\"SearchAction\",\"target\":{\"@type\":\"EntryPoint\",\"urlTemplate\":\"http:\/\/52.77.24.187\/?s={search_term_string}\"},\"query-input\":{\"@type\":\"PropertyValueSpecification\",\"valueRequired\":true,\"valueName\":\"search_term_string\"}}],\"inLanguage\":\"vi-VN\"},{\"@type\":\"Organization\",\"@id\":\"http:\/\/52.77.24.187\/#organization\",\"name\":\"The Bottle Shop\",\"url\":\"http:\/\/52.77.24.187\/\",\"logo\":{\"@type\":\"ImageObject\",\"inLanguage\":\"vi-VN\",\"@id\":\"http:\/\/52.77.24.187\/#\/schema\/logo\/image\/\",\"url\":\"https:\/\/mlsrfcxkkbzg.i.optimole.com\/cb:JbP2.215d7\/w:auto\/h:auto\/q:mauto\/ig:avif\/https:\/\/thebottleshop.vn\/wp-content\/uploads\/2022\/10\/The-Bottle-Shop-Online-Logo.png\",\"contentUrl\":\"https:\/\/mlsrfcxkkbzg.i.optimole.com\/cb:JbP2.215d7\/w:auto\/h:auto\/q:mauto\/ig:avif\/https:\/\/thebottleshop.vn\/wp-content\/uploads\/2022\/10\/The-Bottle-Shop-Online-Logo.png\",\"width\":145,\"height\":147,\"caption\":\"The Bottle Shop\"},\"image\":{\"@id\":\"http:\/\/52.77.24.187\/#\/schema\/logo\/image\/\"},\"sameAs\":[\"https:\/\/www.facebook.com\/thebottleshopvietnam\",\"https:\/\/www.instagram.com\/thebottleshop_vietnam\/\"]}]}<\/script>\n<!-- \/ Yoast SEO plugin. -->","yoast_head_json":{"title":"5 Elements Kim Weizen - The Bottle Shop","description":"5 Elements Kim Weizen thanh m\u00e1t, v\u1ecb m\u01b0\u1ee3t m\u00e0 nh\u01b0 m\u1ed9t n\u00e0ng ti\u1ec3u th\u01b0, c\u00f3 m\u00e0u v\u00e0ng \u00f3ng nh\u01b0 r\u01a1m, h\u1eadu m\u01b0\u1ee3t m\u00e0 v\u1ea5n v\u01b0\u01a1ng.","robots":{"index":"index","follow":"follow","max-snippet":"max-snippet:-1","max-image-preview":"max-image-preview:large","max-video-preview":"max-video-preview:-1"},"canonical":"https:\/\/thebottleshop.vn\/vi\/san-pham\/5-elements-kim-weizen\/","og_locale":"vi_VN","og_type":"article","og_title":"5 Elements Kim Weizen - The Bottle Shop","og_description":"5 Elements Kim Weizen thanh m\u00e1t, v\u1ecb m\u01b0\u1ee3t m\u00e0 nh\u01b0 m\u1ed9t n\u00e0ng ti\u1ec3u th\u01b0, c\u00f3 m\u00e0u v\u00e0ng \u00f3ng nh\u01b0 r\u01a1m, h\u1eadu m\u01b0\u1ee3t m\u00e0 v\u1ea5n v\u01b0\u01a1ng.","og_url":"https:\/\/thebottleshop.vn\/vi\/san-pham\/5-elements-kim-weizen\/","og_site_name":"The Bottle Shop","article_publisher":"https:\/\/www.facebook.com\/thebottleshopvietnam","article_modified_time":"2025-12-12T10:03:23+00:00","og_image":[{"width":1080,"height":1080,"url":"https:\/\/mlsrfcxkkbzg.i.optimole.com\/cb:JbP2.215d7\/w:auto\/h:auto\/q:mauto\/ig:avif\/https:\/\/thebottleshop.vn\/wp-content\/uploads\/2025\/12\/5-Elements-Kim-Weizen.png","type":"image\/png"}],"twitter_card":"summary_large_image","twitter_misc":{"Est. reading time":"1 minute"},"schema":{"@context":"https:\/\/schema.org","@graph":[{"@type":"WebPage","@id":"https:\/\/thebottleshop.vn\/vi\/san-pham\/5-elements-kim-weizen\/","url":"https:\/\/thebottleshop.vn\/vi\/san-pham\/5-elements-kim-weizen\/","name":"5 Elements Kim Weizen - The Bottle Shop","isPartOf":{"@id":"http:\/\/52.77.24.187\/#website"},"primaryImageOfPage":{"@id":"https:\/\/thebottleshop.vn\/vi\/san-pham\/5-elements-kim-weizen\/#primaryimage"},"image":{"@id":"https:\/\/thebottleshop.vn\/vi\/san-pham\/5-elements-kim-weizen\/#primaryimage"},"thumbnailUrl":"https:\/\/mlsrfcxkkbzg.i.optimole.com\/cb:JbP2.215d7\/w:auto\/h:auto\/q:mauto\/ig:avif\/https:\/\/thebottleshop.vn\/wp-content\/uploads\/2025\/12\/5-Elements-Kim-Weizen.png","datePublished":"2025-12-12T10:01:01+00:00","dateModified":"2025-12-12T10:03:23+00:00","description":"5 Elements Kim Weizen thanh m\u00e1t, v\u1ecb m\u01b0\u1ee3t m\u00e0 nh\u01b0 m\u1ed9t n\u00e0ng ti\u1ec3u th\u01b0, c\u00f3 m\u00e0u v\u00e0ng \u00f3ng nh\u01b0 r\u01a1m, h\u1eadu m\u01b0\u1ee3t m\u00e0 v\u1ea5n v\u01b0\u01a1ng.","breadcrumb":{"@id":"https:\/\/thebottleshop.vn\/vi\/san-pham\/5-elements-kim-weizen\/#breadcrumb"},"inLanguage":"vi-VN","potentialAction":[{"@type":"ReadAction","target":["https:\/\/thebottleshop.vn\/vi\/san-pham\/5-elements-kim-weizen\/"]}]},{"@type":"ImageObject","inLanguage":"vi-VN","@id":"https:\/\/thebottleshop.vn\/vi\/san-pham\/5-elements-kim-weizen\/#primaryimage","url":"https:\/\/mlsrfcxkkbzg.i.optimole.com\/cb:JbP2.215d7\/w:auto\/h:auto\/q:mauto\/ig:avif\/https:\/\/thebottleshop.vn\/wp-content\/uploads\/2025\/12\/5-Elements-Kim-Weizen.png","contentUrl":"https:\/\/mlsrfcxkkbzg.i.optimole.com\/cb:JbP2.215d7\/w:auto\/h:auto\/q:mauto\/ig:avif\/https:\/\/thebottleshop.vn\/wp-content\/uploads\/2025\/12\/5-Elements-Kim-Weizen.png","width":1080,"height":1080,"caption":"5 Elements Kim Weizen"},{"@type":"BreadcrumbList","@id":"https:\/\/thebottleshop.vn\/vi\/san-pham\/5-elements-kim-weizen\/#breadcrumb","itemListElement":[{"@type":"ListItem","position":1,"name":"Home","item":"http:\/\/52.77.24.187\/vi\/test-popup-vi\/"},{"@type":"ListItem","position":2,"name":"C\u1eeda h\u00e0ng","item":"http:\/\/52.77.24.187\/vi\/cua-hang\/"},{"@type":"ListItem","position":3,"name":"5 Elements Kim Weizen"}]},{"@type":"WebSite","@id":"http:\/\/52.77.24.187\/#website","url":"http:\/\/52.77.24.187\/","name":"The Bottle Shop","description":"All beers are not created equal","publisher":{"@id":"http:\/\/52.77.24.187\/#organization"},"potentialAction":[{"@type":"SearchAction","target":{"@type":"EntryPoint","urlTemplate":"http:\/\/52.77.24.187\/?s={search_term_string}"},"query-input":{"@type":"PropertyValueSpecification","valueRequired":true,"valueName":"search_term_string"}}],"inLanguage":"vi-VN"},{"@type":"Organization","@id":"http:\/\/52.77.24.187\/#organization","name":"The Bottle Shop","url":"http:\/\/52.77.24.187\/","logo":{"@type":"ImageObject","inLanguage":"vi-VN","@id":"http:\/\/52.77.24.187\/#\/schema\/logo\/image\/","url":"https:\/\/mlsrfcxkkbzg.i.optimole.com\/cb:JbP2.215d7\/w:auto\/h:auto\/q:mauto\/ig:avif\/https:\/\/thebottleshop.vn\/wp-content\/uploads\/2022\/10\/The-Bottle-Shop-Online-Logo.png","contentUrl":"https:\/\/mlsrfcxkkbzg.i.optimole.com\/cb:JbP2.215d7\/w:auto\/h:auto\/q:mauto\/ig:avif\/https:\/\/thebottleshop.vn\/wp-content\/uploads\/2022\/10\/The-Bottle-Shop-Online-Logo.png","width":145,"height":147,"caption":"The Bottle Shop"},"image":{"@id":"http:\/\/52.77.24.187\/#\/schema\/logo\/image\/"},"sameAs":["https:\/\/www.facebook.com\/thebottleshopvietnam","https:\/\/www.instagram.com\/thebottleshop_vietnam\/"]}]}},"_links":{"self":[{"href":"https:\/\/thebottleshop.vn\/vi\/wp-json\/wp\/v2\/product\/22458","targetHints":{"allow":["GET"]}}],"collection":[{"href":"https:\/\/thebottleshop.vn\/vi\/wp-json\/wp\/v2\/product"}],"about":[{"href":"https:\/\/thebottleshop.vn\/vi\/wp-json\/wp\/v2\/types\/product"}],"replies":[{"embeddable":true,"href":"https:\/\/thebottleshop.vn\/vi\/wp-json\/wp\/v2\/comments?post=22458"}],"wp:featuredmedia":[{"embeddable":true,"href":"https:\/\/thebottleshop.vn\/vi\/wp-json\/wp\/v2\/media\/22362"}],"wp:attachment":[{"href":"https:\/\/thebottleshop.vn\/vi\/wp-json\/wp\/v2\/media?parent=22458"}],"wp:term":[{"taxonomy":"product_brand","embeddable":true,"href":"https:\/\/thebottleshop.vn\/vi\/wp-json\/wp\/v2\/product_brand?post=22458"},{"taxonomy":"product_cat","embeddable":true,"href":"https:\/\/thebottleshop.vn\/vi\/wp-json\/wp\/v2\/product_cat?post=22458"},{"taxonomy":"product_tag","embeddable":true,"href":"https:\/\/thebottleshop.vn\/vi\/wp-json\/wp\/v2\/product_tag?post=22458"}],"curies":[{"name":"wp","href":"https:\/\/api.w.org\/{rel}","templated":true}]}}