{"id":22488,"date":"2025-12-15T21:21:52","date_gmt":"2025-12-15T14:21:52","guid":{"rendered":"https:\/\/thebottleshop.vn\/product\/5-elements-tho-black-forest-ale\/"},"modified":"2025-12-15T21:26:03","modified_gmt":"2025-12-15T14:26:03","slug":"5-elements-tho-black-forest-ale","status":"publish","type":"product","link":"https:\/\/thebottleshop.vn\/vi\/san-pham\/5-elements-tho-black-forest-ale\/","title":{"rendered":"5 Elements Th\u1ed5 Black Forest Ale"},"content":{"rendered":"<p>5 Elements Th\u1ed5 v\u1eefng ch\u00e3i, \u0111en \u0111\u1eadm, \u0111\u1ea7y \u0111\u1eb7n, \u0111\u1eafng ng\u00e2n nga th\u01a1m ng\u1eady \u0111\u1ee7 \u0111\u1ec3 \u0111\u00e1nh th\u1ee9c c\u1ea3 ng\u0169 quan. S\u1eed d\u1ee5ng t\u1edbi 4 lo\u1ea1i malt, k\u1ebft h\u1ee3p tinh t\u1ebf v\u1edbi n\u1ea5m h\u01b0\u01a1ng (shiitake) t\u1eeb v\u00f9ng T\u00e2y B\u1eafc. V\u1edbi l\u01b0\u1ee3ng protein d\u1ed3i d\u00e0o, cho l\u1edbp b\u1ecdt tr\u1eafng m\u1ecbn bao ph\u1ee7 tr\u00ean b\u1ec1 m\u1eb7t ly bia, tinh t\u1ebf ki\u1ec3u Anh.  <\/p>\n<p>\u2014\u2013<br \/>\nXem th\u01b0 vi\u1ec7n h\u00ecnh \u1ea3nh \u0111\u1ec3 bi\u1ebft th\u00eam th\u00f4ng tin chi ti\u1ebft v\u1ec1 ngu\u1ed3n g\u1ed1c, th\u00e0nh ph\u1ea7n v\u00e0 h\u01b0\u1edbng d\u1eabn s\u1eed d\u1ee5ng c\u1ee7a s\u1ea3n ph\u1ea9m.<\/p>\n","protected":false},"excerpt":{"rendered":"<p><strong>Tinh t\u1ebf, V\u1ecb rang, Umami 4.9%<\/strong><\/p>\n","protected":false},"featured_media":22372,"comment_status":"open","ping_status":"closed","template":"","meta":{"_acf_changed":false},"product_brand":[],"product_cat":[378,723,337,347,391,354,351,366,345,377,339,341,352,360,344],"product_tag":[],"class_list":{"0":"post-22488","1":"product","2":"type-product","3":"status-publish","4":"has-post-thumbnail","6":"product_cat-00-19","7":"product_cat-5-elements","8":"product_cat-bia-va-cider","9":"product_cat-4-5-9","10":"product_cat-vietnam-danang","11":"product_cat-75k-99k","12":"product_cat-dong-bia","13":"product_cat-nha-san-xuat","14":"product_cat-abv-vi","15":"product_cat-ibu","16":"product_cat-xuat-xu","17":"product_cat-dong-goi","18":"product_cat-gia","19":"product_cat-stout-porter","20":"product_cat-lon-330-ml","22":"first","23":"instock","24":"shipping-taxable","25":"purchasable","26":"product-type-simple","27":"add-to-wishlist-before_image"},"acf":[],"yoast_head":"<!-- This site is optimized with the Yoast SEO plugin v27.2 - https:\/\/yoast.com\/product\/yoast-seo-wordpress\/ -->\n<title>5 Elements Th\u1ed5 Black Forest Ale - The Bottle Shop<\/title>\n<meta name=\"description\" content=\"5 Elements Th\u1ed5 v\u1eefng ch\u00e3i, \u0111en \u0111\u1eadm, \u0111\u1ea7y \u0111\u1eb7n, \u0111\u1eafng ng\u00e2n nga th\u01a1m ng\u1eady \u0111\u1ee7 \u0111\u1ec3 \u0111\u00e1nh th\u1ee9c c\u1ea3 ng\u0169 quan.\" \/>\n<meta name=\"robots\" content=\"index, follow, max-snippet:-1, max-image-preview:large, max-video-preview:-1\" \/>\n<link rel=\"canonical\" href=\"https:\/\/thebottleshop.vn\/vi\/san-pham\/5-elements-tho-black-forest-ale\/\" \/>\n<meta property=\"og:locale\" content=\"vi_VN\" \/>\n<meta property=\"og:type\" content=\"article\" \/>\n<meta property=\"og:title\" content=\"5 Elements Th\u1ed5 Black Forest Ale - The Bottle Shop\" \/>\n<meta property=\"og:description\" content=\"5 Elements Th\u1ed5 v\u1eefng ch\u00e3i, \u0111en \u0111\u1eadm, \u0111\u1ea7y \u0111\u1eb7n, \u0111\u1eafng ng\u00e2n nga th\u01a1m ng\u1eady \u0111\u1ee7 \u0111\u1ec3 \u0111\u00e1nh th\u1ee9c c\u1ea3 ng\u0169 quan.\" \/>\n<meta property=\"og:url\" content=\"https:\/\/thebottleshop.vn\/vi\/san-pham\/5-elements-tho-black-forest-ale\/\" \/>\n<meta property=\"og:site_name\" content=\"The Bottle Shop\" \/>\n<meta property=\"article:publisher\" content=\"https:\/\/www.facebook.com\/thebottleshopvietnam\" \/>\n<meta property=\"article:modified_time\" content=\"2025-12-15T14:26:03+00:00\" \/>\n<meta property=\"og:image\" content=\"https:\/\/mlsrfcxkkbzg.i.optimole.com\/cb:JbP2.215d7\/w:auto\/h:auto\/q:mauto\/ig:avif\/https:\/\/thebottleshop.vn\/wp-content\/uploads\/2025\/12\/5-Elements-Tho-Black-Forest-Ale.png\" \/>\n\t<meta property=\"og:image:width\" content=\"1080\" \/>\n\t<meta property=\"og:image:height\" content=\"1080\" \/>\n\t<meta property=\"og:image:type\" content=\"image\/png\" \/>\n<meta name=\"twitter:card\" content=\"summary_large_image\" \/>\n<meta name=\"twitter:label1\" content=\"Est. reading time\" \/>\n\t<meta name=\"twitter:data1\" content=\"1 minute\" \/>\n<script type=\"application\/ld+json\" class=\"yoast-schema-graph\">{\"@context\":\"https:\/\/schema.org\",\"@graph\":[{\"@type\":\"WebPage\",\"@id\":\"https:\/\/thebottleshop.vn\/vi\/san-pham\/5-elements-tho-black-forest-ale\/\",\"url\":\"https:\/\/thebottleshop.vn\/vi\/san-pham\/5-elements-tho-black-forest-ale\/\",\"name\":\"5 Elements Th\u1ed5 Black Forest Ale - The Bottle Shop\",\"isPartOf\":{\"@id\":\"http:\/\/52.77.24.187\/#website\"},\"primaryImageOfPage\":{\"@id\":\"https:\/\/thebottleshop.vn\/vi\/san-pham\/5-elements-tho-black-forest-ale\/#primaryimage\"},\"image\":{\"@id\":\"https:\/\/thebottleshop.vn\/vi\/san-pham\/5-elements-tho-black-forest-ale\/#primaryimage\"},\"thumbnailUrl\":\"https:\/\/mlsrfcxkkbzg.i.optimole.com\/cb:JbP2.215d7\/w:auto\/h:auto\/q:mauto\/ig:avif\/https:\/\/thebottleshop.vn\/wp-content\/uploads\/2025\/12\/5-Elements-Tho-Black-Forest-Ale.png\",\"datePublished\":\"2025-12-15T14:21:52+00:00\",\"dateModified\":\"2025-12-15T14:26:03+00:00\",\"description\":\"5 Elements Th\u1ed5 v\u1eefng ch\u00e3i, \u0111en \u0111\u1eadm, \u0111\u1ea7y \u0111\u1eb7n, \u0111\u1eafng ng\u00e2n nga th\u01a1m ng\u1eady \u0111\u1ee7 \u0111\u1ec3 \u0111\u00e1nh th\u1ee9c c\u1ea3 ng\u0169 quan.\",\"breadcrumb\":{\"@id\":\"https:\/\/thebottleshop.vn\/vi\/san-pham\/5-elements-tho-black-forest-ale\/#breadcrumb\"},\"inLanguage\":\"vi-VN\",\"potentialAction\":[{\"@type\":\"ReadAction\",\"target\":[\"https:\/\/thebottleshop.vn\/vi\/san-pham\/5-elements-tho-black-forest-ale\/\"]}]},{\"@type\":\"ImageObject\",\"inLanguage\":\"vi-VN\",\"@id\":\"https:\/\/thebottleshop.vn\/vi\/san-pham\/5-elements-tho-black-forest-ale\/#primaryimage\",\"url\":\"https:\/\/mlsrfcxkkbzg.i.optimole.com\/cb:JbP2.215d7\/w:auto\/h:auto\/q:mauto\/ig:avif\/https:\/\/thebottleshop.vn\/wp-content\/uploads\/2025\/12\/5-Elements-Tho-Black-Forest-Ale.png\",\"contentUrl\":\"https:\/\/mlsrfcxkkbzg.i.optimole.com\/cb:JbP2.215d7\/w:auto\/h:auto\/q:mauto\/ig:avif\/https:\/\/thebottleshop.vn\/wp-content\/uploads\/2025\/12\/5-Elements-Tho-Black-Forest-Ale.png\",\"width\":1080,\"height\":1080,\"caption\":\"5 Elements Th\u1ed5 Black Forest Ale\"},{\"@type\":\"BreadcrumbList\",\"@id\":\"https:\/\/thebottleshop.vn\/vi\/san-pham\/5-elements-tho-black-forest-ale\/#breadcrumb\",\"itemListElement\":[{\"@type\":\"ListItem\",\"position\":1,\"name\":\"Home\",\"item\":\"http:\/\/52.77.24.187\/vi\/test-popup-vi\/\"},{\"@type\":\"ListItem\",\"position\":2,\"name\":\"C\u1eeda h\u00e0ng\",\"item\":\"http:\/\/52.77.24.187\/vi\/cua-hang\/\"},{\"@type\":\"ListItem\",\"position\":3,\"name\":\"5 Elements Th\u1ed5 Black Forest Ale\"}]},{\"@type\":\"WebSite\",\"@id\":\"http:\/\/52.77.24.187\/#website\",\"url\":\"http:\/\/52.77.24.187\/\",\"name\":\"The Bottle Shop\",\"description\":\"All beers are not created equal\",\"publisher\":{\"@id\":\"http:\/\/52.77.24.187\/#organization\"},\"potentialAction\":[{\"@type\":\"SearchAction\",\"target\":{\"@type\":\"EntryPoint\",\"urlTemplate\":\"http:\/\/52.77.24.187\/?s={search_term_string}\"},\"query-input\":{\"@type\":\"PropertyValueSpecification\",\"valueRequired\":true,\"valueName\":\"search_term_string\"}}],\"inLanguage\":\"vi-VN\"},{\"@type\":\"Organization\",\"@id\":\"http:\/\/52.77.24.187\/#organization\",\"name\":\"The Bottle Shop\",\"url\":\"http:\/\/52.77.24.187\/\",\"logo\":{\"@type\":\"ImageObject\",\"inLanguage\":\"vi-VN\",\"@id\":\"http:\/\/52.77.24.187\/#\/schema\/logo\/image\/\",\"url\":\"https:\/\/mlsrfcxkkbzg.i.optimole.com\/cb:JbP2.215d7\/w:auto\/h:auto\/q:mauto\/ig:avif\/https:\/\/thebottleshop.vn\/wp-content\/uploads\/2022\/10\/The-Bottle-Shop-Online-Logo.png\",\"contentUrl\":\"https:\/\/mlsrfcxkkbzg.i.optimole.com\/cb:JbP2.215d7\/w:auto\/h:auto\/q:mauto\/ig:avif\/https:\/\/thebottleshop.vn\/wp-content\/uploads\/2022\/10\/The-Bottle-Shop-Online-Logo.png\",\"width\":145,\"height\":147,\"caption\":\"The Bottle Shop\"},\"image\":{\"@id\":\"http:\/\/52.77.24.187\/#\/schema\/logo\/image\/\"},\"sameAs\":[\"https:\/\/www.facebook.com\/thebottleshopvietnam\",\"https:\/\/www.instagram.com\/thebottleshop_vietnam\/\"]}]}<\/script>\n<!-- \/ Yoast SEO plugin. -->","yoast_head_json":{"title":"5 Elements Th\u1ed5 Black Forest Ale - The Bottle Shop","description":"5 Elements Th\u1ed5 v\u1eefng ch\u00e3i, \u0111en \u0111\u1eadm, \u0111\u1ea7y \u0111\u1eb7n, \u0111\u1eafng ng\u00e2n nga th\u01a1m ng\u1eady \u0111\u1ee7 \u0111\u1ec3 \u0111\u00e1nh th\u1ee9c c\u1ea3 ng\u0169 quan.","robots":{"index":"index","follow":"follow","max-snippet":"max-snippet:-1","max-image-preview":"max-image-preview:large","max-video-preview":"max-video-preview:-1"},"canonical":"https:\/\/thebottleshop.vn\/vi\/san-pham\/5-elements-tho-black-forest-ale\/","og_locale":"vi_VN","og_type":"article","og_title":"5 Elements Th\u1ed5 Black Forest Ale - The Bottle Shop","og_description":"5 Elements Th\u1ed5 v\u1eefng ch\u00e3i, \u0111en \u0111\u1eadm, \u0111\u1ea7y \u0111\u1eb7n, \u0111\u1eafng ng\u00e2n nga th\u01a1m ng\u1eady \u0111\u1ee7 \u0111\u1ec3 \u0111\u00e1nh th\u1ee9c c\u1ea3 ng\u0169 quan.","og_url":"https:\/\/thebottleshop.vn\/vi\/san-pham\/5-elements-tho-black-forest-ale\/","og_site_name":"The Bottle Shop","article_publisher":"https:\/\/www.facebook.com\/thebottleshopvietnam","article_modified_time":"2025-12-15T14:26:03+00:00","og_image":[{"width":1080,"height":1080,"url":"https:\/\/mlsrfcxkkbzg.i.optimole.com\/cb:JbP2.215d7\/w:auto\/h:auto\/q:mauto\/ig:avif\/https:\/\/thebottleshop.vn\/wp-content\/uploads\/2025\/12\/5-Elements-Tho-Black-Forest-Ale.png","type":"image\/png"}],"twitter_card":"summary_large_image","twitter_misc":{"Est. reading time":"1 minute"},"schema":{"@context":"https:\/\/schema.org","@graph":[{"@type":"WebPage","@id":"https:\/\/thebottleshop.vn\/vi\/san-pham\/5-elements-tho-black-forest-ale\/","url":"https:\/\/thebottleshop.vn\/vi\/san-pham\/5-elements-tho-black-forest-ale\/","name":"5 Elements Th\u1ed5 Black Forest Ale - The Bottle Shop","isPartOf":{"@id":"http:\/\/52.77.24.187\/#website"},"primaryImageOfPage":{"@id":"https:\/\/thebottleshop.vn\/vi\/san-pham\/5-elements-tho-black-forest-ale\/#primaryimage"},"image":{"@id":"https:\/\/thebottleshop.vn\/vi\/san-pham\/5-elements-tho-black-forest-ale\/#primaryimage"},"thumbnailUrl":"https:\/\/mlsrfcxkkbzg.i.optimole.com\/cb:JbP2.215d7\/w:auto\/h:auto\/q:mauto\/ig:avif\/https:\/\/thebottleshop.vn\/wp-content\/uploads\/2025\/12\/5-Elements-Tho-Black-Forest-Ale.png","datePublished":"2025-12-15T14:21:52+00:00","dateModified":"2025-12-15T14:26:03+00:00","description":"5 Elements Th\u1ed5 v\u1eefng ch\u00e3i, \u0111en \u0111\u1eadm, \u0111\u1ea7y \u0111\u1eb7n, \u0111\u1eafng ng\u00e2n nga th\u01a1m ng\u1eady \u0111\u1ee7 \u0111\u1ec3 \u0111\u00e1nh th\u1ee9c c\u1ea3 ng\u0169 quan.","breadcrumb":{"@id":"https:\/\/thebottleshop.vn\/vi\/san-pham\/5-elements-tho-black-forest-ale\/#breadcrumb"},"inLanguage":"vi-VN","potentialAction":[{"@type":"ReadAction","target":["https:\/\/thebottleshop.vn\/vi\/san-pham\/5-elements-tho-black-forest-ale\/"]}]},{"@type":"ImageObject","inLanguage":"vi-VN","@id":"https:\/\/thebottleshop.vn\/vi\/san-pham\/5-elements-tho-black-forest-ale\/#primaryimage","url":"https:\/\/mlsrfcxkkbzg.i.optimole.com\/cb:JbP2.215d7\/w:auto\/h:auto\/q:mauto\/ig:avif\/https:\/\/thebottleshop.vn\/wp-content\/uploads\/2025\/12\/5-Elements-Tho-Black-Forest-Ale.png","contentUrl":"https:\/\/mlsrfcxkkbzg.i.optimole.com\/cb:JbP2.215d7\/w:auto\/h:auto\/q:mauto\/ig:avif\/https:\/\/thebottleshop.vn\/wp-content\/uploads\/2025\/12\/5-Elements-Tho-Black-Forest-Ale.png","width":1080,"height":1080,"caption":"5 Elements Th\u1ed5 Black Forest Ale"},{"@type":"BreadcrumbList","@id":"https:\/\/thebottleshop.vn\/vi\/san-pham\/5-elements-tho-black-forest-ale\/#breadcrumb","itemListElement":[{"@type":"ListItem","position":1,"name":"Home","item":"http:\/\/52.77.24.187\/vi\/test-popup-vi\/"},{"@type":"ListItem","position":2,"name":"C\u1eeda h\u00e0ng","item":"http:\/\/52.77.24.187\/vi\/cua-hang\/"},{"@type":"ListItem","position":3,"name":"5 Elements Th\u1ed5 Black Forest Ale"}]},{"@type":"WebSite","@id":"http:\/\/52.77.24.187\/#website","url":"http:\/\/52.77.24.187\/","name":"The Bottle Shop","description":"All beers are not created equal","publisher":{"@id":"http:\/\/52.77.24.187\/#organization"},"potentialAction":[{"@type":"SearchAction","target":{"@type":"EntryPoint","urlTemplate":"http:\/\/52.77.24.187\/?s={search_term_string}"},"query-input":{"@type":"PropertyValueSpecification","valueRequired":true,"valueName":"search_term_string"}}],"inLanguage":"vi-VN"},{"@type":"Organization","@id":"http:\/\/52.77.24.187\/#organization","name":"The Bottle Shop","url":"http:\/\/52.77.24.187\/","logo":{"@type":"ImageObject","inLanguage":"vi-VN","@id":"http:\/\/52.77.24.187\/#\/schema\/logo\/image\/","url":"https:\/\/mlsrfcxkkbzg.i.optimole.com\/cb:JbP2.215d7\/w:auto\/h:auto\/q:mauto\/ig:avif\/https:\/\/thebottleshop.vn\/wp-content\/uploads\/2022\/10\/The-Bottle-Shop-Online-Logo.png","contentUrl":"https:\/\/mlsrfcxkkbzg.i.optimole.com\/cb:JbP2.215d7\/w:auto\/h:auto\/q:mauto\/ig:avif\/https:\/\/thebottleshop.vn\/wp-content\/uploads\/2022\/10\/The-Bottle-Shop-Online-Logo.png","width":145,"height":147,"caption":"The Bottle Shop"},"image":{"@id":"http:\/\/52.77.24.187\/#\/schema\/logo\/image\/"},"sameAs":["https:\/\/www.facebook.com\/thebottleshopvietnam","https:\/\/www.instagram.com\/thebottleshop_vietnam\/"]}]}},"_links":{"self":[{"href":"https:\/\/thebottleshop.vn\/vi\/wp-json\/wp\/v2\/product\/22488","targetHints":{"allow":["GET"]}}],"collection":[{"href":"https:\/\/thebottleshop.vn\/vi\/wp-json\/wp\/v2\/product"}],"about":[{"href":"https:\/\/thebottleshop.vn\/vi\/wp-json\/wp\/v2\/types\/product"}],"replies":[{"embeddable":true,"href":"https:\/\/thebottleshop.vn\/vi\/wp-json\/wp\/v2\/comments?post=22488"}],"wp:featuredmedia":[{"embeddable":true,"href":"https:\/\/thebottleshop.vn\/vi\/wp-json\/wp\/v2\/media\/22372"}],"wp:attachment":[{"href":"https:\/\/thebottleshop.vn\/vi\/wp-json\/wp\/v2\/media?parent=22488"}],"wp:term":[{"taxonomy":"product_brand","embeddable":true,"href":"https:\/\/thebottleshop.vn\/vi\/wp-json\/wp\/v2\/product_brand?post=22488"},{"taxonomy":"product_cat","embeddable":true,"href":"https:\/\/thebottleshop.vn\/vi\/wp-json\/wp\/v2\/product_cat?post=22488"},{"taxonomy":"product_tag","embeddable":true,"href":"https:\/\/thebottleshop.vn\/vi\/wp-json\/wp\/v2\/product_tag?post=22488"}],"curies":[{"name":"wp","href":"https:\/\/api.w.org\/{rel}","templated":true}]}}