{"id":22493,"date":"2025-12-15T22:05:05","date_gmt":"2025-12-15T15:05:05","guid":{"rendered":"https:\/\/thebottleshop.vn\/product\/ve-de-di-whisky-hop-qua-tet\/"},"modified":"2025-12-15T22:23:16","modified_gmt":"2025-12-15T15:23:16","slug":"ve-de-di-whisky-hop-qua-tet","status":"publish","type":"product","link":"https:\/\/thebottleshop.vn\/vi\/san-pham\/ve-de-di-whisky-hop-qua-tet\/","title":{"rendered":"V\u1ec1 \u0110\u1ec3 \u0110i Whisky H\u1ed9p Qu\u1ea3 T\u1ebft"},"content":{"rendered":"<p>V\u1ec1 \u0110\u1ec3 \u0110i Whisky H\u1ed9p Qu\u1ea3 T\u1ebft. T\u1ebft n\u00e0y, h\u00e3y trao t\u1eb7ng d\u00f2ng single malt whisky \u0111\u1ea7u ti\u00ean c\u1ee7a Vi\u1ec7t Nam. Th\u1ebf hi\u1ec7n s\u1ef1 tr\u00e2n qu\u00fd \u0111\u1eb7c bi\u1ec7t nh\u1ea5t \u0111\u1ebfn gia \u0111\u00ecnh, b\u1ea1n b\u00e8 v\u00e0 \u0111\u1ed1i t\u1eafc.    <\/p>\n<p>Tr\u1ecdn b\u1ed9 qu\u00e0 t\u1eb7ng bao g\u1ed3m:<br \/>\n&#8211; Chai 700ml Distiller&#8217;s Choice (phi\u00ean b\u1ea3n \u0111\u1eb7c bi\u1ec7t)<br \/>\n&#8211; Ly th\u1ee7y tinh cao c\u1ea5p<br \/>\n&#8211; Jigger (d\u1ee5ng c\u1ee5 \u0111ong)<\/p>\n<p>\u2014\u2013<br \/>\nXem th\u01b0 vi\u1ec7n h\u00ecnh \u1ea3nh \u0111\u1ec3 bi\u1ebft th\u00eam th\u00f4ng tin chi ti\u1ebft v\u1ec1 ngu\u1ed3n g\u1ed1c, th\u00e0nh ph\u1ea7n v\u00e0 h\u01b0\u1edbng d\u1eabn s\u1eed d\u1ee5ng c\u1ee7a s\u1ea3n ph\u1ea9m.<\/p>\n<p>&nbsp;<\/p>\n","protected":false},"excerpt":{"rendered":"<p><strong>700ml :: 43%<\/strong><\/p>\n","protected":false},"featured_media":22484,"comment_status":"open","ping_status":"closed","template":"","meta":{"_acf_changed":false},"product_brand":[],"product_cat":[390,385,338,388,412,376,345,339,424,341,492,352,364,371,608],"product_tag":[],"class_list":{"0":"post-22493","1":"product","2":"type-product","3":"status-publish","4":"has-post-thumbnail","6":"product_cat-vietnam-hanoi","7":"product_cat-top-deals","8":"product_cat-ruou-va-ruou-vang","9":"product_cat-25-vi","10":"product_cat-do-luu-niem","11":"product_cat-1m","12":"product_cat-abv-vi","13":"product_cat-xuat-xu","14":"product_cat-chai-700-ml","15":"product_cat-dong-goi","16":"product_cat-whiskey","17":"product_cat-gia","18":"product_cat-dong-ruou","19":"product_cat-nha-san-xuat-ruou","20":"product_cat-ve-de-di-vi","22":"first","23":"outofstock","24":"shipping-taxable","25":"purchasable","26":"product-type-simple","27":"add-to-wishlist-before_image"},"acf":[],"yoast_head":"<!-- This site is optimized with the Yoast SEO plugin v27.2 - https:\/\/yoast.com\/product\/yoast-seo-wordpress\/ -->\n<title>V\u1ec1 \u0110\u1ec3 \u0110i Whisky H\u1ed9p Qu\u1ea3 T\u1ebft - The Bottle Shop<\/title>\n<meta name=\"description\" content=\"V\u1ec1 \u0110\u1ec3 \u0110i Whisky H\u1ed9p Qu\u1ea3 T\u1ebft. T\u1ebft n\u00e0y, h\u00e3y trao t\u1eb7ng d\u00f2ng single malt whisky \u0111\u1ea7u ti\u00ean c\u1ee7a Vi\u1ec7t Nam. Th\u1ebf hi\u1ec7n s\u1ef1 tr\u00e2n qu\u00fd \u0111\u1eb7c bi\u1ec7t nh\u1ea5t \u0111\u1ebfn gia \u0111\u00ecnh, b\u1ea1n b\u00e8 v\u00e0 \u0111\u1ed1i t\u1eafc.\" \/>\n<meta name=\"robots\" content=\"index, follow, max-snippet:-1, max-image-preview:large, max-video-preview:-1\" \/>\n<link rel=\"canonical\" href=\"https:\/\/thebottleshop.vn\/vi\/san-pham\/ve-de-di-whisky-hop-qua-tet\/\" \/>\n<meta property=\"og:locale\" content=\"vi_VN\" \/>\n<meta property=\"og:type\" content=\"article\" \/>\n<meta property=\"og:title\" content=\"V\u1ec1 \u0110\u1ec3 \u0110i Whisky H\u1ed9p Qu\u1ea3 T\u1ebft - The Bottle Shop\" \/>\n<meta property=\"og:description\" content=\"V\u1ec1 \u0110\u1ec3 \u0110i Whisky H\u1ed9p Qu\u1ea3 T\u1ebft. T\u1ebft n\u00e0y, h\u00e3y trao t\u1eb7ng d\u00f2ng single malt whisky \u0111\u1ea7u ti\u00ean c\u1ee7a Vi\u1ec7t Nam. Th\u1ebf hi\u1ec7n s\u1ef1 tr\u00e2n qu\u00fd \u0111\u1eb7c bi\u1ec7t nh\u1ea5t \u0111\u1ebfn gia \u0111\u00ecnh, b\u1ea1n b\u00e8 v\u00e0 \u0111\u1ed1i t\u1eafc.\" \/>\n<meta property=\"og:url\" content=\"https:\/\/thebottleshop.vn\/vi\/san-pham\/ve-de-di-whisky-hop-qua-tet\/\" \/>\n<meta property=\"og:site_name\" content=\"The Bottle Shop\" \/>\n<meta property=\"article:publisher\" content=\"https:\/\/www.facebook.com\/thebottleshopvietnam\" \/>\n<meta property=\"article:modified_time\" content=\"2025-12-15T15:23:16+00:00\" \/>\n<meta property=\"og:image\" content=\"https:\/\/mlsrfcxkkbzg.i.optimole.com\/cb:JbP2.215d7\/w:auto\/h:auto\/q:mauto\/ig:avif\/https:\/\/thebottleshop.vn\/wp-content\/uploads\/2025\/12\/Ve-De-Di-Whisky-Tet-Giftbox.png\" \/>\n\t<meta property=\"og:image:width\" content=\"1080\" \/>\n\t<meta property=\"og:image:height\" content=\"1080\" \/>\n\t<meta property=\"og:image:type\" content=\"image\/png\" \/>\n<meta name=\"twitter:card\" content=\"summary_large_image\" \/>\n<meta name=\"twitter:label1\" content=\"Est. reading time\" \/>\n\t<meta name=\"twitter:data1\" content=\"1 minute\" \/>\n<script type=\"application\/ld+json\" class=\"yoast-schema-graph\">{\"@context\":\"https:\/\/schema.org\",\"@graph\":[{\"@type\":\"WebPage\",\"@id\":\"https:\/\/thebottleshop.vn\/vi\/san-pham\/ve-de-di-whisky-hop-qua-tet\/\",\"url\":\"https:\/\/thebottleshop.vn\/vi\/san-pham\/ve-de-di-whisky-hop-qua-tet\/\",\"name\":\"V\u1ec1 \u0110\u1ec3 \u0110i Whisky H\u1ed9p Qu\u1ea3 T\u1ebft - The Bottle Shop\",\"isPartOf\":{\"@id\":\"http:\/\/52.77.24.187\/#website\"},\"primaryImageOfPage\":{\"@id\":\"https:\/\/thebottleshop.vn\/vi\/san-pham\/ve-de-di-whisky-hop-qua-tet\/#primaryimage\"},\"image\":{\"@id\":\"https:\/\/thebottleshop.vn\/vi\/san-pham\/ve-de-di-whisky-hop-qua-tet\/#primaryimage\"},\"thumbnailUrl\":\"https:\/\/mlsrfcxkkbzg.i.optimole.com\/cb:JbP2.215d7\/w:auto\/h:auto\/q:mauto\/ig:avif\/https:\/\/thebottleshop.vn\/wp-content\/uploads\/2025\/12\/Ve-De-Di-Whisky-Tet-Giftbox.png\",\"datePublished\":\"2025-12-15T15:05:05+00:00\",\"dateModified\":\"2025-12-15T15:23:16+00:00\",\"description\":\"V\u1ec1 \u0110\u1ec3 \u0110i Whisky H\u1ed9p Qu\u1ea3 T\u1ebft. T\u1ebft n\u00e0y, h\u00e3y trao t\u1eb7ng d\u00f2ng single malt whisky \u0111\u1ea7u ti\u00ean c\u1ee7a Vi\u1ec7t Nam. Th\u1ebf hi\u1ec7n s\u1ef1 tr\u00e2n qu\u00fd \u0111\u1eb7c bi\u1ec7t nh\u1ea5t \u0111\u1ebfn gia \u0111\u00ecnh, b\u1ea1n b\u00e8 v\u00e0 \u0111\u1ed1i t\u1eafc.\",\"breadcrumb\":{\"@id\":\"https:\/\/thebottleshop.vn\/vi\/san-pham\/ve-de-di-whisky-hop-qua-tet\/#breadcrumb\"},\"inLanguage\":\"vi-VN\",\"potentialAction\":[{\"@type\":\"ReadAction\",\"target\":[\"https:\/\/thebottleshop.vn\/vi\/san-pham\/ve-de-di-whisky-hop-qua-tet\/\"]}]},{\"@type\":\"ImageObject\",\"inLanguage\":\"vi-VN\",\"@id\":\"https:\/\/thebottleshop.vn\/vi\/san-pham\/ve-de-di-whisky-hop-qua-tet\/#primaryimage\",\"url\":\"https:\/\/mlsrfcxkkbzg.i.optimole.com\/cb:JbP2.215d7\/w:auto\/h:auto\/q:mauto\/ig:avif\/https:\/\/thebottleshop.vn\/wp-content\/uploads\/2025\/12\/Ve-De-Di-Whisky-Tet-Giftbox.png\",\"contentUrl\":\"https:\/\/mlsrfcxkkbzg.i.optimole.com\/cb:JbP2.215d7\/w:auto\/h:auto\/q:mauto\/ig:avif\/https:\/\/thebottleshop.vn\/wp-content\/uploads\/2025\/12\/Ve-De-Di-Whisky-Tet-Giftbox.png\",\"width\":1080,\"height\":1080,\"caption\":\"V\u1ec1 \u0110\u1ec3 \u0110i Whisky T\u1ebft Giftbox\"},{\"@type\":\"BreadcrumbList\",\"@id\":\"https:\/\/thebottleshop.vn\/vi\/san-pham\/ve-de-di-whisky-hop-qua-tet\/#breadcrumb\",\"itemListElement\":[{\"@type\":\"ListItem\",\"position\":1,\"name\":\"Home\",\"item\":\"http:\/\/52.77.24.187\/vi\/test-popup-vi\/\"},{\"@type\":\"ListItem\",\"position\":2,\"name\":\"C\u1eeda h\u00e0ng\",\"item\":\"http:\/\/52.77.24.187\/vi\/cua-hang\/\"},{\"@type\":\"ListItem\",\"position\":3,\"name\":\"V\u1ec1 \u0110\u1ec3 \u0110i Whisky H\u1ed9p Qu\u1ea3 T\u1ebft\"}]},{\"@type\":\"WebSite\",\"@id\":\"http:\/\/52.77.24.187\/#website\",\"url\":\"http:\/\/52.77.24.187\/\",\"name\":\"The Bottle Shop\",\"description\":\"All beers are not created equal\",\"publisher\":{\"@id\":\"http:\/\/52.77.24.187\/#organization\"},\"potentialAction\":[{\"@type\":\"SearchAction\",\"target\":{\"@type\":\"EntryPoint\",\"urlTemplate\":\"http:\/\/52.77.24.187\/?s={search_term_string}\"},\"query-input\":{\"@type\":\"PropertyValueSpecification\",\"valueRequired\":true,\"valueName\":\"search_term_string\"}}],\"inLanguage\":\"vi-VN\"},{\"@type\":\"Organization\",\"@id\":\"http:\/\/52.77.24.187\/#organization\",\"name\":\"The Bottle Shop\",\"url\":\"http:\/\/52.77.24.187\/\",\"logo\":{\"@type\":\"ImageObject\",\"inLanguage\":\"vi-VN\",\"@id\":\"http:\/\/52.77.24.187\/#\/schema\/logo\/image\/\",\"url\":\"https:\/\/mlsrfcxkkbzg.i.optimole.com\/cb:JbP2.215d7\/w:auto\/h:auto\/q:mauto\/ig:avif\/https:\/\/thebottleshop.vn\/wp-content\/uploads\/2022\/10\/The-Bottle-Shop-Online-Logo.png\",\"contentUrl\":\"https:\/\/mlsrfcxkkbzg.i.optimole.com\/cb:JbP2.215d7\/w:auto\/h:auto\/q:mauto\/ig:avif\/https:\/\/thebottleshop.vn\/wp-content\/uploads\/2022\/10\/The-Bottle-Shop-Online-Logo.png\",\"width\":145,\"height\":147,\"caption\":\"The Bottle Shop\"},\"image\":{\"@id\":\"http:\/\/52.77.24.187\/#\/schema\/logo\/image\/\"},\"sameAs\":[\"https:\/\/www.facebook.com\/thebottleshopvietnam\",\"https:\/\/www.instagram.com\/thebottleshop_vietnam\/\"]}]}<\/script>\n<!-- \/ Yoast SEO plugin. -->","yoast_head_json":{"title":"V\u1ec1 \u0110\u1ec3 \u0110i Whisky H\u1ed9p Qu\u1ea3 T\u1ebft - The Bottle Shop","description":"V\u1ec1 \u0110\u1ec3 \u0110i Whisky H\u1ed9p Qu\u1ea3 T\u1ebft. T\u1ebft n\u00e0y, h\u00e3y trao t\u1eb7ng d\u00f2ng single malt whisky \u0111\u1ea7u ti\u00ean c\u1ee7a Vi\u1ec7t Nam. Th\u1ebf hi\u1ec7n s\u1ef1 tr\u00e2n qu\u00fd \u0111\u1eb7c bi\u1ec7t nh\u1ea5t \u0111\u1ebfn gia \u0111\u00ecnh, b\u1ea1n b\u00e8 v\u00e0 \u0111\u1ed1i t\u1eafc.","robots":{"index":"index","follow":"follow","max-snippet":"max-snippet:-1","max-image-preview":"max-image-preview:large","max-video-preview":"max-video-preview:-1"},"canonical":"https:\/\/thebottleshop.vn\/vi\/san-pham\/ve-de-di-whisky-hop-qua-tet\/","og_locale":"vi_VN","og_type":"article","og_title":"V\u1ec1 \u0110\u1ec3 \u0110i Whisky H\u1ed9p Qu\u1ea3 T\u1ebft - The Bottle Shop","og_description":"V\u1ec1 \u0110\u1ec3 \u0110i Whisky H\u1ed9p Qu\u1ea3 T\u1ebft. T\u1ebft n\u00e0y, h\u00e3y trao t\u1eb7ng d\u00f2ng single malt whisky \u0111\u1ea7u ti\u00ean c\u1ee7a Vi\u1ec7t Nam. Th\u1ebf hi\u1ec7n s\u1ef1 tr\u00e2n qu\u00fd \u0111\u1eb7c bi\u1ec7t nh\u1ea5t \u0111\u1ebfn gia \u0111\u00ecnh, b\u1ea1n b\u00e8 v\u00e0 \u0111\u1ed1i t\u1eafc.","og_url":"https:\/\/thebottleshop.vn\/vi\/san-pham\/ve-de-di-whisky-hop-qua-tet\/","og_site_name":"The Bottle Shop","article_publisher":"https:\/\/www.facebook.com\/thebottleshopvietnam","article_modified_time":"2025-12-15T15:23:16+00:00","og_image":[{"width":1080,"height":1080,"url":"https:\/\/mlsrfcxkkbzg.i.optimole.com\/cb:JbP2.215d7\/w:auto\/h:auto\/q:mauto\/ig:avif\/https:\/\/thebottleshop.vn\/wp-content\/uploads\/2025\/12\/Ve-De-Di-Whisky-Tet-Giftbox.png","type":"image\/png"}],"twitter_card":"summary_large_image","twitter_misc":{"Est. reading time":"1 minute"},"schema":{"@context":"https:\/\/schema.org","@graph":[{"@type":"WebPage","@id":"https:\/\/thebottleshop.vn\/vi\/san-pham\/ve-de-di-whisky-hop-qua-tet\/","url":"https:\/\/thebottleshop.vn\/vi\/san-pham\/ve-de-di-whisky-hop-qua-tet\/","name":"V\u1ec1 \u0110\u1ec3 \u0110i Whisky H\u1ed9p Qu\u1ea3 T\u1ebft - The Bottle Shop","isPartOf":{"@id":"http:\/\/52.77.24.187\/#website"},"primaryImageOfPage":{"@id":"https:\/\/thebottleshop.vn\/vi\/san-pham\/ve-de-di-whisky-hop-qua-tet\/#primaryimage"},"image":{"@id":"https:\/\/thebottleshop.vn\/vi\/san-pham\/ve-de-di-whisky-hop-qua-tet\/#primaryimage"},"thumbnailUrl":"https:\/\/mlsrfcxkkbzg.i.optimole.com\/cb:JbP2.215d7\/w:auto\/h:auto\/q:mauto\/ig:avif\/https:\/\/thebottleshop.vn\/wp-content\/uploads\/2025\/12\/Ve-De-Di-Whisky-Tet-Giftbox.png","datePublished":"2025-12-15T15:05:05+00:00","dateModified":"2025-12-15T15:23:16+00:00","description":"V\u1ec1 \u0110\u1ec3 \u0110i Whisky H\u1ed9p Qu\u1ea3 T\u1ebft. T\u1ebft n\u00e0y, h\u00e3y trao t\u1eb7ng d\u00f2ng single malt whisky \u0111\u1ea7u ti\u00ean c\u1ee7a Vi\u1ec7t Nam. Th\u1ebf hi\u1ec7n s\u1ef1 tr\u00e2n qu\u00fd \u0111\u1eb7c bi\u1ec7t nh\u1ea5t \u0111\u1ebfn gia \u0111\u00ecnh, b\u1ea1n b\u00e8 v\u00e0 \u0111\u1ed1i t\u1eafc.","breadcrumb":{"@id":"https:\/\/thebottleshop.vn\/vi\/san-pham\/ve-de-di-whisky-hop-qua-tet\/#breadcrumb"},"inLanguage":"vi-VN","potentialAction":[{"@type":"ReadAction","target":["https:\/\/thebottleshop.vn\/vi\/san-pham\/ve-de-di-whisky-hop-qua-tet\/"]}]},{"@type":"ImageObject","inLanguage":"vi-VN","@id":"https:\/\/thebottleshop.vn\/vi\/san-pham\/ve-de-di-whisky-hop-qua-tet\/#primaryimage","url":"https:\/\/mlsrfcxkkbzg.i.optimole.com\/cb:JbP2.215d7\/w:auto\/h:auto\/q:mauto\/ig:avif\/https:\/\/thebottleshop.vn\/wp-content\/uploads\/2025\/12\/Ve-De-Di-Whisky-Tet-Giftbox.png","contentUrl":"https:\/\/mlsrfcxkkbzg.i.optimole.com\/cb:JbP2.215d7\/w:auto\/h:auto\/q:mauto\/ig:avif\/https:\/\/thebottleshop.vn\/wp-content\/uploads\/2025\/12\/Ve-De-Di-Whisky-Tet-Giftbox.png","width":1080,"height":1080,"caption":"V\u1ec1 \u0110\u1ec3 \u0110i Whisky T\u1ebft Giftbox"},{"@type":"BreadcrumbList","@id":"https:\/\/thebottleshop.vn\/vi\/san-pham\/ve-de-di-whisky-hop-qua-tet\/#breadcrumb","itemListElement":[{"@type":"ListItem","position":1,"name":"Home","item":"http:\/\/52.77.24.187\/vi\/test-popup-vi\/"},{"@type":"ListItem","position":2,"name":"C\u1eeda h\u00e0ng","item":"http:\/\/52.77.24.187\/vi\/cua-hang\/"},{"@type":"ListItem","position":3,"name":"V\u1ec1 \u0110\u1ec3 \u0110i Whisky H\u1ed9p Qu\u1ea3 T\u1ebft"}]},{"@type":"WebSite","@id":"http:\/\/52.77.24.187\/#website","url":"http:\/\/52.77.24.187\/","name":"The Bottle Shop","description":"All beers are not created equal","publisher":{"@id":"http:\/\/52.77.24.187\/#organization"},"potentialAction":[{"@type":"SearchAction","target":{"@type":"EntryPoint","urlTemplate":"http:\/\/52.77.24.187\/?s={search_term_string}"},"query-input":{"@type":"PropertyValueSpecification","valueRequired":true,"valueName":"search_term_string"}}],"inLanguage":"vi-VN"},{"@type":"Organization","@id":"http:\/\/52.77.24.187\/#organization","name":"The Bottle Shop","url":"http:\/\/52.77.24.187\/","logo":{"@type":"ImageObject","inLanguage":"vi-VN","@id":"http:\/\/52.77.24.187\/#\/schema\/logo\/image\/","url":"https:\/\/mlsrfcxkkbzg.i.optimole.com\/cb:JbP2.215d7\/w:auto\/h:auto\/q:mauto\/ig:avif\/https:\/\/thebottleshop.vn\/wp-content\/uploads\/2022\/10\/The-Bottle-Shop-Online-Logo.png","contentUrl":"https:\/\/mlsrfcxkkbzg.i.optimole.com\/cb:JbP2.215d7\/w:auto\/h:auto\/q:mauto\/ig:avif\/https:\/\/thebottleshop.vn\/wp-content\/uploads\/2022\/10\/The-Bottle-Shop-Online-Logo.png","width":145,"height":147,"caption":"The Bottle Shop"},"image":{"@id":"http:\/\/52.77.24.187\/#\/schema\/logo\/image\/"},"sameAs":["https:\/\/www.facebook.com\/thebottleshopvietnam","https:\/\/www.instagram.com\/thebottleshop_vietnam\/"]}]}},"_links":{"self":[{"href":"https:\/\/thebottleshop.vn\/vi\/wp-json\/wp\/v2\/product\/22493","targetHints":{"allow":["GET"]}}],"collection":[{"href":"https:\/\/thebottleshop.vn\/vi\/wp-json\/wp\/v2\/product"}],"about":[{"href":"https:\/\/thebottleshop.vn\/vi\/wp-json\/wp\/v2\/types\/product"}],"replies":[{"embeddable":true,"href":"https:\/\/thebottleshop.vn\/vi\/wp-json\/wp\/v2\/comments?post=22493"}],"wp:featuredmedia":[{"embeddable":true,"href":"https:\/\/thebottleshop.vn\/vi\/wp-json\/wp\/v2\/media\/22484"}],"wp:attachment":[{"href":"https:\/\/thebottleshop.vn\/vi\/wp-json\/wp\/v2\/media?parent=22493"}],"wp:term":[{"taxonomy":"product_brand","embeddable":true,"href":"https:\/\/thebottleshop.vn\/vi\/wp-json\/wp\/v2\/product_brand?post=22493"},{"taxonomy":"product_cat","embeddable":true,"href":"https:\/\/thebottleshop.vn\/vi\/wp-json\/wp\/v2\/product_cat?post=22493"},{"taxonomy":"product_tag","embeddable":true,"href":"https:\/\/thebottleshop.vn\/vi\/wp-json\/wp\/v2\/product_tag?post=22493"}],"curies":[{"name":"wp","href":"https:\/\/api.w.org\/{rel}","templated":true}]}}