{"id":22549,"date":"2026-01-06T07:16:24","date_gmt":"2026-01-06T00:16:24","guid":{"rendered":"https:\/\/thebottleshop.vn\/product\/hop-qua-de-hot-sauce\/"},"modified":"2026-01-06T07:21:27","modified_gmt":"2026-01-06T00:21:27","slug":"hop-qua-de-hot-sauce","status":"publish","type":"product","link":"https:\/\/thebottleshop.vn\/vi\/san-pham\/hop-qua-de-hot-sauce\/","title":{"rendered":"H\u1ed9p Qu\u00e0 D\u00ea Hot Sauce"},"content":{"rendered":"<p>H\u1ed9p qu\u00e0 c\u00f3 3 chai t\u01b0\u01a1ng \u1edbt dung t\u00edch 250ml bao g\u1ed3m 3 v\u1ecb \u0111\u1eb7c tr\u01b0ng c\u1ee7a D\u00ca Hot sauce:<\/p>\n<ul class=\"KsbFXc U6u95\" data-processed=\"true\">\n<li data-hveid=\"CAMQAA\" data-processed=\"true\"><span class=\"T286Pc\" data-sfc-cp=\"\" data-processed=\"true\"><strong class=\"Yjhzub\" data-processed=\"true\">Bird\u2019s Eye Chili &amp; Black Garlic:<\/strong> t\u01b0\u01a1ng \u1edbt x\u00f4ng kh\u00f3i m\u00eda v\u1edbi v\u1ecb chua nh\u1eb9 v\u00e0 \u0111\u1eadm \u0111\u00e0 t\u1eeb t\u1ecfi \u0111en.<\/span><\/li>\n<li data-hveid=\"CAMQAQ\" data-processed=\"true\"><span class=\"T286Pc\" data-sfc-cp=\"\" data-processed=\"true\"><strong class=\"Yjhzub\" data-processed=\"true\">Habanero &amp; Tropical Fruits: <\/strong>t\u01b0\u01a1ng \u1edbt cay n\u1ed3ng v\u1edbi h\u01b0\u01a1ng v\u1ecb tr\u00e1i c\u00e2y chua ng\u1ecdt t\u1ef1 nhi\u00ean c\u00f9ng h\u01b0\u01a1ng cam chanh c\u1ee7a chanh mu\u1ed1i v\u00e0 xuy\u00ean ti\u00eau.<\/span><\/li>\n<li data-hveid=\"CAMQAg\" data-processed=\"true\"><span class=\"T286Pc\" data-sfc-cp=\"\" data-processed=\"true\">Big Mama Mustard &amp; Yuzu: t\u01b0\u01a1ng \u1edbt xanh v\u1edbi v\u1ecb cay n\u1ed3ng t\u1eeb \u1edbt v\u00e0 c\u1ee7 c\u1ea3i ng\u1ef1a c\u00f9ng v\u1edbi v\u1ecb chua nh\u1eb9 t\u1eeb tr\u00e1i qu\u00fdt Nh\u1eadt v\u00e0 m\u1ed9t \u00edt v\u1ecb \u0111\u1eadm \u0111\u00e0 t\u1ef1 nhi\u00ean t\u1eeb n\u01b0\u1edbc d\u00f9ng t\u1ea3o b\u1eb9.<\/span><span class=\"uJ19be notranslate\" data-wiz-uids=\"phZEX_v,phZEX_w\" data-processed=\"true\"><span class=\"vKEkVd\" data-animation-atomic=\"\" data-wiz-attrbind=\"class=phZEX_u\/TKHnVd\" data-processed=\"true\"><br \/>\n<\/span><\/span><\/li>\n<\/ul>\n<p>\u2014\u2013<br \/>\nXem th\u01b0 vi\u1ec7n h\u00ecnh \u1ea3nh \u0111\u1ec3 bi\u1ebft th\u00eam th\u00f4ng tin chi ti\u1ebft v\u1ec1 ngu\u1ed3n g\u1ed1c, th\u00e0nh ph\u1ea7n v\u00e0 h\u01b0\u1edbng d\u1eabn s\u1eed d\u1ee5ng c\u1ee7a s\u1ea3n ph\u1ea9m.<\/p>\n","protected":false},"excerpt":{"rendered":"<p><strong>3x250ml<\/strong><\/p>\n","protected":false},"featured_media":22536,"comment_status":"open","ping_status":"closed","template":"","meta":{"_acf_changed":false},"product_brand":[],"product_cat":[340,514,373,384,655,412,339,341,352,513],"product_tag":[],"class_list":{"0":"post-22549","1":"product","2":"type-product","3":"status-publish","4":"has-post-thumbnail","6":"product_cat-vietnam-hcmc","7":"product_cat-khong-gluten","8":"product_cat-200k-499k","9":"product_cat-nham-va-nhau","10":"product_cat-chai-250ml","11":"product_cat-do-luu-niem","12":"product_cat-xuat-xu","13":"product_cat-dong-goi","14":"product_cat-gia","15":"product_cat-khac","17":"first","18":"instock","19":"shipping-taxable","20":"purchasable","21":"product-type-simple","22":"add-to-wishlist-before_image"},"acf":[],"yoast_head":"<!-- This site is optimized with the Yoast SEO plugin v27.2 - https:\/\/yoast.com\/product\/yoast-seo-wordpress\/ -->\n<title>H\u1ed9p Qu\u00e0 D\u00ea Hot Sauce - The Bottle Shop<\/title>\n<meta name=\"description\" content=\"H\u1ed9p qu\u00e0 c\u00f3 3 chai t\u01b0\u01a1ng \u1edbt bao g\u1ed3m 3 v\u1ecb \u0111\u1eb7c tr\u01b0ng c\u1ee7a D\u00ca Hot sauce: Bird&#039;s Eye Chili &amp; Black Garlic:, Habanero &amp; Tropical Fruits, Big Mama Mustard &amp; Yuzu.\" \/>\n<meta name=\"robots\" content=\"index, follow, max-snippet:-1, max-image-preview:large, max-video-preview:-1\" \/>\n<link rel=\"canonical\" href=\"https:\/\/thebottleshop.vn\/vi\/san-pham\/hop-qua-de-hot-sauce\/\" \/>\n<meta property=\"og:locale\" content=\"vi_VN\" \/>\n<meta property=\"og:type\" content=\"article\" \/>\n<meta property=\"og:title\" content=\"H\u1ed9p Qu\u00e0 D\u00ea Hot Sauce - The Bottle Shop\" \/>\n<meta property=\"og:description\" content=\"H\u1ed9p qu\u00e0 c\u00f3 3 chai t\u01b0\u01a1ng \u1edbt bao g\u1ed3m 3 v\u1ecb \u0111\u1eb7c tr\u01b0ng c\u1ee7a D\u00ca Hot sauce: Bird&#039;s Eye Chili &amp; Black Garlic:, Habanero &amp; Tropical Fruits, Big Mama Mustard &amp; Yuzu.\" \/>\n<meta property=\"og:url\" content=\"https:\/\/thebottleshop.vn\/vi\/san-pham\/hop-qua-de-hot-sauce\/\" \/>\n<meta property=\"og:site_name\" content=\"The Bottle Shop\" \/>\n<meta property=\"article:publisher\" content=\"https:\/\/www.facebook.com\/thebottleshopvietnam\" \/>\n<meta property=\"article:modified_time\" content=\"2026-01-06T00:21:27+00:00\" \/>\n<meta property=\"og:image\" content=\"https:\/\/mlsrfcxkkbzg.i.optimole.com\/cb:JbP2.215d7\/w:auto\/h:auto\/q:mauto\/ig:avif\/https:\/\/thebottleshop.vn\/wp-content\/uploads\/2026\/01\/De-Hot-Sauce-Box-Set.png\" \/>\n\t<meta property=\"og:image:width\" content=\"1080\" \/>\n\t<meta property=\"og:image:height\" content=\"1080\" \/>\n\t<meta property=\"og:image:type\" content=\"image\/png\" \/>\n<meta name=\"twitter:card\" content=\"summary_large_image\" \/>\n<meta name=\"twitter:label1\" content=\"Est. reading time\" \/>\n\t<meta name=\"twitter:data1\" content=\"1 minute\" \/>\n<script type=\"application\/ld+json\" class=\"yoast-schema-graph\">{\"@context\":\"https:\/\/schema.org\",\"@graph\":[{\"@type\":\"WebPage\",\"@id\":\"https:\/\/thebottleshop.vn\/vi\/san-pham\/hop-qua-de-hot-sauce\/\",\"url\":\"https:\/\/thebottleshop.vn\/vi\/san-pham\/hop-qua-de-hot-sauce\/\",\"name\":\"H\u1ed9p Qu\u00e0 D\u00ea Hot Sauce - The Bottle Shop\",\"isPartOf\":{\"@id\":\"http:\/\/52.77.24.187\/#website\"},\"primaryImageOfPage\":{\"@id\":\"https:\/\/thebottleshop.vn\/vi\/san-pham\/hop-qua-de-hot-sauce\/#primaryimage\"},\"image\":{\"@id\":\"https:\/\/thebottleshop.vn\/vi\/san-pham\/hop-qua-de-hot-sauce\/#primaryimage\"},\"thumbnailUrl\":\"https:\/\/mlsrfcxkkbzg.i.optimole.com\/cb:JbP2.215d7\/w:auto\/h:auto\/q:mauto\/ig:avif\/https:\/\/thebottleshop.vn\/wp-content\/uploads\/2026\/01\/De-Hot-Sauce-Box-Set.png\",\"datePublished\":\"2026-01-06T00:16:24+00:00\",\"dateModified\":\"2026-01-06T00:21:27+00:00\",\"description\":\"H\u1ed9p qu\u00e0 c\u00f3 3 chai t\u01b0\u01a1ng \u1edbt bao g\u1ed3m 3 v\u1ecb \u0111\u1eb7c tr\u01b0ng c\u1ee7a D\u00ca Hot sauce: Bird's Eye Chili & Black Garlic:, Habanero & Tropical Fruits, Big Mama Mustard & Yuzu.\",\"breadcrumb\":{\"@id\":\"https:\/\/thebottleshop.vn\/vi\/san-pham\/hop-qua-de-hot-sauce\/#breadcrumb\"},\"inLanguage\":\"vi-VN\",\"potentialAction\":[{\"@type\":\"ReadAction\",\"target\":[\"https:\/\/thebottleshop.vn\/vi\/san-pham\/hop-qua-de-hot-sauce\/\"]}]},{\"@type\":\"ImageObject\",\"inLanguage\":\"vi-VN\",\"@id\":\"https:\/\/thebottleshop.vn\/vi\/san-pham\/hop-qua-de-hot-sauce\/#primaryimage\",\"url\":\"https:\/\/mlsrfcxkkbzg.i.optimole.com\/cb:JbP2.215d7\/w:auto\/h:auto\/q:mauto\/ig:avif\/https:\/\/thebottleshop.vn\/wp-content\/uploads\/2026\/01\/De-Hot-Sauce-Box-Set.png\",\"contentUrl\":\"https:\/\/mlsrfcxkkbzg.i.optimole.com\/cb:JbP2.215d7\/w:auto\/h:auto\/q:mauto\/ig:avif\/https:\/\/thebottleshop.vn\/wp-content\/uploads\/2026\/01\/De-Hot-Sauce-Box-Set.png\",\"width\":1080,\"height\":1080,\"caption\":\"D\u00ea Hot Sauce Box Set\"},{\"@type\":\"BreadcrumbList\",\"@id\":\"https:\/\/thebottleshop.vn\/vi\/san-pham\/hop-qua-de-hot-sauce\/#breadcrumb\",\"itemListElement\":[{\"@type\":\"ListItem\",\"position\":1,\"name\":\"Home\",\"item\":\"http:\/\/52.77.24.187\/vi\/test-popup-vi\/\"},{\"@type\":\"ListItem\",\"position\":2,\"name\":\"C\u1eeda h\u00e0ng\",\"item\":\"http:\/\/52.77.24.187\/vi\/cua-hang\/\"},{\"@type\":\"ListItem\",\"position\":3,\"name\":\"H\u1ed9p Qu\u00e0 D\u00ea Hot Sauce\"}]},{\"@type\":\"WebSite\",\"@id\":\"http:\/\/52.77.24.187\/#website\",\"url\":\"http:\/\/52.77.24.187\/\",\"name\":\"The Bottle Shop\",\"description\":\"All beers are not created equal\",\"publisher\":{\"@id\":\"http:\/\/52.77.24.187\/#organization\"},\"potentialAction\":[{\"@type\":\"SearchAction\",\"target\":{\"@type\":\"EntryPoint\",\"urlTemplate\":\"http:\/\/52.77.24.187\/?s={search_term_string}\"},\"query-input\":{\"@type\":\"PropertyValueSpecification\",\"valueRequired\":true,\"valueName\":\"search_term_string\"}}],\"inLanguage\":\"vi-VN\"},{\"@type\":\"Organization\",\"@id\":\"http:\/\/52.77.24.187\/#organization\",\"name\":\"The Bottle Shop\",\"url\":\"http:\/\/52.77.24.187\/\",\"logo\":{\"@type\":\"ImageObject\",\"inLanguage\":\"vi-VN\",\"@id\":\"http:\/\/52.77.24.187\/#\/schema\/logo\/image\/\",\"url\":\"https:\/\/mlsrfcxkkbzg.i.optimole.com\/cb:JbP2.215d7\/w:auto\/h:auto\/q:mauto\/ig:avif\/https:\/\/thebottleshop.vn\/wp-content\/uploads\/2022\/10\/The-Bottle-Shop-Online-Logo.png\",\"contentUrl\":\"https:\/\/mlsrfcxkkbzg.i.optimole.com\/cb:JbP2.215d7\/w:auto\/h:auto\/q:mauto\/ig:avif\/https:\/\/thebottleshop.vn\/wp-content\/uploads\/2022\/10\/The-Bottle-Shop-Online-Logo.png\",\"width\":145,\"height\":147,\"caption\":\"The Bottle Shop\"},\"image\":{\"@id\":\"http:\/\/52.77.24.187\/#\/schema\/logo\/image\/\"},\"sameAs\":[\"https:\/\/www.facebook.com\/thebottleshopvietnam\",\"https:\/\/www.instagram.com\/thebottleshop_vietnam\/\"]}]}<\/script>\n<!-- \/ Yoast SEO plugin. -->","yoast_head_json":{"title":"H\u1ed9p Qu\u00e0 D\u00ea Hot Sauce - The Bottle Shop","description":"H\u1ed9p qu\u00e0 c\u00f3 3 chai t\u01b0\u01a1ng \u1edbt bao g\u1ed3m 3 v\u1ecb \u0111\u1eb7c tr\u01b0ng c\u1ee7a D\u00ca Hot sauce: Bird's Eye Chili & Black Garlic:, Habanero & Tropical Fruits, Big Mama Mustard & Yuzu.","robots":{"index":"index","follow":"follow","max-snippet":"max-snippet:-1","max-image-preview":"max-image-preview:large","max-video-preview":"max-video-preview:-1"},"canonical":"https:\/\/thebottleshop.vn\/vi\/san-pham\/hop-qua-de-hot-sauce\/","og_locale":"vi_VN","og_type":"article","og_title":"H\u1ed9p Qu\u00e0 D\u00ea Hot Sauce - The Bottle Shop","og_description":"H\u1ed9p qu\u00e0 c\u00f3 3 chai t\u01b0\u01a1ng \u1edbt bao g\u1ed3m 3 v\u1ecb \u0111\u1eb7c tr\u01b0ng c\u1ee7a D\u00ca Hot sauce: Bird's Eye Chili & Black Garlic:, Habanero & Tropical Fruits, Big Mama Mustard & Yuzu.","og_url":"https:\/\/thebottleshop.vn\/vi\/san-pham\/hop-qua-de-hot-sauce\/","og_site_name":"The Bottle Shop","article_publisher":"https:\/\/www.facebook.com\/thebottleshopvietnam","article_modified_time":"2026-01-06T00:21:27+00:00","og_image":[{"width":1080,"height":1080,"url":"https:\/\/mlsrfcxkkbzg.i.optimole.com\/cb:JbP2.215d7\/w:auto\/h:auto\/q:mauto\/ig:avif\/https:\/\/thebottleshop.vn\/wp-content\/uploads\/2026\/01\/De-Hot-Sauce-Box-Set.png","type":"image\/png"}],"twitter_card":"summary_large_image","twitter_misc":{"Est. reading time":"1 minute"},"schema":{"@context":"https:\/\/schema.org","@graph":[{"@type":"WebPage","@id":"https:\/\/thebottleshop.vn\/vi\/san-pham\/hop-qua-de-hot-sauce\/","url":"https:\/\/thebottleshop.vn\/vi\/san-pham\/hop-qua-de-hot-sauce\/","name":"H\u1ed9p Qu\u00e0 D\u00ea Hot Sauce - The Bottle Shop","isPartOf":{"@id":"http:\/\/52.77.24.187\/#website"},"primaryImageOfPage":{"@id":"https:\/\/thebottleshop.vn\/vi\/san-pham\/hop-qua-de-hot-sauce\/#primaryimage"},"image":{"@id":"https:\/\/thebottleshop.vn\/vi\/san-pham\/hop-qua-de-hot-sauce\/#primaryimage"},"thumbnailUrl":"https:\/\/mlsrfcxkkbzg.i.optimole.com\/cb:JbP2.215d7\/w:auto\/h:auto\/q:mauto\/ig:avif\/https:\/\/thebottleshop.vn\/wp-content\/uploads\/2026\/01\/De-Hot-Sauce-Box-Set.png","datePublished":"2026-01-06T00:16:24+00:00","dateModified":"2026-01-06T00:21:27+00:00","description":"H\u1ed9p qu\u00e0 c\u00f3 3 chai t\u01b0\u01a1ng \u1edbt bao g\u1ed3m 3 v\u1ecb \u0111\u1eb7c tr\u01b0ng c\u1ee7a D\u00ca Hot sauce: Bird's Eye Chili & Black Garlic:, Habanero & Tropical Fruits, Big Mama Mustard & Yuzu.","breadcrumb":{"@id":"https:\/\/thebottleshop.vn\/vi\/san-pham\/hop-qua-de-hot-sauce\/#breadcrumb"},"inLanguage":"vi-VN","potentialAction":[{"@type":"ReadAction","target":["https:\/\/thebottleshop.vn\/vi\/san-pham\/hop-qua-de-hot-sauce\/"]}]},{"@type":"ImageObject","inLanguage":"vi-VN","@id":"https:\/\/thebottleshop.vn\/vi\/san-pham\/hop-qua-de-hot-sauce\/#primaryimage","url":"https:\/\/mlsrfcxkkbzg.i.optimole.com\/cb:JbP2.215d7\/w:auto\/h:auto\/q:mauto\/ig:avif\/https:\/\/thebottleshop.vn\/wp-content\/uploads\/2026\/01\/De-Hot-Sauce-Box-Set.png","contentUrl":"https:\/\/mlsrfcxkkbzg.i.optimole.com\/cb:JbP2.215d7\/w:auto\/h:auto\/q:mauto\/ig:avif\/https:\/\/thebottleshop.vn\/wp-content\/uploads\/2026\/01\/De-Hot-Sauce-Box-Set.png","width":1080,"height":1080,"caption":"D\u00ea Hot Sauce Box Set"},{"@type":"BreadcrumbList","@id":"https:\/\/thebottleshop.vn\/vi\/san-pham\/hop-qua-de-hot-sauce\/#breadcrumb","itemListElement":[{"@type":"ListItem","position":1,"name":"Home","item":"http:\/\/52.77.24.187\/vi\/test-popup-vi\/"},{"@type":"ListItem","position":2,"name":"C\u1eeda h\u00e0ng","item":"http:\/\/52.77.24.187\/vi\/cua-hang\/"},{"@type":"ListItem","position":3,"name":"H\u1ed9p Qu\u00e0 D\u00ea Hot Sauce"}]},{"@type":"WebSite","@id":"http:\/\/52.77.24.187\/#website","url":"http:\/\/52.77.24.187\/","name":"The Bottle Shop","description":"All beers are not created equal","publisher":{"@id":"http:\/\/52.77.24.187\/#organization"},"potentialAction":[{"@type":"SearchAction","target":{"@type":"EntryPoint","urlTemplate":"http:\/\/52.77.24.187\/?s={search_term_string}"},"query-input":{"@type":"PropertyValueSpecification","valueRequired":true,"valueName":"search_term_string"}}],"inLanguage":"vi-VN"},{"@type":"Organization","@id":"http:\/\/52.77.24.187\/#organization","name":"The Bottle Shop","url":"http:\/\/52.77.24.187\/","logo":{"@type":"ImageObject","inLanguage":"vi-VN","@id":"http:\/\/52.77.24.187\/#\/schema\/logo\/image\/","url":"https:\/\/mlsrfcxkkbzg.i.optimole.com\/cb:JbP2.215d7\/w:auto\/h:auto\/q:mauto\/ig:avif\/https:\/\/thebottleshop.vn\/wp-content\/uploads\/2022\/10\/The-Bottle-Shop-Online-Logo.png","contentUrl":"https:\/\/mlsrfcxkkbzg.i.optimole.com\/cb:JbP2.215d7\/w:auto\/h:auto\/q:mauto\/ig:avif\/https:\/\/thebottleshop.vn\/wp-content\/uploads\/2022\/10\/The-Bottle-Shop-Online-Logo.png","width":145,"height":147,"caption":"The Bottle Shop"},"image":{"@id":"http:\/\/52.77.24.187\/#\/schema\/logo\/image\/"},"sameAs":["https:\/\/www.facebook.com\/thebottleshopvietnam","https:\/\/www.instagram.com\/thebottleshop_vietnam\/"]}]}},"_links":{"self":[{"href":"https:\/\/thebottleshop.vn\/vi\/wp-json\/wp\/v2\/product\/22549","targetHints":{"allow":["GET"]}}],"collection":[{"href":"https:\/\/thebottleshop.vn\/vi\/wp-json\/wp\/v2\/product"}],"about":[{"href":"https:\/\/thebottleshop.vn\/vi\/wp-json\/wp\/v2\/types\/product"}],"replies":[{"embeddable":true,"href":"https:\/\/thebottleshop.vn\/vi\/wp-json\/wp\/v2\/comments?post=22549"}],"wp:featuredmedia":[{"embeddable":true,"href":"https:\/\/thebottleshop.vn\/vi\/wp-json\/wp\/v2\/media\/22536"}],"wp:attachment":[{"href":"https:\/\/thebottleshop.vn\/vi\/wp-json\/wp\/v2\/media?parent=22549"}],"wp:term":[{"taxonomy":"product_brand","embeddable":true,"href":"https:\/\/thebottleshop.vn\/vi\/wp-json\/wp\/v2\/product_brand?post=22549"},{"taxonomy":"product_cat","embeddable":true,"href":"https:\/\/thebottleshop.vn\/vi\/wp-json\/wp\/v2\/product_cat?post=22549"},{"taxonomy":"product_tag","embeddable":true,"href":"https:\/\/thebottleshop.vn\/vi\/wp-json\/wp\/v2\/product_tag?post=22549"}],"curies":[{"name":"wp","href":"https:\/\/api.w.org\/{rel}","templated":true}]}}