{"id":22551,"date":"2026-01-06T08:04:04","date_gmt":"2026-01-06T01:04:04","guid":{"rendered":"https:\/\/thebottleshop.vn\/product\/de-hot-sauce-thui-death-sauce\/"},"modified":"2026-01-06T08:07:18","modified_gmt":"2026-01-06T01:07:18","slug":"de-hot-sauce-thui-death-sauce","status":"publish","type":"product","link":"https:\/\/thebottleshop.vn\/vi\/san-pham\/de-hot-sauce-thui-death-sauce\/","title":{"rendered":"D\u00ea Hot Sauce THUI DEATH SAUCE"},"content":{"rendered":"<p>\u0110\u00e2y l\u00e0 phi\u00ean b\u1ea3n \u0111\u1eb7c bi\u1ec7t si\u00eau cay collab t\u1eeb band nh\u1ea1c KiNH. V\u00ec sao \u0111\u1eb7c bi\u1ec7t? <\/p>\n<p>\u0110\u1ea7u ti\u00ean l\u00e0 M\u00e0u S\u1eafc \u2013 \u0110\u1ec3 t\u1ea1o n\u00ean m\u00e0u \u0111en THUI, D\u00ca s\u1eed d\u1ee5ng 100% \u1edbt si\u00eau cay Chocolate Carolina Reaper (g\u1ea7n 2 tri\u1ec7u SHU), \u0111\u01b0\u1ee3c l\u00ean men h\u01a1n 1 n\u0103m c\u00f9ng h\u00e0nh t\u00e2y t\u00edm, t\u1ecfi \u0111en v\u00e0 g\u1eebng.<\/p>\n<p>Th\u1ee9 2 l\u00e0 m\u00f9i v\u1ecb \u2013 V\u1ecb cay n\u1ed3ng t\u00ea t\u00e1i \u0111\u01b0\u1ee3c c\u00e2n b\u1eb1ng ho\u00e0n h\u1ea3o b\u1edfi gi\u1ea5m \u0111en Balsamic v\u00e0 Kombucha th\u1ee7 c\u00f4ng, t\u1ea1o n\u00ean t\u1ea7ng v\u1ecb chua nh\u1eb9 l\u1ea1 mi\u1ec7ng. Ngo\u00e0i ra, l\u00e1 qu\u1ebf t\u00e2y t\u00edm c\u00f9ng bia \u0111en \u0110\u1eafk L\u1eafk Nitro Stout c\u1ee7a Rooster Beers mang \u0111\u1ebfn h\u1eadu v\u1ecb \u0111\u1eadm, th\u01a1m v\u00e0 tho\u1ea3ng ch\u00fat \u0111\u1eafng \u2013 \u0111\u00fang ch\u1ea5t \u201cTHUI\u201d, cay, chua, l\u1ea1. <\/p>\n<p>\u2014\u2013<br \/>\nXem th\u01b0 vi\u1ec7n h\u00ecnh \u1ea3nh \u0111\u1ec3 bi\u1ebft th\u00eam th\u00f4ng tin chi ti\u1ebft v\u1ec1 ngu\u1ed3n g\u1ed1c, th\u00e0nh ph\u1ea7n v\u00e0 h\u01b0\u1edbng d\u1eabn s\u1eed d\u1ee5ng c\u1ee7a s\u1ea3n ph\u1ea9m.<\/p>\n","protected":false},"excerpt":{"rendered":"<p><strong>Cay, Chua, L\u1ea1<\/strong><\/p>\n","protected":false},"featured_media":22538,"comment_status":"open","ping_status":"closed","template":"","meta":{"_acf_changed":false},"product_brand":[],"product_cat":[514,656,340,373,384,412,339,341,352,513],"product_tag":[],"class_list":{"0":"post-22551","1":"product","2":"type-product","3":"status-publish","4":"has-post-thumbnail","6":"product_cat-khong-gluten","7":"product_cat-chai-110ml","8":"product_cat-vietnam-hcmc","9":"product_cat-200k-499k","10":"product_cat-nham-va-nhau","11":"product_cat-do-luu-niem","12":"product_cat-xuat-xu","13":"product_cat-dong-goi","14":"product_cat-gia","15":"product_cat-khac","17":"first","18":"instock","19":"shipping-taxable","20":"purchasable","21":"product-type-simple","22":"add-to-wishlist-before_image"},"acf":[],"yoast_head":"<!-- This site is optimized with the Yoast SEO plugin v27.5 - https:\/\/yoast.com\/product\/yoast-seo-wordpress\/ -->\n<title>D\u00ea Hot Sauce THUI DEATH SAUCE - The Bottle Shop<\/title>\n<meta name=\"description\" content=\"\u0110\u00e2y l\u00e0 phi\u00ean b\u1ea3n \u0111\u1eb7c bi\u1ec7t si\u00eau cay collab t\u1eeb band nh\u1ea1c KiNH.\" \/>\n<meta name=\"robots\" content=\"index, follow, max-snippet:-1, max-image-preview:large, max-video-preview:-1\" \/>\n<link rel=\"canonical\" href=\"https:\/\/thebottleshop.vn\/vi\/san-pham\/de-hot-sauce-thui-death-sauce\/\" \/>\n<meta property=\"og:locale\" content=\"vi_VN\" \/>\n<meta property=\"og:type\" content=\"article\" \/>\n<meta property=\"og:title\" content=\"D\u00ea Hot Sauce THUI DEATH SAUCE - The Bottle Shop\" \/>\n<meta property=\"og:description\" content=\"\u0110\u00e2y l\u00e0 phi\u00ean b\u1ea3n \u0111\u1eb7c bi\u1ec7t si\u00eau cay collab t\u1eeb band nh\u1ea1c KiNH.\" \/>\n<meta property=\"og:url\" content=\"https:\/\/thebottleshop.vn\/vi\/san-pham\/de-hot-sauce-thui-death-sauce\/\" \/>\n<meta property=\"og:site_name\" content=\"The Bottle Shop\" \/>\n<meta property=\"article:publisher\" content=\"https:\/\/www.facebook.com\/thebottleshopvietnam\" \/>\n<meta property=\"article:modified_time\" content=\"2026-01-06T01:07:18+00:00\" \/>\n<meta property=\"og:image\" content=\"https:\/\/mlsrfcxkkbzg.i.optimole.com\/cb:JbP2.215d7\/w:auto\/h:auto\/q:mauto\/ig:avif\/https:\/\/thebottleshop.vn\/wp-content\/uploads\/2026\/01\/De-Hot-Sauce-THUI.png\" \/>\n\t<meta property=\"og:image:width\" content=\"1080\" \/>\n\t<meta property=\"og:image:height\" content=\"1080\" \/>\n\t<meta property=\"og:image:type\" content=\"image\/png\" \/>\n<meta name=\"twitter:card\" content=\"summary_large_image\" \/>\n<meta name=\"twitter:label1\" content=\"Est. reading time\" \/>\n\t<meta name=\"twitter:data1\" content=\"1 minute\" \/>\n<script type=\"application\/ld+json\" class=\"yoast-schema-graph\">{\"@context\":\"https:\\\/\\\/schema.org\",\"@graph\":[{\"@type\":\"WebPage\",\"@id\":\"https:\\\/\\\/thebottleshop.vn\\\/vi\\\/san-pham\\\/de-hot-sauce-thui-death-sauce\\\/\",\"url\":\"https:\\\/\\\/thebottleshop.vn\\\/vi\\\/san-pham\\\/de-hot-sauce-thui-death-sauce\\\/\",\"name\":\"D\u00ea Hot Sauce THUI DEATH SAUCE - The Bottle Shop\",\"isPartOf\":{\"@id\":\"http:\\\/\\\/52.77.24.187\\\/#website\"},\"primaryImageOfPage\":{\"@id\":\"https:\\\/\\\/thebottleshop.vn\\\/vi\\\/san-pham\\\/de-hot-sauce-thui-death-sauce\\\/#primaryimage\"},\"image\":{\"@id\":\"https:\\\/\\\/thebottleshop.vn\\\/vi\\\/san-pham\\\/de-hot-sauce-thui-death-sauce\\\/#primaryimage\"},\"thumbnailUrl\":\"https:\\/\\/thebottleshop.vn\\/wp-content\\/uploads\\/2026\\/01\\/De-Hot-Sauce-THUI.png\",\"datePublished\":\"2026-01-06T01:04:04+00:00\",\"dateModified\":\"2026-01-06T01:07:18+00:00\",\"description\":\"\u0110\u00e2y l\u00e0 phi\u00ean b\u1ea3n \u0111\u1eb7c bi\u1ec7t si\u00eau cay collab t\u1eeb band nh\u1ea1c KiNH.\",\"breadcrumb\":{\"@id\":\"https:\\\/\\\/thebottleshop.vn\\\/vi\\\/san-pham\\\/de-hot-sauce-thui-death-sauce\\\/#breadcrumb\"},\"inLanguage\":\"vi-VN\",\"potentialAction\":[{\"@type\":\"ReadAction\",\"target\":[\"https:\\\/\\\/thebottleshop.vn\\\/vi\\\/san-pham\\\/de-hot-sauce-thui-death-sauce\\\/\"]}]},{\"@type\":\"ImageObject\",\"inLanguage\":\"vi-VN\",\"@id\":\"https:\\\/\\\/thebottleshop.vn\\\/vi\\\/san-pham\\\/de-hot-sauce-thui-death-sauce\\\/#primaryimage\",\"url\":\"https:\\/\\/thebottleshop.vn\\/wp-content\\/uploads\\/2026\\/01\\/De-Hot-Sauce-THUI.png\",\"contentUrl\":\"https:\\/\\/thebottleshop.vn\\/wp-content\\/uploads\\/2026\\/01\\/De-Hot-Sauce-THUI.png\",\"width\":1080,\"height\":1080,\"caption\":\"D\u00ea Hot Sauce THUI\"},{\"@type\":\"BreadcrumbList\",\"@id\":\"https:\\\/\\\/thebottleshop.vn\\\/vi\\\/san-pham\\\/de-hot-sauce-thui-death-sauce\\\/#breadcrumb\",\"itemListElement\":[{\"@type\":\"ListItem\",\"position\":1,\"name\":\"Home\",\"item\":\"http:\\\/\\\/52.77.24.187\\\/vi\\\/test-popup-vi\\\/\"},{\"@type\":\"ListItem\",\"position\":2,\"name\":\"C\u1eeda h\u00e0ng\",\"item\":\"http:\\\/\\\/52.77.24.187\\\/vi\\\/cua-hang\\\/\"},{\"@type\":\"ListItem\",\"position\":3,\"name\":\"D\u00ea Hot Sauce THUI DEATH SAUCE\"}]},{\"@type\":\"WebSite\",\"@id\":\"http:\\\/\\\/52.77.24.187\\\/#website\",\"url\":\"http:\\\/\\\/52.77.24.187\\\/\",\"name\":\"The Bottle Shop\",\"description\":\"All beers are not created equal\",\"publisher\":{\"@id\":\"http:\\\/\\\/52.77.24.187\\\/#organization\"},\"potentialAction\":[{\"@type\":\"SearchAction\",\"target\":{\"@type\":\"EntryPoint\",\"urlTemplate\":\"http:\\\/\\\/52.77.24.187\\\/?s={search_term_string}\"},\"query-input\":{\"@type\":\"PropertyValueSpecification\",\"valueRequired\":true,\"valueName\":\"search_term_string\"}}],\"inLanguage\":\"vi-VN\"},{\"@type\":\"Organization\",\"@id\":\"http:\\\/\\\/52.77.24.187\\\/#organization\",\"name\":\"The Bottle Shop\",\"url\":\"http:\\\/\\\/52.77.24.187\\\/\",\"logo\":{\"@type\":\"ImageObject\",\"inLanguage\":\"vi-VN\",\"@id\":\"http:\\\/\\\/52.77.24.187\\\/#\\\/schema\\\/logo\\\/image\\\/\",\"url\":\"https:\\/\\/thebottleshop.vn\\/wp-content\\/uploads\\/2022\\/10\\/The-Bottle-Shop-Online-Logo.png\",\"contentUrl\":\"https:\\/\\/thebottleshop.vn\\/wp-content\\/uploads\\/2022\\/10\\/The-Bottle-Shop-Online-Logo.png\",\"width\":145,\"height\":147,\"caption\":\"The Bottle Shop\"},\"image\":{\"@id\":\"http:\\\/\\\/52.77.24.187\\\/#\\\/schema\\\/logo\\\/image\\\/\"},\"sameAs\":[\"https:\\\/\\\/www.facebook.com\\\/thebottleshopvietnam\",\"https:\\\/\\\/www.instagram.com\\\/thebottleshop_vietnam\\\/\"]}]}<\/script>\n<!-- \/ Yoast SEO plugin. -->","yoast_head_json":{"title":"D\u00ea Hot Sauce THUI DEATH SAUCE - The Bottle Shop","description":"\u0110\u00e2y l\u00e0 phi\u00ean b\u1ea3n \u0111\u1eb7c bi\u1ec7t si\u00eau cay collab t\u1eeb band nh\u1ea1c KiNH.","robots":{"index":"index","follow":"follow","max-snippet":"max-snippet:-1","max-image-preview":"max-image-preview:large","max-video-preview":"max-video-preview:-1"},"canonical":"https:\/\/thebottleshop.vn\/vi\/san-pham\/de-hot-sauce-thui-death-sauce\/","og_locale":"vi_VN","og_type":"article","og_title":"D\u00ea Hot Sauce THUI DEATH SAUCE - The Bottle Shop","og_description":"\u0110\u00e2y l\u00e0 phi\u00ean b\u1ea3n \u0111\u1eb7c bi\u1ec7t si\u00eau cay collab t\u1eeb band nh\u1ea1c KiNH.","og_url":"https:\/\/thebottleshop.vn\/vi\/san-pham\/de-hot-sauce-thui-death-sauce\/","og_site_name":"The Bottle Shop","article_publisher":"https:\/\/www.facebook.com\/thebottleshopvietnam","article_modified_time":"2026-01-06T01:07:18+00:00","og_image":[{"width":1080,"height":1080,"url":"https:\/\/mlsrfcxkkbzg.i.optimole.com\/cb:JbP2.215d7\/w:auto\/h:auto\/q:mauto\/ig:avif\/https:\/\/thebottleshop.vn\/wp-content\/uploads\/2026\/01\/De-Hot-Sauce-THUI.png","type":"image\/png"}],"twitter_card":"summary_large_image","twitter_misc":{"Est. reading time":"1 minute"},"schema":{"@context":"https:\/\/schema.org","@graph":[{"@type":"WebPage","@id":"https:\/\/thebottleshop.vn\/vi\/san-pham\/de-hot-sauce-thui-death-sauce\/","url":"https:\/\/thebottleshop.vn\/vi\/san-pham\/de-hot-sauce-thui-death-sauce\/","name":"D\u00ea Hot Sauce THUI DEATH SAUCE - The Bottle Shop","isPartOf":{"@id":"http:\/\/52.77.24.187\/#website"},"primaryImageOfPage":{"@id":"https:\/\/thebottleshop.vn\/vi\/san-pham\/de-hot-sauce-thui-death-sauce\/#primaryimage"},"image":{"@id":"https:\/\/thebottleshop.vn\/vi\/san-pham\/de-hot-sauce-thui-death-sauce\/#primaryimage"},"thumbnailUrl":"https:\/\/mlsrfcxkkbzg.i.optimole.com\/cb:JbP2.215d7\/w:auto\/h:auto\/q:mauto\/ig:avif\/https:\/\/thebottleshop.vn\/wp-content\/uploads\/2026\/01\/De-Hot-Sauce-THUI.png","datePublished":"2026-01-06T01:04:04+00:00","dateModified":"2026-01-06T01:07:18+00:00","description":"\u0110\u00e2y l\u00e0 phi\u00ean b\u1ea3n \u0111\u1eb7c bi\u1ec7t si\u00eau cay collab t\u1eeb band nh\u1ea1c KiNH.","breadcrumb":{"@id":"https:\/\/thebottleshop.vn\/vi\/san-pham\/de-hot-sauce-thui-death-sauce\/#breadcrumb"},"inLanguage":"vi-VN","potentialAction":[{"@type":"ReadAction","target":["https:\/\/thebottleshop.vn\/vi\/san-pham\/de-hot-sauce-thui-death-sauce\/"]}]},{"@type":"ImageObject","inLanguage":"vi-VN","@id":"https:\/\/thebottleshop.vn\/vi\/san-pham\/de-hot-sauce-thui-death-sauce\/#primaryimage","url":"https:\/\/mlsrfcxkkbzg.i.optimole.com\/cb:JbP2.215d7\/w:auto\/h:auto\/q:mauto\/ig:avif\/https:\/\/thebottleshop.vn\/wp-content\/uploads\/2026\/01\/De-Hot-Sauce-THUI.png","contentUrl":"https:\/\/mlsrfcxkkbzg.i.optimole.com\/cb:JbP2.215d7\/w:auto\/h:auto\/q:mauto\/ig:avif\/https:\/\/thebottleshop.vn\/wp-content\/uploads\/2026\/01\/De-Hot-Sauce-THUI.png","width":1080,"height":1080,"caption":"D\u00ea Hot Sauce THUI"},{"@type":"BreadcrumbList","@id":"https:\/\/thebottleshop.vn\/vi\/san-pham\/de-hot-sauce-thui-death-sauce\/#breadcrumb","itemListElement":[{"@type":"ListItem","position":1,"name":"Home","item":"http:\/\/52.77.24.187\/vi\/test-popup-vi\/"},{"@type":"ListItem","position":2,"name":"C\u1eeda h\u00e0ng","item":"http:\/\/52.77.24.187\/vi\/cua-hang\/"},{"@type":"ListItem","position":3,"name":"D\u00ea Hot Sauce THUI DEATH SAUCE"}]},{"@type":"WebSite","@id":"http:\/\/52.77.24.187\/#website","url":"http:\/\/52.77.24.187\/","name":"The Bottle Shop","description":"All beers are not created equal","publisher":{"@id":"http:\/\/52.77.24.187\/#organization"},"potentialAction":[{"@type":"SearchAction","target":{"@type":"EntryPoint","urlTemplate":"http:\/\/52.77.24.187\/?s={search_term_string}"},"query-input":{"@type":"PropertyValueSpecification","valueRequired":true,"valueName":"search_term_string"}}],"inLanguage":"vi-VN"},{"@type":"Organization","@id":"http:\/\/52.77.24.187\/#organization","name":"The Bottle Shop","url":"http:\/\/52.77.24.187\/","logo":{"@type":"ImageObject","inLanguage":"vi-VN","@id":"http:\/\/52.77.24.187\/#\/schema\/logo\/image\/","url":"https:\/\/mlsrfcxkkbzg.i.optimole.com\/cb:JbP2.215d7\/w:auto\/h:auto\/q:mauto\/ig:avif\/https:\/\/thebottleshop.vn\/wp-content\/uploads\/2022\/10\/The-Bottle-Shop-Online-Logo.png","contentUrl":"https:\/\/mlsrfcxkkbzg.i.optimole.com\/cb:JbP2.215d7\/w:auto\/h:auto\/q:mauto\/ig:avif\/https:\/\/thebottleshop.vn\/wp-content\/uploads\/2022\/10\/The-Bottle-Shop-Online-Logo.png","width":145,"height":147,"caption":"The Bottle Shop"},"image":{"@id":"http:\/\/52.77.24.187\/#\/schema\/logo\/image\/"},"sameAs":["https:\/\/www.facebook.com\/thebottleshopvietnam","https:\/\/www.instagram.com\/thebottleshop_vietnam\/"]}]}},"_links":{"self":[{"href":"https:\/\/thebottleshop.vn\/vi\/wp-json\/wp\/v2\/product\/22551","targetHints":{"allow":["GET"]}}],"collection":[{"href":"https:\/\/thebottleshop.vn\/vi\/wp-json\/wp\/v2\/product"}],"about":[{"href":"https:\/\/thebottleshop.vn\/vi\/wp-json\/wp\/v2\/types\/product"}],"replies":[{"embeddable":true,"href":"https:\/\/thebottleshop.vn\/vi\/wp-json\/wp\/v2\/comments?post=22551"}],"wp:featuredmedia":[{"embeddable":true,"href":"https:\/\/thebottleshop.vn\/vi\/wp-json\/wp\/v2\/media\/22538"}],"wp:attachment":[{"href":"https:\/\/thebottleshop.vn\/vi\/wp-json\/wp\/v2\/media?parent=22551"}],"wp:term":[{"taxonomy":"product_brand","embeddable":true,"href":"https:\/\/thebottleshop.vn\/vi\/wp-json\/wp\/v2\/product_brand?post=22551"},{"taxonomy":"product_cat","embeddable":true,"href":"https:\/\/thebottleshop.vn\/vi\/wp-json\/wp\/v2\/product_cat?post=22551"},{"taxonomy":"product_tag","embeddable":true,"href":"https:\/\/thebottleshop.vn\/vi\/wp-json\/wp\/v2\/product_tag?post=22551"}],"curies":[{"name":"wp","href":"https:\/\/api.w.org\/{rel}","templated":true}]}}