{"id":22580,"date":"2026-02-03T11:03:38","date_gmt":"2026-02-03T04:03:38","guid":{"rendered":"https:\/\/thebottleshop.vn\/product\/bear-hops-sai-gon-nhau-pilsner\/"},"modified":"2026-02-03T11:15:38","modified_gmt":"2026-02-03T04:15:38","slug":"bear-hops-sai-gon-nhau-pilsner","status":"publish","type":"product","link":"https:\/\/thebottleshop.vn\/vi\/san-pham\/bear-hops-sai-gon-nhau-pilsner\/","title":{"rendered":"Bear Hops S\u00e0i G\u00f2n Nh\u1eadu Pilsner"},"content":{"rendered":"<p>Bear Hops S\u00e0i G\u00f2n Nh\u1eadu Pilsner c\u00f3 m\u00e0u v\u00e0ng \u00f3ng, trong su\u1ed1t. Bia \u0111\u01b0\u1ee3c \u1ee7 t\u1eeb hoa bia Ti\u1ec7p tr\u1ee9 danh h\u00f2a quy\u1ec7n c\u00f9ng \u0111\u1ea1i m\u1ea1ch \u0110\u1ee9c th\u01b0\u1ee3ng h\u1ea1ng. H\u01b0\u01a1ng th\u01a1m l\u00faa m\u1ea1ch \u0111\u1eb7c tr\u01b0ng, t\u00e1i hi\u1ec7n tr\u1ecdn v\u1eb9n tinh hoa bia \u0110\u1ee9c. <\/p>\n<p>\u2014\u2013<br \/>\nXem th\u01b0 vi\u1ec7n h\u00ecnh \u1ea3nh \u0111\u1ec3 bi\u1ebft th\u00eam th\u00f4ng tin chi ti\u1ebft v\u1ec1 ngu\u1ed3n g\u1ed1c, th\u00e0nh ph\u1ea7n v\u00e0 h\u01b0\u1edbng d\u1eabn s\u1eed d\u1ee5ng c\u1ee7a s\u1ea3n ph\u1ea9m.<\/p>\n","protected":false},"excerpt":{"rendered":"<p><strong>Thanh m\u00e1t, V\u00e0ng \u00f3ng, S\u1ea3ng kho\u00e1i 5.6%<\/strong><\/p>\n","protected":false},"featured_media":22532,"comment_status":"open","ping_status":"closed","template":"","meta":{"_acf_changed":false},"product_brand":[],"product_cat":[378,347,353,337,340,718,351,366,345,377,339,341,352,356,357,344],"product_tag":[],"class_list":{"0":"post-22580","1":"product","2":"type-product","3":"status-publish","4":"has-post-thumbnail","6":"product_cat-00-19","7":"product_cat-4-5-9","8":"product_cat-50k-74k","9":"product_cat-bia-va-cider","10":"product_cat-vietnam-hcmc","11":"product_cat-bear-hops-brewing","12":"product_cat-dong-bia","13":"product_cat-nha-san-xuat","14":"product_cat-abv-vi","15":"product_cat-ibu","16":"product_cat-xuat-xu","17":"product_cat-dong-goi","18":"product_cat-gia","19":"product_cat-lager","20":"product_cat-pilsner","21":"product_cat-lon-330-ml","23":"first","24":"outofstock","25":"shipping-taxable","26":"purchasable","27":"product-type-simple","28":"add-to-wishlist-before_image"},"acf":[],"yoast_head":"<!-- This site is optimized with the Yoast SEO plugin v27.2 - https:\/\/yoast.com\/product\/yoast-seo-wordpress\/ -->\n<title>Bear Hops S\u00e0i G\u00f2n Nh\u1eadu Pilsner - The Bottle Shop<\/title>\n<meta name=\"description\" content=\"Bear Hops S\u00e0i G\u00f2n Nh\u1eadu Pilsner c\u00f3 m\u00e0u v\u00e0ng \u00f3ng, trong su\u1ed1t. Bia \u0111\u01b0\u1ee3c \u1ee7 t\u1eeb hoa bia Ti\u1ec7p tr\u1ee9 danh h\u00f2a quy\u1ec7n c\u00f9ng \u0111\u1ea1i m\u1ea1ch \u0110\u1ee9c th\u01b0\u1ee3ng h\u1ea1ng.\" \/>\n<meta name=\"robots\" content=\"index, follow, max-snippet:-1, max-image-preview:large, max-video-preview:-1\" \/>\n<link rel=\"canonical\" href=\"https:\/\/thebottleshop.vn\/vi\/san-pham\/bear-hops-sai-gon-nhau-pilsner\/\" \/>\n<meta property=\"og:locale\" content=\"vi_VN\" \/>\n<meta property=\"og:type\" content=\"article\" \/>\n<meta property=\"og:title\" content=\"Bear Hops S\u00e0i G\u00f2n Nh\u1eadu Pilsner - The Bottle Shop\" \/>\n<meta property=\"og:description\" content=\"Bear Hops S\u00e0i G\u00f2n Nh\u1eadu Pilsner c\u00f3 m\u00e0u v\u00e0ng \u00f3ng, trong su\u1ed1t. Bia \u0111\u01b0\u1ee3c \u1ee7 t\u1eeb hoa bia Ti\u1ec7p tr\u1ee9 danh h\u00f2a quy\u1ec7n c\u00f9ng \u0111\u1ea1i m\u1ea1ch \u0110\u1ee9c th\u01b0\u1ee3ng h\u1ea1ng.\" \/>\n<meta property=\"og:url\" content=\"https:\/\/thebottleshop.vn\/vi\/san-pham\/bear-hops-sai-gon-nhau-pilsner\/\" \/>\n<meta property=\"og:site_name\" content=\"The Bottle Shop\" \/>\n<meta property=\"article:publisher\" content=\"https:\/\/www.facebook.com\/thebottleshopvietnam\" \/>\n<meta property=\"article:modified_time\" content=\"2026-02-03T04:15:38+00:00\" \/>\n<meta property=\"og:image\" content=\"https:\/\/mlsrfcxkkbzg.i.optimole.com\/cb:JbP2.215d7\/w:auto\/h:auto\/q:mauto\/ig:avif\/https:\/\/thebottleshop.vn\/wp-content\/uploads\/2026\/01\/Bear-Hops-Sai-Gon-Nhau-Pilsner-CAN.png\" \/>\n\t<meta property=\"og:image:width\" content=\"1080\" \/>\n\t<meta property=\"og:image:height\" content=\"1080\" \/>\n\t<meta property=\"og:image:type\" content=\"image\/png\" \/>\n<meta name=\"twitter:card\" content=\"summary_large_image\" \/>\n<meta name=\"twitter:label1\" content=\"Est. reading time\" \/>\n\t<meta name=\"twitter:data1\" content=\"1 minute\" \/>\n<script type=\"application\/ld+json\" class=\"yoast-schema-graph\">{\"@context\":\"https:\/\/schema.org\",\"@graph\":[{\"@type\":\"WebPage\",\"@id\":\"https:\/\/thebottleshop.vn\/vi\/san-pham\/bear-hops-sai-gon-nhau-pilsner\/\",\"url\":\"https:\/\/thebottleshop.vn\/vi\/san-pham\/bear-hops-sai-gon-nhau-pilsner\/\",\"name\":\"Bear Hops S\u00e0i G\u00f2n Nh\u1eadu Pilsner - The Bottle Shop\",\"isPartOf\":{\"@id\":\"http:\/\/52.77.24.187\/#website\"},\"primaryImageOfPage\":{\"@id\":\"https:\/\/thebottleshop.vn\/vi\/san-pham\/bear-hops-sai-gon-nhau-pilsner\/#primaryimage\"},\"image\":{\"@id\":\"https:\/\/thebottleshop.vn\/vi\/san-pham\/bear-hops-sai-gon-nhau-pilsner\/#primaryimage\"},\"thumbnailUrl\":\"https:\/\/mlsrfcxkkbzg.i.optimole.com\/cb:JbP2.215d7\/w:auto\/h:auto\/q:mauto\/ig:avif\/https:\/\/thebottleshop.vn\/wp-content\/uploads\/2026\/01\/Bear-Hops-Sai-Gon-Nhau-Pilsner-CAN.png\",\"datePublished\":\"2026-02-03T04:03:38+00:00\",\"dateModified\":\"2026-02-03T04:15:38+00:00\",\"description\":\"Bear Hops S\u00e0i G\u00f2n Nh\u1eadu Pilsner c\u00f3 m\u00e0u v\u00e0ng \u00f3ng, trong su\u1ed1t. Bia \u0111\u01b0\u1ee3c \u1ee7 t\u1eeb hoa bia Ti\u1ec7p tr\u1ee9 danh h\u00f2a quy\u1ec7n c\u00f9ng \u0111\u1ea1i m\u1ea1ch \u0110\u1ee9c th\u01b0\u1ee3ng h\u1ea1ng.\",\"breadcrumb\":{\"@id\":\"https:\/\/thebottleshop.vn\/vi\/san-pham\/bear-hops-sai-gon-nhau-pilsner\/#breadcrumb\"},\"inLanguage\":\"vi-VN\",\"potentialAction\":[{\"@type\":\"ReadAction\",\"target\":[\"https:\/\/thebottleshop.vn\/vi\/san-pham\/bear-hops-sai-gon-nhau-pilsner\/\"]}]},{\"@type\":\"ImageObject\",\"inLanguage\":\"vi-VN\",\"@id\":\"https:\/\/thebottleshop.vn\/vi\/san-pham\/bear-hops-sai-gon-nhau-pilsner\/#primaryimage\",\"url\":\"https:\/\/mlsrfcxkkbzg.i.optimole.com\/cb:JbP2.215d7\/w:auto\/h:auto\/q:mauto\/ig:avif\/https:\/\/thebottleshop.vn\/wp-content\/uploads\/2026\/01\/Bear-Hops-Sai-Gon-Nhau-Pilsner-CAN.png\",\"contentUrl\":\"https:\/\/mlsrfcxkkbzg.i.optimole.com\/cb:JbP2.215d7\/w:auto\/h:auto\/q:mauto\/ig:avif\/https:\/\/thebottleshop.vn\/wp-content\/uploads\/2026\/01\/Bear-Hops-Sai-Gon-Nhau-Pilsner-CAN.png\",\"width\":1080,\"height\":1080,\"caption\":\"Bear Hops S\u00e0i G\u00f2n Nh\u1eadu Pilsner CAN\"},{\"@type\":\"BreadcrumbList\",\"@id\":\"https:\/\/thebottleshop.vn\/vi\/san-pham\/bear-hops-sai-gon-nhau-pilsner\/#breadcrumb\",\"itemListElement\":[{\"@type\":\"ListItem\",\"position\":1,\"name\":\"Home\",\"item\":\"http:\/\/52.77.24.187\/vi\/test-popup-vi\/\"},{\"@type\":\"ListItem\",\"position\":2,\"name\":\"C\u1eeda h\u00e0ng\",\"item\":\"http:\/\/52.77.24.187\/vi\/cua-hang\/\"},{\"@type\":\"ListItem\",\"position\":3,\"name\":\"Bear Hops S\u00e0i G\u00f2n Nh\u1eadu Pilsner\"}]},{\"@type\":\"WebSite\",\"@id\":\"http:\/\/52.77.24.187\/#website\",\"url\":\"http:\/\/52.77.24.187\/\",\"name\":\"The Bottle Shop\",\"description\":\"All beers are not created equal\",\"publisher\":{\"@id\":\"http:\/\/52.77.24.187\/#organization\"},\"potentialAction\":[{\"@type\":\"SearchAction\",\"target\":{\"@type\":\"EntryPoint\",\"urlTemplate\":\"http:\/\/52.77.24.187\/?s={search_term_string}\"},\"query-input\":{\"@type\":\"PropertyValueSpecification\",\"valueRequired\":true,\"valueName\":\"search_term_string\"}}],\"inLanguage\":\"vi-VN\"},{\"@type\":\"Organization\",\"@id\":\"http:\/\/52.77.24.187\/#organization\",\"name\":\"The Bottle Shop\",\"url\":\"http:\/\/52.77.24.187\/\",\"logo\":{\"@type\":\"ImageObject\",\"inLanguage\":\"vi-VN\",\"@id\":\"http:\/\/52.77.24.187\/#\/schema\/logo\/image\/\",\"url\":\"https:\/\/mlsrfcxkkbzg.i.optimole.com\/cb:JbP2.215d7\/w:auto\/h:auto\/q:mauto\/ig:avif\/https:\/\/thebottleshop.vn\/wp-content\/uploads\/2022\/10\/The-Bottle-Shop-Online-Logo.png\",\"contentUrl\":\"https:\/\/mlsrfcxkkbzg.i.optimole.com\/cb:JbP2.215d7\/w:auto\/h:auto\/q:mauto\/ig:avif\/https:\/\/thebottleshop.vn\/wp-content\/uploads\/2022\/10\/The-Bottle-Shop-Online-Logo.png\",\"width\":145,\"height\":147,\"caption\":\"The Bottle Shop\"},\"image\":{\"@id\":\"http:\/\/52.77.24.187\/#\/schema\/logo\/image\/\"},\"sameAs\":[\"https:\/\/www.facebook.com\/thebottleshopvietnam\",\"https:\/\/www.instagram.com\/thebottleshop_vietnam\/\"]}]}<\/script>\n<!-- \/ Yoast SEO plugin. -->","yoast_head_json":{"title":"Bear Hops S\u00e0i G\u00f2n Nh\u1eadu Pilsner - The Bottle Shop","description":"Bear Hops S\u00e0i G\u00f2n Nh\u1eadu Pilsner c\u00f3 m\u00e0u v\u00e0ng \u00f3ng, trong su\u1ed1t. Bia \u0111\u01b0\u1ee3c \u1ee7 t\u1eeb hoa bia Ti\u1ec7p tr\u1ee9 danh h\u00f2a quy\u1ec7n c\u00f9ng \u0111\u1ea1i m\u1ea1ch \u0110\u1ee9c th\u01b0\u1ee3ng h\u1ea1ng.","robots":{"index":"index","follow":"follow","max-snippet":"max-snippet:-1","max-image-preview":"max-image-preview:large","max-video-preview":"max-video-preview:-1"},"canonical":"https:\/\/thebottleshop.vn\/vi\/san-pham\/bear-hops-sai-gon-nhau-pilsner\/","og_locale":"vi_VN","og_type":"article","og_title":"Bear Hops S\u00e0i G\u00f2n Nh\u1eadu Pilsner - The Bottle Shop","og_description":"Bear Hops S\u00e0i G\u00f2n Nh\u1eadu Pilsner c\u00f3 m\u00e0u v\u00e0ng \u00f3ng, trong su\u1ed1t. Bia \u0111\u01b0\u1ee3c \u1ee7 t\u1eeb hoa bia Ti\u1ec7p tr\u1ee9 danh h\u00f2a quy\u1ec7n c\u00f9ng \u0111\u1ea1i m\u1ea1ch \u0110\u1ee9c th\u01b0\u1ee3ng h\u1ea1ng.","og_url":"https:\/\/thebottleshop.vn\/vi\/san-pham\/bear-hops-sai-gon-nhau-pilsner\/","og_site_name":"The Bottle Shop","article_publisher":"https:\/\/www.facebook.com\/thebottleshopvietnam","article_modified_time":"2026-02-03T04:15:38+00:00","og_image":[{"width":1080,"height":1080,"url":"https:\/\/mlsrfcxkkbzg.i.optimole.com\/cb:JbP2.215d7\/w:auto\/h:auto\/q:mauto\/ig:avif\/https:\/\/thebottleshop.vn\/wp-content\/uploads\/2026\/01\/Bear-Hops-Sai-Gon-Nhau-Pilsner-CAN.png","type":"image\/png"}],"twitter_card":"summary_large_image","twitter_misc":{"Est. reading time":"1 minute"},"schema":{"@context":"https:\/\/schema.org","@graph":[{"@type":"WebPage","@id":"https:\/\/thebottleshop.vn\/vi\/san-pham\/bear-hops-sai-gon-nhau-pilsner\/","url":"https:\/\/thebottleshop.vn\/vi\/san-pham\/bear-hops-sai-gon-nhau-pilsner\/","name":"Bear Hops S\u00e0i G\u00f2n Nh\u1eadu Pilsner - The Bottle Shop","isPartOf":{"@id":"http:\/\/52.77.24.187\/#website"},"primaryImageOfPage":{"@id":"https:\/\/thebottleshop.vn\/vi\/san-pham\/bear-hops-sai-gon-nhau-pilsner\/#primaryimage"},"image":{"@id":"https:\/\/thebottleshop.vn\/vi\/san-pham\/bear-hops-sai-gon-nhau-pilsner\/#primaryimage"},"thumbnailUrl":"https:\/\/mlsrfcxkkbzg.i.optimole.com\/cb:JbP2.215d7\/w:auto\/h:auto\/q:mauto\/ig:avif\/https:\/\/thebottleshop.vn\/wp-content\/uploads\/2026\/01\/Bear-Hops-Sai-Gon-Nhau-Pilsner-CAN.png","datePublished":"2026-02-03T04:03:38+00:00","dateModified":"2026-02-03T04:15:38+00:00","description":"Bear Hops S\u00e0i G\u00f2n Nh\u1eadu Pilsner c\u00f3 m\u00e0u v\u00e0ng \u00f3ng, trong su\u1ed1t. Bia \u0111\u01b0\u1ee3c \u1ee7 t\u1eeb hoa bia Ti\u1ec7p tr\u1ee9 danh h\u00f2a quy\u1ec7n c\u00f9ng \u0111\u1ea1i m\u1ea1ch \u0110\u1ee9c th\u01b0\u1ee3ng h\u1ea1ng.","breadcrumb":{"@id":"https:\/\/thebottleshop.vn\/vi\/san-pham\/bear-hops-sai-gon-nhau-pilsner\/#breadcrumb"},"inLanguage":"vi-VN","potentialAction":[{"@type":"ReadAction","target":["https:\/\/thebottleshop.vn\/vi\/san-pham\/bear-hops-sai-gon-nhau-pilsner\/"]}]},{"@type":"ImageObject","inLanguage":"vi-VN","@id":"https:\/\/thebottleshop.vn\/vi\/san-pham\/bear-hops-sai-gon-nhau-pilsner\/#primaryimage","url":"https:\/\/mlsrfcxkkbzg.i.optimole.com\/cb:JbP2.215d7\/w:auto\/h:auto\/q:mauto\/ig:avif\/https:\/\/thebottleshop.vn\/wp-content\/uploads\/2026\/01\/Bear-Hops-Sai-Gon-Nhau-Pilsner-CAN.png","contentUrl":"https:\/\/mlsrfcxkkbzg.i.optimole.com\/cb:JbP2.215d7\/w:auto\/h:auto\/q:mauto\/ig:avif\/https:\/\/thebottleshop.vn\/wp-content\/uploads\/2026\/01\/Bear-Hops-Sai-Gon-Nhau-Pilsner-CAN.png","width":1080,"height":1080,"caption":"Bear Hops S\u00e0i G\u00f2n Nh\u1eadu Pilsner CAN"},{"@type":"BreadcrumbList","@id":"https:\/\/thebottleshop.vn\/vi\/san-pham\/bear-hops-sai-gon-nhau-pilsner\/#breadcrumb","itemListElement":[{"@type":"ListItem","position":1,"name":"Home","item":"http:\/\/52.77.24.187\/vi\/test-popup-vi\/"},{"@type":"ListItem","position":2,"name":"C\u1eeda h\u00e0ng","item":"http:\/\/52.77.24.187\/vi\/cua-hang\/"},{"@type":"ListItem","position":3,"name":"Bear Hops S\u00e0i G\u00f2n Nh\u1eadu Pilsner"}]},{"@type":"WebSite","@id":"http:\/\/52.77.24.187\/#website","url":"http:\/\/52.77.24.187\/","name":"The Bottle Shop","description":"All beers are not created equal","publisher":{"@id":"http:\/\/52.77.24.187\/#organization"},"potentialAction":[{"@type":"SearchAction","target":{"@type":"EntryPoint","urlTemplate":"http:\/\/52.77.24.187\/?s={search_term_string}"},"query-input":{"@type":"PropertyValueSpecification","valueRequired":true,"valueName":"search_term_string"}}],"inLanguage":"vi-VN"},{"@type":"Organization","@id":"http:\/\/52.77.24.187\/#organization","name":"The Bottle Shop","url":"http:\/\/52.77.24.187\/","logo":{"@type":"ImageObject","inLanguage":"vi-VN","@id":"http:\/\/52.77.24.187\/#\/schema\/logo\/image\/","url":"https:\/\/mlsrfcxkkbzg.i.optimole.com\/cb:JbP2.215d7\/w:auto\/h:auto\/q:mauto\/ig:avif\/https:\/\/thebottleshop.vn\/wp-content\/uploads\/2022\/10\/The-Bottle-Shop-Online-Logo.png","contentUrl":"https:\/\/mlsrfcxkkbzg.i.optimole.com\/cb:JbP2.215d7\/w:auto\/h:auto\/q:mauto\/ig:avif\/https:\/\/thebottleshop.vn\/wp-content\/uploads\/2022\/10\/The-Bottle-Shop-Online-Logo.png","width":145,"height":147,"caption":"The Bottle Shop"},"image":{"@id":"http:\/\/52.77.24.187\/#\/schema\/logo\/image\/"},"sameAs":["https:\/\/www.facebook.com\/thebottleshopvietnam","https:\/\/www.instagram.com\/thebottleshop_vietnam\/"]}]}},"_links":{"self":[{"href":"https:\/\/thebottleshop.vn\/vi\/wp-json\/wp\/v2\/product\/22580","targetHints":{"allow":["GET"]}}],"collection":[{"href":"https:\/\/thebottleshop.vn\/vi\/wp-json\/wp\/v2\/product"}],"about":[{"href":"https:\/\/thebottleshop.vn\/vi\/wp-json\/wp\/v2\/types\/product"}],"replies":[{"embeddable":true,"href":"https:\/\/thebottleshop.vn\/vi\/wp-json\/wp\/v2\/comments?post=22580"}],"wp:featuredmedia":[{"embeddable":true,"href":"https:\/\/thebottleshop.vn\/vi\/wp-json\/wp\/v2\/media\/22532"}],"wp:attachment":[{"href":"https:\/\/thebottleshop.vn\/vi\/wp-json\/wp\/v2\/media?parent=22580"}],"wp:term":[{"taxonomy":"product_brand","embeddable":true,"href":"https:\/\/thebottleshop.vn\/vi\/wp-json\/wp\/v2\/product_brand?post=22580"},{"taxonomy":"product_cat","embeddable":true,"href":"https:\/\/thebottleshop.vn\/vi\/wp-json\/wp\/v2\/product_cat?post=22580"},{"taxonomy":"product_tag","embeddable":true,"href":"https:\/\/thebottleshop.vn\/vi\/wp-json\/wp\/v2\/product_tag?post=22580"}],"curies":[{"name":"wp","href":"https:\/\/api.w.org\/{rel}","templated":true}]}}