{"id":22582,"date":"2026-02-03T11:30:18","date_gmt":"2026-02-03T04:30:18","guid":{"rendered":"https:\/\/thebottleshop.vn\/product\/bear-hops-ruby-chill-hibiscus-red-ale\/"},"modified":"2026-02-03T11:37:12","modified_gmt":"2026-02-03T04:37:12","slug":"bear-hops-ruby-chill-hibiscus-red-ale","status":"publish","type":"product","link":"https:\/\/thebottleshop.vn\/vi\/san-pham\/bear-hops-ruby-chill-hibiscus-red-ale\/","title":{"rendered":"Bear Hops Ruby Chill Hibiscus Red Ale"},"content":{"rendered":"<p>Bear Hops Ruby Chill Hibiscus Red Ale. M\u1ed9t tr\u1ea3i nghi\u1ec7m s\u1ea3ng kho\u00e1i v\u1edbi v\u1ecb ng\u1ecdt nh\u1eb9, h\u01b0\u01a1ng tr\u00e1i c\u00e2y nhi\u1ec7t \u0111\u1edbi quy\u1ec7n c\u00f9ng hoa Atiso \u0110\u1ecf \u0110\u00e0 L\u1ea1t v\u00e0 hoa bia M\u1ef9 th\u01a1m n\u1ed3ng. \u0110\u1ed9c \u0111\u00e1o v\u00e0 kh\u00e1c bi\u1ec7t. <\/p>\n<p>\u2014\u2013<br \/>\nXem th\u01b0 vi\u1ec7n h\u00ecnh \u1ea3nh \u0111\u1ec3 bi\u1ebft th\u00eam th\u00f4ng tin chi ti\u1ebft v\u1ec1 ngu\u1ed3n g\u1ed1c, th\u00e0nh ph\u1ea7n v\u00e0 h\u01b0\u1edbng d\u1eabn s\u1eed d\u1ee5ng c\u1ee7a s\u1ea3n ph\u1ea9m.<\/p>\n","protected":false},"excerpt":{"rendered":"<p><strong>Nhi\u1ec7t \u0111\u1edbi, Th\u01a1m n\u1ed3ng, Chua d\u1ecbu 5.6%<\/strong><\/p>\n","protected":false},"featured_media":22528,"comment_status":"open","ping_status":"closed","template":"","meta":{"_acf_changed":false},"product_brand":[],"product_cat":[378,347,337,340,427,354,718,351,366,345,377,339,341,352,344],"product_tag":[],"class_list":{"0":"post-22582","1":"product","2":"type-product","3":"status-publish","4":"has-post-thumbnail","6":"product_cat-00-19","7":"product_cat-4-5-9","8":"product_cat-bia-va-cider","9":"product_cat-vietnam-hcmc","10":"product_cat-bia-do","11":"product_cat-75k-99k","12":"product_cat-bear-hops-brewing","13":"product_cat-dong-bia","14":"product_cat-nha-san-xuat","15":"product_cat-abv-vi","16":"product_cat-ibu","17":"product_cat-xuat-xu","18":"product_cat-dong-goi","19":"product_cat-gia","20":"product_cat-lon-330-ml","22":"first","23":"instock","24":"shipping-taxable","25":"purchasable","26":"product-type-simple","27":"add-to-wishlist-before_image"},"acf":[],"yoast_head":"<!-- This site is optimized with the Yoast SEO plugin v27.2 - https:\/\/yoast.com\/product\/yoast-seo-wordpress\/ -->\n<title>Bear Hops Ruby Chill Hibiscus Red Ale - The Bottle Shop<\/title>\n<meta name=\"description\" content=\"Bear Hops Ruby Chill Hibiscus Red Ale. M\u1ed9t tr\u1ea3i nghi\u1ec7m s\u1ea3ng kho\u00e1i v\u1edbi v\u1ecb ng\u1ecdt nh\u1eb9, h\u01b0\u01a1ng tr\u00e1i c\u00e2y nhi\u1ec7t \u0111\u1edbi quy\u1ec7n c\u00f9ng hoa Atiso \u0110\u1ecf \u0110\u00e0 L\u1ea1t v\u00e0 hoa bia M\u1ef9 th\u01a1m n\u1ed3ng.\" \/>\n<meta name=\"robots\" content=\"index, follow, max-snippet:-1, max-image-preview:large, max-video-preview:-1\" \/>\n<link rel=\"canonical\" href=\"https:\/\/thebottleshop.vn\/vi\/san-pham\/bear-hops-ruby-chill-hibiscus-red-ale\/\" \/>\n<meta property=\"og:locale\" content=\"vi_VN\" \/>\n<meta property=\"og:type\" content=\"article\" \/>\n<meta property=\"og:title\" content=\"Bear Hops Ruby Chill Hibiscus Red Ale - The Bottle Shop\" \/>\n<meta property=\"og:description\" content=\"Bear Hops Ruby Chill Hibiscus Red Ale. M\u1ed9t tr\u1ea3i nghi\u1ec7m s\u1ea3ng kho\u00e1i v\u1edbi v\u1ecb ng\u1ecdt nh\u1eb9, h\u01b0\u01a1ng tr\u00e1i c\u00e2y nhi\u1ec7t \u0111\u1edbi quy\u1ec7n c\u00f9ng hoa Atiso \u0110\u1ecf \u0110\u00e0 L\u1ea1t v\u00e0 hoa bia M\u1ef9 th\u01a1m n\u1ed3ng.\" \/>\n<meta property=\"og:url\" content=\"https:\/\/thebottleshop.vn\/vi\/san-pham\/bear-hops-ruby-chill-hibiscus-red-ale\/\" \/>\n<meta property=\"og:site_name\" content=\"The Bottle Shop\" \/>\n<meta property=\"article:publisher\" content=\"https:\/\/www.facebook.com\/thebottleshopvietnam\" \/>\n<meta property=\"article:modified_time\" content=\"2026-02-03T04:37:12+00:00\" \/>\n<meta property=\"og:image\" content=\"https:\/\/mlsrfcxkkbzg.i.optimole.com\/cb:JbP2.215d7\/w:auto\/h:auto\/q:mauto\/ig:avif\/https:\/\/thebottleshop.vn\/wp-content\/uploads\/2026\/01\/Bear-Hops-Ruby-Chill-Hibiscus-Ale-CAN.png\" \/>\n\t<meta property=\"og:image:width\" content=\"1080\" \/>\n\t<meta property=\"og:image:height\" content=\"1080\" \/>\n\t<meta property=\"og:image:type\" content=\"image\/png\" \/>\n<meta name=\"twitter:card\" content=\"summary_large_image\" \/>\n<script type=\"application\/ld+json\" class=\"yoast-schema-graph\">{\"@context\":\"https:\/\/schema.org\",\"@graph\":[{\"@type\":\"WebPage\",\"@id\":\"https:\/\/thebottleshop.vn\/vi\/san-pham\/bear-hops-ruby-chill-hibiscus-red-ale\/\",\"url\":\"https:\/\/thebottleshop.vn\/vi\/san-pham\/bear-hops-ruby-chill-hibiscus-red-ale\/\",\"name\":\"Bear Hops Ruby Chill Hibiscus Red Ale - The Bottle Shop\",\"isPartOf\":{\"@id\":\"http:\/\/52.77.24.187\/#website\"},\"primaryImageOfPage\":{\"@id\":\"https:\/\/thebottleshop.vn\/vi\/san-pham\/bear-hops-ruby-chill-hibiscus-red-ale\/#primaryimage\"},\"image\":{\"@id\":\"https:\/\/thebottleshop.vn\/vi\/san-pham\/bear-hops-ruby-chill-hibiscus-red-ale\/#primaryimage\"},\"thumbnailUrl\":\"https:\/\/mlsrfcxkkbzg.i.optimole.com\/cb:JbP2.215d7\/w:auto\/h:auto\/q:mauto\/ig:avif\/https:\/\/thebottleshop.vn\/wp-content\/uploads\/2026\/01\/Bear-Hops-Ruby-Chill-Hibiscus-Ale-CAN.png\",\"datePublished\":\"2026-02-03T04:30:18+00:00\",\"dateModified\":\"2026-02-03T04:37:12+00:00\",\"description\":\"Bear Hops Ruby Chill Hibiscus Red Ale. M\u1ed9t tr\u1ea3i nghi\u1ec7m s\u1ea3ng kho\u00e1i v\u1edbi v\u1ecb ng\u1ecdt nh\u1eb9, h\u01b0\u01a1ng tr\u00e1i c\u00e2y nhi\u1ec7t \u0111\u1edbi quy\u1ec7n c\u00f9ng hoa Atiso \u0110\u1ecf \u0110\u00e0 L\u1ea1t v\u00e0 hoa bia M\u1ef9 th\u01a1m n\u1ed3ng.\",\"breadcrumb\":{\"@id\":\"https:\/\/thebottleshop.vn\/vi\/san-pham\/bear-hops-ruby-chill-hibiscus-red-ale\/#breadcrumb\"},\"inLanguage\":\"vi-VN\",\"potentialAction\":[{\"@type\":\"ReadAction\",\"target\":[\"https:\/\/thebottleshop.vn\/vi\/san-pham\/bear-hops-ruby-chill-hibiscus-red-ale\/\"]}]},{\"@type\":\"ImageObject\",\"inLanguage\":\"vi-VN\",\"@id\":\"https:\/\/thebottleshop.vn\/vi\/san-pham\/bear-hops-ruby-chill-hibiscus-red-ale\/#primaryimage\",\"url\":\"https:\/\/mlsrfcxkkbzg.i.optimole.com\/cb:JbP2.215d7\/w:auto\/h:auto\/q:mauto\/ig:avif\/https:\/\/thebottleshop.vn\/wp-content\/uploads\/2026\/01\/Bear-Hops-Ruby-Chill-Hibiscus-Ale-CAN.png\",\"contentUrl\":\"https:\/\/mlsrfcxkkbzg.i.optimole.com\/cb:JbP2.215d7\/w:auto\/h:auto\/q:mauto\/ig:avif\/https:\/\/thebottleshop.vn\/wp-content\/uploads\/2026\/01\/Bear-Hops-Ruby-Chill-Hibiscus-Ale-CAN.png\",\"width\":1080,\"height\":1080,\"caption\":\"Bear Hops Ruby Chill Hibiscus Ale CAN\"},{\"@type\":\"BreadcrumbList\",\"@id\":\"https:\/\/thebottleshop.vn\/vi\/san-pham\/bear-hops-ruby-chill-hibiscus-red-ale\/#breadcrumb\",\"itemListElement\":[{\"@type\":\"ListItem\",\"position\":1,\"name\":\"Home\",\"item\":\"http:\/\/52.77.24.187\/vi\/test-popup-vi\/\"},{\"@type\":\"ListItem\",\"position\":2,\"name\":\"C\u1eeda h\u00e0ng\",\"item\":\"http:\/\/52.77.24.187\/vi\/cua-hang\/\"},{\"@type\":\"ListItem\",\"position\":3,\"name\":\"Bear Hops Ruby Chill Hibiscus Red Ale\"}]},{\"@type\":\"WebSite\",\"@id\":\"http:\/\/52.77.24.187\/#website\",\"url\":\"http:\/\/52.77.24.187\/\",\"name\":\"The Bottle Shop\",\"description\":\"All beers are not created equal\",\"publisher\":{\"@id\":\"http:\/\/52.77.24.187\/#organization\"},\"potentialAction\":[{\"@type\":\"SearchAction\",\"target\":{\"@type\":\"EntryPoint\",\"urlTemplate\":\"http:\/\/52.77.24.187\/?s={search_term_string}\"},\"query-input\":{\"@type\":\"PropertyValueSpecification\",\"valueRequired\":true,\"valueName\":\"search_term_string\"}}],\"inLanguage\":\"vi-VN\"},{\"@type\":\"Organization\",\"@id\":\"http:\/\/52.77.24.187\/#organization\",\"name\":\"The Bottle Shop\",\"url\":\"http:\/\/52.77.24.187\/\",\"logo\":{\"@type\":\"ImageObject\",\"inLanguage\":\"vi-VN\",\"@id\":\"http:\/\/52.77.24.187\/#\/schema\/logo\/image\/\",\"url\":\"https:\/\/mlsrfcxkkbzg.i.optimole.com\/cb:JbP2.215d7\/w:auto\/h:auto\/q:mauto\/ig:avif\/https:\/\/thebottleshop.vn\/wp-content\/uploads\/2022\/10\/The-Bottle-Shop-Online-Logo.png\",\"contentUrl\":\"https:\/\/mlsrfcxkkbzg.i.optimole.com\/cb:JbP2.215d7\/w:auto\/h:auto\/q:mauto\/ig:avif\/https:\/\/thebottleshop.vn\/wp-content\/uploads\/2022\/10\/The-Bottle-Shop-Online-Logo.png\",\"width\":145,\"height\":147,\"caption\":\"The Bottle Shop\"},\"image\":{\"@id\":\"http:\/\/52.77.24.187\/#\/schema\/logo\/image\/\"},\"sameAs\":[\"https:\/\/www.facebook.com\/thebottleshopvietnam\",\"https:\/\/www.instagram.com\/thebottleshop_vietnam\/\"]}]}<\/script>\n<!-- \/ Yoast SEO plugin. -->","yoast_head_json":{"title":"Bear Hops Ruby Chill Hibiscus Red Ale - The Bottle Shop","description":"Bear Hops Ruby Chill Hibiscus Red Ale. M\u1ed9t tr\u1ea3i nghi\u1ec7m s\u1ea3ng kho\u00e1i v\u1edbi v\u1ecb ng\u1ecdt nh\u1eb9, h\u01b0\u01a1ng tr\u00e1i c\u00e2y nhi\u1ec7t \u0111\u1edbi quy\u1ec7n c\u00f9ng hoa Atiso \u0110\u1ecf \u0110\u00e0 L\u1ea1t v\u00e0 hoa bia M\u1ef9 th\u01a1m n\u1ed3ng.","robots":{"index":"index","follow":"follow","max-snippet":"max-snippet:-1","max-image-preview":"max-image-preview:large","max-video-preview":"max-video-preview:-1"},"canonical":"https:\/\/thebottleshop.vn\/vi\/san-pham\/bear-hops-ruby-chill-hibiscus-red-ale\/","og_locale":"vi_VN","og_type":"article","og_title":"Bear Hops Ruby Chill Hibiscus Red Ale - The Bottle Shop","og_description":"Bear Hops Ruby Chill Hibiscus Red Ale. M\u1ed9t tr\u1ea3i nghi\u1ec7m s\u1ea3ng kho\u00e1i v\u1edbi v\u1ecb ng\u1ecdt nh\u1eb9, h\u01b0\u01a1ng tr\u00e1i c\u00e2y nhi\u1ec7t \u0111\u1edbi quy\u1ec7n c\u00f9ng hoa Atiso \u0110\u1ecf \u0110\u00e0 L\u1ea1t v\u00e0 hoa bia M\u1ef9 th\u01a1m n\u1ed3ng.","og_url":"https:\/\/thebottleshop.vn\/vi\/san-pham\/bear-hops-ruby-chill-hibiscus-red-ale\/","og_site_name":"The Bottle Shop","article_publisher":"https:\/\/www.facebook.com\/thebottleshopvietnam","article_modified_time":"2026-02-03T04:37:12+00:00","og_image":[{"width":1080,"height":1080,"url":"https:\/\/mlsrfcxkkbzg.i.optimole.com\/cb:JbP2.215d7\/w:auto\/h:auto\/q:mauto\/ig:avif\/https:\/\/thebottleshop.vn\/wp-content\/uploads\/2026\/01\/Bear-Hops-Ruby-Chill-Hibiscus-Ale-CAN.png","type":"image\/png"}],"twitter_card":"summary_large_image","schema":{"@context":"https:\/\/schema.org","@graph":[{"@type":"WebPage","@id":"https:\/\/thebottleshop.vn\/vi\/san-pham\/bear-hops-ruby-chill-hibiscus-red-ale\/","url":"https:\/\/thebottleshop.vn\/vi\/san-pham\/bear-hops-ruby-chill-hibiscus-red-ale\/","name":"Bear Hops Ruby Chill Hibiscus Red Ale - The Bottle Shop","isPartOf":{"@id":"http:\/\/52.77.24.187\/#website"},"primaryImageOfPage":{"@id":"https:\/\/thebottleshop.vn\/vi\/san-pham\/bear-hops-ruby-chill-hibiscus-red-ale\/#primaryimage"},"image":{"@id":"https:\/\/thebottleshop.vn\/vi\/san-pham\/bear-hops-ruby-chill-hibiscus-red-ale\/#primaryimage"},"thumbnailUrl":"https:\/\/mlsrfcxkkbzg.i.optimole.com\/cb:JbP2.215d7\/w:auto\/h:auto\/q:mauto\/ig:avif\/https:\/\/thebottleshop.vn\/wp-content\/uploads\/2026\/01\/Bear-Hops-Ruby-Chill-Hibiscus-Ale-CAN.png","datePublished":"2026-02-03T04:30:18+00:00","dateModified":"2026-02-03T04:37:12+00:00","description":"Bear Hops Ruby Chill Hibiscus Red Ale. M\u1ed9t tr\u1ea3i nghi\u1ec7m s\u1ea3ng kho\u00e1i v\u1edbi v\u1ecb ng\u1ecdt nh\u1eb9, h\u01b0\u01a1ng tr\u00e1i c\u00e2y nhi\u1ec7t \u0111\u1edbi quy\u1ec7n c\u00f9ng hoa Atiso \u0110\u1ecf \u0110\u00e0 L\u1ea1t v\u00e0 hoa bia M\u1ef9 th\u01a1m n\u1ed3ng.","breadcrumb":{"@id":"https:\/\/thebottleshop.vn\/vi\/san-pham\/bear-hops-ruby-chill-hibiscus-red-ale\/#breadcrumb"},"inLanguage":"vi-VN","potentialAction":[{"@type":"ReadAction","target":["https:\/\/thebottleshop.vn\/vi\/san-pham\/bear-hops-ruby-chill-hibiscus-red-ale\/"]}]},{"@type":"ImageObject","inLanguage":"vi-VN","@id":"https:\/\/thebottleshop.vn\/vi\/san-pham\/bear-hops-ruby-chill-hibiscus-red-ale\/#primaryimage","url":"https:\/\/mlsrfcxkkbzg.i.optimole.com\/cb:JbP2.215d7\/w:auto\/h:auto\/q:mauto\/ig:avif\/https:\/\/thebottleshop.vn\/wp-content\/uploads\/2026\/01\/Bear-Hops-Ruby-Chill-Hibiscus-Ale-CAN.png","contentUrl":"https:\/\/mlsrfcxkkbzg.i.optimole.com\/cb:JbP2.215d7\/w:auto\/h:auto\/q:mauto\/ig:avif\/https:\/\/thebottleshop.vn\/wp-content\/uploads\/2026\/01\/Bear-Hops-Ruby-Chill-Hibiscus-Ale-CAN.png","width":1080,"height":1080,"caption":"Bear Hops Ruby Chill Hibiscus Ale CAN"},{"@type":"BreadcrumbList","@id":"https:\/\/thebottleshop.vn\/vi\/san-pham\/bear-hops-ruby-chill-hibiscus-red-ale\/#breadcrumb","itemListElement":[{"@type":"ListItem","position":1,"name":"Home","item":"http:\/\/52.77.24.187\/vi\/test-popup-vi\/"},{"@type":"ListItem","position":2,"name":"C\u1eeda h\u00e0ng","item":"http:\/\/52.77.24.187\/vi\/cua-hang\/"},{"@type":"ListItem","position":3,"name":"Bear Hops Ruby Chill Hibiscus Red Ale"}]},{"@type":"WebSite","@id":"http:\/\/52.77.24.187\/#website","url":"http:\/\/52.77.24.187\/","name":"The Bottle Shop","description":"All beers are not created equal","publisher":{"@id":"http:\/\/52.77.24.187\/#organization"},"potentialAction":[{"@type":"SearchAction","target":{"@type":"EntryPoint","urlTemplate":"http:\/\/52.77.24.187\/?s={search_term_string}"},"query-input":{"@type":"PropertyValueSpecification","valueRequired":true,"valueName":"search_term_string"}}],"inLanguage":"vi-VN"},{"@type":"Organization","@id":"http:\/\/52.77.24.187\/#organization","name":"The Bottle Shop","url":"http:\/\/52.77.24.187\/","logo":{"@type":"ImageObject","inLanguage":"vi-VN","@id":"http:\/\/52.77.24.187\/#\/schema\/logo\/image\/","url":"https:\/\/mlsrfcxkkbzg.i.optimole.com\/cb:JbP2.215d7\/w:auto\/h:auto\/q:mauto\/ig:avif\/https:\/\/thebottleshop.vn\/wp-content\/uploads\/2022\/10\/The-Bottle-Shop-Online-Logo.png","contentUrl":"https:\/\/mlsrfcxkkbzg.i.optimole.com\/cb:JbP2.215d7\/w:auto\/h:auto\/q:mauto\/ig:avif\/https:\/\/thebottleshop.vn\/wp-content\/uploads\/2022\/10\/The-Bottle-Shop-Online-Logo.png","width":145,"height":147,"caption":"The Bottle Shop"},"image":{"@id":"http:\/\/52.77.24.187\/#\/schema\/logo\/image\/"},"sameAs":["https:\/\/www.facebook.com\/thebottleshopvietnam","https:\/\/www.instagram.com\/thebottleshop_vietnam\/"]}]}},"_links":{"self":[{"href":"https:\/\/thebottleshop.vn\/vi\/wp-json\/wp\/v2\/product\/22582","targetHints":{"allow":["GET"]}}],"collection":[{"href":"https:\/\/thebottleshop.vn\/vi\/wp-json\/wp\/v2\/product"}],"about":[{"href":"https:\/\/thebottleshop.vn\/vi\/wp-json\/wp\/v2\/types\/product"}],"replies":[{"embeddable":true,"href":"https:\/\/thebottleshop.vn\/vi\/wp-json\/wp\/v2\/comments?post=22582"}],"wp:featuredmedia":[{"embeddable":true,"href":"https:\/\/thebottleshop.vn\/vi\/wp-json\/wp\/v2\/media\/22528"}],"wp:attachment":[{"href":"https:\/\/thebottleshop.vn\/vi\/wp-json\/wp\/v2\/media?parent=22582"}],"wp:term":[{"taxonomy":"product_brand","embeddable":true,"href":"https:\/\/thebottleshop.vn\/vi\/wp-json\/wp\/v2\/product_brand?post=22582"},{"taxonomy":"product_cat","embeddable":true,"href":"https:\/\/thebottleshop.vn\/vi\/wp-json\/wp\/v2\/product_cat?post=22582"},{"taxonomy":"product_tag","embeddable":true,"href":"https:\/\/thebottleshop.vn\/vi\/wp-json\/wp\/v2\/product_tag?post=22582"}],"curies":[{"name":"wp","href":"https:\/\/api.w.org\/{rel}","templated":true}]}}