{"id":22585,"date":"2026-02-04T10:03:55","date_gmt":"2026-02-04T03:03:55","guid":{"rendered":"https:\/\/thebottleshop.vn\/product\/bear-hops-sunshine-bliss-pale-ale\/"},"modified":"2026-02-04T10:06:56","modified_gmt":"2026-02-04T03:06:56","slug":"bear-hops-sunshine-bliss-pale-ale","status":"publish","type":"product","link":"https:\/\/thebottleshop.vn\/vi\/san-pham\/bear-hops-sunshine-bliss-pale-ale\/","title":{"rendered":"Bear Hops Sunshine Bliss Pale Ale"},"content":{"rendered":"<p>Bear Hops Sunshine Bliss Pale Ale. S\u1eafc v\u00e0ng \u00f3ng \u1ea3, quy\u1ebfn r\u0169 \u00e1nh nh\u00ecn ngay t\u1eeb \u0111\u1ea7u. H\u01b0\u01a1ng th\u01a1m ng\u1ecdt ng\u00e0o c\u1ee7a hoa bia bung t\u1ecfa, g\u1ee3i nh\u1edb v\u1ecb xo\u00e0i ch\u00edn v\u00e0 cam t\u01b0\u01a1i m\u00e1t v\u00f9ng nhi\u1ec7t \u0111\u1edbi. V\u1ecb bia c\u00e2n b\u1eb1ng gi\u1eefa n\u1ed3ng \u0111\u1ed9 c\u1ed3n v\u00e0 \u0111\u1ed9 \u0111\u1eafng, d\u1ec5 u\u1ed1ng nh\u01b0ng v\u1eabn \u0111\u1ec3 l\u1ea1i h\u1eadu v\u1ecb \u00eam d\u1ecbu, tinh t\u1ebf v\u00e0 kh\u00f3 qu\u00ean.   <\/p>\n<p>\u2014\u2013<br \/>\nXem th\u01b0 vi\u1ec7n h\u00ecnh \u1ea3nh \u0111\u1ec3 bi\u1ebft th\u00eam th\u00f4ng tin chi ti\u1ebft v\u1ec1 ngu\u1ed3n g\u1ed1c, th\u00e0nh ph\u1ea7n v\u00e0 h\u01b0\u1edbng d\u1eabn s\u1eed d\u1ee5ng c\u1ee7a s\u1ea3n ph\u1ea9m.<\/p>\n","protected":false},"excerpt":{"rendered":"<p><strong>Nhi\u1ec7t \u0111\u1edbi, \u00cam d\u1ecbu, C\u00e2n b\u1eb1ng 5.6%<\/strong><\/p>\n","protected":false},"featured_media":22595,"comment_status":"open","ping_status":"closed","template":"","meta":{"_acf_changed":false},"product_brand":[],"product_cat":[378,337,340,347,354,718,351,366,345,377,339,341,352,358,344],"product_tag":[],"class_list":{"0":"post-22585","1":"product","2":"type-product","3":"status-publish","4":"has-post-thumbnail","6":"product_cat-00-19","7":"product_cat-bia-va-cider","8":"product_cat-vietnam-hcmc","9":"product_cat-4-5-9","10":"product_cat-75k-99k","11":"product_cat-bear-hops-brewing","12":"product_cat-dong-bia","13":"product_cat-nha-san-xuat","14":"product_cat-abv-vi","15":"product_cat-ibu","16":"product_cat-xuat-xu","17":"product_cat-dong-goi","18":"product_cat-gia","19":"product_cat-pale-ale","20":"product_cat-lon-330-ml","22":"first","23":"outofstock","24":"shipping-taxable","25":"purchasable","26":"product-type-simple","27":"add-to-wishlist-before_image"},"acf":[],"yoast_head":"<!-- This site is optimized with the Yoast SEO plugin v27.2 - https:\/\/yoast.com\/product\/yoast-seo-wordpress\/ -->\n<title>Bear Hops Sunshine Bliss Pale Ale - The Bottle Shop<\/title>\n<meta name=\"description\" content=\"Bear Hops Sunshine Bliss Pale Ale. S\u1eafc v\u00e0ng \u00f3ng \u1ea3, quy\u1ebfn r\u0169 \u00e1nh nh\u00ecn ngay t\u1eeb \u0111\u1ea7u. H\u01b0\u01a1ng th\u01a1m ng\u1ecdt ng\u00e0o c\u1ee7a hoa bia bung t\u1ecfa.\" \/>\n<meta name=\"robots\" content=\"index, follow, max-snippet:-1, max-image-preview:large, max-video-preview:-1\" \/>\n<link rel=\"canonical\" href=\"https:\/\/thebottleshop.vn\/vi\/san-pham\/bear-hops-sunshine-bliss-pale-ale\/\" \/>\n<meta property=\"og:locale\" content=\"vi_VN\" \/>\n<meta property=\"og:type\" content=\"article\" \/>\n<meta property=\"og:title\" content=\"Bear Hops Sunshine Bliss Pale Ale - The Bottle Shop\" \/>\n<meta property=\"og:description\" content=\"Bear Hops Sunshine Bliss Pale Ale. S\u1eafc v\u00e0ng \u00f3ng \u1ea3, quy\u1ebfn r\u0169 \u00e1nh nh\u00ecn ngay t\u1eeb \u0111\u1ea7u. H\u01b0\u01a1ng th\u01a1m ng\u1ecdt ng\u00e0o c\u1ee7a hoa bia bung t\u1ecfa.\" \/>\n<meta property=\"og:url\" content=\"https:\/\/thebottleshop.vn\/vi\/san-pham\/bear-hops-sunshine-bliss-pale-ale\/\" \/>\n<meta property=\"og:site_name\" content=\"The Bottle Shop\" \/>\n<meta property=\"article:publisher\" content=\"https:\/\/www.facebook.com\/thebottleshopvietnam\" \/>\n<meta property=\"article:modified_time\" content=\"2026-02-04T03:06:56+00:00\" \/>\n<meta name=\"twitter:card\" content=\"summary_large_image\" \/>\n<meta name=\"twitter:label1\" content=\"Est. reading time\" \/>\n\t<meta name=\"twitter:data1\" content=\"1 minute\" \/>\n<script type=\"application\/ld+json\" class=\"yoast-schema-graph\">{\"@context\":\"https:\/\/schema.org\",\"@graph\":[{\"@type\":\"WebPage\",\"@id\":\"https:\/\/thebottleshop.vn\/vi\/san-pham\/bear-hops-sunshine-bliss-pale-ale\/\",\"url\":\"https:\/\/thebottleshop.vn\/vi\/san-pham\/bear-hops-sunshine-bliss-pale-ale\/\",\"name\":\"Bear Hops Sunshine Bliss Pale Ale - The Bottle Shop\",\"isPartOf\":{\"@id\":\"http:\/\/52.77.24.187\/#website\"},\"primaryImageOfPage\":{\"@id\":\"https:\/\/thebottleshop.vn\/vi\/san-pham\/bear-hops-sunshine-bliss-pale-ale\/#primaryimage\"},\"image\":{\"@id\":\"https:\/\/thebottleshop.vn\/vi\/san-pham\/bear-hops-sunshine-bliss-pale-ale\/#primaryimage\"},\"thumbnailUrl\":\"https:\/\/mlsrfcxkkbzg.i.optimole.com\/cb:JbP2.215d7\/w:auto\/h:auto\/q:mauto\/ig:avif\/https:\/\/thebottleshop.vn\/wp-content\/uploads\/2026\/02\/Bear-Hops-Sunshine-Bliss-Pale-Ale.png\",\"datePublished\":\"2026-02-04T03:03:55+00:00\",\"dateModified\":\"2026-02-04T03:06:56+00:00\",\"description\":\"Bear Hops Sunshine Bliss Pale Ale. S\u1eafc v\u00e0ng \u00f3ng \u1ea3, quy\u1ebfn r\u0169 \u00e1nh nh\u00ecn ngay t\u1eeb \u0111\u1ea7u. H\u01b0\u01a1ng th\u01a1m ng\u1ecdt ng\u00e0o c\u1ee7a hoa bia bung t\u1ecfa.\",\"breadcrumb\":{\"@id\":\"https:\/\/thebottleshop.vn\/vi\/san-pham\/bear-hops-sunshine-bliss-pale-ale\/#breadcrumb\"},\"inLanguage\":\"vi-VN\",\"potentialAction\":[{\"@type\":\"ReadAction\",\"target\":[\"https:\/\/thebottleshop.vn\/vi\/san-pham\/bear-hops-sunshine-bliss-pale-ale\/\"]}]},{\"@type\":\"ImageObject\",\"inLanguage\":\"vi-VN\",\"@id\":\"https:\/\/thebottleshop.vn\/vi\/san-pham\/bear-hops-sunshine-bliss-pale-ale\/#primaryimage\",\"url\":\"https:\/\/mlsrfcxkkbzg.i.optimole.com\/cb:JbP2.215d7\/w:auto\/h:auto\/q:mauto\/ig:avif\/https:\/\/thebottleshop.vn\/wp-content\/uploads\/2026\/02\/Bear-Hops-Sunshine-Bliss-Pale-Ale.png\",\"contentUrl\":\"https:\/\/mlsrfcxkkbzg.i.optimole.com\/cb:JbP2.215d7\/w:auto\/h:auto\/q:mauto\/ig:avif\/https:\/\/thebottleshop.vn\/wp-content\/uploads\/2026\/02\/Bear-Hops-Sunshine-Bliss-Pale-Ale.png\",\"width\":1080,\"height\":1080,\"caption\":\"Bear Hops Sunshine Bliss Pale Ale\"},{\"@type\":\"BreadcrumbList\",\"@id\":\"https:\/\/thebottleshop.vn\/vi\/san-pham\/bear-hops-sunshine-bliss-pale-ale\/#breadcrumb\",\"itemListElement\":[{\"@type\":\"ListItem\",\"position\":1,\"name\":\"Home\",\"item\":\"http:\/\/52.77.24.187\/vi\/test-popup-vi\/\"},{\"@type\":\"ListItem\",\"position\":2,\"name\":\"C\u1eeda h\u00e0ng\",\"item\":\"http:\/\/52.77.24.187\/vi\/cua-hang\/\"},{\"@type\":\"ListItem\",\"position\":3,\"name\":\"Bear Hops Sunshine Bliss Pale Ale\"}]},{\"@type\":\"WebSite\",\"@id\":\"http:\/\/52.77.24.187\/#website\",\"url\":\"http:\/\/52.77.24.187\/\",\"name\":\"The Bottle Shop\",\"description\":\"All beers are not created equal\",\"publisher\":{\"@id\":\"http:\/\/52.77.24.187\/#organization\"},\"potentialAction\":[{\"@type\":\"SearchAction\",\"target\":{\"@type\":\"EntryPoint\",\"urlTemplate\":\"http:\/\/52.77.24.187\/?s={search_term_string}\"},\"query-input\":{\"@type\":\"PropertyValueSpecification\",\"valueRequired\":true,\"valueName\":\"search_term_string\"}}],\"inLanguage\":\"vi-VN\"},{\"@type\":\"Organization\",\"@id\":\"http:\/\/52.77.24.187\/#organization\",\"name\":\"The Bottle Shop\",\"url\":\"http:\/\/52.77.24.187\/\",\"logo\":{\"@type\":\"ImageObject\",\"inLanguage\":\"vi-VN\",\"@id\":\"http:\/\/52.77.24.187\/#\/schema\/logo\/image\/\",\"url\":\"https:\/\/mlsrfcxkkbzg.i.optimole.com\/cb:JbP2.215d7\/w:auto\/h:auto\/q:mauto\/ig:avif\/https:\/\/thebottleshop.vn\/wp-content\/uploads\/2022\/10\/The-Bottle-Shop-Online-Logo.png\",\"contentUrl\":\"https:\/\/mlsrfcxkkbzg.i.optimole.com\/cb:JbP2.215d7\/w:auto\/h:auto\/q:mauto\/ig:avif\/https:\/\/thebottleshop.vn\/wp-content\/uploads\/2022\/10\/The-Bottle-Shop-Online-Logo.png\",\"width\":145,\"height\":147,\"caption\":\"The Bottle Shop\"},\"image\":{\"@id\":\"http:\/\/52.77.24.187\/#\/schema\/logo\/image\/\"},\"sameAs\":[\"https:\/\/www.facebook.com\/thebottleshopvietnam\",\"https:\/\/www.instagram.com\/thebottleshop_vietnam\/\"]}]}<\/script>\n<!-- \/ Yoast SEO plugin. -->","yoast_head_json":{"title":"Bear Hops Sunshine Bliss Pale Ale - The Bottle Shop","description":"Bear Hops Sunshine Bliss Pale Ale. S\u1eafc v\u00e0ng \u00f3ng \u1ea3, quy\u1ebfn r\u0169 \u00e1nh nh\u00ecn ngay t\u1eeb \u0111\u1ea7u. H\u01b0\u01a1ng th\u01a1m ng\u1ecdt ng\u00e0o c\u1ee7a hoa bia bung t\u1ecfa.","robots":{"index":"index","follow":"follow","max-snippet":"max-snippet:-1","max-image-preview":"max-image-preview:large","max-video-preview":"max-video-preview:-1"},"canonical":"https:\/\/thebottleshop.vn\/vi\/san-pham\/bear-hops-sunshine-bliss-pale-ale\/","og_locale":"vi_VN","og_type":"article","og_title":"Bear Hops Sunshine Bliss Pale Ale - The Bottle Shop","og_description":"Bear Hops Sunshine Bliss Pale Ale. S\u1eafc v\u00e0ng \u00f3ng \u1ea3, quy\u1ebfn r\u0169 \u00e1nh nh\u00ecn ngay t\u1eeb \u0111\u1ea7u. H\u01b0\u01a1ng th\u01a1m ng\u1ecdt ng\u00e0o c\u1ee7a hoa bia bung t\u1ecfa.","og_url":"https:\/\/thebottleshop.vn\/vi\/san-pham\/bear-hops-sunshine-bliss-pale-ale\/","og_site_name":"The Bottle Shop","article_publisher":"https:\/\/www.facebook.com\/thebottleshopvietnam","article_modified_time":"2026-02-04T03:06:56+00:00","twitter_card":"summary_large_image","twitter_misc":{"Est. reading time":"1 minute"},"schema":{"@context":"https:\/\/schema.org","@graph":[{"@type":"WebPage","@id":"https:\/\/thebottleshop.vn\/vi\/san-pham\/bear-hops-sunshine-bliss-pale-ale\/","url":"https:\/\/thebottleshop.vn\/vi\/san-pham\/bear-hops-sunshine-bliss-pale-ale\/","name":"Bear Hops Sunshine Bliss Pale Ale - The Bottle Shop","isPartOf":{"@id":"http:\/\/52.77.24.187\/#website"},"primaryImageOfPage":{"@id":"https:\/\/thebottleshop.vn\/vi\/san-pham\/bear-hops-sunshine-bliss-pale-ale\/#primaryimage"},"image":{"@id":"https:\/\/thebottleshop.vn\/vi\/san-pham\/bear-hops-sunshine-bliss-pale-ale\/#primaryimage"},"thumbnailUrl":"https:\/\/mlsrfcxkkbzg.i.optimole.com\/cb:JbP2.215d7\/w:auto\/h:auto\/q:mauto\/ig:avif\/https:\/\/thebottleshop.vn\/wp-content\/uploads\/2026\/02\/Bear-Hops-Sunshine-Bliss-Pale-Ale.png","datePublished":"2026-02-04T03:03:55+00:00","dateModified":"2026-02-04T03:06:56+00:00","description":"Bear Hops Sunshine Bliss Pale Ale. S\u1eafc v\u00e0ng \u00f3ng \u1ea3, quy\u1ebfn r\u0169 \u00e1nh nh\u00ecn ngay t\u1eeb \u0111\u1ea7u. H\u01b0\u01a1ng th\u01a1m ng\u1ecdt ng\u00e0o c\u1ee7a hoa bia bung t\u1ecfa.","breadcrumb":{"@id":"https:\/\/thebottleshop.vn\/vi\/san-pham\/bear-hops-sunshine-bliss-pale-ale\/#breadcrumb"},"inLanguage":"vi-VN","potentialAction":[{"@type":"ReadAction","target":["https:\/\/thebottleshop.vn\/vi\/san-pham\/bear-hops-sunshine-bliss-pale-ale\/"]}]},{"@type":"ImageObject","inLanguage":"vi-VN","@id":"https:\/\/thebottleshop.vn\/vi\/san-pham\/bear-hops-sunshine-bliss-pale-ale\/#primaryimage","url":"https:\/\/mlsrfcxkkbzg.i.optimole.com\/cb:JbP2.215d7\/w:auto\/h:auto\/q:mauto\/ig:avif\/https:\/\/thebottleshop.vn\/wp-content\/uploads\/2026\/02\/Bear-Hops-Sunshine-Bliss-Pale-Ale.png","contentUrl":"https:\/\/mlsrfcxkkbzg.i.optimole.com\/cb:JbP2.215d7\/w:auto\/h:auto\/q:mauto\/ig:avif\/https:\/\/thebottleshop.vn\/wp-content\/uploads\/2026\/02\/Bear-Hops-Sunshine-Bliss-Pale-Ale.png","width":1080,"height":1080,"caption":"Bear Hops Sunshine Bliss Pale Ale"},{"@type":"BreadcrumbList","@id":"https:\/\/thebottleshop.vn\/vi\/san-pham\/bear-hops-sunshine-bliss-pale-ale\/#breadcrumb","itemListElement":[{"@type":"ListItem","position":1,"name":"Home","item":"http:\/\/52.77.24.187\/vi\/test-popup-vi\/"},{"@type":"ListItem","position":2,"name":"C\u1eeda h\u00e0ng","item":"http:\/\/52.77.24.187\/vi\/cua-hang\/"},{"@type":"ListItem","position":3,"name":"Bear Hops Sunshine Bliss Pale Ale"}]},{"@type":"WebSite","@id":"http:\/\/52.77.24.187\/#website","url":"http:\/\/52.77.24.187\/","name":"The Bottle Shop","description":"All beers are not created equal","publisher":{"@id":"http:\/\/52.77.24.187\/#organization"},"potentialAction":[{"@type":"SearchAction","target":{"@type":"EntryPoint","urlTemplate":"http:\/\/52.77.24.187\/?s={search_term_string}"},"query-input":{"@type":"PropertyValueSpecification","valueRequired":true,"valueName":"search_term_string"}}],"inLanguage":"vi-VN"},{"@type":"Organization","@id":"http:\/\/52.77.24.187\/#organization","name":"The Bottle Shop","url":"http:\/\/52.77.24.187\/","logo":{"@type":"ImageObject","inLanguage":"vi-VN","@id":"http:\/\/52.77.24.187\/#\/schema\/logo\/image\/","url":"https:\/\/mlsrfcxkkbzg.i.optimole.com\/cb:JbP2.215d7\/w:auto\/h:auto\/q:mauto\/ig:avif\/https:\/\/thebottleshop.vn\/wp-content\/uploads\/2022\/10\/The-Bottle-Shop-Online-Logo.png","contentUrl":"https:\/\/mlsrfcxkkbzg.i.optimole.com\/cb:JbP2.215d7\/w:auto\/h:auto\/q:mauto\/ig:avif\/https:\/\/thebottleshop.vn\/wp-content\/uploads\/2022\/10\/The-Bottle-Shop-Online-Logo.png","width":145,"height":147,"caption":"The Bottle Shop"},"image":{"@id":"http:\/\/52.77.24.187\/#\/schema\/logo\/image\/"},"sameAs":["https:\/\/www.facebook.com\/thebottleshopvietnam","https:\/\/www.instagram.com\/thebottleshop_vietnam\/"]}]}},"_links":{"self":[{"href":"https:\/\/thebottleshop.vn\/vi\/wp-json\/wp\/v2\/product\/22585","targetHints":{"allow":["GET"]}}],"collection":[{"href":"https:\/\/thebottleshop.vn\/vi\/wp-json\/wp\/v2\/product"}],"about":[{"href":"https:\/\/thebottleshop.vn\/vi\/wp-json\/wp\/v2\/types\/product"}],"replies":[{"embeddable":true,"href":"https:\/\/thebottleshop.vn\/vi\/wp-json\/wp\/v2\/comments?post=22585"}],"wp:featuredmedia":[{"embeddable":true,"href":"https:\/\/thebottleshop.vn\/vi\/wp-json\/wp\/v2\/media\/22595"}],"wp:attachment":[{"href":"https:\/\/thebottleshop.vn\/vi\/wp-json\/wp\/v2\/media?parent=22585"}],"wp:term":[{"taxonomy":"product_brand","embeddable":true,"href":"https:\/\/thebottleshop.vn\/vi\/wp-json\/wp\/v2\/product_brand?post=22585"},{"taxonomy":"product_cat","embeddable":true,"href":"https:\/\/thebottleshop.vn\/vi\/wp-json\/wp\/v2\/product_cat?post=22585"},{"taxonomy":"product_tag","embeddable":true,"href":"https:\/\/thebottleshop.vn\/vi\/wp-json\/wp\/v2\/product_tag?post=22585"}],"curies":[{"name":"wp","href":"https:\/\/api.w.org\/{rel}","templated":true}]}}