{"id":22656,"date":"2026-03-05T17:43:46","date_gmt":"2026-03-05T10:43:46","guid":{"rendered":"https:\/\/thebottleshop.vn\/product\/c-brewmaster-bia-0\/"},"modified":"2026-03-05T17:48:51","modified_gmt":"2026-03-05T10:48:51","slug":"c-brewmaster-bia-0","status":"publish","type":"product","link":"https:\/\/thebottleshop.vn\/vi\/san-pham\/c-brewmaster-bia-0\/","title":{"rendered":"C-brewmaster Bia 0%"},"content":{"rendered":"<p>C-brewmaster Bia 0% \u0111\u01b0\u1ee3c s\u1ea3n xu\u1ea5t t\u1eeb m\u1ea1ch nha s\u00e1ng m\u00e0u t\u1eeb l\u00faa m\u00ec, l\u00faa m\u1ea1ch. B\u1eb1ng ph\u01b0\u01a1ng ph\u00e1p truy\u1ec1n th\u1ed1ng cho ra \u0111\u1eddi lo\u1ea1i bia s\u00e1ng m\u00e0u, d\u1ec5 u\u1ed1ng nh\u01b0ng c\u00f3 h\u00e0m l\u01b0\u1ee3ng c\u1ed3n c\u1ef1c th\u1ea5p. Bia d\u00e0nh cho nh\u1eefng ai mu\u1ed1n th\u01b0\u1edfng th\u1ee9c v\u1ecb bia m\u00e0 kh\u00f4ng ph\u1ea3i lo l\u1eafng v\u1ec1 \u0111\u1ed9 c\u1ed3n.  <\/p>\n<p>\u2014\u2013<br \/>\nXem th\u01b0 vi\u1ec7n h\u00ecnh \u1ea3nh \u0111\u1ec3 bi\u1ebft th\u00eam th\u00f4ng tin chi ti\u1ebft v\u1ec1 ngu\u1ed3n g\u1ed1c, th\u00e0nh ph\u1ea7n v\u00e0 h\u01b0\u1edbng d\u1eabn s\u1eed d\u1ee5ng c\u1ee7a s\u1ea3n ph\u1ea9m.<\/p>\n","protected":false},"excerpt":{"rendered":"<p><strong>Nh\u1eb9 nh\u00e0ng, D\u1ec5 u\u1ed1ng, Gi\u1ea3m ABV 0.4%<\/strong><\/p>\n","protected":false},"featured_media":22629,"comment_status":"open","ping_status":"closed","template":"","meta":{"_acf_changed":false},"product_brand":[],"product_cat":[346,378,390,337,354,397,351,342,366,345,377,339,341,446,352,356],"product_tag":[],"class_list":{"0":"post-22656","1":"product","2":"type-product","3":"status-publish","4":"has-post-thumbnail","6":"product_cat-0-3-9","7":"product_cat-00-19","8":"product_cat-vietnam-hanoi","9":"product_cat-bia-va-cider","10":"product_cat-75k-99k","11":"product_cat-do-khong-con","12":"product_cat-dong-bia","13":"product_cat-chai-330-ml","14":"product_cat-nha-san-xuat","15":"product_cat-abv-vi","16":"product_cat-ibu","17":"product_cat-xuat-xu","18":"product_cat-dong-goi","19":"product_cat-c-brewmaster","20":"product_cat-gia","21":"product_cat-lager","23":"first","24":"instock","25":"shipping-taxable","26":"purchasable","27":"product-type-simple","28":"add-to-wishlist-before_image"},"acf":[],"yoast_head":"<!-- This site is optimized with the Yoast SEO plugin v27.2 - https:\/\/yoast.com\/product\/yoast-seo-wordpress\/ -->\n<title>C-brewmaster Bia 0% - The Bottle Shop<\/title>\n<meta name=\"description\" content=\"C-brewmaster Bia 0% \u0111\u01b0\u1ee3c s\u1ea3n xu\u1ea5t t\u1eeb m\u1ea1ch nha s\u00e1ng m\u00e0u t\u1eeb l\u00faa m\u00ec, l\u00faa m\u1ea1ch. B\u1eb1ng ph\u01b0\u01a1ng ph\u00e1p truy\u1ec1n th\u1ed1ng cho ra \u0111\u1eddi lo\u1ea1i bia s\u00e1ng m\u00e0u v\u00e0 d\u1ec5 u\u1ed1ng.\" \/>\n<meta name=\"robots\" content=\"index, follow, max-snippet:-1, max-image-preview:large, max-video-preview:-1\" \/>\n<link rel=\"canonical\" href=\"https:\/\/thebottleshop.vn\/vi\/san-pham\/c-brewmaster-bia-0\/\" \/>\n<meta property=\"og:locale\" content=\"vi_VN\" \/>\n<meta property=\"og:type\" content=\"article\" \/>\n<meta property=\"og:title\" content=\"C-brewmaster Bia 0% - The Bottle Shop\" \/>\n<meta property=\"og:description\" content=\"C-brewmaster Bia 0% \u0111\u01b0\u1ee3c s\u1ea3n xu\u1ea5t t\u1eeb m\u1ea1ch nha s\u00e1ng m\u00e0u t\u1eeb l\u00faa m\u00ec, l\u00faa m\u1ea1ch. B\u1eb1ng ph\u01b0\u01a1ng ph\u00e1p truy\u1ec1n th\u1ed1ng cho ra \u0111\u1eddi lo\u1ea1i bia s\u00e1ng m\u00e0u v\u00e0 d\u1ec5 u\u1ed1ng.\" \/>\n<meta property=\"og:url\" content=\"https:\/\/thebottleshop.vn\/vi\/san-pham\/c-brewmaster-bia-0\/\" \/>\n<meta property=\"og:site_name\" content=\"The Bottle Shop\" \/>\n<meta property=\"article:publisher\" content=\"https:\/\/www.facebook.com\/thebottleshopvietnam\" \/>\n<meta property=\"article:modified_time\" content=\"2026-03-05T10:48:51+00:00\" \/>\n<meta property=\"og:image\" content=\"https:\/\/mlsrfcxkkbzg.i.optimole.com\/cb:JbP2.215d7\/w:auto\/h:auto\/q:mauto\/ig:avif\/https:\/\/thebottleshop.vn\/wp-content\/uploads\/2026\/03\/C-brewmaster-Non-alcoholic-Beer.png\" \/>\n\t<meta property=\"og:image:width\" content=\"1080\" \/>\n\t<meta property=\"og:image:height\" content=\"1080\" \/>\n\t<meta property=\"og:image:type\" content=\"image\/png\" \/>\n<meta name=\"twitter:card\" content=\"summary_large_image\" \/>\n<meta name=\"twitter:label1\" content=\"Est. reading time\" \/>\n\t<meta name=\"twitter:data1\" content=\"1 minute\" \/>\n<script type=\"application\/ld+json\" class=\"yoast-schema-graph\">{\"@context\":\"https:\/\/schema.org\",\"@graph\":[{\"@type\":\"WebPage\",\"@id\":\"https:\/\/thebottleshop.vn\/vi\/san-pham\/c-brewmaster-bia-0\/\",\"url\":\"https:\/\/thebottleshop.vn\/vi\/san-pham\/c-brewmaster-bia-0\/\",\"name\":\"C-brewmaster Bia 0% - The Bottle Shop\",\"isPartOf\":{\"@id\":\"http:\/\/52.77.24.187\/#website\"},\"primaryImageOfPage\":{\"@id\":\"https:\/\/thebottleshop.vn\/vi\/san-pham\/c-brewmaster-bia-0\/#primaryimage\"},\"image\":{\"@id\":\"https:\/\/thebottleshop.vn\/vi\/san-pham\/c-brewmaster-bia-0\/#primaryimage\"},\"thumbnailUrl\":\"https:\/\/mlsrfcxkkbzg.i.optimole.com\/cb:JbP2.215d7\/w:auto\/h:auto\/q:mauto\/ig:avif\/https:\/\/thebottleshop.vn\/wp-content\/uploads\/2026\/03\/C-brewmaster-Non-alcoholic-Beer.png\",\"datePublished\":\"2026-03-05T10:43:46+00:00\",\"dateModified\":\"2026-03-05T10:48:51+00:00\",\"description\":\"C-brewmaster Bia 0% \u0111\u01b0\u1ee3c s\u1ea3n xu\u1ea5t t\u1eeb m\u1ea1ch nha s\u00e1ng m\u00e0u t\u1eeb l\u00faa m\u00ec, l\u00faa m\u1ea1ch. B\u1eb1ng ph\u01b0\u01a1ng ph\u00e1p truy\u1ec1n th\u1ed1ng cho ra \u0111\u1eddi lo\u1ea1i bia s\u00e1ng m\u00e0u v\u00e0 d\u1ec5 u\u1ed1ng.\",\"breadcrumb\":{\"@id\":\"https:\/\/thebottleshop.vn\/vi\/san-pham\/c-brewmaster-bia-0\/#breadcrumb\"},\"inLanguage\":\"vi-VN\",\"potentialAction\":[{\"@type\":\"ReadAction\",\"target\":[\"https:\/\/thebottleshop.vn\/vi\/san-pham\/c-brewmaster-bia-0\/\"]}]},{\"@type\":\"ImageObject\",\"inLanguage\":\"vi-VN\",\"@id\":\"https:\/\/thebottleshop.vn\/vi\/san-pham\/c-brewmaster-bia-0\/#primaryimage\",\"url\":\"https:\/\/mlsrfcxkkbzg.i.optimole.com\/cb:JbP2.215d7\/w:auto\/h:auto\/q:mauto\/ig:avif\/https:\/\/thebottleshop.vn\/wp-content\/uploads\/2026\/03\/C-brewmaster-Non-alcoholic-Beer.png\",\"contentUrl\":\"https:\/\/mlsrfcxkkbzg.i.optimole.com\/cb:JbP2.215d7\/w:auto\/h:auto\/q:mauto\/ig:avif\/https:\/\/thebottleshop.vn\/wp-content\/uploads\/2026\/03\/C-brewmaster-Non-alcoholic-Beer.png\",\"width\":1080,\"height\":1080,\"caption\":\"C-brewmaster Non-alcoholic Beer\"},{\"@type\":\"BreadcrumbList\",\"@id\":\"https:\/\/thebottleshop.vn\/vi\/san-pham\/c-brewmaster-bia-0\/#breadcrumb\",\"itemListElement\":[{\"@type\":\"ListItem\",\"position\":1,\"name\":\"Home\",\"item\":\"http:\/\/52.77.24.187\/vi\/test-popup-vi\/\"},{\"@type\":\"ListItem\",\"position\":2,\"name\":\"C\u1eeda h\u00e0ng\",\"item\":\"http:\/\/52.77.24.187\/vi\/cua-hang\/\"},{\"@type\":\"ListItem\",\"position\":3,\"name\":\"C-brewmaster Bia 0%\"}]},{\"@type\":\"WebSite\",\"@id\":\"http:\/\/52.77.24.187\/#website\",\"url\":\"http:\/\/52.77.24.187\/\",\"name\":\"The Bottle Shop\",\"description\":\"All beers are not created equal\",\"publisher\":{\"@id\":\"http:\/\/52.77.24.187\/#organization\"},\"potentialAction\":[{\"@type\":\"SearchAction\",\"target\":{\"@type\":\"EntryPoint\",\"urlTemplate\":\"http:\/\/52.77.24.187\/?s={search_term_string}\"},\"query-input\":{\"@type\":\"PropertyValueSpecification\",\"valueRequired\":true,\"valueName\":\"search_term_string\"}}],\"inLanguage\":\"vi-VN\"},{\"@type\":\"Organization\",\"@id\":\"http:\/\/52.77.24.187\/#organization\",\"name\":\"The Bottle Shop\",\"url\":\"http:\/\/52.77.24.187\/\",\"logo\":{\"@type\":\"ImageObject\",\"inLanguage\":\"vi-VN\",\"@id\":\"http:\/\/52.77.24.187\/#\/schema\/logo\/image\/\",\"url\":\"https:\/\/mlsrfcxkkbzg.i.optimole.com\/cb:JbP2.215d7\/w:auto\/h:auto\/q:mauto\/ig:avif\/https:\/\/thebottleshop.vn\/wp-content\/uploads\/2022\/10\/The-Bottle-Shop-Online-Logo.png\",\"contentUrl\":\"https:\/\/mlsrfcxkkbzg.i.optimole.com\/cb:JbP2.215d7\/w:auto\/h:auto\/q:mauto\/ig:avif\/https:\/\/thebottleshop.vn\/wp-content\/uploads\/2022\/10\/The-Bottle-Shop-Online-Logo.png\",\"width\":145,\"height\":147,\"caption\":\"The Bottle Shop\"},\"image\":{\"@id\":\"http:\/\/52.77.24.187\/#\/schema\/logo\/image\/\"},\"sameAs\":[\"https:\/\/www.facebook.com\/thebottleshopvietnam\",\"https:\/\/www.instagram.com\/thebottleshop_vietnam\/\"]}]}<\/script>\n<!-- \/ Yoast SEO plugin. -->","yoast_head_json":{"title":"C-brewmaster Bia 0% - The Bottle Shop","description":"C-brewmaster Bia 0% \u0111\u01b0\u1ee3c s\u1ea3n xu\u1ea5t t\u1eeb m\u1ea1ch nha s\u00e1ng m\u00e0u t\u1eeb l\u00faa m\u00ec, l\u00faa m\u1ea1ch. B\u1eb1ng ph\u01b0\u01a1ng ph\u00e1p truy\u1ec1n th\u1ed1ng cho ra \u0111\u1eddi lo\u1ea1i bia s\u00e1ng m\u00e0u v\u00e0 d\u1ec5 u\u1ed1ng.","robots":{"index":"index","follow":"follow","max-snippet":"max-snippet:-1","max-image-preview":"max-image-preview:large","max-video-preview":"max-video-preview:-1"},"canonical":"https:\/\/thebottleshop.vn\/vi\/san-pham\/c-brewmaster-bia-0\/","og_locale":"vi_VN","og_type":"article","og_title":"C-brewmaster Bia 0% - The Bottle Shop","og_description":"C-brewmaster Bia 0% \u0111\u01b0\u1ee3c s\u1ea3n xu\u1ea5t t\u1eeb m\u1ea1ch nha s\u00e1ng m\u00e0u t\u1eeb l\u00faa m\u00ec, l\u00faa m\u1ea1ch. B\u1eb1ng ph\u01b0\u01a1ng ph\u00e1p truy\u1ec1n th\u1ed1ng cho ra \u0111\u1eddi lo\u1ea1i bia s\u00e1ng m\u00e0u v\u00e0 d\u1ec5 u\u1ed1ng.","og_url":"https:\/\/thebottleshop.vn\/vi\/san-pham\/c-brewmaster-bia-0\/","og_site_name":"The Bottle Shop","article_publisher":"https:\/\/www.facebook.com\/thebottleshopvietnam","article_modified_time":"2026-03-05T10:48:51+00:00","og_image":[{"width":1080,"height":1080,"url":"https:\/\/mlsrfcxkkbzg.i.optimole.com\/cb:JbP2.215d7\/w:auto\/h:auto\/q:mauto\/ig:avif\/https:\/\/thebottleshop.vn\/wp-content\/uploads\/2026\/03\/C-brewmaster-Non-alcoholic-Beer.png","type":"image\/png"}],"twitter_card":"summary_large_image","twitter_misc":{"Est. reading time":"1 minute"},"schema":{"@context":"https:\/\/schema.org","@graph":[{"@type":"WebPage","@id":"https:\/\/thebottleshop.vn\/vi\/san-pham\/c-brewmaster-bia-0\/","url":"https:\/\/thebottleshop.vn\/vi\/san-pham\/c-brewmaster-bia-0\/","name":"C-brewmaster Bia 0% - The Bottle Shop","isPartOf":{"@id":"http:\/\/52.77.24.187\/#website"},"primaryImageOfPage":{"@id":"https:\/\/thebottleshop.vn\/vi\/san-pham\/c-brewmaster-bia-0\/#primaryimage"},"image":{"@id":"https:\/\/thebottleshop.vn\/vi\/san-pham\/c-brewmaster-bia-0\/#primaryimage"},"thumbnailUrl":"https:\/\/mlsrfcxkkbzg.i.optimole.com\/cb:JbP2.215d7\/w:auto\/h:auto\/q:mauto\/ig:avif\/https:\/\/thebottleshop.vn\/wp-content\/uploads\/2026\/03\/C-brewmaster-Non-alcoholic-Beer.png","datePublished":"2026-03-05T10:43:46+00:00","dateModified":"2026-03-05T10:48:51+00:00","description":"C-brewmaster Bia 0% \u0111\u01b0\u1ee3c s\u1ea3n xu\u1ea5t t\u1eeb m\u1ea1ch nha s\u00e1ng m\u00e0u t\u1eeb l\u00faa m\u00ec, l\u00faa m\u1ea1ch. B\u1eb1ng ph\u01b0\u01a1ng ph\u00e1p truy\u1ec1n th\u1ed1ng cho ra \u0111\u1eddi lo\u1ea1i bia s\u00e1ng m\u00e0u v\u00e0 d\u1ec5 u\u1ed1ng.","breadcrumb":{"@id":"https:\/\/thebottleshop.vn\/vi\/san-pham\/c-brewmaster-bia-0\/#breadcrumb"},"inLanguage":"vi-VN","potentialAction":[{"@type":"ReadAction","target":["https:\/\/thebottleshop.vn\/vi\/san-pham\/c-brewmaster-bia-0\/"]}]},{"@type":"ImageObject","inLanguage":"vi-VN","@id":"https:\/\/thebottleshop.vn\/vi\/san-pham\/c-brewmaster-bia-0\/#primaryimage","url":"https:\/\/mlsrfcxkkbzg.i.optimole.com\/cb:JbP2.215d7\/w:auto\/h:auto\/q:mauto\/ig:avif\/https:\/\/thebottleshop.vn\/wp-content\/uploads\/2026\/03\/C-brewmaster-Non-alcoholic-Beer.png","contentUrl":"https:\/\/mlsrfcxkkbzg.i.optimole.com\/cb:JbP2.215d7\/w:auto\/h:auto\/q:mauto\/ig:avif\/https:\/\/thebottleshop.vn\/wp-content\/uploads\/2026\/03\/C-brewmaster-Non-alcoholic-Beer.png","width":1080,"height":1080,"caption":"C-brewmaster Non-alcoholic Beer"},{"@type":"BreadcrumbList","@id":"https:\/\/thebottleshop.vn\/vi\/san-pham\/c-brewmaster-bia-0\/#breadcrumb","itemListElement":[{"@type":"ListItem","position":1,"name":"Home","item":"http:\/\/52.77.24.187\/vi\/test-popup-vi\/"},{"@type":"ListItem","position":2,"name":"C\u1eeda h\u00e0ng","item":"http:\/\/52.77.24.187\/vi\/cua-hang\/"},{"@type":"ListItem","position":3,"name":"C-brewmaster Bia 0%"}]},{"@type":"WebSite","@id":"http:\/\/52.77.24.187\/#website","url":"http:\/\/52.77.24.187\/","name":"The Bottle Shop","description":"All beers are not created equal","publisher":{"@id":"http:\/\/52.77.24.187\/#organization"},"potentialAction":[{"@type":"SearchAction","target":{"@type":"EntryPoint","urlTemplate":"http:\/\/52.77.24.187\/?s={search_term_string}"},"query-input":{"@type":"PropertyValueSpecification","valueRequired":true,"valueName":"search_term_string"}}],"inLanguage":"vi-VN"},{"@type":"Organization","@id":"http:\/\/52.77.24.187\/#organization","name":"The Bottle Shop","url":"http:\/\/52.77.24.187\/","logo":{"@type":"ImageObject","inLanguage":"vi-VN","@id":"http:\/\/52.77.24.187\/#\/schema\/logo\/image\/","url":"https:\/\/mlsrfcxkkbzg.i.optimole.com\/cb:JbP2.215d7\/w:auto\/h:auto\/q:mauto\/ig:avif\/https:\/\/thebottleshop.vn\/wp-content\/uploads\/2022\/10\/The-Bottle-Shop-Online-Logo.png","contentUrl":"https:\/\/mlsrfcxkkbzg.i.optimole.com\/cb:JbP2.215d7\/w:auto\/h:auto\/q:mauto\/ig:avif\/https:\/\/thebottleshop.vn\/wp-content\/uploads\/2022\/10\/The-Bottle-Shop-Online-Logo.png","width":145,"height":147,"caption":"The Bottle Shop"},"image":{"@id":"http:\/\/52.77.24.187\/#\/schema\/logo\/image\/"},"sameAs":["https:\/\/www.facebook.com\/thebottleshopvietnam","https:\/\/www.instagram.com\/thebottleshop_vietnam\/"]}]}},"_links":{"self":[{"href":"https:\/\/thebottleshop.vn\/vi\/wp-json\/wp\/v2\/product\/22656","targetHints":{"allow":["GET"]}}],"collection":[{"href":"https:\/\/thebottleshop.vn\/vi\/wp-json\/wp\/v2\/product"}],"about":[{"href":"https:\/\/thebottleshop.vn\/vi\/wp-json\/wp\/v2\/types\/product"}],"replies":[{"embeddable":true,"href":"https:\/\/thebottleshop.vn\/vi\/wp-json\/wp\/v2\/comments?post=22656"}],"wp:featuredmedia":[{"embeddable":true,"href":"https:\/\/thebottleshop.vn\/vi\/wp-json\/wp\/v2\/media\/22629"}],"wp:attachment":[{"href":"https:\/\/thebottleshop.vn\/vi\/wp-json\/wp\/v2\/media?parent=22656"}],"wp:term":[{"taxonomy":"product_brand","embeddable":true,"href":"https:\/\/thebottleshop.vn\/vi\/wp-json\/wp\/v2\/product_brand?post=22656"},{"taxonomy":"product_cat","embeddable":true,"href":"https:\/\/thebottleshop.vn\/vi\/wp-json\/wp\/v2\/product_cat?post=22656"},{"taxonomy":"product_tag","embeddable":true,"href":"https:\/\/thebottleshop.vn\/vi\/wp-json\/wp\/v2\/product_tag?post=22656"}],"curies":[{"name":"wp","href":"https:\/\/api.w.org\/{rel}","templated":true}]}}