{"id":22658,"date":"2026-03-05T17:57:49","date_gmt":"2026-03-05T10:57:49","guid":{"rendered":"https:\/\/thebottleshop.vn\/product\/c-brewmaster-chien-binh-ipa\/"},"modified":"2026-03-05T18:02:59","modified_gmt":"2026-03-05T11:02:59","slug":"c-brewmaster-chien-binh-ipa","status":"publish","type":"product","link":"https:\/\/thebottleshop.vn\/vi\/san-pham\/c-brewmaster-chien-binh-ipa\/","title":{"rendered":"C-brewmaster Chi\u1ebfn Binh IPA"},"content":{"rendered":"<p>C-brewmaster Chi\u1ebfn Binh IPA l\u00e0 m\u1ed9t trong nh\u1eefng lo\u1ea1i bia ngon nh\u1ea5t, kh\u00e1c bi\u1ec7t nh\u1ea5t c\u1ee7a<br \/>CBrew t\u1eeb tr\u01b0\u1edbc \u0111\u1ebfn nay. Lo\u1ea1i bia \u0111ang ch\u1edd nh\u1eefng v\u1ecb kh\u00e1ch \u0111\u1ea7u ti\u00ean kh\u00e1m ph\u00e1.  <\/p>\n<p>\u2014\u2013<br \/>\nXem th\u01b0 vi\u1ec7n h\u00ecnh \u1ea3nh \u0111\u1ec3 bi\u1ebft th\u00eam th\u00f4ng tin chi ti\u1ebft v\u1ec1 ngu\u1ed3n g\u1ed1c, th\u00e0nh ph\u1ea7n v\u00e0 h\u01b0\u1edbng d\u1eabn s\u1eed d\u1ee5ng c\u1ee7a s\u1ea3n ph\u1ea9m.<\/p>\n","protected":false},"excerpt":{"rendered":"<p><strong>\u0110\u1eadm \u0111\u00e0, Hoppy 8.1%<\/strong><\/p>\n","protected":false},"featured_media":22623,"comment_status":"open","ping_status":"closed","template":"","meta":{"_acf_changed":false},"product_brand":[],"product_cat":[390,337,354,381,350,342,351,366,345,377,339,341,446,352,359],"product_tag":[],"class_list":{"0":"post-22658","1":"product","2":"type-product","3":"status-publish","4":"has-post-thumbnail","6":"product_cat-vietnam-hanoi","7":"product_cat-bia-va-cider","8":"product_cat-75k-99k","9":"product_cat-60-79","10":"product_cat-8-9-9","11":"product_cat-chai-330-ml","12":"product_cat-dong-bia","13":"product_cat-nha-san-xuat","14":"product_cat-abv-vi","15":"product_cat-ibu","16":"product_cat-xuat-xu","17":"product_cat-dong-goi","18":"product_cat-c-brewmaster","19":"product_cat-gia","20":"product_cat-ipa","22":"first","23":"instock","24":"shipping-taxable","25":"purchasable","26":"product-type-simple","27":"add-to-wishlist-before_image"},"acf":[],"yoast_head":"<!-- This site is optimized with the Yoast SEO plugin v27.5 - https:\/\/yoast.com\/product\/yoast-seo-wordpress\/ -->\n<title>C-brewmaster Chi\u1ebfn Binh IPA<\/title>\n<meta name=\"description\" content=\"C-brewmaster Chi\u1ebfn Binh IPA l\u00e0 m\u1ed9t trong nh\u1eefng lo\u1ea1i bia ngon nh\u1ea5t, kh\u00e1c bi\u1ec7t nh\u1ea5t c\u1ee7aCBrew t\u1eeb tr\u01b0\u1edbc \u0111\u1ebfn nay. Lo\u1ea1i bia \u0111ang ch\u1edd nh\u1eefng v\u1ecb kh\u00e1ch \u0111\u1ea7u ti\u00ean kh\u00e1m ph\u00e1.\" \/>\n<meta name=\"robots\" content=\"index, follow, max-snippet:-1, max-image-preview:large, max-video-preview:-1\" \/>\n<link rel=\"canonical\" href=\"https:\/\/thebottleshop.vn\/vi\/san-pham\/c-brewmaster-chien-binh-ipa\/\" \/>\n<meta property=\"og:locale\" content=\"vi_VN\" \/>\n<meta property=\"og:type\" content=\"article\" \/>\n<meta property=\"og:title\" content=\"C-brewmaster Chi\u1ebfn Binh IPA\" \/>\n<meta property=\"og:description\" content=\"C-brewmaster Chi\u1ebfn Binh IPA l\u00e0 m\u1ed9t trong nh\u1eefng lo\u1ea1i bia ngon nh\u1ea5t, kh\u00e1c bi\u1ec7t nh\u1ea5t c\u1ee7aCBrew t\u1eeb tr\u01b0\u1edbc \u0111\u1ebfn nay. Lo\u1ea1i bia \u0111ang ch\u1edd nh\u1eefng v\u1ecb kh\u00e1ch \u0111\u1ea7u ti\u00ean kh\u00e1m ph\u00e1.\" \/>\n<meta property=\"og:url\" content=\"https:\/\/thebottleshop.vn\/vi\/san-pham\/c-brewmaster-chien-binh-ipa\/\" \/>\n<meta property=\"og:site_name\" content=\"The Bottle Shop\" \/>\n<meta property=\"article:publisher\" content=\"https:\/\/www.facebook.com\/thebottleshopvietnam\" \/>\n<meta property=\"article:modified_time\" content=\"2026-03-05T11:02:59+00:00\" \/>\n<meta property=\"og:image\" content=\"https:\/\/mlsrfcxkkbzg.i.optimole.com\/cb:JbP2.215d7\/w:auto\/h:auto\/q:mauto\/ig:avif\/https:\/\/thebottleshop.vn\/wp-content\/uploads\/2026\/03\/C-brewmaster-Combatant-IPA.png\" \/>\n\t<meta property=\"og:image:width\" content=\"1080\" \/>\n\t<meta property=\"og:image:height\" content=\"1080\" \/>\n\t<meta property=\"og:image:type\" content=\"image\/png\" \/>\n<meta name=\"twitter:card\" content=\"summary_large_image\" \/>\n<script type=\"application\/ld+json\" class=\"yoast-schema-graph\">{\"@context\":\"https:\\\/\\\/schema.org\",\"@graph\":[{\"@type\":\"WebPage\",\"@id\":\"https:\\\/\\\/thebottleshop.vn\\\/vi\\\/san-pham\\\/c-brewmaster-chien-binh-ipa\\\/\",\"url\":\"https:\\\/\\\/thebottleshop.vn\\\/vi\\\/san-pham\\\/c-brewmaster-chien-binh-ipa\\\/\",\"name\":\"C-brewmaster Chi\u1ebfn Binh IPA\",\"isPartOf\":{\"@id\":\"http:\\\/\\\/52.77.24.187\\\/#website\"},\"primaryImageOfPage\":{\"@id\":\"https:\\\/\\\/thebottleshop.vn\\\/vi\\\/san-pham\\\/c-brewmaster-chien-binh-ipa\\\/#primaryimage\"},\"image\":{\"@id\":\"https:\\\/\\\/thebottleshop.vn\\\/vi\\\/san-pham\\\/c-brewmaster-chien-binh-ipa\\\/#primaryimage\"},\"thumbnailUrl\":\"https:\\/\\/thebottleshop.vn\\/wp-content\\/uploads\\/2026\\/03\\/C-brewmaster-Combatant-IPA.png\",\"datePublished\":\"2026-03-05T10:57:49+00:00\",\"dateModified\":\"2026-03-05T11:02:59+00:00\",\"description\":\"C-brewmaster Chi\u1ebfn Binh IPA l\u00e0 m\u1ed9t trong nh\u1eefng lo\u1ea1i bia ngon nh\u1ea5t, kh\u00e1c bi\u1ec7t nh\u1ea5t c\u1ee7aCBrew t\u1eeb tr\u01b0\u1edbc \u0111\u1ebfn nay. Lo\u1ea1i bia \u0111ang ch\u1edd nh\u1eefng v\u1ecb kh\u00e1ch \u0111\u1ea7u ti\u00ean kh\u00e1m ph\u00e1.\",\"breadcrumb\":{\"@id\":\"https:\\\/\\\/thebottleshop.vn\\\/vi\\\/san-pham\\\/c-brewmaster-chien-binh-ipa\\\/#breadcrumb\"},\"inLanguage\":\"vi-VN\",\"potentialAction\":[{\"@type\":\"ReadAction\",\"target\":[\"https:\\\/\\\/thebottleshop.vn\\\/vi\\\/san-pham\\\/c-brewmaster-chien-binh-ipa\\\/\"]}]},{\"@type\":\"ImageObject\",\"inLanguage\":\"vi-VN\",\"@id\":\"https:\\\/\\\/thebottleshop.vn\\\/vi\\\/san-pham\\\/c-brewmaster-chien-binh-ipa\\\/#primaryimage\",\"url\":\"https:\\/\\/thebottleshop.vn\\/wp-content\\/uploads\\/2026\\/03\\/C-brewmaster-Combatant-IPA.png\",\"contentUrl\":\"https:\\/\\/thebottleshop.vn\\/wp-content\\/uploads\\/2026\\/03\\/C-brewmaster-Combatant-IPA.png\",\"width\":1080,\"height\":1080,\"caption\":\"C-brewmaster Combatant IPA\"},{\"@type\":\"BreadcrumbList\",\"@id\":\"https:\\\/\\\/thebottleshop.vn\\\/vi\\\/san-pham\\\/c-brewmaster-chien-binh-ipa\\\/#breadcrumb\",\"itemListElement\":[{\"@type\":\"ListItem\",\"position\":1,\"name\":\"Home\",\"item\":\"http:\\\/\\\/52.77.24.187\\\/vi\\\/test-popup-vi\\\/\"},{\"@type\":\"ListItem\",\"position\":2,\"name\":\"C\u1eeda h\u00e0ng\",\"item\":\"http:\\\/\\\/52.77.24.187\\\/vi\\\/cua-hang\\\/\"},{\"@type\":\"ListItem\",\"position\":3,\"name\":\"C-brewmaster Chi\u1ebfn Binh IPA\"}]},{\"@type\":\"WebSite\",\"@id\":\"http:\\\/\\\/52.77.24.187\\\/#website\",\"url\":\"http:\\\/\\\/52.77.24.187\\\/\",\"name\":\"The Bottle Shop\",\"description\":\"All beers are not created equal\",\"publisher\":{\"@id\":\"http:\\\/\\\/52.77.24.187\\\/#organization\"},\"potentialAction\":[{\"@type\":\"SearchAction\",\"target\":{\"@type\":\"EntryPoint\",\"urlTemplate\":\"http:\\\/\\\/52.77.24.187\\\/?s={search_term_string}\"},\"query-input\":{\"@type\":\"PropertyValueSpecification\",\"valueRequired\":true,\"valueName\":\"search_term_string\"}}],\"inLanguage\":\"vi-VN\"},{\"@type\":\"Organization\",\"@id\":\"http:\\\/\\\/52.77.24.187\\\/#organization\",\"name\":\"The Bottle Shop\",\"url\":\"http:\\\/\\\/52.77.24.187\\\/\",\"logo\":{\"@type\":\"ImageObject\",\"inLanguage\":\"vi-VN\",\"@id\":\"http:\\\/\\\/52.77.24.187\\\/#\\\/schema\\\/logo\\\/image\\\/\",\"url\":\"https:\\/\\/thebottleshop.vn\\/wp-content\\/uploads\\/2022\\/10\\/The-Bottle-Shop-Online-Logo.png\",\"contentUrl\":\"https:\\/\\/thebottleshop.vn\\/wp-content\\/uploads\\/2022\\/10\\/The-Bottle-Shop-Online-Logo.png\",\"width\":145,\"height\":147,\"caption\":\"The Bottle Shop\"},\"image\":{\"@id\":\"http:\\\/\\\/52.77.24.187\\\/#\\\/schema\\\/logo\\\/image\\\/\"},\"sameAs\":[\"https:\\\/\\\/www.facebook.com\\\/thebottleshopvietnam\",\"https:\\\/\\\/www.instagram.com\\\/thebottleshop_vietnam\\\/\"]}]}<\/script>\n<!-- \/ Yoast SEO plugin. -->","yoast_head_json":{"title":"C-brewmaster Chi\u1ebfn Binh IPA","description":"C-brewmaster Chi\u1ebfn Binh IPA l\u00e0 m\u1ed9t trong nh\u1eefng lo\u1ea1i bia ngon nh\u1ea5t, kh\u00e1c bi\u1ec7t nh\u1ea5t c\u1ee7aCBrew t\u1eeb tr\u01b0\u1edbc \u0111\u1ebfn nay. Lo\u1ea1i bia \u0111ang ch\u1edd nh\u1eefng v\u1ecb kh\u00e1ch \u0111\u1ea7u ti\u00ean kh\u00e1m ph\u00e1.","robots":{"index":"index","follow":"follow","max-snippet":"max-snippet:-1","max-image-preview":"max-image-preview:large","max-video-preview":"max-video-preview:-1"},"canonical":"https:\/\/thebottleshop.vn\/vi\/san-pham\/c-brewmaster-chien-binh-ipa\/","og_locale":"vi_VN","og_type":"article","og_title":"C-brewmaster Chi\u1ebfn Binh IPA","og_description":"C-brewmaster Chi\u1ebfn Binh IPA l\u00e0 m\u1ed9t trong nh\u1eefng lo\u1ea1i bia ngon nh\u1ea5t, kh\u00e1c bi\u1ec7t nh\u1ea5t c\u1ee7aCBrew t\u1eeb tr\u01b0\u1edbc \u0111\u1ebfn nay. Lo\u1ea1i bia \u0111ang ch\u1edd nh\u1eefng v\u1ecb kh\u00e1ch \u0111\u1ea7u ti\u00ean kh\u00e1m ph\u00e1.","og_url":"https:\/\/thebottleshop.vn\/vi\/san-pham\/c-brewmaster-chien-binh-ipa\/","og_site_name":"The Bottle Shop","article_publisher":"https:\/\/www.facebook.com\/thebottleshopvietnam","article_modified_time":"2026-03-05T11:02:59+00:00","og_image":[{"width":1080,"height":1080,"url":"https:\/\/mlsrfcxkkbzg.i.optimole.com\/cb:JbP2.215d7\/w:auto\/h:auto\/q:mauto\/ig:avif\/https:\/\/thebottleshop.vn\/wp-content\/uploads\/2026\/03\/C-brewmaster-Combatant-IPA.png","type":"image\/png"}],"twitter_card":"summary_large_image","schema":{"@context":"https:\/\/schema.org","@graph":[{"@type":"WebPage","@id":"https:\/\/thebottleshop.vn\/vi\/san-pham\/c-brewmaster-chien-binh-ipa\/","url":"https:\/\/thebottleshop.vn\/vi\/san-pham\/c-brewmaster-chien-binh-ipa\/","name":"C-brewmaster Chi\u1ebfn Binh IPA","isPartOf":{"@id":"http:\/\/52.77.24.187\/#website"},"primaryImageOfPage":{"@id":"https:\/\/thebottleshop.vn\/vi\/san-pham\/c-brewmaster-chien-binh-ipa\/#primaryimage"},"image":{"@id":"https:\/\/thebottleshop.vn\/vi\/san-pham\/c-brewmaster-chien-binh-ipa\/#primaryimage"},"thumbnailUrl":"https:\/\/mlsrfcxkkbzg.i.optimole.com\/cb:JbP2.215d7\/w:auto\/h:auto\/q:mauto\/ig:avif\/https:\/\/thebottleshop.vn\/wp-content\/uploads\/2026\/03\/C-brewmaster-Combatant-IPA.png","datePublished":"2026-03-05T10:57:49+00:00","dateModified":"2026-03-05T11:02:59+00:00","description":"C-brewmaster Chi\u1ebfn Binh IPA l\u00e0 m\u1ed9t trong nh\u1eefng lo\u1ea1i bia ngon nh\u1ea5t, kh\u00e1c bi\u1ec7t nh\u1ea5t c\u1ee7aCBrew t\u1eeb tr\u01b0\u1edbc \u0111\u1ebfn nay. Lo\u1ea1i bia \u0111ang ch\u1edd nh\u1eefng v\u1ecb kh\u00e1ch \u0111\u1ea7u ti\u00ean kh\u00e1m ph\u00e1.","breadcrumb":{"@id":"https:\/\/thebottleshop.vn\/vi\/san-pham\/c-brewmaster-chien-binh-ipa\/#breadcrumb"},"inLanguage":"vi-VN","potentialAction":[{"@type":"ReadAction","target":["https:\/\/thebottleshop.vn\/vi\/san-pham\/c-brewmaster-chien-binh-ipa\/"]}]},{"@type":"ImageObject","inLanguage":"vi-VN","@id":"https:\/\/thebottleshop.vn\/vi\/san-pham\/c-brewmaster-chien-binh-ipa\/#primaryimage","url":"https:\/\/mlsrfcxkkbzg.i.optimole.com\/cb:JbP2.215d7\/w:auto\/h:auto\/q:mauto\/ig:avif\/https:\/\/thebottleshop.vn\/wp-content\/uploads\/2026\/03\/C-brewmaster-Combatant-IPA.png","contentUrl":"https:\/\/mlsrfcxkkbzg.i.optimole.com\/cb:JbP2.215d7\/w:auto\/h:auto\/q:mauto\/ig:avif\/https:\/\/thebottleshop.vn\/wp-content\/uploads\/2026\/03\/C-brewmaster-Combatant-IPA.png","width":1080,"height":1080,"caption":"C-brewmaster Combatant IPA"},{"@type":"BreadcrumbList","@id":"https:\/\/thebottleshop.vn\/vi\/san-pham\/c-brewmaster-chien-binh-ipa\/#breadcrumb","itemListElement":[{"@type":"ListItem","position":1,"name":"Home","item":"http:\/\/52.77.24.187\/vi\/test-popup-vi\/"},{"@type":"ListItem","position":2,"name":"C\u1eeda h\u00e0ng","item":"http:\/\/52.77.24.187\/vi\/cua-hang\/"},{"@type":"ListItem","position":3,"name":"C-brewmaster Chi\u1ebfn Binh IPA"}]},{"@type":"WebSite","@id":"http:\/\/52.77.24.187\/#website","url":"http:\/\/52.77.24.187\/","name":"The Bottle Shop","description":"All beers are not created equal","publisher":{"@id":"http:\/\/52.77.24.187\/#organization"},"potentialAction":[{"@type":"SearchAction","target":{"@type":"EntryPoint","urlTemplate":"http:\/\/52.77.24.187\/?s={search_term_string}"},"query-input":{"@type":"PropertyValueSpecification","valueRequired":true,"valueName":"search_term_string"}}],"inLanguage":"vi-VN"},{"@type":"Organization","@id":"http:\/\/52.77.24.187\/#organization","name":"The Bottle Shop","url":"http:\/\/52.77.24.187\/","logo":{"@type":"ImageObject","inLanguage":"vi-VN","@id":"http:\/\/52.77.24.187\/#\/schema\/logo\/image\/","url":"https:\/\/mlsrfcxkkbzg.i.optimole.com\/cb:JbP2.215d7\/w:auto\/h:auto\/q:mauto\/ig:avif\/https:\/\/thebottleshop.vn\/wp-content\/uploads\/2022\/10\/The-Bottle-Shop-Online-Logo.png","contentUrl":"https:\/\/mlsrfcxkkbzg.i.optimole.com\/cb:JbP2.215d7\/w:auto\/h:auto\/q:mauto\/ig:avif\/https:\/\/thebottleshop.vn\/wp-content\/uploads\/2022\/10\/The-Bottle-Shop-Online-Logo.png","width":145,"height":147,"caption":"The Bottle Shop"},"image":{"@id":"http:\/\/52.77.24.187\/#\/schema\/logo\/image\/"},"sameAs":["https:\/\/www.facebook.com\/thebottleshopvietnam","https:\/\/www.instagram.com\/thebottleshop_vietnam\/"]}]}},"_links":{"self":[{"href":"https:\/\/thebottleshop.vn\/vi\/wp-json\/wp\/v2\/product\/22658","targetHints":{"allow":["GET"]}}],"collection":[{"href":"https:\/\/thebottleshop.vn\/vi\/wp-json\/wp\/v2\/product"}],"about":[{"href":"https:\/\/thebottleshop.vn\/vi\/wp-json\/wp\/v2\/types\/product"}],"replies":[{"embeddable":true,"href":"https:\/\/thebottleshop.vn\/vi\/wp-json\/wp\/v2\/comments?post=22658"}],"wp:featuredmedia":[{"embeddable":true,"href":"https:\/\/thebottleshop.vn\/vi\/wp-json\/wp\/v2\/media\/22623"}],"wp:attachment":[{"href":"https:\/\/thebottleshop.vn\/vi\/wp-json\/wp\/v2\/media?parent=22658"}],"wp:term":[{"taxonomy":"product_brand","embeddable":true,"href":"https:\/\/thebottleshop.vn\/vi\/wp-json\/wp\/v2\/product_brand?post=22658"},{"taxonomy":"product_cat","embeddable":true,"href":"https:\/\/thebottleshop.vn\/vi\/wp-json\/wp\/v2\/product_cat?post=22658"},{"taxonomy":"product_tag","embeddable":true,"href":"https:\/\/thebottleshop.vn\/vi\/wp-json\/wp\/v2\/product_tag?post=22658"}],"curies":[{"name":"wp","href":"https:\/\/api.w.org\/{rel}","templated":true}]}}