{"id":22660,"date":"2026-03-05T18:32:04","date_gmt":"2026-03-05T11:32:04","guid":{"rendered":"https:\/\/thebottleshop.vn\/product\/east-west-good-times-lager\/"},"modified":"2026-03-06T12:19:20","modified_gmt":"2026-03-06T05:19:20","slug":"east-west-good-times-lager","status":"publish","type":"product","link":"https:\/\/thebottleshop.vn\/vi\/san-pham\/east-west-good-times-lager\/","title":{"rendered":"East West Good Times Lager"},"content":{"rendered":"<p>East West Good Times Lager l\u00e0 l\u1eddi tri \u00e2n d\u00e0nh cho bi\u1ec3n xanh, n\u1eafng v\u00e0ng, nh\u1eefng ng\u01b0\u1eddi b\u1ea1n t\u1ed1t v\u00e0 m\u1ed9t lon bia l\u1ea1nh trong tay. \u0110\u01b0\u1ee3c \u1ee7 cho kh\u00ed h\u1eadu nhi\u1ec7t \u0111\u1edbi, d\u00f2ng bia n\u00e0y mang v\u1ecb thanh m\u00e1t, s\u1ea3ng kho\u00e1i v\u00e0 \u00eam m\u01b0\u1ee3t, h\u00f2a quy\u1ec7n c\u00f9ng h\u01b0\u01a1ng hoa bia cam qu\u00fdt nh\u1eb9 nh\u00e0ng. <\/p>\n<p>\u2014\u2013<br \/>\nXem th\u01b0 vi\u1ec7n h\u00ecnh \u1ea3nh \u0111\u1ec3 bi\u1ebft th\u00eam th\u00f4ng tin chi ti\u1ebft v\u1ec1 ngu\u1ed3n g\u1ed1c, th\u00e0nh ph\u1ea7n v\u00e0 h\u01b0\u1edbng d\u1eabn s\u1eed d\u1ee5ng c\u1ee7a s\u1ea3n ph\u1ea9m.<\/p>\n","protected":false},"excerpt":{"rendered":"<p><strong>Thanh m\u00e1t, S\u1ea3ng kho\u00e1i, \u00cam m\u01b0\u1ee3t 4.2%<\/strong><\/p>\n","protected":false},"featured_media":22597,"comment_status":"open","ping_status":"closed","template":"","meta":{"_acf_changed":false},"product_brand":[],"product_cat":[378,337,340,347,354,351,366,345,377,339,341,352,356,368,710],"product_tag":[],"class_list":{"0":"post-22660","1":"product","2":"type-product","3":"status-publish","4":"has-post-thumbnail","6":"product_cat-00-19","7":"product_cat-bia-va-cider","8":"product_cat-vietnam-hcmc","9":"product_cat-4-5-9","10":"product_cat-75k-99k","11":"product_cat-dong-bia","12":"product_cat-nha-san-xuat","13":"product_cat-abv-vi","14":"product_cat-ibu","15":"product_cat-xuat-xu","16":"product_cat-dong-goi","17":"product_cat-gia","18":"product_cat-lager","19":"product_cat-east-west","20":"product_cat-lon-500ml","22":"first","23":"instock","24":"shipping-taxable","25":"purchasable","26":"product-type-simple","27":"add-to-wishlist-before_image"},"acf":[],"yoast_head":"<!-- This site is optimized with the Yoast SEO plugin v27.2 - https:\/\/yoast.com\/product\/yoast-seo-wordpress\/ -->\n<title>East West Good Times Lager - The Bottle Shop<\/title>\n<meta name=\"description\" content=\"East West Good Times Lager l\u00e0 l\u1eddi tri \u00e2n d\u00e0nh cho bi\u1ec3n xanh, n\u1eafng v\u00e0ng, nh\u1eefng ng\u01b0\u1eddi b\u1ea1n t\u1ed1t v\u00e0 m\u1ed9t lon bia l\u1ea1nh trong tay. \u0110\u01b0\u1ee3c \u1ee7 cho kh\u00ed h\u1eadu nhi\u1ec7t \u0111\u1edbi, d\u00f2ng bia n\u00e0y mang v\u1ecb thanh m\u00e1t, s\u1ea3ng kho\u00e1i v\u00e0 \u00eam m\u01b0\u1ee3t, h\u00f2a quy\u1ec7n c\u00f9ng h\u01b0\u01a1ng hoa bia cam qu\u00fdt nh\u1eb9 nh\u00e0ng.\" \/>\n<meta name=\"robots\" content=\"index, follow, max-snippet:-1, max-image-preview:large, max-video-preview:-1\" \/>\n<link rel=\"canonical\" href=\"https:\/\/thebottleshop.vn\/vi\/san-pham\/east-west-good-times-lager\/\" \/>\n<meta property=\"og:locale\" content=\"vi_VN\" \/>\n<meta property=\"og:type\" content=\"article\" \/>\n<meta property=\"og:title\" content=\"East West Good Times Lager - The Bottle Shop\" \/>\n<meta property=\"og:description\" content=\"East West Good Times Lager l\u00e0 l\u1eddi tri \u00e2n d\u00e0nh cho bi\u1ec3n xanh, n\u1eafng v\u00e0ng, nh\u1eefng ng\u01b0\u1eddi b\u1ea1n t\u1ed1t v\u00e0 m\u1ed9t lon bia l\u1ea1nh trong tay. \u0110\u01b0\u1ee3c \u1ee7 cho kh\u00ed h\u1eadu nhi\u1ec7t \u0111\u1edbi, d\u00f2ng bia n\u00e0y mang v\u1ecb thanh m\u00e1t, s\u1ea3ng kho\u00e1i v\u00e0 \u00eam m\u01b0\u1ee3t, h\u00f2a quy\u1ec7n c\u00f9ng h\u01b0\u01a1ng hoa bia cam qu\u00fdt nh\u1eb9 nh\u00e0ng.\" \/>\n<meta property=\"og:url\" content=\"https:\/\/thebottleshop.vn\/vi\/san-pham\/east-west-good-times-lager\/\" \/>\n<meta property=\"og:site_name\" content=\"The Bottle Shop\" \/>\n<meta property=\"article:publisher\" content=\"https:\/\/www.facebook.com\/thebottleshopvietnam\" \/>\n<meta property=\"article:modified_time\" content=\"2026-03-06T05:19:20+00:00\" \/>\n<meta property=\"og:image\" content=\"https:\/\/mlsrfcxkkbzg.i.optimole.com\/cb:JbP2.215d7\/w:auto\/h:auto\/q:mauto\/ig:avif\/https:\/\/thebottleshop.vn\/wp-content\/uploads\/2026\/02\/East-West-Good-Times-Lager-Can.png\" \/>\n\t<meta property=\"og:image:width\" content=\"1080\" \/>\n\t<meta property=\"og:image:height\" content=\"1080\" \/>\n\t<meta property=\"og:image:type\" content=\"image\/png\" \/>\n<meta name=\"twitter:card\" content=\"summary_large_image\" \/>\n<meta name=\"twitter:label1\" content=\"Est. reading time\" \/>\n\t<meta name=\"twitter:data1\" content=\"1 minute\" \/>\n<script type=\"application\/ld+json\" class=\"yoast-schema-graph\">{\"@context\":\"https:\/\/schema.org\",\"@graph\":[{\"@type\":\"WebPage\",\"@id\":\"https:\/\/thebottleshop.vn\/vi\/san-pham\/east-west-good-times-lager\/\",\"url\":\"https:\/\/thebottleshop.vn\/vi\/san-pham\/east-west-good-times-lager\/\",\"name\":\"East West Good Times Lager - The Bottle Shop\",\"isPartOf\":{\"@id\":\"http:\/\/52.77.24.187\/#website\"},\"primaryImageOfPage\":{\"@id\":\"https:\/\/thebottleshop.vn\/vi\/san-pham\/east-west-good-times-lager\/#primaryimage\"},\"image\":{\"@id\":\"https:\/\/thebottleshop.vn\/vi\/san-pham\/east-west-good-times-lager\/#primaryimage\"},\"thumbnailUrl\":\"https:\/\/mlsrfcxkkbzg.i.optimole.com\/cb:JbP2.215d7\/w:auto\/h:auto\/q:mauto\/ig:avif\/https:\/\/thebottleshop.vn\/wp-content\/uploads\/2026\/02\/East-West-Good-Times-Lager-Can.png\",\"datePublished\":\"2026-03-05T11:32:04+00:00\",\"dateModified\":\"2026-03-06T05:19:20+00:00\",\"description\":\"East West Good Times Lager l\u00e0 l\u1eddi tri \u00e2n d\u00e0nh cho bi\u1ec3n xanh, n\u1eafng v\u00e0ng, nh\u1eefng ng\u01b0\u1eddi b\u1ea1n t\u1ed1t v\u00e0 m\u1ed9t lon bia l\u1ea1nh trong tay. \u0110\u01b0\u1ee3c \u1ee7 cho kh\u00ed h\u1eadu nhi\u1ec7t \u0111\u1edbi, d\u00f2ng bia n\u00e0y mang v\u1ecb thanh m\u00e1t, s\u1ea3ng kho\u00e1i v\u00e0 \u00eam m\u01b0\u1ee3t, h\u00f2a quy\u1ec7n c\u00f9ng h\u01b0\u01a1ng hoa bia cam qu\u00fdt nh\u1eb9 nh\u00e0ng.\",\"breadcrumb\":{\"@id\":\"https:\/\/thebottleshop.vn\/vi\/san-pham\/east-west-good-times-lager\/#breadcrumb\"},\"inLanguage\":\"vi-VN\",\"potentialAction\":[{\"@type\":\"ReadAction\",\"target\":[\"https:\/\/thebottleshop.vn\/vi\/san-pham\/east-west-good-times-lager\/\"]}]},{\"@type\":\"ImageObject\",\"inLanguage\":\"vi-VN\",\"@id\":\"https:\/\/thebottleshop.vn\/vi\/san-pham\/east-west-good-times-lager\/#primaryimage\",\"url\":\"https:\/\/mlsrfcxkkbzg.i.optimole.com\/cb:JbP2.215d7\/w:auto\/h:auto\/q:mauto\/ig:avif\/https:\/\/thebottleshop.vn\/wp-content\/uploads\/2026\/02\/East-West-Good-Times-Lager-Can.png\",\"contentUrl\":\"https:\/\/mlsrfcxkkbzg.i.optimole.com\/cb:JbP2.215d7\/w:auto\/h:auto\/q:mauto\/ig:avif\/https:\/\/thebottleshop.vn\/wp-content\/uploads\/2026\/02\/East-West-Good-Times-Lager-Can.png\",\"width\":1080,\"height\":1080,\"caption\":\"East West Good Times Lager Can\"},{\"@type\":\"BreadcrumbList\",\"@id\":\"https:\/\/thebottleshop.vn\/vi\/san-pham\/east-west-good-times-lager\/#breadcrumb\",\"itemListElement\":[{\"@type\":\"ListItem\",\"position\":1,\"name\":\"Home\",\"item\":\"http:\/\/52.77.24.187\/vi\/test-popup-vi\/\"},{\"@type\":\"ListItem\",\"position\":2,\"name\":\"C\u1eeda h\u00e0ng\",\"item\":\"http:\/\/52.77.24.187\/vi\/cua-hang\/\"},{\"@type\":\"ListItem\",\"position\":3,\"name\":\"East West Good Times Lager\"}]},{\"@type\":\"WebSite\",\"@id\":\"http:\/\/52.77.24.187\/#website\",\"url\":\"http:\/\/52.77.24.187\/\",\"name\":\"The Bottle Shop\",\"description\":\"All beers are not created equal\",\"publisher\":{\"@id\":\"http:\/\/52.77.24.187\/#organization\"},\"potentialAction\":[{\"@type\":\"SearchAction\",\"target\":{\"@type\":\"EntryPoint\",\"urlTemplate\":\"http:\/\/52.77.24.187\/?s={search_term_string}\"},\"query-input\":{\"@type\":\"PropertyValueSpecification\",\"valueRequired\":true,\"valueName\":\"search_term_string\"}}],\"inLanguage\":\"vi-VN\"},{\"@type\":\"Organization\",\"@id\":\"http:\/\/52.77.24.187\/#organization\",\"name\":\"The Bottle Shop\",\"url\":\"http:\/\/52.77.24.187\/\",\"logo\":{\"@type\":\"ImageObject\",\"inLanguage\":\"vi-VN\",\"@id\":\"http:\/\/52.77.24.187\/#\/schema\/logo\/image\/\",\"url\":\"https:\/\/mlsrfcxkkbzg.i.optimole.com\/cb:JbP2.215d7\/w:auto\/h:auto\/q:mauto\/ig:avif\/https:\/\/thebottleshop.vn\/wp-content\/uploads\/2022\/10\/The-Bottle-Shop-Online-Logo.png\",\"contentUrl\":\"https:\/\/mlsrfcxkkbzg.i.optimole.com\/cb:JbP2.215d7\/w:auto\/h:auto\/q:mauto\/ig:avif\/https:\/\/thebottleshop.vn\/wp-content\/uploads\/2022\/10\/The-Bottle-Shop-Online-Logo.png\",\"width\":145,\"height\":147,\"caption\":\"The Bottle Shop\"},\"image\":{\"@id\":\"http:\/\/52.77.24.187\/#\/schema\/logo\/image\/\"},\"sameAs\":[\"https:\/\/www.facebook.com\/thebottleshopvietnam\",\"https:\/\/www.instagram.com\/thebottleshop_vietnam\/\"]}]}<\/script>\n<!-- \/ Yoast SEO plugin. -->","yoast_head_json":{"title":"East West Good Times Lager - The Bottle Shop","description":"East West Good Times Lager l\u00e0 l\u1eddi tri \u00e2n d\u00e0nh cho bi\u1ec3n xanh, n\u1eafng v\u00e0ng, nh\u1eefng ng\u01b0\u1eddi b\u1ea1n t\u1ed1t v\u00e0 m\u1ed9t lon bia l\u1ea1nh trong tay. \u0110\u01b0\u1ee3c \u1ee7 cho kh\u00ed h\u1eadu nhi\u1ec7t \u0111\u1edbi, d\u00f2ng bia n\u00e0y mang v\u1ecb thanh m\u00e1t, s\u1ea3ng kho\u00e1i v\u00e0 \u00eam m\u01b0\u1ee3t, h\u00f2a quy\u1ec7n c\u00f9ng h\u01b0\u01a1ng hoa bia cam qu\u00fdt nh\u1eb9 nh\u00e0ng.","robots":{"index":"index","follow":"follow","max-snippet":"max-snippet:-1","max-image-preview":"max-image-preview:large","max-video-preview":"max-video-preview:-1"},"canonical":"https:\/\/thebottleshop.vn\/vi\/san-pham\/east-west-good-times-lager\/","og_locale":"vi_VN","og_type":"article","og_title":"East West Good Times Lager - The Bottle Shop","og_description":"East West Good Times Lager l\u00e0 l\u1eddi tri \u00e2n d\u00e0nh cho bi\u1ec3n xanh, n\u1eafng v\u00e0ng, nh\u1eefng ng\u01b0\u1eddi b\u1ea1n t\u1ed1t v\u00e0 m\u1ed9t lon bia l\u1ea1nh trong tay. \u0110\u01b0\u1ee3c \u1ee7 cho kh\u00ed h\u1eadu nhi\u1ec7t \u0111\u1edbi, d\u00f2ng bia n\u00e0y mang v\u1ecb thanh m\u00e1t, s\u1ea3ng kho\u00e1i v\u00e0 \u00eam m\u01b0\u1ee3t, h\u00f2a quy\u1ec7n c\u00f9ng h\u01b0\u01a1ng hoa bia cam qu\u00fdt nh\u1eb9 nh\u00e0ng.","og_url":"https:\/\/thebottleshop.vn\/vi\/san-pham\/east-west-good-times-lager\/","og_site_name":"The Bottle Shop","article_publisher":"https:\/\/www.facebook.com\/thebottleshopvietnam","article_modified_time":"2026-03-06T05:19:20+00:00","og_image":[{"width":1080,"height":1080,"url":"https:\/\/mlsrfcxkkbzg.i.optimole.com\/cb:JbP2.215d7\/w:auto\/h:auto\/q:mauto\/ig:avif\/https:\/\/thebottleshop.vn\/wp-content\/uploads\/2026\/02\/East-West-Good-Times-Lager-Can.png","type":"image\/png"}],"twitter_card":"summary_large_image","twitter_misc":{"Est. reading time":"1 minute"},"schema":{"@context":"https:\/\/schema.org","@graph":[{"@type":"WebPage","@id":"https:\/\/thebottleshop.vn\/vi\/san-pham\/east-west-good-times-lager\/","url":"https:\/\/thebottleshop.vn\/vi\/san-pham\/east-west-good-times-lager\/","name":"East West Good Times Lager - The Bottle Shop","isPartOf":{"@id":"http:\/\/52.77.24.187\/#website"},"primaryImageOfPage":{"@id":"https:\/\/thebottleshop.vn\/vi\/san-pham\/east-west-good-times-lager\/#primaryimage"},"image":{"@id":"https:\/\/thebottleshop.vn\/vi\/san-pham\/east-west-good-times-lager\/#primaryimage"},"thumbnailUrl":"https:\/\/mlsrfcxkkbzg.i.optimole.com\/cb:JbP2.215d7\/w:auto\/h:auto\/q:mauto\/ig:avif\/https:\/\/thebottleshop.vn\/wp-content\/uploads\/2026\/02\/East-West-Good-Times-Lager-Can.png","datePublished":"2026-03-05T11:32:04+00:00","dateModified":"2026-03-06T05:19:20+00:00","description":"East West Good Times Lager l\u00e0 l\u1eddi tri \u00e2n d\u00e0nh cho bi\u1ec3n xanh, n\u1eafng v\u00e0ng, nh\u1eefng ng\u01b0\u1eddi b\u1ea1n t\u1ed1t v\u00e0 m\u1ed9t lon bia l\u1ea1nh trong tay. \u0110\u01b0\u1ee3c \u1ee7 cho kh\u00ed h\u1eadu nhi\u1ec7t \u0111\u1edbi, d\u00f2ng bia n\u00e0y mang v\u1ecb thanh m\u00e1t, s\u1ea3ng kho\u00e1i v\u00e0 \u00eam m\u01b0\u1ee3t, h\u00f2a quy\u1ec7n c\u00f9ng h\u01b0\u01a1ng hoa bia cam qu\u00fdt nh\u1eb9 nh\u00e0ng.","breadcrumb":{"@id":"https:\/\/thebottleshop.vn\/vi\/san-pham\/east-west-good-times-lager\/#breadcrumb"},"inLanguage":"vi-VN","potentialAction":[{"@type":"ReadAction","target":["https:\/\/thebottleshop.vn\/vi\/san-pham\/east-west-good-times-lager\/"]}]},{"@type":"ImageObject","inLanguage":"vi-VN","@id":"https:\/\/thebottleshop.vn\/vi\/san-pham\/east-west-good-times-lager\/#primaryimage","url":"https:\/\/mlsrfcxkkbzg.i.optimole.com\/cb:JbP2.215d7\/w:auto\/h:auto\/q:mauto\/ig:avif\/https:\/\/thebottleshop.vn\/wp-content\/uploads\/2026\/02\/East-West-Good-Times-Lager-Can.png","contentUrl":"https:\/\/mlsrfcxkkbzg.i.optimole.com\/cb:JbP2.215d7\/w:auto\/h:auto\/q:mauto\/ig:avif\/https:\/\/thebottleshop.vn\/wp-content\/uploads\/2026\/02\/East-West-Good-Times-Lager-Can.png","width":1080,"height":1080,"caption":"East West Good Times Lager Can"},{"@type":"BreadcrumbList","@id":"https:\/\/thebottleshop.vn\/vi\/san-pham\/east-west-good-times-lager\/#breadcrumb","itemListElement":[{"@type":"ListItem","position":1,"name":"Home","item":"http:\/\/52.77.24.187\/vi\/test-popup-vi\/"},{"@type":"ListItem","position":2,"name":"C\u1eeda h\u00e0ng","item":"http:\/\/52.77.24.187\/vi\/cua-hang\/"},{"@type":"ListItem","position":3,"name":"East West Good Times Lager"}]},{"@type":"WebSite","@id":"http:\/\/52.77.24.187\/#website","url":"http:\/\/52.77.24.187\/","name":"The Bottle Shop","description":"All beers are not created equal","publisher":{"@id":"http:\/\/52.77.24.187\/#organization"},"potentialAction":[{"@type":"SearchAction","target":{"@type":"EntryPoint","urlTemplate":"http:\/\/52.77.24.187\/?s={search_term_string}"},"query-input":{"@type":"PropertyValueSpecification","valueRequired":true,"valueName":"search_term_string"}}],"inLanguage":"vi-VN"},{"@type":"Organization","@id":"http:\/\/52.77.24.187\/#organization","name":"The Bottle Shop","url":"http:\/\/52.77.24.187\/","logo":{"@type":"ImageObject","inLanguage":"vi-VN","@id":"http:\/\/52.77.24.187\/#\/schema\/logo\/image\/","url":"https:\/\/mlsrfcxkkbzg.i.optimole.com\/cb:JbP2.215d7\/w:auto\/h:auto\/q:mauto\/ig:avif\/https:\/\/thebottleshop.vn\/wp-content\/uploads\/2022\/10\/The-Bottle-Shop-Online-Logo.png","contentUrl":"https:\/\/mlsrfcxkkbzg.i.optimole.com\/cb:JbP2.215d7\/w:auto\/h:auto\/q:mauto\/ig:avif\/https:\/\/thebottleshop.vn\/wp-content\/uploads\/2022\/10\/The-Bottle-Shop-Online-Logo.png","width":145,"height":147,"caption":"The Bottle Shop"},"image":{"@id":"http:\/\/52.77.24.187\/#\/schema\/logo\/image\/"},"sameAs":["https:\/\/www.facebook.com\/thebottleshopvietnam","https:\/\/www.instagram.com\/thebottleshop_vietnam\/"]}]}},"_links":{"self":[{"href":"https:\/\/thebottleshop.vn\/vi\/wp-json\/wp\/v2\/product\/22660","targetHints":{"allow":["GET"]}}],"collection":[{"href":"https:\/\/thebottleshop.vn\/vi\/wp-json\/wp\/v2\/product"}],"about":[{"href":"https:\/\/thebottleshop.vn\/vi\/wp-json\/wp\/v2\/types\/product"}],"replies":[{"embeddable":true,"href":"https:\/\/thebottleshop.vn\/vi\/wp-json\/wp\/v2\/comments?post=22660"}],"wp:featuredmedia":[{"embeddable":true,"href":"https:\/\/thebottleshop.vn\/vi\/wp-json\/wp\/v2\/media\/22597"}],"wp:attachment":[{"href":"https:\/\/thebottleshop.vn\/vi\/wp-json\/wp\/v2\/media?parent=22660"}],"wp:term":[{"taxonomy":"product_brand","embeddable":true,"href":"https:\/\/thebottleshop.vn\/vi\/wp-json\/wp\/v2\/product_brand?post=22660"},{"taxonomy":"product_cat","embeddable":true,"href":"https:\/\/thebottleshop.vn\/vi\/wp-json\/wp\/v2\/product_cat?post=22660"},{"taxonomy":"product_tag","embeddable":true,"href":"https:\/\/thebottleshop.vn\/vi\/wp-json\/wp\/v2\/product_tag?post=22660"}],"curies":[{"name":"wp","href":"https:\/\/api.w.org\/{rel}","templated":true}]}}