{"id":22664,"date":"2026-03-05T18:46:19","date_gmt":"2026-03-05T11:46:19","guid":{"rendered":"https:\/\/thebottleshop.vn\/product\/ruou-mam-mo-ma-dao\/"},"modified":"2026-03-05T18:48:11","modified_gmt":"2026-03-05T11:48:11","slug":"ruou-mam-mo-ma-dao","status":"publish","type":"product","link":"https:\/\/thebottleshop.vn\/vi\/san-pham\/ruou-mam-mo-ma-dao\/","title":{"rendered":"R\u01b0\u1ee3u M\u1ea7m M\u01a1 M\u00e1 \u0110\u00e0o"},"content":{"rendered":"<p>M\u1ea7m Distillery Apricot Liqueur.<br \/>\nR\u01b0\u1ee3u M\u01a1 M\u00e1 \u0110\u00e0o.<br \/>\n530ml\/100ml. ABV 19%. Fruit liqueur.  <\/p>\n<p>\u2014\u2013<br \/>\nXem th\u01b0 vi\u1ec7n h\u00ecnh \u1ea3nh \u0111\u1ec3 bi\u1ebft th\u00eam th\u00f4ng tin chi ti\u1ebft v\u1ec1 ngu\u1ed3n g\u1ed1c, th\u00e0nh ph\u1ea7n v\u00e0 h\u01b0\u1edbng d\u1eabn s\u1eed d\u1ee5ng c\u1ee7a s\u1ea3n ph\u1ea9m.<\/p>\n","protected":false},"excerpt":{"rendered":"<p><strong>530ml\/100ml :: 19%<\/strong><\/p>\n","protected":false},"featured_media":22647,"comment_status":"open","ping_status":"closed","template":"","meta":{"_acf_changed":false},"product_brand":[],"product_cat":[594,390,354,338,349,373,508,345,676,339,341,352,364,371,502],"product_tag":[],"class_list":{"0":"post-22664","1":"product","2":"type-product","3":"status-publish","4":"has-post-thumbnail","6":"product_cat-chai-100ml","7":"product_cat-vietnam-hanoi","8":"product_cat-75k-99k","9":"product_cat-ruou-va-ruou-vang","10":"product_cat-1-0-2-5","11":"product_cat-200k-499k","12":"product_cat-liqueuer","13":"product_cat-abv-vi","14":"product_cat-chai-530ml","15":"product_cat-xuat-xu","16":"product_cat-dong-goi","17":"product_cat-gia","18":"product_cat-dong-ruou","19":"product_cat-nha-san-xuat-ruou","20":"product_cat-ruou-mam","21":"pa_pack_type-100ml-vi","22":"pa_pack_type-530ml-vi","24":"first","25":"instock","26":"shipping-taxable","27":"purchasable","28":"product-type-variable","29":"has-default-attributes","30":"add-to-wishlist-before_image"},"acf":[],"yoast_head":"<!-- This site is optimized with the Yoast SEO plugin v27.2 - https:\/\/yoast.com\/product\/yoast-seo-wordpress\/ -->\n<title>R\u01b0\u1ee3u M\u1ea7m M\u01a1 M\u00e1 \u0110\u00e0o - The Bottle Shop<\/title>\n<meta name=\"description\" content=\"M\u1ea7m Distillery Apricot Liqueur. R\u01b0\u1ee3u M\u01a1 M\u00e1 \u0110\u00e0o. 530ml\/100ml. ABV 19%. Fruit liqueur.\" \/>\n<meta name=\"robots\" content=\"index, follow, max-snippet:-1, max-image-preview:large, max-video-preview:-1\" \/>\n<link rel=\"canonical\" href=\"https:\/\/thebottleshop.vn\/vi\/san-pham\/ruou-mam-mo-ma-dao\/\" \/>\n<meta property=\"og:locale\" content=\"vi_VN\" \/>\n<meta property=\"og:type\" content=\"article\" \/>\n<meta property=\"og:title\" content=\"R\u01b0\u1ee3u M\u1ea7m M\u01a1 M\u00e1 \u0110\u00e0o - The Bottle Shop\" \/>\n<meta property=\"og:description\" content=\"M\u1ea7m Distillery Apricot Liqueur. R\u01b0\u1ee3u M\u01a1 M\u00e1 \u0110\u00e0o. 530ml\/100ml. ABV 19%. Fruit liqueur.\" \/>\n<meta property=\"og:url\" content=\"https:\/\/thebottleshop.vn\/vi\/san-pham\/ruou-mam-mo-ma-dao\/\" \/>\n<meta property=\"og:site_name\" content=\"The Bottle Shop\" \/>\n<meta property=\"article:publisher\" content=\"https:\/\/www.facebook.com\/thebottleshopvietnam\" \/>\n<meta property=\"article:modified_time\" content=\"2026-03-05T11:48:11+00:00\" \/>\n<meta property=\"og:image\" content=\"https:\/\/mlsrfcxkkbzg.i.optimole.com\/cb:JbP2.215d7\/w:auto\/h:auto\/q:mauto\/ig:avif\/https:\/\/thebottleshop.vn\/wp-content\/uploads\/2026\/03\/Mam-Distillery-Mo-Ma-Dao-Liqueur.png\" \/>\n\t<meta property=\"og:image:width\" content=\"1080\" \/>\n\t<meta property=\"og:image:height\" content=\"1080\" \/>\n\t<meta property=\"og:image:type\" content=\"image\/png\" \/>\n<meta name=\"twitter:card\" content=\"summary_large_image\" \/>\n<script type=\"application\/ld+json\" class=\"yoast-schema-graph\">{\"@context\":\"https:\/\/schema.org\",\"@graph\":[{\"@type\":\"WebPage\",\"@id\":\"https:\/\/thebottleshop.vn\/vi\/san-pham\/ruou-mam-mo-ma-dao\/\",\"url\":\"https:\/\/thebottleshop.vn\/vi\/san-pham\/ruou-mam-mo-ma-dao\/\",\"name\":\"R\u01b0\u1ee3u M\u1ea7m M\u01a1 M\u00e1 \u0110\u00e0o - The Bottle Shop\",\"isPartOf\":{\"@id\":\"http:\/\/52.77.24.187\/#website\"},\"primaryImageOfPage\":{\"@id\":\"https:\/\/thebottleshop.vn\/vi\/san-pham\/ruou-mam-mo-ma-dao\/#primaryimage\"},\"image\":{\"@id\":\"https:\/\/thebottleshop.vn\/vi\/san-pham\/ruou-mam-mo-ma-dao\/#primaryimage\"},\"thumbnailUrl\":\"https:\/\/mlsrfcxkkbzg.i.optimole.com\/cb:JbP2.215d7\/w:auto\/h:auto\/q:mauto\/ig:avif\/https:\/\/thebottleshop.vn\/wp-content\/uploads\/2026\/03\/Mam-Distillery-Mo-Ma-Dao-Liqueur.png\",\"datePublished\":\"2026-03-05T11:46:19+00:00\",\"dateModified\":\"2026-03-05T11:48:11+00:00\",\"description\":\"M\u1ea7m Distillery Apricot Liqueur. R\u01b0\u1ee3u M\u01a1 M\u00e1 \u0110\u00e0o. 530ml\/100ml. ABV 19%. Fruit liqueur.\",\"breadcrumb\":{\"@id\":\"https:\/\/thebottleshop.vn\/vi\/san-pham\/ruou-mam-mo-ma-dao\/#breadcrumb\"},\"inLanguage\":\"vi-VN\",\"potentialAction\":[{\"@type\":\"ReadAction\",\"target\":[\"https:\/\/thebottleshop.vn\/vi\/san-pham\/ruou-mam-mo-ma-dao\/\"]}]},{\"@type\":\"ImageObject\",\"inLanguage\":\"vi-VN\",\"@id\":\"https:\/\/thebottleshop.vn\/vi\/san-pham\/ruou-mam-mo-ma-dao\/#primaryimage\",\"url\":\"https:\/\/mlsrfcxkkbzg.i.optimole.com\/cb:JbP2.215d7\/w:auto\/h:auto\/q:mauto\/ig:avif\/https:\/\/thebottleshop.vn\/wp-content\/uploads\/2026\/03\/Mam-Distillery-Mo-Ma-Dao-Liqueur.png\",\"contentUrl\":\"https:\/\/mlsrfcxkkbzg.i.optimole.com\/cb:JbP2.215d7\/w:auto\/h:auto\/q:mauto\/ig:avif\/https:\/\/thebottleshop.vn\/wp-content\/uploads\/2026\/03\/Mam-Distillery-Mo-Ma-Dao-Liqueur.png\",\"width\":1080,\"height\":1080,\"caption\":\"M\u1ea7m Distillery M\u01a1 M\u00e1 \u0110\u00e0o Liqueur\"},{\"@type\":\"BreadcrumbList\",\"@id\":\"https:\/\/thebottleshop.vn\/vi\/san-pham\/ruou-mam-mo-ma-dao\/#breadcrumb\",\"itemListElement\":[{\"@type\":\"ListItem\",\"position\":1,\"name\":\"Home\",\"item\":\"http:\/\/52.77.24.187\/vi\/test-popup-vi\/\"},{\"@type\":\"ListItem\",\"position\":2,\"name\":\"C\u1eeda h\u00e0ng\",\"item\":\"http:\/\/52.77.24.187\/vi\/cua-hang\/\"},{\"@type\":\"ListItem\",\"position\":3,\"name\":\"R\u01b0\u1ee3u M\u1ea7m M\u01a1 M\u00e1 \u0110\u00e0o\"}]},{\"@type\":\"WebSite\",\"@id\":\"http:\/\/52.77.24.187\/#website\",\"url\":\"http:\/\/52.77.24.187\/\",\"name\":\"The Bottle Shop\",\"description\":\"All beers are not created equal\",\"publisher\":{\"@id\":\"http:\/\/52.77.24.187\/#organization\"},\"potentialAction\":[{\"@type\":\"SearchAction\",\"target\":{\"@type\":\"EntryPoint\",\"urlTemplate\":\"http:\/\/52.77.24.187\/?s={search_term_string}\"},\"query-input\":{\"@type\":\"PropertyValueSpecification\",\"valueRequired\":true,\"valueName\":\"search_term_string\"}}],\"inLanguage\":\"vi-VN\"},{\"@type\":\"Organization\",\"@id\":\"http:\/\/52.77.24.187\/#organization\",\"name\":\"The Bottle Shop\",\"url\":\"http:\/\/52.77.24.187\/\",\"logo\":{\"@type\":\"ImageObject\",\"inLanguage\":\"vi-VN\",\"@id\":\"http:\/\/52.77.24.187\/#\/schema\/logo\/image\/\",\"url\":\"https:\/\/mlsrfcxkkbzg.i.optimole.com\/cb:JbP2.215d7\/w:auto\/h:auto\/q:mauto\/ig:avif\/https:\/\/thebottleshop.vn\/wp-content\/uploads\/2022\/10\/The-Bottle-Shop-Online-Logo.png\",\"contentUrl\":\"https:\/\/mlsrfcxkkbzg.i.optimole.com\/cb:JbP2.215d7\/w:auto\/h:auto\/q:mauto\/ig:avif\/https:\/\/thebottleshop.vn\/wp-content\/uploads\/2022\/10\/The-Bottle-Shop-Online-Logo.png\",\"width\":145,\"height\":147,\"caption\":\"The Bottle Shop\"},\"image\":{\"@id\":\"http:\/\/52.77.24.187\/#\/schema\/logo\/image\/\"},\"sameAs\":[\"https:\/\/www.facebook.com\/thebottleshopvietnam\",\"https:\/\/www.instagram.com\/thebottleshop_vietnam\/\"]}]}<\/script>\n<!-- \/ Yoast SEO plugin. -->","yoast_head_json":{"title":"R\u01b0\u1ee3u M\u1ea7m M\u01a1 M\u00e1 \u0110\u00e0o - The Bottle Shop","description":"M\u1ea7m Distillery Apricot Liqueur. R\u01b0\u1ee3u M\u01a1 M\u00e1 \u0110\u00e0o. 530ml\/100ml. ABV 19%. Fruit liqueur.","robots":{"index":"index","follow":"follow","max-snippet":"max-snippet:-1","max-image-preview":"max-image-preview:large","max-video-preview":"max-video-preview:-1"},"canonical":"https:\/\/thebottleshop.vn\/vi\/san-pham\/ruou-mam-mo-ma-dao\/","og_locale":"vi_VN","og_type":"article","og_title":"R\u01b0\u1ee3u M\u1ea7m M\u01a1 M\u00e1 \u0110\u00e0o - The Bottle Shop","og_description":"M\u1ea7m Distillery Apricot Liqueur. R\u01b0\u1ee3u M\u01a1 M\u00e1 \u0110\u00e0o. 530ml\/100ml. ABV 19%. Fruit liqueur.","og_url":"https:\/\/thebottleshop.vn\/vi\/san-pham\/ruou-mam-mo-ma-dao\/","og_site_name":"The Bottle Shop","article_publisher":"https:\/\/www.facebook.com\/thebottleshopvietnam","article_modified_time":"2026-03-05T11:48:11+00:00","og_image":[{"width":1080,"height":1080,"url":"https:\/\/mlsrfcxkkbzg.i.optimole.com\/cb:JbP2.215d7\/w:auto\/h:auto\/q:mauto\/ig:avif\/https:\/\/thebottleshop.vn\/wp-content\/uploads\/2026\/03\/Mam-Distillery-Mo-Ma-Dao-Liqueur.png","type":"image\/png"}],"twitter_card":"summary_large_image","schema":{"@context":"https:\/\/schema.org","@graph":[{"@type":"WebPage","@id":"https:\/\/thebottleshop.vn\/vi\/san-pham\/ruou-mam-mo-ma-dao\/","url":"https:\/\/thebottleshop.vn\/vi\/san-pham\/ruou-mam-mo-ma-dao\/","name":"R\u01b0\u1ee3u M\u1ea7m M\u01a1 M\u00e1 \u0110\u00e0o - The Bottle Shop","isPartOf":{"@id":"http:\/\/52.77.24.187\/#website"},"primaryImageOfPage":{"@id":"https:\/\/thebottleshop.vn\/vi\/san-pham\/ruou-mam-mo-ma-dao\/#primaryimage"},"image":{"@id":"https:\/\/thebottleshop.vn\/vi\/san-pham\/ruou-mam-mo-ma-dao\/#primaryimage"},"thumbnailUrl":"https:\/\/mlsrfcxkkbzg.i.optimole.com\/cb:JbP2.215d7\/w:auto\/h:auto\/q:mauto\/ig:avif\/https:\/\/thebottleshop.vn\/wp-content\/uploads\/2026\/03\/Mam-Distillery-Mo-Ma-Dao-Liqueur.png","datePublished":"2026-03-05T11:46:19+00:00","dateModified":"2026-03-05T11:48:11+00:00","description":"M\u1ea7m Distillery Apricot Liqueur. R\u01b0\u1ee3u M\u01a1 M\u00e1 \u0110\u00e0o. 530ml\/100ml. ABV 19%. Fruit liqueur.","breadcrumb":{"@id":"https:\/\/thebottleshop.vn\/vi\/san-pham\/ruou-mam-mo-ma-dao\/#breadcrumb"},"inLanguage":"vi-VN","potentialAction":[{"@type":"ReadAction","target":["https:\/\/thebottleshop.vn\/vi\/san-pham\/ruou-mam-mo-ma-dao\/"]}]},{"@type":"ImageObject","inLanguage":"vi-VN","@id":"https:\/\/thebottleshop.vn\/vi\/san-pham\/ruou-mam-mo-ma-dao\/#primaryimage","url":"https:\/\/mlsrfcxkkbzg.i.optimole.com\/cb:JbP2.215d7\/w:auto\/h:auto\/q:mauto\/ig:avif\/https:\/\/thebottleshop.vn\/wp-content\/uploads\/2026\/03\/Mam-Distillery-Mo-Ma-Dao-Liqueur.png","contentUrl":"https:\/\/mlsrfcxkkbzg.i.optimole.com\/cb:JbP2.215d7\/w:auto\/h:auto\/q:mauto\/ig:avif\/https:\/\/thebottleshop.vn\/wp-content\/uploads\/2026\/03\/Mam-Distillery-Mo-Ma-Dao-Liqueur.png","width":1080,"height":1080,"caption":"M\u1ea7m Distillery M\u01a1 M\u00e1 \u0110\u00e0o Liqueur"},{"@type":"BreadcrumbList","@id":"https:\/\/thebottleshop.vn\/vi\/san-pham\/ruou-mam-mo-ma-dao\/#breadcrumb","itemListElement":[{"@type":"ListItem","position":1,"name":"Home","item":"http:\/\/52.77.24.187\/vi\/test-popup-vi\/"},{"@type":"ListItem","position":2,"name":"C\u1eeda h\u00e0ng","item":"http:\/\/52.77.24.187\/vi\/cua-hang\/"},{"@type":"ListItem","position":3,"name":"R\u01b0\u1ee3u M\u1ea7m M\u01a1 M\u00e1 \u0110\u00e0o"}]},{"@type":"WebSite","@id":"http:\/\/52.77.24.187\/#website","url":"http:\/\/52.77.24.187\/","name":"The Bottle Shop","description":"All beers are not created equal","publisher":{"@id":"http:\/\/52.77.24.187\/#organization"},"potentialAction":[{"@type":"SearchAction","target":{"@type":"EntryPoint","urlTemplate":"http:\/\/52.77.24.187\/?s={search_term_string}"},"query-input":{"@type":"PropertyValueSpecification","valueRequired":true,"valueName":"search_term_string"}}],"inLanguage":"vi-VN"},{"@type":"Organization","@id":"http:\/\/52.77.24.187\/#organization","name":"The Bottle Shop","url":"http:\/\/52.77.24.187\/","logo":{"@type":"ImageObject","inLanguage":"vi-VN","@id":"http:\/\/52.77.24.187\/#\/schema\/logo\/image\/","url":"https:\/\/mlsrfcxkkbzg.i.optimole.com\/cb:JbP2.215d7\/w:auto\/h:auto\/q:mauto\/ig:avif\/https:\/\/thebottleshop.vn\/wp-content\/uploads\/2022\/10\/The-Bottle-Shop-Online-Logo.png","contentUrl":"https:\/\/mlsrfcxkkbzg.i.optimole.com\/cb:JbP2.215d7\/w:auto\/h:auto\/q:mauto\/ig:avif\/https:\/\/thebottleshop.vn\/wp-content\/uploads\/2022\/10\/The-Bottle-Shop-Online-Logo.png","width":145,"height":147,"caption":"The Bottle Shop"},"image":{"@id":"http:\/\/52.77.24.187\/#\/schema\/logo\/image\/"},"sameAs":["https:\/\/www.facebook.com\/thebottleshopvietnam","https:\/\/www.instagram.com\/thebottleshop_vietnam\/"]}]}},"_links":{"self":[{"href":"https:\/\/thebottleshop.vn\/vi\/wp-json\/wp\/v2\/product\/22664","targetHints":{"allow":["GET"]}}],"collection":[{"href":"https:\/\/thebottleshop.vn\/vi\/wp-json\/wp\/v2\/product"}],"about":[{"href":"https:\/\/thebottleshop.vn\/vi\/wp-json\/wp\/v2\/types\/product"}],"replies":[{"embeddable":true,"href":"https:\/\/thebottleshop.vn\/vi\/wp-json\/wp\/v2\/comments?post=22664"}],"wp:featuredmedia":[{"embeddable":true,"href":"https:\/\/thebottleshop.vn\/vi\/wp-json\/wp\/v2\/media\/22647"}],"wp:attachment":[{"href":"https:\/\/thebottleshop.vn\/vi\/wp-json\/wp\/v2\/media?parent=22664"}],"wp:term":[{"taxonomy":"product_brand","embeddable":true,"href":"https:\/\/thebottleshop.vn\/vi\/wp-json\/wp\/v2\/product_brand?post=22664"},{"taxonomy":"product_cat","embeddable":true,"href":"https:\/\/thebottleshop.vn\/vi\/wp-json\/wp\/v2\/product_cat?post=22664"},{"taxonomy":"product_tag","embeddable":true,"href":"https:\/\/thebottleshop.vn\/vi\/wp-json\/wp\/v2\/product_tag?post=22664"}],"curies":[{"name":"wp","href":"https:\/\/api.w.org\/{rel}","templated":true}]}}