{"id":22681,"date":"2026-03-10T18:15:10","date_gmt":"2026-03-10T11:15:10","guid":{"rendered":"https:\/\/thebottleshop.vn\/product\/heart-of-darkness-two-anchors-kumquat-pilsner\/"},"modified":"2026-03-10T18:17:39","modified_gmt":"2026-03-10T11:17:39","slug":"heart-of-darkness-two-anchors-kumquat-pilsner","status":"publish","type":"product","link":"https:\/\/thebottleshop.vn\/vi\/san-pham\/heart-of-darkness-two-anchors-kumquat-pilsner\/","title":{"rendered":"Heart of Darkness Two Anchors Kumquat Pilsner"},"content":{"rendered":"<p>Heart of Darkness Two Anchors Kumquat Pilsner. N\u01b0\u1edbc c\u1ed1t kim qu\u1ea5t t\u01b0\u01a1i to\u1ea3 h\u01b0\u01a1ng; v\u1ecf cam lan to\u1ea3 r\u1ef1c r\u1ee1, v\u1ecb tr\u00e1i c\u00e2y nhi\u1ec7t \u0111\u1edbi nh\u1eb9 nh\u00e0ng k\u00e8m v\u1edbi ch\u1ea5t \u0111\u1eafng d\u1ecbu l\u1eadt m\u1edf t\u1eebng ch\u00fat. N\u1ec1n m\u1ea1ch nha trong tr\u1ebbo v\u1eefng v\u00e0ng, s\u1eb5n s\u00e0ng \u0111\u00f3n ch\u00e0o xu\u00e2n m\u1edbi.  <\/p>\n<p>\u2014\u2013<br \/>\nXem th\u01b0 vi\u1ec7n h\u00ecnh \u1ea3nh \u0111\u1ec3 bi\u1ebft th\u00eam th\u00f4ng tin chi ti\u1ebft v\u1ec1 ngu\u1ed3n g\u1ed1c, th\u00e0nh ph\u1ea7n v\u00e0 h\u01b0\u1edbng d\u1eabn s\u1eed d\u1ee5ng c\u1ee7a s\u1ea3n ph\u1ea9m.<\/p>\n","protected":false},"excerpt":{"rendered":"<p><strong>To\u1ea3 h\u01b0\u01a1ng,Nhi\u1ec7t \u0111\u1edbi 5.4%<\/strong><\/p>\n","protected":false},"featured_media":22603,"comment_status":"open","ping_status":"closed","template":"","meta":{"_acf_changed":false},"product_brand":[],"product_cat":[337,340,379,347,354,342,351,366,345,377,339,341,352,356,357,369],"product_tag":[],"class_list":{"0":"post-22681","1":"product","2":"type-product","3":"status-publish","4":"has-post-thumbnail","6":"product_cat-bia-va-cider","7":"product_cat-vietnam-hcmc","8":"product_cat-20-39","9":"product_cat-4-5-9","10":"product_cat-75k-99k","11":"product_cat-chai-330-ml","12":"product_cat-dong-bia","13":"product_cat-nha-san-xuat","14":"product_cat-abv-vi","15":"product_cat-ibu","16":"product_cat-xuat-xu","17":"product_cat-dong-goi","18":"product_cat-gia","19":"product_cat-lager","20":"product_cat-pilsner","21":"product_cat-heart-of-darkness","23":"first","24":"instock","25":"shipping-taxable","26":"purchasable","27":"product-type-simple","28":"add-to-wishlist-before_image"},"acf":[],"yoast_head":"<!-- This site is optimized with the Yoast SEO plugin v27.2 - https:\/\/yoast.com\/product\/yoast-seo-wordpress\/ -->\n<title>Heart of Darkness Two Anchors Kumquat Pilsner - The Bottle Shop<\/title>\n<meta name=\"description\" content=\"Heart of Darkness Two Anchors Kumquat Pilsner. N\u01b0\u1edbc c\u1ed1t kim qu\u1ea5t t\u01b0\u01a1i to\u1ea3 h\u01b0\u01a1ng; v\u1ecf cam lan to\u1ea3 r\u1ef1c r\u1ee1, v\u1ecb tr\u00e1i c\u00e2y nhi\u1ec7t \u0111\u1edbi nh\u1eb9 nh\u00e0ng k\u00e8m v\u1edbi ch\u1ea5t \u0111\u1eafng d\u1ecbu l\u1eadt m\u1edf t\u1eebng ch\u00fat.\" \/>\n<meta name=\"robots\" content=\"index, follow, max-snippet:-1, max-image-preview:large, max-video-preview:-1\" \/>\n<link rel=\"canonical\" href=\"https:\/\/thebottleshop.vn\/vi\/san-pham\/heart-of-darkness-two-anchors-kumquat-pilsner\/\" \/>\n<meta property=\"og:locale\" content=\"vi_VN\" \/>\n<meta property=\"og:type\" content=\"article\" \/>\n<meta property=\"og:title\" content=\"Heart of Darkness Two Anchors Kumquat Pilsner - The Bottle Shop\" \/>\n<meta property=\"og:description\" content=\"Heart of Darkness Two Anchors Kumquat Pilsner. N\u01b0\u1edbc c\u1ed1t kim qu\u1ea5t t\u01b0\u01a1i to\u1ea3 h\u01b0\u01a1ng; v\u1ecf cam lan to\u1ea3 r\u1ef1c r\u1ee1, v\u1ecb tr\u00e1i c\u00e2y nhi\u1ec7t \u0111\u1edbi nh\u1eb9 nh\u00e0ng k\u00e8m v\u1edbi ch\u1ea5t \u0111\u1eafng d\u1ecbu l\u1eadt m\u1edf t\u1eebng ch\u00fat.\" \/>\n<meta property=\"og:url\" content=\"https:\/\/thebottleshop.vn\/vi\/san-pham\/heart-of-darkness-two-anchors-kumquat-pilsner\/\" \/>\n<meta property=\"og:site_name\" content=\"The Bottle Shop\" \/>\n<meta property=\"article:publisher\" content=\"https:\/\/www.facebook.com\/thebottleshopvietnam\" \/>\n<meta property=\"article:modified_time\" content=\"2026-03-10T11:17:39+00:00\" \/>\n<meta property=\"og:image\" content=\"https:\/\/mlsrfcxkkbzg.i.optimole.com\/cb:JbP2.215d7\/w:auto\/h:auto\/q:mauto\/ig:avif\/https:\/\/thebottleshop.vn\/wp-content\/uploads\/2026\/02\/Heart-of-Darkness-Two-Anchors-Kumquat-Pilsner.png\" \/>\n\t<meta property=\"og:image:width\" content=\"1080\" \/>\n\t<meta property=\"og:image:height\" content=\"1080\" \/>\n\t<meta property=\"og:image:type\" content=\"image\/png\" \/>\n<meta name=\"twitter:card\" content=\"summary_large_image\" \/>\n<meta name=\"twitter:label1\" content=\"Est. reading time\" \/>\n\t<meta name=\"twitter:data1\" content=\"1 minute\" \/>\n<script type=\"application\/ld+json\" class=\"yoast-schema-graph\">{\"@context\":\"https:\/\/schema.org\",\"@graph\":[{\"@type\":\"WebPage\",\"@id\":\"https:\/\/thebottleshop.vn\/vi\/san-pham\/heart-of-darkness-two-anchors-kumquat-pilsner\/\",\"url\":\"https:\/\/thebottleshop.vn\/vi\/san-pham\/heart-of-darkness-two-anchors-kumquat-pilsner\/\",\"name\":\"Heart of Darkness Two Anchors Kumquat Pilsner - The Bottle Shop\",\"isPartOf\":{\"@id\":\"http:\/\/52.77.24.187\/#website\"},\"primaryImageOfPage\":{\"@id\":\"https:\/\/thebottleshop.vn\/vi\/san-pham\/heart-of-darkness-two-anchors-kumquat-pilsner\/#primaryimage\"},\"image\":{\"@id\":\"https:\/\/thebottleshop.vn\/vi\/san-pham\/heart-of-darkness-two-anchors-kumquat-pilsner\/#primaryimage\"},\"thumbnailUrl\":\"https:\/\/mlsrfcxkkbzg.i.optimole.com\/cb:JbP2.215d7\/w:auto\/h:auto\/q:mauto\/ig:avif\/https:\/\/thebottleshop.vn\/wp-content\/uploads\/2026\/02\/Heart-of-Darkness-Two-Anchors-Kumquat-Pilsner.png\",\"datePublished\":\"2026-03-10T11:15:10+00:00\",\"dateModified\":\"2026-03-10T11:17:39+00:00\",\"description\":\"Heart of Darkness Two Anchors Kumquat Pilsner. N\u01b0\u1edbc c\u1ed1t kim qu\u1ea5t t\u01b0\u01a1i to\u1ea3 h\u01b0\u01a1ng; v\u1ecf cam lan to\u1ea3 r\u1ef1c r\u1ee1, v\u1ecb tr\u00e1i c\u00e2y nhi\u1ec7t \u0111\u1edbi nh\u1eb9 nh\u00e0ng k\u00e8m v\u1edbi ch\u1ea5t \u0111\u1eafng d\u1ecbu l\u1eadt m\u1edf t\u1eebng ch\u00fat.\",\"breadcrumb\":{\"@id\":\"https:\/\/thebottleshop.vn\/vi\/san-pham\/heart-of-darkness-two-anchors-kumquat-pilsner\/#breadcrumb\"},\"inLanguage\":\"vi-VN\",\"potentialAction\":[{\"@type\":\"ReadAction\",\"target\":[\"https:\/\/thebottleshop.vn\/vi\/san-pham\/heart-of-darkness-two-anchors-kumquat-pilsner\/\"]}]},{\"@type\":\"ImageObject\",\"inLanguage\":\"vi-VN\",\"@id\":\"https:\/\/thebottleshop.vn\/vi\/san-pham\/heart-of-darkness-two-anchors-kumquat-pilsner\/#primaryimage\",\"url\":\"https:\/\/mlsrfcxkkbzg.i.optimole.com\/cb:JbP2.215d7\/w:auto\/h:auto\/q:mauto\/ig:avif\/https:\/\/thebottleshop.vn\/wp-content\/uploads\/2026\/02\/Heart-of-Darkness-Two-Anchors-Kumquat-Pilsner.png\",\"contentUrl\":\"https:\/\/mlsrfcxkkbzg.i.optimole.com\/cb:JbP2.215d7\/w:auto\/h:auto\/q:mauto\/ig:avif\/https:\/\/thebottleshop.vn\/wp-content\/uploads\/2026\/02\/Heart-of-Darkness-Two-Anchors-Kumquat-Pilsner.png\",\"width\":1080,\"height\":1080,\"caption\":\"Heart of Darkness Two Anchors Kumquat Pilsner\"},{\"@type\":\"BreadcrumbList\",\"@id\":\"https:\/\/thebottleshop.vn\/vi\/san-pham\/heart-of-darkness-two-anchors-kumquat-pilsner\/#breadcrumb\",\"itemListElement\":[{\"@type\":\"ListItem\",\"position\":1,\"name\":\"Home\",\"item\":\"http:\/\/52.77.24.187\/vi\/test-popup-vi\/\"},{\"@type\":\"ListItem\",\"position\":2,\"name\":\"C\u1eeda h\u00e0ng\",\"item\":\"http:\/\/52.77.24.187\/vi\/cua-hang\/\"},{\"@type\":\"ListItem\",\"position\":3,\"name\":\"Heart of Darkness Two Anchors Kumquat Pilsner\"}]},{\"@type\":\"WebSite\",\"@id\":\"http:\/\/52.77.24.187\/#website\",\"url\":\"http:\/\/52.77.24.187\/\",\"name\":\"The Bottle Shop\",\"description\":\"All beers are not created equal\",\"publisher\":{\"@id\":\"http:\/\/52.77.24.187\/#organization\"},\"potentialAction\":[{\"@type\":\"SearchAction\",\"target\":{\"@type\":\"EntryPoint\",\"urlTemplate\":\"http:\/\/52.77.24.187\/?s={search_term_string}\"},\"query-input\":{\"@type\":\"PropertyValueSpecification\",\"valueRequired\":true,\"valueName\":\"search_term_string\"}}],\"inLanguage\":\"vi-VN\"},{\"@type\":\"Organization\",\"@id\":\"http:\/\/52.77.24.187\/#organization\",\"name\":\"The Bottle Shop\",\"url\":\"http:\/\/52.77.24.187\/\",\"logo\":{\"@type\":\"ImageObject\",\"inLanguage\":\"vi-VN\",\"@id\":\"http:\/\/52.77.24.187\/#\/schema\/logo\/image\/\",\"url\":\"https:\/\/mlsrfcxkkbzg.i.optimole.com\/cb:JbP2.215d7\/w:auto\/h:auto\/q:mauto\/ig:avif\/https:\/\/thebottleshop.vn\/wp-content\/uploads\/2022\/10\/The-Bottle-Shop-Online-Logo.png\",\"contentUrl\":\"https:\/\/mlsrfcxkkbzg.i.optimole.com\/cb:JbP2.215d7\/w:auto\/h:auto\/q:mauto\/ig:avif\/https:\/\/thebottleshop.vn\/wp-content\/uploads\/2022\/10\/The-Bottle-Shop-Online-Logo.png\",\"width\":145,\"height\":147,\"caption\":\"The Bottle Shop\"},\"image\":{\"@id\":\"http:\/\/52.77.24.187\/#\/schema\/logo\/image\/\"},\"sameAs\":[\"https:\/\/www.facebook.com\/thebottleshopvietnam\",\"https:\/\/www.instagram.com\/thebottleshop_vietnam\/\"]}]}<\/script>\n<!-- \/ Yoast SEO plugin. -->","yoast_head_json":{"title":"Heart of Darkness Two Anchors Kumquat Pilsner - The Bottle Shop","description":"Heart of Darkness Two Anchors Kumquat Pilsner. N\u01b0\u1edbc c\u1ed1t kim qu\u1ea5t t\u01b0\u01a1i to\u1ea3 h\u01b0\u01a1ng; v\u1ecf cam lan to\u1ea3 r\u1ef1c r\u1ee1, v\u1ecb tr\u00e1i c\u00e2y nhi\u1ec7t \u0111\u1edbi nh\u1eb9 nh\u00e0ng k\u00e8m v\u1edbi ch\u1ea5t \u0111\u1eafng d\u1ecbu l\u1eadt m\u1edf t\u1eebng ch\u00fat.","robots":{"index":"index","follow":"follow","max-snippet":"max-snippet:-1","max-image-preview":"max-image-preview:large","max-video-preview":"max-video-preview:-1"},"canonical":"https:\/\/thebottleshop.vn\/vi\/san-pham\/heart-of-darkness-two-anchors-kumquat-pilsner\/","og_locale":"vi_VN","og_type":"article","og_title":"Heart of Darkness Two Anchors Kumquat Pilsner - The Bottle Shop","og_description":"Heart of Darkness Two Anchors Kumquat Pilsner. N\u01b0\u1edbc c\u1ed1t kim qu\u1ea5t t\u01b0\u01a1i to\u1ea3 h\u01b0\u01a1ng; v\u1ecf cam lan to\u1ea3 r\u1ef1c r\u1ee1, v\u1ecb tr\u00e1i c\u00e2y nhi\u1ec7t \u0111\u1edbi nh\u1eb9 nh\u00e0ng k\u00e8m v\u1edbi ch\u1ea5t \u0111\u1eafng d\u1ecbu l\u1eadt m\u1edf t\u1eebng ch\u00fat.","og_url":"https:\/\/thebottleshop.vn\/vi\/san-pham\/heart-of-darkness-two-anchors-kumquat-pilsner\/","og_site_name":"The Bottle Shop","article_publisher":"https:\/\/www.facebook.com\/thebottleshopvietnam","article_modified_time":"2026-03-10T11:17:39+00:00","og_image":[{"width":1080,"height":1080,"url":"https:\/\/mlsrfcxkkbzg.i.optimole.com\/cb:JbP2.215d7\/w:auto\/h:auto\/q:mauto\/ig:avif\/https:\/\/thebottleshop.vn\/wp-content\/uploads\/2026\/02\/Heart-of-Darkness-Two-Anchors-Kumquat-Pilsner.png","type":"image\/png"}],"twitter_card":"summary_large_image","twitter_misc":{"Est. reading time":"1 minute"},"schema":{"@context":"https:\/\/schema.org","@graph":[{"@type":"WebPage","@id":"https:\/\/thebottleshop.vn\/vi\/san-pham\/heart-of-darkness-two-anchors-kumquat-pilsner\/","url":"https:\/\/thebottleshop.vn\/vi\/san-pham\/heart-of-darkness-two-anchors-kumquat-pilsner\/","name":"Heart of Darkness Two Anchors Kumquat Pilsner - The Bottle Shop","isPartOf":{"@id":"http:\/\/52.77.24.187\/#website"},"primaryImageOfPage":{"@id":"https:\/\/thebottleshop.vn\/vi\/san-pham\/heart-of-darkness-two-anchors-kumquat-pilsner\/#primaryimage"},"image":{"@id":"https:\/\/thebottleshop.vn\/vi\/san-pham\/heart-of-darkness-two-anchors-kumquat-pilsner\/#primaryimage"},"thumbnailUrl":"https:\/\/mlsrfcxkkbzg.i.optimole.com\/cb:JbP2.215d7\/w:auto\/h:auto\/q:mauto\/ig:avif\/https:\/\/thebottleshop.vn\/wp-content\/uploads\/2026\/02\/Heart-of-Darkness-Two-Anchors-Kumquat-Pilsner.png","datePublished":"2026-03-10T11:15:10+00:00","dateModified":"2026-03-10T11:17:39+00:00","description":"Heart of Darkness Two Anchors Kumquat Pilsner. N\u01b0\u1edbc c\u1ed1t kim qu\u1ea5t t\u01b0\u01a1i to\u1ea3 h\u01b0\u01a1ng; v\u1ecf cam lan to\u1ea3 r\u1ef1c r\u1ee1, v\u1ecb tr\u00e1i c\u00e2y nhi\u1ec7t \u0111\u1edbi nh\u1eb9 nh\u00e0ng k\u00e8m v\u1edbi ch\u1ea5t \u0111\u1eafng d\u1ecbu l\u1eadt m\u1edf t\u1eebng ch\u00fat.","breadcrumb":{"@id":"https:\/\/thebottleshop.vn\/vi\/san-pham\/heart-of-darkness-two-anchors-kumquat-pilsner\/#breadcrumb"},"inLanguage":"vi-VN","potentialAction":[{"@type":"ReadAction","target":["https:\/\/thebottleshop.vn\/vi\/san-pham\/heart-of-darkness-two-anchors-kumquat-pilsner\/"]}]},{"@type":"ImageObject","inLanguage":"vi-VN","@id":"https:\/\/thebottleshop.vn\/vi\/san-pham\/heart-of-darkness-two-anchors-kumquat-pilsner\/#primaryimage","url":"https:\/\/mlsrfcxkkbzg.i.optimole.com\/cb:JbP2.215d7\/w:auto\/h:auto\/q:mauto\/ig:avif\/https:\/\/thebottleshop.vn\/wp-content\/uploads\/2026\/02\/Heart-of-Darkness-Two-Anchors-Kumquat-Pilsner.png","contentUrl":"https:\/\/mlsrfcxkkbzg.i.optimole.com\/cb:JbP2.215d7\/w:auto\/h:auto\/q:mauto\/ig:avif\/https:\/\/thebottleshop.vn\/wp-content\/uploads\/2026\/02\/Heart-of-Darkness-Two-Anchors-Kumquat-Pilsner.png","width":1080,"height":1080,"caption":"Heart of Darkness Two Anchors Kumquat Pilsner"},{"@type":"BreadcrumbList","@id":"https:\/\/thebottleshop.vn\/vi\/san-pham\/heart-of-darkness-two-anchors-kumquat-pilsner\/#breadcrumb","itemListElement":[{"@type":"ListItem","position":1,"name":"Home","item":"http:\/\/52.77.24.187\/vi\/test-popup-vi\/"},{"@type":"ListItem","position":2,"name":"C\u1eeda h\u00e0ng","item":"http:\/\/52.77.24.187\/vi\/cua-hang\/"},{"@type":"ListItem","position":3,"name":"Heart of Darkness Two Anchors Kumquat Pilsner"}]},{"@type":"WebSite","@id":"http:\/\/52.77.24.187\/#website","url":"http:\/\/52.77.24.187\/","name":"The Bottle Shop","description":"All beers are not created equal","publisher":{"@id":"http:\/\/52.77.24.187\/#organization"},"potentialAction":[{"@type":"SearchAction","target":{"@type":"EntryPoint","urlTemplate":"http:\/\/52.77.24.187\/?s={search_term_string}"},"query-input":{"@type":"PropertyValueSpecification","valueRequired":true,"valueName":"search_term_string"}}],"inLanguage":"vi-VN"},{"@type":"Organization","@id":"http:\/\/52.77.24.187\/#organization","name":"The Bottle Shop","url":"http:\/\/52.77.24.187\/","logo":{"@type":"ImageObject","inLanguage":"vi-VN","@id":"http:\/\/52.77.24.187\/#\/schema\/logo\/image\/","url":"https:\/\/mlsrfcxkkbzg.i.optimole.com\/cb:JbP2.215d7\/w:auto\/h:auto\/q:mauto\/ig:avif\/https:\/\/thebottleshop.vn\/wp-content\/uploads\/2022\/10\/The-Bottle-Shop-Online-Logo.png","contentUrl":"https:\/\/mlsrfcxkkbzg.i.optimole.com\/cb:JbP2.215d7\/w:auto\/h:auto\/q:mauto\/ig:avif\/https:\/\/thebottleshop.vn\/wp-content\/uploads\/2022\/10\/The-Bottle-Shop-Online-Logo.png","width":145,"height":147,"caption":"The Bottle Shop"},"image":{"@id":"http:\/\/52.77.24.187\/#\/schema\/logo\/image\/"},"sameAs":["https:\/\/www.facebook.com\/thebottleshopvietnam","https:\/\/www.instagram.com\/thebottleshop_vietnam\/"]}]}},"_links":{"self":[{"href":"https:\/\/thebottleshop.vn\/vi\/wp-json\/wp\/v2\/product\/22681","targetHints":{"allow":["GET"]}}],"collection":[{"href":"https:\/\/thebottleshop.vn\/vi\/wp-json\/wp\/v2\/product"}],"about":[{"href":"https:\/\/thebottleshop.vn\/vi\/wp-json\/wp\/v2\/types\/product"}],"replies":[{"embeddable":true,"href":"https:\/\/thebottleshop.vn\/vi\/wp-json\/wp\/v2\/comments?post=22681"}],"wp:featuredmedia":[{"embeddable":true,"href":"https:\/\/thebottleshop.vn\/vi\/wp-json\/wp\/v2\/media\/22603"}],"wp:attachment":[{"href":"https:\/\/thebottleshop.vn\/vi\/wp-json\/wp\/v2\/media?parent=22681"}],"wp:term":[{"taxonomy":"product_brand","embeddable":true,"href":"https:\/\/thebottleshop.vn\/vi\/wp-json\/wp\/v2\/product_brand?post=22681"},{"taxonomy":"product_cat","embeddable":true,"href":"https:\/\/thebottleshop.vn\/vi\/wp-json\/wp\/v2\/product_cat?post=22681"},{"taxonomy":"product_tag","embeddable":true,"href":"https:\/\/thebottleshop.vn\/vi\/wp-json\/wp\/v2\/product_tag?post=22681"}],"curies":[{"name":"wp","href":"https:\/\/api.w.org\/{rel}","templated":true}]}}