{"id":22736,"date":"2026-05-03T20:50:08","date_gmt":"2026-05-03T13:50:08","guid":{"rendered":"https:\/\/thebottleshop.vn\/product\/heart-of-darkness-the-queens-pineapple-pale-ale\/"},"modified":"2026-05-04T09:08:47","modified_gmt":"2026-05-04T02:08:47","slug":"heart-of-darkness-the-queens-pineapple-pale-ale","status":"publish","type":"product","link":"https:\/\/thebottleshop.vn\/vi\/san-pham\/heart-of-darkness-the-queens-pineapple-pale-ale\/","title":{"rendered":"Heart of Darkness The Queen&#8217;s Pineapple Pale Ale"},"content":{"rendered":"<p>Heart of Darkness The Queen\u2019s Pineapple Pale Ale l\u00e0 m\u1ed9t Pale Ale n\u1ea5u c\u00f9ng kh\u00f3m Queen Victoria \u0111\u1ebfn t\u1eeb \u0110\u1ed3ng B\u1eb1ng S\u00f4ng C\u1eedu Long. H\u01b0\u01a1ng kh\u00f3m ho\u00e0 quy\u1ec7n c\u00f9ng hoa bia nhi\u1ec7t \u0111\u1edbi, v\u1ecb kh\u00f3m chua ng\u1ecdt, theo sau cam chanh v\u00e0 tr\u00e1i c\u00e2y nhi\u1ec7t \u0111\u1edbi thoang tho\u1ea3ng. Body m\u01b0\u1edbt m\u00e1t v\u1edbi \u0111\u1ed9 \u0111\u1eafng \u00eam d\u1ecbu, h\u1eadu v\u1ecb \u0111anh, t\u01b0\u01a1i m\u00e1t s\u1ea3ng kho\u00e1i.  <\/p>\n<p>\u2014\u2013<br \/>\nXem th\u01b0 vi\u1ec7n h\u00ecnh \u1ea3nh \u0111\u1ec3 bi\u1ebft th\u00eam th\u00f4ng tin chi ti\u1ebft v\u1ec1 ngu\u1ed3n g\u1ed1c, th\u00e0nh ph\u1ea7n v\u00e0 h\u01b0\u1edbng d\u1eabn s\u1eed d\u1ee5ng c\u1ee7a s\u1ea3n ph\u1ea9m.<\/p>\n","protected":false},"excerpt":{"rendered":"<p><strong>Nhi\u1ec7t \u0111\u1edbi, M\u01b0\u1edbt m\u00e1t, S\u1ea3ng kho\u00e1i 5.6%<\/strong><\/p>\n","protected":false},"featured_media":22773,"comment_status":"open","ping_status":"closed","template":"","meta":{"_acf_changed":false},"product_brand":[],"product_cat":[337,379,340,347,423,351,366,345,377,339,341,352,358,369,710],"product_tag":[],"class_list":{"0":"post-22736","1":"product","2":"type-product","3":"status-publish","4":"has-post-thumbnail","6":"product_cat-bia-va-cider","7":"product_cat-20-39","8":"product_cat-vietnam-hcmc","9":"product_cat-4-5-9","10":"product_cat-100k-149k","11":"product_cat-dong-bia","12":"product_cat-nha-san-xuat","13":"product_cat-abv-vi","14":"product_cat-ibu","15":"product_cat-xuat-xu","16":"product_cat-dong-goi","17":"product_cat-gia","18":"product_cat-pale-ale","19":"product_cat-heart-of-darkness","20":"product_cat-lon-500ml","22":"first","23":"instock","24":"shipping-taxable","25":"purchasable","26":"product-type-simple","27":"add-to-wishlist-before_image"},"acf":[],"yoast_head":"<!-- This site is optimized with the Yoast SEO plugin v27.5 - https:\/\/yoast.com\/product\/yoast-seo-wordpress\/ -->\n<title>Heart of Darkness The Queen&#039;s Pineapple Pale Ale - The Bottle Shop<\/title>\n<meta name=\"description\" content=\"Heart of Darkness The Queen&#039;s Pineapple Pale Ale l\u00e0 m\u1ed9t Pale Ale n\u1ea5u c\u00f9ng kh\u00f3m Queen Victoria \u0111\u1ebfn t\u1eeb \u0110\u1ed3ng B\u1eb1ng S\u00f4ng C\u1eedu Long.\" \/>\n<meta name=\"robots\" content=\"index, follow, max-snippet:-1, max-image-preview:large, max-video-preview:-1\" \/>\n<link rel=\"canonical\" href=\"https:\/\/thebottleshop.vn\/vi\/product\/heart-of-darkness-the-queens-pineapple-pale-ale\/\" \/>\n<meta property=\"og:locale\" content=\"vi_VN\" \/>\n<meta property=\"og:type\" content=\"article\" \/>\n<meta property=\"og:title\" content=\"Heart of Darkness The Queen&#039;s Pineapple Pale Ale - The Bottle Shop\" \/>\n<meta property=\"og:description\" content=\"Heart of Darkness The Queen&#039;s Pineapple Pale Ale l\u00e0 m\u1ed9t Pale Ale n\u1ea5u c\u00f9ng kh\u00f3m Queen Victoria \u0111\u1ebfn t\u1eeb \u0110\u1ed3ng B\u1eb1ng S\u00f4ng C\u1eedu Long.\" \/>\n<meta property=\"og:url\" content=\"https:\/\/thebottleshop.vn\/vi\/product\/heart-of-darkness-the-queens-pineapple-pale-ale\/\" \/>\n<meta property=\"og:site_name\" content=\"The Bottle Shop\" \/>\n<meta property=\"article:publisher\" content=\"https:\/\/www.facebook.com\/thebottleshopvietnam\" \/>\n<meta property=\"article:modified_time\" content=\"2026-05-04T02:08:47+00:00\" \/>\n<meta name=\"twitter:card\" content=\"summary_large_image\" \/>\n<meta name=\"twitter:label1\" content=\"Est. reading time\" \/>\n\t<meta name=\"twitter:data1\" content=\"1 minute\" \/>\n<script type=\"application\/ld+json\" class=\"yoast-schema-graph\">{\"@context\":\"https:\\\/\\\/schema.org\",\"@graph\":[{\"@type\":\"WebPage\",\"@id\":\"https:\\\/\\\/thebottleshop.vn\\\/vi\\\/product\\\/heart-of-darkness-the-queens-pineapple-pale-ale\\\/\",\"url\":\"https:\\\/\\\/thebottleshop.vn\\\/vi\\\/product\\\/heart-of-darkness-the-queens-pineapple-pale-ale\\\/\",\"name\":\"Heart of Darkness The Queen's Pineapple Pale Ale - The Bottle Shop\",\"isPartOf\":{\"@id\":\"http:\\\/\\\/52.77.24.187\\\/#website\"},\"primaryImageOfPage\":{\"@id\":\"https:\\\/\\\/thebottleshop.vn\\\/vi\\\/product\\\/heart-of-darkness-the-queens-pineapple-pale-ale\\\/#primaryimage\"},\"image\":{\"@id\":\"https:\\\/\\\/thebottleshop.vn\\\/vi\\\/product\\\/heart-of-darkness-the-queens-pineapple-pale-ale\\\/#primaryimage\"},\"thumbnailUrl\":\"https:\\/\\/thebottleshop.vn\\/wp-content\\/uploads\\/2026\\/05\\/Heart-of-Darkness-The-Queens-Pineapple-Pale-Ale.png\",\"datePublished\":\"2026-05-03T13:50:08+00:00\",\"dateModified\":\"2026-05-04T02:08:47+00:00\",\"description\":\"Heart of Darkness The Queen's Pineapple Pale Ale l\u00e0 m\u1ed9t Pale Ale n\u1ea5u c\u00f9ng kh\u00f3m Queen Victoria \u0111\u1ebfn t\u1eeb \u0110\u1ed3ng B\u1eb1ng S\u00f4ng C\u1eedu Long.\",\"breadcrumb\":{\"@id\":\"https:\\\/\\\/thebottleshop.vn\\\/vi\\\/product\\\/heart-of-darkness-the-queens-pineapple-pale-ale\\\/#breadcrumb\"},\"inLanguage\":\"vi-VN\",\"potentialAction\":[{\"@type\":\"ReadAction\",\"target\":[\"https:\\\/\\\/thebottleshop.vn\\\/vi\\\/product\\\/heart-of-darkness-the-queens-pineapple-pale-ale\\\/\"]}]},{\"@type\":\"ImageObject\",\"inLanguage\":\"vi-VN\",\"@id\":\"https:\\\/\\\/thebottleshop.vn\\\/vi\\\/product\\\/heart-of-darkness-the-queens-pineapple-pale-ale\\\/#primaryimage\",\"url\":\"https:\\/\\/thebottleshop.vn\\/wp-content\\/uploads\\/2026\\/05\\/Heart-of-Darkness-The-Queens-Pineapple-Pale-Ale.png\",\"contentUrl\":\"https:\\/\\/thebottleshop.vn\\/wp-content\\/uploads\\/2026\\/05\\/Heart-of-Darkness-The-Queens-Pineapple-Pale-Ale.png\",\"width\":1080,\"height\":1080,\"caption\":\"Heart of Darkness The Queen's Pineapple Pale Ale\"},{\"@type\":\"BreadcrumbList\",\"@id\":\"https:\\\/\\\/thebottleshop.vn\\\/vi\\\/product\\\/heart-of-darkness-the-queens-pineapple-pale-ale\\\/#breadcrumb\",\"itemListElement\":[{\"@type\":\"ListItem\",\"position\":1,\"name\":\"Home\",\"item\":\"http:\\\/\\\/52.77.24.187\\\/vi\\\/test-popup-vi\\\/\"},{\"@type\":\"ListItem\",\"position\":2,\"name\":\"C\u1eeda h\u00e0ng\",\"item\":\"http:\\\/\\\/52.77.24.187\\\/vi\\\/cua-hang\\\/\"},{\"@type\":\"ListItem\",\"position\":3,\"name\":\"Heart of Darkness The Queen&#8217;s Pineapple Pale Ale\"}]},{\"@type\":\"WebSite\",\"@id\":\"http:\\\/\\\/52.77.24.187\\\/#website\",\"url\":\"http:\\\/\\\/52.77.24.187\\\/\",\"name\":\"The Bottle Shop\",\"description\":\"All beers are not created equal\",\"publisher\":{\"@id\":\"http:\\\/\\\/52.77.24.187\\\/#organization\"},\"potentialAction\":[{\"@type\":\"SearchAction\",\"target\":{\"@type\":\"EntryPoint\",\"urlTemplate\":\"http:\\\/\\\/52.77.24.187\\\/?s={search_term_string}\"},\"query-input\":{\"@type\":\"PropertyValueSpecification\",\"valueRequired\":true,\"valueName\":\"search_term_string\"}}],\"inLanguage\":\"vi-VN\"},{\"@type\":\"Organization\",\"@id\":\"http:\\\/\\\/52.77.24.187\\\/#organization\",\"name\":\"The Bottle Shop\",\"url\":\"http:\\\/\\\/52.77.24.187\\\/\",\"logo\":{\"@type\":\"ImageObject\",\"inLanguage\":\"vi-VN\",\"@id\":\"http:\\\/\\\/52.77.24.187\\\/#\\\/schema\\\/logo\\\/image\\\/\",\"url\":\"https:\\/\\/thebottleshop.vn\\/wp-content\\/uploads\\/2022\\/10\\/The-Bottle-Shop-Online-Logo.png\",\"contentUrl\":\"https:\\/\\/thebottleshop.vn\\/wp-content\\/uploads\\/2022\\/10\\/The-Bottle-Shop-Online-Logo.png\",\"width\":145,\"height\":147,\"caption\":\"The Bottle Shop\"},\"image\":{\"@id\":\"http:\\\/\\\/52.77.24.187\\\/#\\\/schema\\\/logo\\\/image\\\/\"},\"sameAs\":[\"https:\\\/\\\/www.facebook.com\\\/thebottleshopvietnam\",\"https:\\\/\\\/www.instagram.com\\\/thebottleshop_vietnam\\\/\"]}]}<\/script>\n<!-- \/ Yoast SEO plugin. -->","yoast_head_json":{"title":"Heart of Darkness The Queen's Pineapple Pale Ale - The Bottle Shop","description":"Heart of Darkness The Queen's Pineapple Pale Ale l\u00e0 m\u1ed9t Pale Ale n\u1ea5u c\u00f9ng kh\u00f3m Queen Victoria \u0111\u1ebfn t\u1eeb \u0110\u1ed3ng B\u1eb1ng S\u00f4ng C\u1eedu Long.","robots":{"index":"index","follow":"follow","max-snippet":"max-snippet:-1","max-image-preview":"max-image-preview:large","max-video-preview":"max-video-preview:-1"},"canonical":"https:\/\/thebottleshop.vn\/vi\/product\/heart-of-darkness-the-queens-pineapple-pale-ale\/","og_locale":"vi_VN","og_type":"article","og_title":"Heart of Darkness The Queen's Pineapple Pale Ale - The Bottle Shop","og_description":"Heart of Darkness The Queen's Pineapple Pale Ale l\u00e0 m\u1ed9t Pale Ale n\u1ea5u c\u00f9ng kh\u00f3m Queen Victoria \u0111\u1ebfn t\u1eeb \u0110\u1ed3ng B\u1eb1ng S\u00f4ng C\u1eedu Long.","og_url":"https:\/\/thebottleshop.vn\/vi\/product\/heart-of-darkness-the-queens-pineapple-pale-ale\/","og_site_name":"The Bottle Shop","article_publisher":"https:\/\/www.facebook.com\/thebottleshopvietnam","article_modified_time":"2026-05-04T02:08:47+00:00","twitter_card":"summary_large_image","twitter_misc":{"Est. reading time":"1 minute"},"schema":{"@context":"https:\/\/schema.org","@graph":[{"@type":"WebPage","@id":"https:\/\/thebottleshop.vn\/vi\/product\/heart-of-darkness-the-queens-pineapple-pale-ale\/","url":"https:\/\/thebottleshop.vn\/vi\/product\/heart-of-darkness-the-queens-pineapple-pale-ale\/","name":"Heart of Darkness The Queen's Pineapple Pale Ale - The Bottle Shop","isPartOf":{"@id":"http:\/\/52.77.24.187\/#website"},"primaryImageOfPage":{"@id":"https:\/\/thebottleshop.vn\/vi\/product\/heart-of-darkness-the-queens-pineapple-pale-ale\/#primaryimage"},"image":{"@id":"https:\/\/thebottleshop.vn\/vi\/product\/heart-of-darkness-the-queens-pineapple-pale-ale\/#primaryimage"},"thumbnailUrl":"https:\/\/mlsrfcxkkbzg.i.optimole.com\/cb:JbP2.215d7\/w:auto\/h:auto\/q:mauto\/ig:avif\/https:\/\/thebottleshop.vn\/wp-content\/uploads\/2026\/05\/Heart-of-Darkness-The-Queens-Pineapple-Pale-Ale.png","datePublished":"2026-05-03T13:50:08+00:00","dateModified":"2026-05-04T02:08:47+00:00","description":"Heart of Darkness The Queen's Pineapple Pale Ale l\u00e0 m\u1ed9t Pale Ale n\u1ea5u c\u00f9ng kh\u00f3m Queen Victoria \u0111\u1ebfn t\u1eeb \u0110\u1ed3ng B\u1eb1ng S\u00f4ng C\u1eedu Long.","breadcrumb":{"@id":"https:\/\/thebottleshop.vn\/vi\/product\/heart-of-darkness-the-queens-pineapple-pale-ale\/#breadcrumb"},"inLanguage":"vi-VN","potentialAction":[{"@type":"ReadAction","target":["https:\/\/thebottleshop.vn\/vi\/product\/heart-of-darkness-the-queens-pineapple-pale-ale\/"]}]},{"@type":"ImageObject","inLanguage":"vi-VN","@id":"https:\/\/thebottleshop.vn\/vi\/product\/heart-of-darkness-the-queens-pineapple-pale-ale\/#primaryimage","url":"https:\/\/mlsrfcxkkbzg.i.optimole.com\/cb:JbP2.215d7\/w:auto\/h:auto\/q:mauto\/ig:avif\/https:\/\/thebottleshop.vn\/wp-content\/uploads\/2026\/05\/Heart-of-Darkness-The-Queens-Pineapple-Pale-Ale.png","contentUrl":"https:\/\/mlsrfcxkkbzg.i.optimole.com\/cb:JbP2.215d7\/w:auto\/h:auto\/q:mauto\/ig:avif\/https:\/\/thebottleshop.vn\/wp-content\/uploads\/2026\/05\/Heart-of-Darkness-The-Queens-Pineapple-Pale-Ale.png","width":1080,"height":1080,"caption":"Heart of Darkness The Queen's Pineapple Pale Ale"},{"@type":"BreadcrumbList","@id":"https:\/\/thebottleshop.vn\/vi\/product\/heart-of-darkness-the-queens-pineapple-pale-ale\/#breadcrumb","itemListElement":[{"@type":"ListItem","position":1,"name":"Home","item":"http:\/\/52.77.24.187\/vi\/test-popup-vi\/"},{"@type":"ListItem","position":2,"name":"C\u1eeda h\u00e0ng","item":"http:\/\/52.77.24.187\/vi\/cua-hang\/"},{"@type":"ListItem","position":3,"name":"Heart of Darkness The Queen&#8217;s Pineapple Pale Ale"}]},{"@type":"WebSite","@id":"http:\/\/52.77.24.187\/#website","url":"http:\/\/52.77.24.187\/","name":"The Bottle Shop","description":"All beers are not created equal","publisher":{"@id":"http:\/\/52.77.24.187\/#organization"},"potentialAction":[{"@type":"SearchAction","target":{"@type":"EntryPoint","urlTemplate":"http:\/\/52.77.24.187\/?s={search_term_string}"},"query-input":{"@type":"PropertyValueSpecification","valueRequired":true,"valueName":"search_term_string"}}],"inLanguage":"vi-VN"},{"@type":"Organization","@id":"http:\/\/52.77.24.187\/#organization","name":"The Bottle Shop","url":"http:\/\/52.77.24.187\/","logo":{"@type":"ImageObject","inLanguage":"vi-VN","@id":"http:\/\/52.77.24.187\/#\/schema\/logo\/image\/","url":"https:\/\/mlsrfcxkkbzg.i.optimole.com\/cb:JbP2.215d7\/w:auto\/h:auto\/q:mauto\/ig:avif\/https:\/\/thebottleshop.vn\/wp-content\/uploads\/2022\/10\/The-Bottle-Shop-Online-Logo.png","contentUrl":"https:\/\/mlsrfcxkkbzg.i.optimole.com\/cb:JbP2.215d7\/w:auto\/h:auto\/q:mauto\/ig:avif\/https:\/\/thebottleshop.vn\/wp-content\/uploads\/2022\/10\/The-Bottle-Shop-Online-Logo.png","width":145,"height":147,"caption":"The Bottle Shop"},"image":{"@id":"http:\/\/52.77.24.187\/#\/schema\/logo\/image\/"},"sameAs":["https:\/\/www.facebook.com\/thebottleshopvietnam","https:\/\/www.instagram.com\/thebottleshop_vietnam\/"]}]}},"_links":{"self":[{"href":"https:\/\/thebottleshop.vn\/vi\/wp-json\/wp\/v2\/product\/22736","targetHints":{"allow":["GET"]}}],"collection":[{"href":"https:\/\/thebottleshop.vn\/vi\/wp-json\/wp\/v2\/product"}],"about":[{"href":"https:\/\/thebottleshop.vn\/vi\/wp-json\/wp\/v2\/types\/product"}],"replies":[{"embeddable":true,"href":"https:\/\/thebottleshop.vn\/vi\/wp-json\/wp\/v2\/comments?post=22736"}],"wp:featuredmedia":[{"embeddable":true,"href":"https:\/\/thebottleshop.vn\/vi\/wp-json\/wp\/v2\/media\/22773"}],"wp:attachment":[{"href":"https:\/\/thebottleshop.vn\/vi\/wp-json\/wp\/v2\/media?parent=22736"}],"wp:term":[{"taxonomy":"product_brand","embeddable":true,"href":"https:\/\/thebottleshop.vn\/vi\/wp-json\/wp\/v2\/product_brand?post=22736"},{"taxonomy":"product_cat","embeddable":true,"href":"https:\/\/thebottleshop.vn\/vi\/wp-json\/wp\/v2\/product_cat?post=22736"},{"taxonomy":"product_tag","embeddable":true,"href":"https:\/\/thebottleshop.vn\/vi\/wp-json\/wp\/v2\/product_tag?post=22736"}],"curies":[{"name":"wp","href":"https:\/\/api.w.org\/{rel}","templated":true}]}}